{"id":1281,"date":"2025-07-07T14:45:15","date_gmt":"2025-07-07T14:45:15","guid":{"rendered":"https:\/\/www.pethaus.fi\/?page_id=1281"},"modified":"2025-07-07T14:46:59","modified_gmt":"2025-07-07T14:46:59","slug":"17-7-jussi-p-niinku-pekka-vahasahko-sara-milazzo","status":"publish","type":"page","link":"https:\/\/www.pethaus.fi\/?page_id=1281","title":{"rendered":"17.7. Jussi P Niinku Pekka &amp; V\u00e4h\u00e4s\u00e4hk\u00f6 \/\/ Sara Milazzo"},"content":{"rendered":"\n<figure class=\"wp-block-image size-large\"><img fetchpriority=\"high\" decoding=\"async\" width=\"1024\" height=\"768\" src=\"https:\/\/www.pethaus.fi\/wp-content\/uploads\/2025\/07\/vahanissi-1024x768.jpg\" alt=\"\" class=\"wp-image-1282\" srcset=\"https:\/\/www.pethaus.fi\/wp-content\/uploads\/2025\/07\/vahanissi-1024x768.jpg 1024w, https:\/\/www.pethaus.fi\/wp-content\/uploads\/2025\/07\/vahanissi-300x225.jpg 300w, https:\/\/www.pethaus.fi\/wp-content\/uploads\/2025\/07\/vahanissi-768x576.jpg 768w, https:\/\/www.pethaus.fi\/wp-content\/uploads\/2025\/07\/vahanissi-1536x1152.jpg 1536w, https:\/\/www.pethaus.fi\/wp-content\/uploads\/2025\/07\/vahanissi.jpg 1920w\" sizes=\"(max-width: 1024px) 100vw, 1024px\" \/><\/figure>\n\n\n\n<p><strong>Jussi P Niinku Pekka &amp; V\u00e4h\u00e4s\u00e4hk\u00f6 -duo<\/strong> esitt\u00e4\u00e4 suomenkielist\u00e4 kokeellista folkia, jonka genre on aivofolk. Jussi P Niinku Pekka laulaa ja soittaa akustista kitaraa. <br><br>V\u00e4h\u00e4s\u00e4hk\u00f6 eli Harri V\u00e4h\u00e4nissi (mm. Koelse:ssa mukana) tekee noise, ambient ynn\u00e4 muita efektej\u00e4, \u00e4\u00e4ni\u00e4 ja rytmej\u00e4 itse rakennetuilla elektronisilla soittimilla, luoden n\u00e4in rikkaan \u00e4\u00e4nimaailman ymp\u00e4r\u00f6im\u00e4\u00e4n laulua ja kitaraa.<\/p>\n\n\n\n<p>Jussi P Niinku Pekka julkaisi toisen albuminsa Lellikkikantarellit kev\u00e4\u00e4ll\u00e4 2025.<\/p>\n\n\n\n<hr class=\"wp-block-separator has-alpha-channel-opacity is-style-wide\"\/>\n\n\n\n<p><strong>Sara Milazzo<\/strong> has a long career in music and electronic subcultures. She is maybe best known for her work with the Association of Experimental Electronics (KOELSE) but she has also been part of several international art projects. <\/p>\n\n\n\n<p>In Milazzo&#8217;s music, electronic sounds collide organically, creating complex, mycelium-like threads that resemble the components of her experimental instruments. <\/p>\n\n\n\n<p>The soundscape she creates is like a jungle with an added element of technological dystopia. In addition to music, Milazzo also makes art with recycled materials, for example sculptures made of junk electronics and plastic collages.<\/p>\n\n\n\n<p><br>Liput 5 &#8211; 15\u20ac oman maksukyvyn mukaan. Soitot klo 19-22.<\/p>\n\n\n\n<p><\/p>\n","protected":false},"excerpt":{"rendered":"<p>Jussi P Niinku Pekka &amp; V\u00e4h\u00e4s\u00e4hk\u00f6 -duo esitt\u00e4\u00e4 suomenkielist\u00e4 kokeellista folkia, jonka genre on aivofolk. Jussi P Niinku Pekka laulaa ja soittaa akustista kitaraa. V\u00e4h\u00e4s\u00e4hk\u00f6 eli Harri V\u00e4h\u00e4nissi (mm. Koelse:ssa mukana) tekee noise, ambient ynn\u00e4 muita efektej\u00e4, \u00e4\u00e4ni\u00e4 ja rytmej\u00e4 itse rakennetuilla elektronisilla soittimilla, luoden n\u00e4in rikkaan \u00e4\u00e4nimaailman ymp\u00e4r\u00f6im\u00e4\u00e4n laulua ja kitaraa. Jussi P Niinku &#8230; <a title=\"17.7. Jussi P Niinku Pekka &amp; V\u00e4h\u00e4s\u00e4hk\u00f6 \/\/ Sara Milazzo\" class=\"read-more\" href=\"https:\/\/www.pethaus.fi\/?page_id=1281\">Read more<span class=\"screen-reader-text\">17.7. Jussi P Niinku Pekka &amp; V\u00e4h\u00e4s\u00e4hk\u00f6 \/\/ Sara Milazzo<\/span><\/a><\/p>\n","protected":false},"author":1,"featured_media":0,"parent":0,"menu_order":0,"comment_status":"closed","ping_status":"closed","template":"","meta":{"footnotes":""},"class_list":["post-1281","page","type-page","status-publish"],"yoast_head":"<!-- This site is optimized with the Yoast SEO plugin v27.4 - https:\/\/yoast.com\/product\/yoast-seo-wordpress\/ -->\n<title>17.7. Jussi P Niinku Pekka &amp; V\u00e4h\u00e4s\u00e4hk\u00f6 \/\/ Sara Milazzo - Pethaus<\/title>\n<meta name=\"robots\" content=\"noindex, follow\" \/>\n<meta property=\"og:locale\" content=\"fi_FI\" \/>\n<meta property=\"og:type\" content=\"article\" \/>\n<meta property=\"og:title\" content=\"17.7. Jussi P Niinku Pekka &amp; V\u00e4h\u00e4s\u00e4hk\u00f6 \/\/ Sara Milazzo - Pethaus\" \/>\n<meta property=\"og:description\" content=\"Jussi P Niinku Pekka &amp; V\u00e4h\u00e4s\u00e4hk\u00f6 -duo esitt\u00e4\u00e4 suomenkielist\u00e4 kokeellista folkia, jonka genre on aivofolk. Jussi P Niinku Pekka laulaa ja soittaa akustista kitaraa. V\u00e4h\u00e4s\u00e4hk\u00f6 eli Harri V\u00e4h\u00e4nissi (mm. Koelse:ssa mukana) tekee noise, ambient ynn\u00e4 muita efektej\u00e4, \u00e4\u00e4ni\u00e4 ja rytmej\u00e4 itse rakennetuilla elektronisilla soittimilla, luoden n\u00e4in rikkaan \u00e4\u00e4nimaailman ymp\u00e4r\u00f6im\u00e4\u00e4n laulua ja kitaraa. Jussi P Niinku ... Read more17.7. Jussi P Niinku Pekka &amp; V\u00e4h\u00e4s\u00e4hk\u00f6 \/\/ Sara Milazzo\" \/>\n<meta property=\"og:url\" content=\"https:\/\/www.pethaus.fi\/?page_id=1281\" \/>\n<meta property=\"og:site_name\" content=\"Pethaus\" \/>\n<meta property=\"article:publisher\" content=\"https:\/\/www.facebook.com\/p\/Pethaus-Ry-100091916868701\/\" \/>\n<meta property=\"article:modified_time\" content=\"2025-07-07T14:46:59+00:00\" \/>\n<meta property=\"og:image\" content=\"https:\/\/www.pethaus.fi\/wp-content\/uploads\/2025\/07\/vahanissi.jpg\" \/>\n\t<meta property=\"og:image:width\" content=\"1920\" \/>\n\t<meta property=\"og:image:height\" content=\"1440\" \/>\n\t<meta property=\"og:image:type\" content=\"image\/jpeg\" \/>\n<meta name=\"twitter:card\" content=\"summary_large_image\" \/>\n<meta name=\"twitter:label1\" content=\"Arvioitu lukuaika\" \/>\n\t<meta name=\"twitter:data1\" content=\"2 minuuttia\" \/>\n<script type=\"application\/ld+json\" class=\"yoast-schema-graph\">{\"@context\":\"https:\\\/\\\/schema.org\",\"@graph\":[{\"@type\":\"WebPage\",\"@id\":\"https:\\\/\\\/www.pethaus.fi\\\/?page_id=1281\",\"url\":\"https:\\\/\\\/www.pethaus.fi\\\/?page_id=1281\",\"name\":\"17.7. Jussi P Niinku Pekka &amp; V\u00e4h\u00e4s\u00e4hk\u00f6 \\\/\\\/ Sara Milazzo - Pethaus\",\"isPartOf\":{\"@id\":\"https:\\\/\\\/www.pethaus.fi\\\/#website\"},\"primaryImageOfPage\":{\"@id\":\"https:\\\/\\\/www.pethaus.fi\\\/?page_id=1281#primaryimage\"},\"image\":{\"@id\":\"https:\\\/\\\/www.pethaus.fi\\\/?page_id=1281#primaryimage\"},\"thumbnailUrl\":\"https:\\\/\\\/www.pethaus.fi\\\/wp-content\\\/uploads\\\/2025\\\/07\\\/vahanissi-1024x768.jpg\",\"datePublished\":\"2025-07-07T14:45:15+00:00\",\"dateModified\":\"2025-07-07T14:46:59+00:00\",\"breadcrumb\":{\"@id\":\"https:\\\/\\\/www.pethaus.fi\\\/?page_id=1281#breadcrumb\"},\"inLanguage\":\"fi\",\"potentialAction\":[{\"@type\":\"ReadAction\",\"target\":[\"https:\\\/\\\/www.pethaus.fi\\\/?page_id=1281\"]}]},{\"@type\":\"ImageObject\",\"inLanguage\":\"fi\",\"@id\":\"https:\\\/\\\/www.pethaus.fi\\\/?page_id=1281#primaryimage\",\"url\":\"https:\\\/\\\/www.pethaus.fi\\\/wp-content\\\/uploads\\\/2025\\\/07\\\/vahanissi.jpg\",\"contentUrl\":\"https:\\\/\\\/www.pethaus.fi\\\/wp-content\\\/uploads\\\/2025\\\/07\\\/vahanissi.jpg\",\"width\":1920,\"height\":1440},{\"@type\":\"BreadcrumbList\",\"@id\":\"https:\\\/\\\/www.pethaus.fi\\\/?page_id=1281#breadcrumb\",\"itemListElement\":[{\"@type\":\"ListItem\",\"position\":1,\"name\":\"Etusivu\",\"item\":\"https:\\\/\\\/www.pethaus.fi\\\/\"},{\"@type\":\"ListItem\",\"position\":2,\"name\":\"17.7. Jussi P Niinku Pekka &amp; V\u00e4h\u00e4s\u00e4hk\u00f6 \\\/\\\/ Sara Milazzo\"}]},{\"@type\":\"WebSite\",\"@id\":\"https:\\\/\\\/www.pethaus.fi\\\/#website\",\"url\":\"https:\\\/\\\/www.pethaus.fi\\\/\",\"name\":\"Pethaus\",\"description\":\"Tamperelainen matalan kynnyksen kulttuuritila.\",\"publisher\":{\"@id\":\"https:\\\/\\\/www.pethaus.fi\\\/#organization\"},\"alternateName\":\"Tamperelainen matalan kynnyksen kulttuuritila.\",\"potentialAction\":[{\"@type\":\"SearchAction\",\"target\":{\"@type\":\"EntryPoint\",\"urlTemplate\":\"https:\\\/\\\/www.pethaus.fi\\\/?s={search_term_string}\"},\"query-input\":{\"@type\":\"PropertyValueSpecification\",\"valueRequired\":true,\"valueName\":\"search_term_string\"}}],\"inLanguage\":\"fi\"},{\"@type\":\"Organization\",\"@id\":\"https:\\\/\\\/www.pethaus.fi\\\/#organization\",\"name\":\"Pethaus\",\"url\":\"https:\\\/\\\/www.pethaus.fi\\\/\",\"logo\":{\"@type\":\"ImageObject\",\"inLanguage\":\"fi\",\"@id\":\"https:\\\/\\\/www.pethaus.fi\\\/#\\\/schema\\\/logo\\\/image\\\/\",\"url\":\"https:\\\/\\\/www.pethaus.fi\\\/wp-content\\\/uploads\\\/2024\\\/04\\\/cropped-pethaus-logo.jpg\",\"contentUrl\":\"https:\\\/\\\/www.pethaus.fi\\\/wp-content\\\/uploads\\\/2024\\\/04\\\/cropped-pethaus-logo.jpg\",\"width\":512,\"height\":512,\"caption\":\"Pethaus\"},\"image\":{\"@id\":\"https:\\\/\\\/www.pethaus.fi\\\/#\\\/schema\\\/logo\\\/image\\\/\"},\"sameAs\":[\"https:\\\/\\\/www.facebook.com\\\/p\\\/Pethaus-Ry-100091916868701\\\/\",\"https:\\\/\\\/www.instagram.com\\\/pethaus_ry\\\/?hl=fi\"]}]}<\/script>\n<!-- \/ Yoast SEO plugin. -->","yoast_head_json":{"title":"17.7. Jussi P Niinku Pekka &amp; V\u00e4h\u00e4s\u00e4hk\u00f6 \/\/ Sara Milazzo - Pethaus","robots":{"index":"noindex","follow":"follow"},"og_locale":"fi_FI","og_type":"article","og_title":"17.7. Jussi P Niinku Pekka &amp; V\u00e4h\u00e4s\u00e4hk\u00f6 \/\/ Sara Milazzo - Pethaus","og_description":"Jussi P Niinku Pekka &amp; V\u00e4h\u00e4s\u00e4hk\u00f6 -duo esitt\u00e4\u00e4 suomenkielist\u00e4 kokeellista folkia, jonka genre on aivofolk. Jussi P Niinku Pekka laulaa ja soittaa akustista kitaraa. V\u00e4h\u00e4s\u00e4hk\u00f6 eli Harri V\u00e4h\u00e4nissi (mm. Koelse:ssa mukana) tekee noise, ambient ynn\u00e4 muita efektej\u00e4, \u00e4\u00e4ni\u00e4 ja rytmej\u00e4 itse rakennetuilla elektronisilla soittimilla, luoden n\u00e4in rikkaan \u00e4\u00e4nimaailman ymp\u00e4r\u00f6im\u00e4\u00e4n laulua ja kitaraa. Jussi P Niinku ... Read more17.7. Jussi P Niinku Pekka &amp; V\u00e4h\u00e4s\u00e4hk\u00f6 \/\/ Sara Milazzo","og_url":"https:\/\/www.pethaus.fi\/?page_id=1281","og_site_name":"Pethaus","article_publisher":"https:\/\/www.facebook.com\/p\/Pethaus-Ry-100091916868701\/","article_modified_time":"2025-07-07T14:46:59+00:00","og_image":[{"width":1920,"height":1440,"url":"https:\/\/www.pethaus.fi\/wp-content\/uploads\/2025\/07\/vahanissi.jpg","type":"image\/jpeg"}],"twitter_card":"summary_large_image","twitter_misc":{"Arvioitu lukuaika":"2 minuuttia"},"schema":{"@context":"https:\/\/schema.org","@graph":[{"@type":"WebPage","@id":"https:\/\/www.pethaus.fi\/?page_id=1281","url":"https:\/\/www.pethaus.fi\/?page_id=1281","name":"17.7. Jussi P Niinku Pekka &amp; V\u00e4h\u00e4s\u00e4hk\u00f6 \/\/ Sara Milazzo - Pethaus","isPartOf":{"@id":"https:\/\/www.pethaus.fi\/#website"},"primaryImageOfPage":{"@id":"https:\/\/www.pethaus.fi\/?page_id=1281#primaryimage"},"image":{"@id":"https:\/\/www.pethaus.fi\/?page_id=1281#primaryimage"},"thumbnailUrl":"https:\/\/www.pethaus.fi\/wp-content\/uploads\/2025\/07\/vahanissi-1024x768.jpg","datePublished":"2025-07-07T14:45:15+00:00","dateModified":"2025-07-07T14:46:59+00:00","breadcrumb":{"@id":"https:\/\/www.pethaus.fi\/?page_id=1281#breadcrumb"},"inLanguage":"fi","potentialAction":[{"@type":"ReadAction","target":["https:\/\/www.pethaus.fi\/?page_id=1281"]}]},{"@type":"ImageObject","inLanguage":"fi","@id":"https:\/\/www.pethaus.fi\/?page_id=1281#primaryimage","url":"https:\/\/www.pethaus.fi\/wp-content\/uploads\/2025\/07\/vahanissi.jpg","contentUrl":"https:\/\/www.pethaus.fi\/wp-content\/uploads\/2025\/07\/vahanissi.jpg","width":1920,"height":1440},{"@type":"BreadcrumbList","@id":"https:\/\/www.pethaus.fi\/?page_id=1281#breadcrumb","itemListElement":[{"@type":"ListItem","position":1,"name":"Etusivu","item":"https:\/\/www.pethaus.fi\/"},{"@type":"ListItem","position":2,"name":"17.7. Jussi P Niinku Pekka &amp; V\u00e4h\u00e4s\u00e4hk\u00f6 \/\/ Sara Milazzo"}]},{"@type":"WebSite","@id":"https:\/\/www.pethaus.fi\/#website","url":"https:\/\/www.pethaus.fi\/","name":"Pethaus","description":"Tamperelainen matalan kynnyksen kulttuuritila.","publisher":{"@id":"https:\/\/www.pethaus.fi\/#organization"},"alternateName":"Tamperelainen matalan kynnyksen kulttuuritila.","potentialAction":[{"@type":"SearchAction","target":{"@type":"EntryPoint","urlTemplate":"https:\/\/www.pethaus.fi\/?s={search_term_string}"},"query-input":{"@type":"PropertyValueSpecification","valueRequired":true,"valueName":"search_term_string"}}],"inLanguage":"fi"},{"@type":"Organization","@id":"https:\/\/www.pethaus.fi\/#organization","name":"Pethaus","url":"https:\/\/www.pethaus.fi\/","logo":{"@type":"ImageObject","inLanguage":"fi","@id":"https:\/\/www.pethaus.fi\/#\/schema\/logo\/image\/","url":"https:\/\/www.pethaus.fi\/wp-content\/uploads\/2024\/04\/cropped-pethaus-logo.jpg","contentUrl":"https:\/\/www.pethaus.fi\/wp-content\/uploads\/2024\/04\/cropped-pethaus-logo.jpg","width":512,"height":512,"caption":"Pethaus"},"image":{"@id":"https:\/\/www.pethaus.fi\/#\/schema\/logo\/image\/"},"sameAs":["https:\/\/www.facebook.com\/p\/Pethaus-Ry-100091916868701\/","https:\/\/www.instagram.com\/pethaus_ry\/?hl=fi"]}]}},"jetpack_sharing_enabled":true,"_links":{"self":[{"href":"https:\/\/www.pethaus.fi\/index.php?rest_route=\/wp\/v2\/pages\/1281","targetHints":{"allow":["GET"]}}],"collection":[{"href":"https:\/\/www.pethaus.fi\/index.php?rest_route=\/wp\/v2\/pages"}],"about":[{"href":"https:\/\/www.pethaus.fi\/index.php?rest_route=\/wp\/v2\/types\/page"}],"author":[{"embeddable":true,"href":"https:\/\/www.pethaus.fi\/index.php?rest_route=\/wp\/v2\/users\/1"}],"replies":[{"embeddable":true,"href":"https:\/\/www.pethaus.fi\/index.php?rest_route=%2Fwp%2Fv2%2Fcomments&post=1281"}],"version-history":[{"count":3,"href":"https:\/\/www.pethaus.fi\/index.php?rest_route=\/wp\/v2\/pages\/1281\/revisions"}],"predecessor-version":[{"id":1286,"href":"https:\/\/www.pethaus.fi\/index.php?rest_route=\/wp\/v2\/pages\/1281\/revisions\/1286"}],"wp:attachment":[{"href":"https:\/\/www.pethaus.fi\/index.php?rest_route=%2Fwp%2Fv2%2Fmedia&parent=1281"}],"curies":[{"name":"wp","href":"https:\/\/api.w.org\/{rel}","templated":true}]}}