{"id":1287,"date":"2025-07-07T14:49:45","date_gmt":"2025-07-07T14:49:45","guid":{"rendered":"https:\/\/www.pethaus.fi\/?page_id=1287"},"modified":"2025-07-07T14:55:22","modified_gmt":"2025-07-07T14:55:22","slug":"18-7-wang-yiling-jukka-ahonen-sami-heikkila","status":"publish","type":"page","link":"https:\/\/www.pethaus.fi\/?page_id=1287","title":{"rendered":"18.7. Wang Yiling &amp; Jukka Ahonen \/\/ Sami Heikkil\u00e4"},"content":{"rendered":"\n<figure class=\"wp-block-image size-large\"><img fetchpriority=\"high\" decoding=\"async\" width=\"1024\" height=\"536\" src=\"https:\/\/www.pethaus.fi\/wp-content\/uploads\/2025\/07\/yiling-1024x536.jpg\" alt=\"\" class=\"wp-image-1291\" srcset=\"https:\/\/www.pethaus.fi\/wp-content\/uploads\/2025\/07\/yiling-1024x536.jpg 1024w, https:\/\/www.pethaus.fi\/wp-content\/uploads\/2025\/07\/yiling-300x157.jpg 300w, https:\/\/www.pethaus.fi\/wp-content\/uploads\/2025\/07\/yiling-768x402.jpg 768w, https:\/\/www.pethaus.fi\/wp-content\/uploads\/2025\/07\/yiling-1536x804.jpg 1536w, https:\/\/www.pethaus.fi\/wp-content\/uploads\/2025\/07\/yiling.jpg 1920w\" sizes=\"(max-width: 1024px) 100vw, 1024px\" \/><\/figure>\n\n\n\n<p><strong>Wang Yiling<\/strong> is a singer\/songwriter coming from a Anxiang county of Hunan province, China.<br>She left school and her home town at the age of 16 to make a living with her voice and guitar.<\/p>\n\n\n\n<p>Later on, like many other musicians, she found her way to the vibrant yet harsh environment of Beijing where some of the best musicians and recording studios of China are located. <\/p>\n\n\n\n<p>While continuing working late nights in various bars as a singer to make her ends meet, daytime she kept rehearsing and preparing for her debut album. <\/p>\n\n\n\n<p>After she had enough competent musicians and clear enough arrangements in her mind, she started recording and producing the album in various locations.<\/p>\n\n\n\n<p>Her debut album, Ode to Wither, finally saw daylight on autumn of 2024. Album has a tons of featuring musicians. Album include flutes, trombone, cello, violin, saxophone, Indian harmonium, accordion, clarinet, guitars, drums, percussions, children choir just to name a few. <\/p>\n\n\n\n<p>All though the arrangements of the songs on the album are abundant, all the songs still originally has been performed just by her self on a guitar. That really is her strong point; the songs, that can adapt without loosing it&#8217;s core.<\/p>\n\n\n\n<p>The album was very well received by the audience and the critics alike and thus stirred interest of various record labels, so much so that consequently she got signed by Pollux -label early spring of 2025. Since she has been busy playing bigger festivals all around mainland China with a steadily growing fan base<\/p>\n\n\n\n<p><a href=\"https:\/\/mandogap.substack.com\/p\/43-ode-to-wither\">https:\/\/mandogap.substack.com\/p\/43-ode-to-wither<\/a><\/p>\n\n\n\n<hr class=\"wp-block-separator has-alpha-channel-opacity is-style-wide\"\/>\n\n\n\n<p><strong>Sami Heikkil\u00e4<\/strong> on kuusamolaisl\u00e4ht\u00f6inen lauluntekij\u00e4. Viimeaikoina harvemmin keikkaillut Heikkil\u00e4 esiintyy Pethausissa soolona ja esitt\u00e4\u00e4 niin uuden aikakauden lauluja kuin my\u00f6s niiden menneiden. <\/p>\n\n\n\n<p>Herk\u00e4n lyyriset tekstit ja laulu edell\u00e4 kuljetaan l\u00e4pi kaikkien vuodenaikojen \u2013 maalla, saaristossa ja kaupungeissa.<\/p>\n\n\n\n<p><a href=\"https:\/\/www.youtube.com\/watch?v=rhjlle53S_A\">https:\/\/www.youtube.com\/watch?v=rhjlle53S_A<\/a><\/p>\n","protected":false},"excerpt":{"rendered":"<p>Wang Yiling is a singer\/songwriter coming from a Anxiang county of Hunan province, China.She left school and her home town at the age of 16 to make a living with her voice and guitar. Later on, like many other musicians, she found her way to the vibrant yet harsh environment of Beijing where some of &#8230; <a title=\"18.7. Wang Yiling &amp; Jukka Ahonen \/\/ Sami Heikkil\u00e4\" class=\"read-more\" href=\"https:\/\/www.pethaus.fi\/?page_id=1287\">Read more<span class=\"screen-reader-text\">18.7. Wang Yiling &amp; Jukka Ahonen \/\/ Sami Heikkil\u00e4<\/span><\/a><\/p>\n","protected":false},"author":1,"featured_media":0,"parent":0,"menu_order":0,"comment_status":"closed","ping_status":"closed","template":"","meta":{"footnotes":""},"class_list":["post-1287","page","type-page","status-publish"],"yoast_head":"<!-- This site is optimized with the Yoast SEO plugin v27.4 - https:\/\/yoast.com\/product\/yoast-seo-wordpress\/ -->\n<title>18.7. Wang Yiling &amp; Jukka Ahonen \/\/ Sami Heikkil\u00e4 - Pethaus<\/title>\n<meta name=\"robots\" content=\"noindex, follow\" \/>\n<meta property=\"og:locale\" content=\"fi_FI\" \/>\n<meta property=\"og:type\" content=\"article\" \/>\n<meta property=\"og:title\" content=\"18.7. Wang Yiling &amp; Jukka Ahonen \/\/ Sami Heikkil\u00e4 - Pethaus\" \/>\n<meta property=\"og:description\" content=\"Wang Yiling is a singer\/songwriter coming from a Anxiang county of Hunan province, China.She left school and her home town at the age of 16 to make a living with her voice and guitar. Later on, like many other musicians, she found her way to the vibrant yet harsh environment of Beijing where some of ... Read more18.7. Wang Yiling &amp; Jukka Ahonen \/\/ Sami Heikkil\u00e4\" \/>\n<meta property=\"og:url\" content=\"https:\/\/www.pethaus.fi\/?page_id=1287\" \/>\n<meta property=\"og:site_name\" content=\"Pethaus\" \/>\n<meta property=\"article:publisher\" content=\"https:\/\/www.facebook.com\/p\/Pethaus-Ry-100091916868701\/\" \/>\n<meta property=\"article:modified_time\" content=\"2025-07-07T14:55:22+00:00\" \/>\n<meta property=\"og:image\" content=\"https:\/\/www.pethaus.fi\/wp-content\/uploads\/2025\/07\/yiling.jpg\" \/>\n\t<meta property=\"og:image:width\" content=\"1920\" \/>\n\t<meta property=\"og:image:height\" content=\"1005\" \/>\n\t<meta property=\"og:image:type\" content=\"image\/jpeg\" \/>\n<meta name=\"twitter:card\" content=\"summary_large_image\" \/>\n<meta name=\"twitter:label1\" content=\"Arvioitu lukuaika\" \/>\n\t<meta name=\"twitter:data1\" content=\"3 minuuttia\" \/>\n<script type=\"application\/ld+json\" class=\"yoast-schema-graph\">{\"@context\":\"https:\\\/\\\/schema.org\",\"@graph\":[{\"@type\":\"WebPage\",\"@id\":\"https:\\\/\\\/www.pethaus.fi\\\/?page_id=1287\",\"url\":\"https:\\\/\\\/www.pethaus.fi\\\/?page_id=1287\",\"name\":\"18.7. Wang Yiling &amp; Jukka Ahonen \\\/\\\/ Sami Heikkil\u00e4 - Pethaus\",\"isPartOf\":{\"@id\":\"https:\\\/\\\/www.pethaus.fi\\\/#website\"},\"primaryImageOfPage\":{\"@id\":\"https:\\\/\\\/www.pethaus.fi\\\/?page_id=1287#primaryimage\"},\"image\":{\"@id\":\"https:\\\/\\\/www.pethaus.fi\\\/?page_id=1287#primaryimage\"},\"thumbnailUrl\":\"https:\\\/\\\/www.pethaus.fi\\\/wp-content\\\/uploads\\\/2025\\\/07\\\/yiling-1024x536.jpg\",\"datePublished\":\"2025-07-07T14:49:45+00:00\",\"dateModified\":\"2025-07-07T14:55:22+00:00\",\"breadcrumb\":{\"@id\":\"https:\\\/\\\/www.pethaus.fi\\\/?page_id=1287#breadcrumb\"},\"inLanguage\":\"fi\",\"potentialAction\":[{\"@type\":\"ReadAction\",\"target\":[\"https:\\\/\\\/www.pethaus.fi\\\/?page_id=1287\"]}]},{\"@type\":\"ImageObject\",\"inLanguage\":\"fi\",\"@id\":\"https:\\\/\\\/www.pethaus.fi\\\/?page_id=1287#primaryimage\",\"url\":\"https:\\\/\\\/www.pethaus.fi\\\/wp-content\\\/uploads\\\/2025\\\/07\\\/yiling.jpg\",\"contentUrl\":\"https:\\\/\\\/www.pethaus.fi\\\/wp-content\\\/uploads\\\/2025\\\/07\\\/yiling.jpg\",\"width\":1920,\"height\":1005},{\"@type\":\"BreadcrumbList\",\"@id\":\"https:\\\/\\\/www.pethaus.fi\\\/?page_id=1287#breadcrumb\",\"itemListElement\":[{\"@type\":\"ListItem\",\"position\":1,\"name\":\"Etusivu\",\"item\":\"https:\\\/\\\/www.pethaus.fi\\\/\"},{\"@type\":\"ListItem\",\"position\":2,\"name\":\"18.7. Wang Yiling &amp; Jukka Ahonen \\\/\\\/ Sami Heikkil\u00e4\"}]},{\"@type\":\"WebSite\",\"@id\":\"https:\\\/\\\/www.pethaus.fi\\\/#website\",\"url\":\"https:\\\/\\\/www.pethaus.fi\\\/\",\"name\":\"Pethaus\",\"description\":\"Tamperelainen matalan kynnyksen kulttuuritila.\",\"publisher\":{\"@id\":\"https:\\\/\\\/www.pethaus.fi\\\/#organization\"},\"alternateName\":\"Tamperelainen matalan kynnyksen kulttuuritila.\",\"potentialAction\":[{\"@type\":\"SearchAction\",\"target\":{\"@type\":\"EntryPoint\",\"urlTemplate\":\"https:\\\/\\\/www.pethaus.fi\\\/?s={search_term_string}\"},\"query-input\":{\"@type\":\"PropertyValueSpecification\",\"valueRequired\":true,\"valueName\":\"search_term_string\"}}],\"inLanguage\":\"fi\"},{\"@type\":\"Organization\",\"@id\":\"https:\\\/\\\/www.pethaus.fi\\\/#organization\",\"name\":\"Pethaus\",\"url\":\"https:\\\/\\\/www.pethaus.fi\\\/\",\"logo\":{\"@type\":\"ImageObject\",\"inLanguage\":\"fi\",\"@id\":\"https:\\\/\\\/www.pethaus.fi\\\/#\\\/schema\\\/logo\\\/image\\\/\",\"url\":\"https:\\\/\\\/www.pethaus.fi\\\/wp-content\\\/uploads\\\/2024\\\/04\\\/cropped-pethaus-logo.jpg\",\"contentUrl\":\"https:\\\/\\\/www.pethaus.fi\\\/wp-content\\\/uploads\\\/2024\\\/04\\\/cropped-pethaus-logo.jpg\",\"width\":512,\"height\":512,\"caption\":\"Pethaus\"},\"image\":{\"@id\":\"https:\\\/\\\/www.pethaus.fi\\\/#\\\/schema\\\/logo\\\/image\\\/\"},\"sameAs\":[\"https:\\\/\\\/www.facebook.com\\\/p\\\/Pethaus-Ry-100091916868701\\\/\",\"https:\\\/\\\/www.instagram.com\\\/pethaus_ry\\\/?hl=fi\"]}]}<\/script>\n<!-- \/ Yoast SEO plugin. -->","yoast_head_json":{"title":"18.7. Wang Yiling &amp; Jukka Ahonen \/\/ Sami Heikkil\u00e4 - Pethaus","robots":{"index":"noindex","follow":"follow"},"og_locale":"fi_FI","og_type":"article","og_title":"18.7. Wang Yiling &amp; Jukka Ahonen \/\/ Sami Heikkil\u00e4 - Pethaus","og_description":"Wang Yiling is a singer\/songwriter coming from a Anxiang county of Hunan province, China.She left school and her home town at the age of 16 to make a living with her voice and guitar. Later on, like many other musicians, she found her way to the vibrant yet harsh environment of Beijing where some of ... Read more18.7. Wang Yiling &amp; Jukka Ahonen \/\/ Sami Heikkil\u00e4","og_url":"https:\/\/www.pethaus.fi\/?page_id=1287","og_site_name":"Pethaus","article_publisher":"https:\/\/www.facebook.com\/p\/Pethaus-Ry-100091916868701\/","article_modified_time":"2025-07-07T14:55:22+00:00","og_image":[{"width":1920,"height":1005,"url":"https:\/\/www.pethaus.fi\/wp-content\/uploads\/2025\/07\/yiling.jpg","type":"image\/jpeg"}],"twitter_card":"summary_large_image","twitter_misc":{"Arvioitu lukuaika":"3 minuuttia"},"schema":{"@context":"https:\/\/schema.org","@graph":[{"@type":"WebPage","@id":"https:\/\/www.pethaus.fi\/?page_id=1287","url":"https:\/\/www.pethaus.fi\/?page_id=1287","name":"18.7. Wang Yiling &amp; Jukka Ahonen \/\/ Sami Heikkil\u00e4 - Pethaus","isPartOf":{"@id":"https:\/\/www.pethaus.fi\/#website"},"primaryImageOfPage":{"@id":"https:\/\/www.pethaus.fi\/?page_id=1287#primaryimage"},"image":{"@id":"https:\/\/www.pethaus.fi\/?page_id=1287#primaryimage"},"thumbnailUrl":"https:\/\/www.pethaus.fi\/wp-content\/uploads\/2025\/07\/yiling-1024x536.jpg","datePublished":"2025-07-07T14:49:45+00:00","dateModified":"2025-07-07T14:55:22+00:00","breadcrumb":{"@id":"https:\/\/www.pethaus.fi\/?page_id=1287#breadcrumb"},"inLanguage":"fi","potentialAction":[{"@type":"ReadAction","target":["https:\/\/www.pethaus.fi\/?page_id=1287"]}]},{"@type":"ImageObject","inLanguage":"fi","@id":"https:\/\/www.pethaus.fi\/?page_id=1287#primaryimage","url":"https:\/\/www.pethaus.fi\/wp-content\/uploads\/2025\/07\/yiling.jpg","contentUrl":"https:\/\/www.pethaus.fi\/wp-content\/uploads\/2025\/07\/yiling.jpg","width":1920,"height":1005},{"@type":"BreadcrumbList","@id":"https:\/\/www.pethaus.fi\/?page_id=1287#breadcrumb","itemListElement":[{"@type":"ListItem","position":1,"name":"Etusivu","item":"https:\/\/www.pethaus.fi\/"},{"@type":"ListItem","position":2,"name":"18.7. Wang Yiling &amp; Jukka Ahonen \/\/ Sami Heikkil\u00e4"}]},{"@type":"WebSite","@id":"https:\/\/www.pethaus.fi\/#website","url":"https:\/\/www.pethaus.fi\/","name":"Pethaus","description":"Tamperelainen matalan kynnyksen kulttuuritila.","publisher":{"@id":"https:\/\/www.pethaus.fi\/#organization"},"alternateName":"Tamperelainen matalan kynnyksen kulttuuritila.","potentialAction":[{"@type":"SearchAction","target":{"@type":"EntryPoint","urlTemplate":"https:\/\/www.pethaus.fi\/?s={search_term_string}"},"query-input":{"@type":"PropertyValueSpecification","valueRequired":true,"valueName":"search_term_string"}}],"inLanguage":"fi"},{"@type":"Organization","@id":"https:\/\/www.pethaus.fi\/#organization","name":"Pethaus","url":"https:\/\/www.pethaus.fi\/","logo":{"@type":"ImageObject","inLanguage":"fi","@id":"https:\/\/www.pethaus.fi\/#\/schema\/logo\/image\/","url":"https:\/\/www.pethaus.fi\/wp-content\/uploads\/2024\/04\/cropped-pethaus-logo.jpg","contentUrl":"https:\/\/www.pethaus.fi\/wp-content\/uploads\/2024\/04\/cropped-pethaus-logo.jpg","width":512,"height":512,"caption":"Pethaus"},"image":{"@id":"https:\/\/www.pethaus.fi\/#\/schema\/logo\/image\/"},"sameAs":["https:\/\/www.facebook.com\/p\/Pethaus-Ry-100091916868701\/","https:\/\/www.instagram.com\/pethaus_ry\/?hl=fi"]}]}},"jetpack_sharing_enabled":true,"_links":{"self":[{"href":"https:\/\/www.pethaus.fi\/index.php?rest_route=\/wp\/v2\/pages\/1287","targetHints":{"allow":["GET"]}}],"collection":[{"href":"https:\/\/www.pethaus.fi\/index.php?rest_route=\/wp\/v2\/pages"}],"about":[{"href":"https:\/\/www.pethaus.fi\/index.php?rest_route=\/wp\/v2\/types\/page"}],"author":[{"embeddable":true,"href":"https:\/\/www.pethaus.fi\/index.php?rest_route=\/wp\/v2\/users\/1"}],"replies":[{"embeddable":true,"href":"https:\/\/www.pethaus.fi\/index.php?rest_route=%2Fwp%2Fv2%2Fcomments&post=1287"}],"version-history":[{"count":3,"href":"https:\/\/www.pethaus.fi\/index.php?rest_route=\/wp\/v2\/pages\/1287\/revisions"}],"predecessor-version":[{"id":1293,"href":"https:\/\/www.pethaus.fi\/index.php?rest_route=\/wp\/v2\/pages\/1287\/revisions\/1293"}],"wp:attachment":[{"href":"https:\/\/www.pethaus.fi\/index.php?rest_route=%2Fwp%2Fv2%2Fmedia&parent=1287"}],"curies":[{"name":"wp","href":"https:\/\/api.w.org\/{rel}","templated":true}]}}