{"id":1311,"date":"2025-07-14T18:12:23","date_gmt":"2025-07-14T18:12:23","guid":{"rendered":"https:\/\/www.pethaus.fi\/?page_id=1311"},"modified":"2025-07-14T18:40:05","modified_gmt":"2025-07-14T18:40:05","slug":"2-8-kanttoripoika-gabriel-hirmu","status":"publish","type":"page","link":"https:\/\/www.pethaus.fi\/?page_id=1311","title":{"rendered":"2.8. KANTTORIPOIKA \/\/ HIRMU"},"content":{"rendered":"\n<figure class=\"wp-block-image size-large\"><img fetchpriority=\"high\" decoding=\"async\" width=\"1024\" height=\"905\" src=\"https:\/\/www.pethaus.fi\/wp-content\/uploads\/2025\/07\/kanttoripoika-1024x905.jpg\" alt=\"\" class=\"wp-image-1314\" srcset=\"https:\/\/www.pethaus.fi\/wp-content\/uploads\/2025\/07\/kanttoripoika-1024x905.jpg 1024w, https:\/\/www.pethaus.fi\/wp-content\/uploads\/2025\/07\/kanttoripoika-300x265.jpg 300w, https:\/\/www.pethaus.fi\/wp-content\/uploads\/2025\/07\/kanttoripoika-768x678.jpg 768w, https:\/\/www.pethaus.fi\/wp-content\/uploads\/2025\/07\/kanttoripoika-1536x1357.jpg 1536w, https:\/\/www.pethaus.fi\/wp-content\/uploads\/2025\/07\/kanttoripoika.jpg 2048w\" sizes=\"(max-width: 1024px) 100vw, 1024px\" \/><\/figure>\n\n\n\n<p><strong>Kanttoripoika <\/strong>on Espoolainen tyyppi joka on esimerkiksi tehnyt r\u00e4ppibiittej\u00e4, hieronut syntikkaansa kosmisin ja koomisin tuloksin, jatkuvasti miettii skweeet\u00e4 ja ajattelee nyky\u00e4\u00e4n olevansa l\u00e4hinn\u00e4 kova rokkari, mutta tykk\u00e4\u00e4 kauniista ja surullisista biiseist\u00e4. <\/p>\n\n\n\n<p>N\u00e4ist\u00e4 aineista rakentuu kiva keikka koko perheelle, joka on lapsilta kielletty, elleiv\u00e4t he sitten tietysti v\u00e4ltt\u00e4m\u00e4tt\u00e4 halua sit\u00e4 tsekata. Bemb\u00f6le Cassettes julkaisi juuri jouluna Kanttoripojan rokkikasetin 10 Suosikkia.<\/p>\n\n\n\n<hr class=\"wp-block-separator has-alpha-channel-opacity is-style-wide\"\/>\n\n\n\n<p><strong>Hirmu <\/strong>on harvemmin liven\u00e4 todistettavissa oleva r\u00e4pp\u00e4ri, joka on mittavan soolouransa lis\u00e4ksi vaikuttanut esimerkiksi BMXT r\u00e4ppib\u00e4ndiss\u00e4 ja Hirmu &amp; Skele -duossa. Bemb\u00f6le Cassettes julkaisi kev\u00e4\u00e4ll\u00e4 Hirmulta uuden Sanakoe -kassun jonka tunnelmissa liikutaan keikalla. Ja se tunnelma on &#8221;drumless&#8221;, ett\u00e4 repik\u00e4\u00e4 siit\u00e4.<\/p>\n\n\n\n<p>omavalintainen p\u00e4\u00e4symaksu 5-15\u20ac kolehtiin.<br>mobilepay\/k\u00e4teinen<br>TERVETULOA!!!!!!!<\/p>\n\n\n\n<p><\/p>\n","protected":false},"excerpt":{"rendered":"<p>Kanttoripoika on Espoolainen tyyppi joka on esimerkiksi tehnyt r\u00e4ppibiittej\u00e4, hieronut syntikkaansa kosmisin ja koomisin tuloksin, jatkuvasti miettii skweeet\u00e4 ja ajattelee nyky\u00e4\u00e4n olevansa l\u00e4hinn\u00e4 kova rokkari, mutta tykk\u00e4\u00e4 kauniista ja surullisista biiseist\u00e4. N\u00e4ist\u00e4 aineista rakentuu kiva keikka koko perheelle, joka on lapsilta kielletty, elleiv\u00e4t he sitten tietysti v\u00e4ltt\u00e4m\u00e4tt\u00e4 halua sit\u00e4 tsekata. Bemb\u00f6le Cassettes julkaisi juuri jouluna &#8230; <a title=\"2.8. KANTTORIPOIKA \/\/ HIRMU\" class=\"read-more\" href=\"https:\/\/www.pethaus.fi\/?page_id=1311\">Read more<span class=\"screen-reader-text\">2.8. KANTTORIPOIKA \/\/ HIRMU<\/span><\/a><\/p>\n","protected":false},"author":1,"featured_media":0,"parent":0,"menu_order":0,"comment_status":"closed","ping_status":"closed","template":"","meta":{"footnotes":""},"class_list":["post-1311","page","type-page","status-publish"],"yoast_head":"<!-- This site is optimized with the Yoast SEO plugin v27.4 - https:\/\/yoast.com\/product\/yoast-seo-wordpress\/ -->\n<title>2.8. KANTTORIPOIKA \/\/ HIRMU - Pethaus<\/title>\n<meta name=\"robots\" content=\"noindex, follow\" \/>\n<meta property=\"og:locale\" content=\"fi_FI\" \/>\n<meta property=\"og:type\" content=\"article\" \/>\n<meta property=\"og:title\" content=\"2.8. KANTTORIPOIKA \/\/ HIRMU - Pethaus\" \/>\n<meta property=\"og:description\" content=\"Kanttoripoika on Espoolainen tyyppi joka on esimerkiksi tehnyt r\u00e4ppibiittej\u00e4, hieronut syntikkaansa kosmisin ja koomisin tuloksin, jatkuvasti miettii skweeet\u00e4 ja ajattelee nyky\u00e4\u00e4n olevansa l\u00e4hinn\u00e4 kova rokkari, mutta tykk\u00e4\u00e4 kauniista ja surullisista biiseist\u00e4. N\u00e4ist\u00e4 aineista rakentuu kiva keikka koko perheelle, joka on lapsilta kielletty, elleiv\u00e4t he sitten tietysti v\u00e4ltt\u00e4m\u00e4tt\u00e4 halua sit\u00e4 tsekata. Bemb\u00f6le Cassettes julkaisi juuri jouluna ... Read more2.8. KANTTORIPOIKA \/\/ HIRMU\" \/>\n<meta property=\"og:url\" content=\"https:\/\/www.pethaus.fi\/?page_id=1311\" \/>\n<meta property=\"og:site_name\" content=\"Pethaus\" \/>\n<meta property=\"article:publisher\" content=\"https:\/\/www.facebook.com\/p\/Pethaus-Ry-100091916868701\/\" \/>\n<meta property=\"article:modified_time\" content=\"2025-07-14T18:40:05+00:00\" \/>\n<meta property=\"og:image\" content=\"https:\/\/www.pethaus.fi\/wp-content\/uploads\/2025\/07\/kanttoripoika.jpg\" \/>\n\t<meta property=\"og:image:width\" content=\"2048\" \/>\n\t<meta property=\"og:image:height\" content=\"1809\" \/>\n\t<meta property=\"og:image:type\" content=\"image\/jpeg\" \/>\n<meta name=\"twitter:card\" content=\"summary_large_image\" \/>\n<meta name=\"twitter:label1\" content=\"Arvioitu lukuaika\" \/>\n\t<meta name=\"twitter:data1\" content=\"1 minuutti\" \/>\n<script type=\"application\/ld+json\" class=\"yoast-schema-graph\">{\"@context\":\"https:\\\/\\\/schema.org\",\"@graph\":[{\"@type\":\"WebPage\",\"@id\":\"https:\\\/\\\/www.pethaus.fi\\\/?page_id=1311\",\"url\":\"https:\\\/\\\/www.pethaus.fi\\\/?page_id=1311\",\"name\":\"2.8. KANTTORIPOIKA \\\/\\\/ HIRMU - Pethaus\",\"isPartOf\":{\"@id\":\"https:\\\/\\\/www.pethaus.fi\\\/#website\"},\"primaryImageOfPage\":{\"@id\":\"https:\\\/\\\/www.pethaus.fi\\\/?page_id=1311#primaryimage\"},\"image\":{\"@id\":\"https:\\\/\\\/www.pethaus.fi\\\/?page_id=1311#primaryimage\"},\"thumbnailUrl\":\"https:\\\/\\\/www.pethaus.fi\\\/wp-content\\\/uploads\\\/2025\\\/07\\\/kanttoripoika-1024x905.jpg\",\"datePublished\":\"2025-07-14T18:12:23+00:00\",\"dateModified\":\"2025-07-14T18:40:05+00:00\",\"breadcrumb\":{\"@id\":\"https:\\\/\\\/www.pethaus.fi\\\/?page_id=1311#breadcrumb\"},\"inLanguage\":\"fi\",\"potentialAction\":[{\"@type\":\"ReadAction\",\"target\":[\"https:\\\/\\\/www.pethaus.fi\\\/?page_id=1311\"]}]},{\"@type\":\"ImageObject\",\"inLanguage\":\"fi\",\"@id\":\"https:\\\/\\\/www.pethaus.fi\\\/?page_id=1311#primaryimage\",\"url\":\"https:\\\/\\\/www.pethaus.fi\\\/wp-content\\\/uploads\\\/2025\\\/07\\\/kanttoripoika.jpg\",\"contentUrl\":\"https:\\\/\\\/www.pethaus.fi\\\/wp-content\\\/uploads\\\/2025\\\/07\\\/kanttoripoika.jpg\",\"width\":2048,\"height\":1809},{\"@type\":\"BreadcrumbList\",\"@id\":\"https:\\\/\\\/www.pethaus.fi\\\/?page_id=1311#breadcrumb\",\"itemListElement\":[{\"@type\":\"ListItem\",\"position\":1,\"name\":\"Etusivu\",\"item\":\"https:\\\/\\\/www.pethaus.fi\\\/\"},{\"@type\":\"ListItem\",\"position\":2,\"name\":\"2.8. KANTTORIPOIKA \\\/\\\/ HIRMU\"}]},{\"@type\":\"WebSite\",\"@id\":\"https:\\\/\\\/www.pethaus.fi\\\/#website\",\"url\":\"https:\\\/\\\/www.pethaus.fi\\\/\",\"name\":\"Pethaus\",\"description\":\"Tamperelainen matalan kynnyksen kulttuuritila.\",\"publisher\":{\"@id\":\"https:\\\/\\\/www.pethaus.fi\\\/#organization\"},\"alternateName\":\"Tamperelainen matalan kynnyksen kulttuuritila.\",\"potentialAction\":[{\"@type\":\"SearchAction\",\"target\":{\"@type\":\"EntryPoint\",\"urlTemplate\":\"https:\\\/\\\/www.pethaus.fi\\\/?s={search_term_string}\"},\"query-input\":{\"@type\":\"PropertyValueSpecification\",\"valueRequired\":true,\"valueName\":\"search_term_string\"}}],\"inLanguage\":\"fi\"},{\"@type\":\"Organization\",\"@id\":\"https:\\\/\\\/www.pethaus.fi\\\/#organization\",\"name\":\"Pethaus\",\"url\":\"https:\\\/\\\/www.pethaus.fi\\\/\",\"logo\":{\"@type\":\"ImageObject\",\"inLanguage\":\"fi\",\"@id\":\"https:\\\/\\\/www.pethaus.fi\\\/#\\\/schema\\\/logo\\\/image\\\/\",\"url\":\"https:\\\/\\\/www.pethaus.fi\\\/wp-content\\\/uploads\\\/2024\\\/04\\\/cropped-pethaus-logo.jpg\",\"contentUrl\":\"https:\\\/\\\/www.pethaus.fi\\\/wp-content\\\/uploads\\\/2024\\\/04\\\/cropped-pethaus-logo.jpg\",\"width\":512,\"height\":512,\"caption\":\"Pethaus\"},\"image\":{\"@id\":\"https:\\\/\\\/www.pethaus.fi\\\/#\\\/schema\\\/logo\\\/image\\\/\"},\"sameAs\":[\"https:\\\/\\\/www.facebook.com\\\/p\\\/Pethaus-Ry-100091916868701\\\/\",\"https:\\\/\\\/www.instagram.com\\\/pethaus_ry\\\/?hl=fi\"]}]}<\/script>\n<!-- \/ Yoast SEO plugin. -->","yoast_head_json":{"title":"2.8. KANTTORIPOIKA \/\/ HIRMU - Pethaus","robots":{"index":"noindex","follow":"follow"},"og_locale":"fi_FI","og_type":"article","og_title":"2.8. KANTTORIPOIKA \/\/ HIRMU - Pethaus","og_description":"Kanttoripoika on Espoolainen tyyppi joka on esimerkiksi tehnyt r\u00e4ppibiittej\u00e4, hieronut syntikkaansa kosmisin ja koomisin tuloksin, jatkuvasti miettii skweeet\u00e4 ja ajattelee nyky\u00e4\u00e4n olevansa l\u00e4hinn\u00e4 kova rokkari, mutta tykk\u00e4\u00e4 kauniista ja surullisista biiseist\u00e4. N\u00e4ist\u00e4 aineista rakentuu kiva keikka koko perheelle, joka on lapsilta kielletty, elleiv\u00e4t he sitten tietysti v\u00e4ltt\u00e4m\u00e4tt\u00e4 halua sit\u00e4 tsekata. Bemb\u00f6le Cassettes julkaisi juuri jouluna ... Read more2.8. KANTTORIPOIKA \/\/ HIRMU","og_url":"https:\/\/www.pethaus.fi\/?page_id=1311","og_site_name":"Pethaus","article_publisher":"https:\/\/www.facebook.com\/p\/Pethaus-Ry-100091916868701\/","article_modified_time":"2025-07-14T18:40:05+00:00","og_image":[{"width":2048,"height":1809,"url":"https:\/\/www.pethaus.fi\/wp-content\/uploads\/2025\/07\/kanttoripoika.jpg","type":"image\/jpeg"}],"twitter_card":"summary_large_image","twitter_misc":{"Arvioitu lukuaika":"1 minuutti"},"schema":{"@context":"https:\/\/schema.org","@graph":[{"@type":"WebPage","@id":"https:\/\/www.pethaus.fi\/?page_id=1311","url":"https:\/\/www.pethaus.fi\/?page_id=1311","name":"2.8. KANTTORIPOIKA \/\/ HIRMU - Pethaus","isPartOf":{"@id":"https:\/\/www.pethaus.fi\/#website"},"primaryImageOfPage":{"@id":"https:\/\/www.pethaus.fi\/?page_id=1311#primaryimage"},"image":{"@id":"https:\/\/www.pethaus.fi\/?page_id=1311#primaryimage"},"thumbnailUrl":"https:\/\/www.pethaus.fi\/wp-content\/uploads\/2025\/07\/kanttoripoika-1024x905.jpg","datePublished":"2025-07-14T18:12:23+00:00","dateModified":"2025-07-14T18:40:05+00:00","breadcrumb":{"@id":"https:\/\/www.pethaus.fi\/?page_id=1311#breadcrumb"},"inLanguage":"fi","potentialAction":[{"@type":"ReadAction","target":["https:\/\/www.pethaus.fi\/?page_id=1311"]}]},{"@type":"ImageObject","inLanguage":"fi","@id":"https:\/\/www.pethaus.fi\/?page_id=1311#primaryimage","url":"https:\/\/www.pethaus.fi\/wp-content\/uploads\/2025\/07\/kanttoripoika.jpg","contentUrl":"https:\/\/www.pethaus.fi\/wp-content\/uploads\/2025\/07\/kanttoripoika.jpg","width":2048,"height":1809},{"@type":"BreadcrumbList","@id":"https:\/\/www.pethaus.fi\/?page_id=1311#breadcrumb","itemListElement":[{"@type":"ListItem","position":1,"name":"Etusivu","item":"https:\/\/www.pethaus.fi\/"},{"@type":"ListItem","position":2,"name":"2.8. KANTTORIPOIKA \/\/ HIRMU"}]},{"@type":"WebSite","@id":"https:\/\/www.pethaus.fi\/#website","url":"https:\/\/www.pethaus.fi\/","name":"Pethaus","description":"Tamperelainen matalan kynnyksen kulttuuritila.","publisher":{"@id":"https:\/\/www.pethaus.fi\/#organization"},"alternateName":"Tamperelainen matalan kynnyksen kulttuuritila.","potentialAction":[{"@type":"SearchAction","target":{"@type":"EntryPoint","urlTemplate":"https:\/\/www.pethaus.fi\/?s={search_term_string}"},"query-input":{"@type":"PropertyValueSpecification","valueRequired":true,"valueName":"search_term_string"}}],"inLanguage":"fi"},{"@type":"Organization","@id":"https:\/\/www.pethaus.fi\/#organization","name":"Pethaus","url":"https:\/\/www.pethaus.fi\/","logo":{"@type":"ImageObject","inLanguage":"fi","@id":"https:\/\/www.pethaus.fi\/#\/schema\/logo\/image\/","url":"https:\/\/www.pethaus.fi\/wp-content\/uploads\/2024\/04\/cropped-pethaus-logo.jpg","contentUrl":"https:\/\/www.pethaus.fi\/wp-content\/uploads\/2024\/04\/cropped-pethaus-logo.jpg","width":512,"height":512,"caption":"Pethaus"},"image":{"@id":"https:\/\/www.pethaus.fi\/#\/schema\/logo\/image\/"},"sameAs":["https:\/\/www.facebook.com\/p\/Pethaus-Ry-100091916868701\/","https:\/\/www.instagram.com\/pethaus_ry\/?hl=fi"]}]}},"jetpack_sharing_enabled":true,"_links":{"self":[{"href":"https:\/\/www.pethaus.fi\/index.php?rest_route=\/wp\/v2\/pages\/1311","targetHints":{"allow":["GET"]}}],"collection":[{"href":"https:\/\/www.pethaus.fi\/index.php?rest_route=\/wp\/v2\/pages"}],"about":[{"href":"https:\/\/www.pethaus.fi\/index.php?rest_route=\/wp\/v2\/types\/page"}],"author":[{"embeddable":true,"href":"https:\/\/www.pethaus.fi\/index.php?rest_route=\/wp\/v2\/users\/1"}],"replies":[{"embeddable":true,"href":"https:\/\/www.pethaus.fi\/index.php?rest_route=%2Fwp%2Fv2%2Fcomments&post=1311"}],"version-history":[{"count":3,"href":"https:\/\/www.pethaus.fi\/index.php?rest_route=\/wp\/v2\/pages\/1311\/revisions"}],"predecessor-version":[{"id":1319,"href":"https:\/\/www.pethaus.fi\/index.php?rest_route=\/wp\/v2\/pages\/1311\/revisions\/1319"}],"wp:attachment":[{"href":"https:\/\/www.pethaus.fi\/index.php?rest_route=%2Fwp%2Fv2%2Fmedia&parent=1311"}],"curies":[{"name":"wp","href":"https:\/\/api.w.org\/{rel}","templated":true}]}}