{"id":1337,"date":"2025-07-30T12:57:01","date_gmt":"2025-07-30T12:57:01","guid":{"rendered":"https:\/\/www.pethaus.fi\/?page_id=1337"},"modified":"2025-07-30T18:44:52","modified_gmt":"2025-07-30T18:44:52","slug":"15-8-pepita-vanni-immo-ja-saki-veli-rekka-rokut","status":"publish","type":"page","link":"https:\/\/www.pethaus.fi\/?page_id=1337","title":{"rendered":"15.8. Pepita Vanni, Immo ja Saki, Veli-Rekka &amp; Rokut"},"content":{"rendered":"\n<figure class=\"wp-block-image size-large\"><img fetchpriority=\"high\" decoding=\"async\" width=\"1024\" height=\"577\" src=\"https:\/\/www.pethaus.fi\/wp-content\/uploads\/2025\/07\/rokut-1024x577.jpeg\" alt=\"\" class=\"wp-image-1342\" srcset=\"https:\/\/www.pethaus.fi\/wp-content\/uploads\/2025\/07\/rokut-1024x577.jpeg 1024w, https:\/\/www.pethaus.fi\/wp-content\/uploads\/2025\/07\/rokut-300x169.jpeg 300w, https:\/\/www.pethaus.fi\/wp-content\/uploads\/2025\/07\/rokut-768x432.jpeg 768w, https:\/\/www.pethaus.fi\/wp-content\/uploads\/2025\/07\/rokut-1536x865.jpeg 1536w, https:\/\/www.pethaus.fi\/wp-content\/uploads\/2025\/07\/rokut.jpeg 2048w\" sizes=\"(max-width: 1024px) 100vw, 1024px\" \/><\/figure>\n\n\n\n<p><p><strong>PEPITA VANNI:<br><\/strong>on helsinkil\u00e4inen post-punk\/new wave -yhtye, jonka musiikissa yhdistyy perinteisen mustahuulten sijasta \u041a\u0438\u043d\u043e&#8217;n ja Sielun Veljien kaltainen kohkaus. Varmasti energinen liveyhtye.<br><\/p><br><iframe width=\"560\" height=\"315\" src=\"https:\/\/www.youtube.com\/embed\/lZQFJMPg170?si=WA5sAWt6piijqnm4\" title=\"YouTube video player\" frameborder=\"0\" allow=\"accelerometer; autoplay; clipboard-write; encrypted-media; gyroscope; picture-in-picture; web-share\" referrerpolicy=\"strict-origin-when-cross-origin\" allowfullscreen=\"\"><\/iframe><\/p>\n\n\n\n<hr class=\"wp-block-separator has-alpha-channel-opacity is-style-wide\"\/>\n\n\n\n<p><strong>IMMO JA SAKI:<br><\/strong>Immo Hirvonen (kitara, mm. Hirvikoira Hirvonen) ja Saki Yokoyama-Klinga, synnyinmaastaan Japanista Saksan kautta Suomeen l\u00f6yt\u00e4nyt viulisti. Viulullaan h\u00e4n soittaa kielt\u00e4 nimelt\u00e4 musiikki intohimolla, rakkaudella ja sielulla<\/p>\n\n\n\n<p><a href=\"https:\/\/www.youtube.com\/channel\/UCl3-6tauZhFU9lAZ-hfcrxA\">https:\/\/www.youtube.com\/channel\/UCl3-6tauZhFU9lAZ-hfcrxA<\/a><\/p>\n\n\n\n<hr class=\"wp-block-separator has-alpha-channel-opacity is-style-wide\"\/>\n\n\n\n<p><strong>VELI-REKKA &amp; ROKUT:<br><\/strong>on Kittil\u00e4\/Rovaniemi\/Jyv\u00e4skyl\u00e4 akselilla toimiva alt-country\/folk-rock katujyr\u00e4.<br>Laajalti Suomea ja Eurooppaa kiert\u00e4nyt yhtye julistaa itsens\u00e4 Maailman v\u00e4kivaltaisimmaksi tanssi-yhtyeeksi ja lunastaa nimens\u00e4 anteeksipyytelem\u00e4tt\u00f6m\u00e4n animalistisilla live-esiintymisill\u00e4\u00e4n.<br><\/p>\n\n\n\n<p>FFO: Palsa, S\u00e4rest\u00f6niemi, Savio, Valkeap\u00e4\u00e4, kaksisuuntainen mielialah\u00e4iri\u00f6, erakoituminen ja p\u00e4ihdeongelmat<\/p>\n\n\n\n<p><br><a href=\"https:\/\/veli-rekkajarokut.bandcamp.com\/\">https:\/\/veli-rekkajarokut.bandcamp.com\/<br><\/a><a href=\"https:\/\/www.youtube.com\/@veli-rekkarokut\">https:\/\/www.youtube.com\/@veli-rekkarokut<\/a><\/p>\n\n\n\n<hr class=\"wp-block-separator has-alpha-channel-opacity\"\/>\n\n\n\n<p>soitot alkaen 19&#8211;&gt;<br>omavalintainen p\u00e4\u00e4symaksu 5-15\u20ac kolehtiin.<br>mobilepay\/k\u00e4teinen<br>L\u00e4mpim\u00e4sti tervetuloa!<\/p>\n","protected":false},"excerpt":{"rendered":"<p>PEPITA VANNI:on helsinkil\u00e4inen post-punk\/new wave -yhtye, jonka musiikissa yhdistyy perinteisen mustahuulten sijasta \u041a\u0438\u043d\u043e&#8217;n ja Sielun Veljien kaltainen kohkaus. Varmasti energinen liveyhtye. IMMO JA SAKI:Immo Hirvonen (kitara, mm. Hirvikoira Hirvonen) ja Saki Yokoyama-Klinga, synnyinmaastaan Japanista Saksan kautta Suomeen l\u00f6yt\u00e4nyt viulisti. Viulullaan h\u00e4n soittaa kielt\u00e4 nimelt\u00e4 musiikki intohimolla, rakkaudella ja sielulla https:\/\/www.youtube.com\/channel\/UCl3-6tauZhFU9lAZ-hfcrxA VELI-REKKA &amp; ROKUT:on Kittil\u00e4\/Rovaniemi\/Jyv\u00e4skyl\u00e4 akselilla &#8230; <a title=\"15.8. Pepita Vanni, Immo ja Saki, Veli-Rekka &amp; Rokut\" class=\"read-more\" href=\"https:\/\/www.pethaus.fi\/?page_id=1337\">Read more<span class=\"screen-reader-text\">15.8. Pepita Vanni, Immo ja Saki, Veli-Rekka &amp; Rokut<\/span><\/a><\/p>\n","protected":false},"author":1,"featured_media":0,"parent":0,"menu_order":0,"comment_status":"closed","ping_status":"closed","template":"","meta":{"footnotes":""},"class_list":["post-1337","page","type-page","status-publish"],"yoast_head":"<!-- This site is optimized with the Yoast SEO plugin v27.4 - https:\/\/yoast.com\/product\/yoast-seo-wordpress\/ -->\n<title>15.8. Pepita Vanni, Immo ja Saki, Veli-Rekka &amp; Rokut - Pethaus<\/title>\n<meta name=\"robots\" content=\"noindex, follow\" \/>\n<meta property=\"og:locale\" content=\"fi_FI\" \/>\n<meta property=\"og:type\" content=\"article\" \/>\n<meta property=\"og:title\" content=\"15.8. Pepita Vanni, Immo ja Saki, Veli-Rekka &amp; Rokut - Pethaus\" \/>\n<meta property=\"og:description\" content=\"PEPITA VANNI:on helsinkil\u00e4inen post-punk\/new wave -yhtye, jonka musiikissa yhdistyy perinteisen mustahuulten sijasta \u041a\u0438\u043d\u043e&#8217;n ja Sielun Veljien kaltainen kohkaus. Varmasti energinen liveyhtye. IMMO JA SAKI:Immo Hirvonen (kitara, mm. Hirvikoira Hirvonen) ja Saki Yokoyama-Klinga, synnyinmaastaan Japanista Saksan kautta Suomeen l\u00f6yt\u00e4nyt viulisti. Viulullaan h\u00e4n soittaa kielt\u00e4 nimelt\u00e4 musiikki intohimolla, rakkaudella ja sielulla https:\/\/www.youtube.com\/channel\/UCl3-6tauZhFU9lAZ-hfcrxA VELI-REKKA &amp; ROKUT:on Kittil\u00e4\/Rovaniemi\/Jyv\u00e4skyl\u00e4 akselilla ... Read more15.8. Pepita Vanni, Immo ja Saki, Veli-Rekka &amp; Rokut\" \/>\n<meta property=\"og:url\" content=\"https:\/\/www.pethaus.fi\/?page_id=1337\" \/>\n<meta property=\"og:site_name\" content=\"Pethaus\" \/>\n<meta property=\"article:publisher\" content=\"https:\/\/www.facebook.com\/p\/Pethaus-Ry-100091916868701\/\" \/>\n<meta property=\"article:modified_time\" content=\"2025-07-30T18:44:52+00:00\" \/>\n<meta property=\"og:image\" content=\"https:\/\/www.pethaus.fi\/wp-content\/uploads\/2025\/07\/rokut.jpeg\" \/>\n\t<meta property=\"og:image:width\" content=\"2048\" \/>\n\t<meta property=\"og:image:height\" content=\"1153\" \/>\n\t<meta property=\"og:image:type\" content=\"image\/jpeg\" \/>\n<meta name=\"twitter:card\" content=\"summary_large_image\" \/>\n<meta name=\"twitter:label1\" content=\"Arvioitu lukuaika\" \/>\n\t<meta name=\"twitter:data1\" content=\"1 minuutti\" \/>\n<script type=\"application\/ld+json\" class=\"yoast-schema-graph\">{\"@context\":\"https:\\\/\\\/schema.org\",\"@graph\":[{\"@type\":\"WebPage\",\"@id\":\"https:\\\/\\\/www.pethaus.fi\\\/?page_id=1337\",\"url\":\"https:\\\/\\\/www.pethaus.fi\\\/?page_id=1337\",\"name\":\"15.8. Pepita Vanni, Immo ja Saki, Veli-Rekka &amp; Rokut - Pethaus\",\"isPartOf\":{\"@id\":\"https:\\\/\\\/www.pethaus.fi\\\/#website\"},\"primaryImageOfPage\":{\"@id\":\"https:\\\/\\\/www.pethaus.fi\\\/?page_id=1337#primaryimage\"},\"image\":{\"@id\":\"https:\\\/\\\/www.pethaus.fi\\\/?page_id=1337#primaryimage\"},\"thumbnailUrl\":\"https:\\\/\\\/www.pethaus.fi\\\/wp-content\\\/uploads\\\/2025\\\/07\\\/rokut-1024x577.jpeg\",\"datePublished\":\"2025-07-30T12:57:01+00:00\",\"dateModified\":\"2025-07-30T18:44:52+00:00\",\"breadcrumb\":{\"@id\":\"https:\\\/\\\/www.pethaus.fi\\\/?page_id=1337#breadcrumb\"},\"inLanguage\":\"fi\",\"potentialAction\":[{\"@type\":\"ReadAction\",\"target\":[\"https:\\\/\\\/www.pethaus.fi\\\/?page_id=1337\"]}]},{\"@type\":\"ImageObject\",\"inLanguage\":\"fi\",\"@id\":\"https:\\\/\\\/www.pethaus.fi\\\/?page_id=1337#primaryimage\",\"url\":\"https:\\\/\\\/www.pethaus.fi\\\/wp-content\\\/uploads\\\/2025\\\/07\\\/rokut.jpeg\",\"contentUrl\":\"https:\\\/\\\/www.pethaus.fi\\\/wp-content\\\/uploads\\\/2025\\\/07\\\/rokut.jpeg\",\"width\":2048,\"height\":1153},{\"@type\":\"BreadcrumbList\",\"@id\":\"https:\\\/\\\/www.pethaus.fi\\\/?page_id=1337#breadcrumb\",\"itemListElement\":[{\"@type\":\"ListItem\",\"position\":1,\"name\":\"Etusivu\",\"item\":\"https:\\\/\\\/www.pethaus.fi\\\/\"},{\"@type\":\"ListItem\",\"position\":2,\"name\":\"15.8. Pepita Vanni, Immo ja Saki, Veli-Rekka &amp; Rokut\"}]},{\"@type\":\"WebSite\",\"@id\":\"https:\\\/\\\/www.pethaus.fi\\\/#website\",\"url\":\"https:\\\/\\\/www.pethaus.fi\\\/\",\"name\":\"Pethaus\",\"description\":\"Tamperelainen matalan kynnyksen kulttuuritila.\",\"publisher\":{\"@id\":\"https:\\\/\\\/www.pethaus.fi\\\/#organization\"},\"alternateName\":\"Tamperelainen matalan kynnyksen kulttuuritila.\",\"potentialAction\":[{\"@type\":\"SearchAction\",\"target\":{\"@type\":\"EntryPoint\",\"urlTemplate\":\"https:\\\/\\\/www.pethaus.fi\\\/?s={search_term_string}\"},\"query-input\":{\"@type\":\"PropertyValueSpecification\",\"valueRequired\":true,\"valueName\":\"search_term_string\"}}],\"inLanguage\":\"fi\"},{\"@type\":\"Organization\",\"@id\":\"https:\\\/\\\/www.pethaus.fi\\\/#organization\",\"name\":\"Pethaus\",\"url\":\"https:\\\/\\\/www.pethaus.fi\\\/\",\"logo\":{\"@type\":\"ImageObject\",\"inLanguage\":\"fi\",\"@id\":\"https:\\\/\\\/www.pethaus.fi\\\/#\\\/schema\\\/logo\\\/image\\\/\",\"url\":\"https:\\\/\\\/www.pethaus.fi\\\/wp-content\\\/uploads\\\/2024\\\/04\\\/cropped-pethaus-logo.jpg\",\"contentUrl\":\"https:\\\/\\\/www.pethaus.fi\\\/wp-content\\\/uploads\\\/2024\\\/04\\\/cropped-pethaus-logo.jpg\",\"width\":512,\"height\":512,\"caption\":\"Pethaus\"},\"image\":{\"@id\":\"https:\\\/\\\/www.pethaus.fi\\\/#\\\/schema\\\/logo\\\/image\\\/\"},\"sameAs\":[\"https:\\\/\\\/www.facebook.com\\\/p\\\/Pethaus-Ry-100091916868701\\\/\",\"https:\\\/\\\/www.instagram.com\\\/pethaus_ry\\\/?hl=fi\"]}]}<\/script>\n<!-- \/ Yoast SEO plugin. -->","yoast_head_json":{"title":"15.8. Pepita Vanni, Immo ja Saki, Veli-Rekka &amp; Rokut - Pethaus","robots":{"index":"noindex","follow":"follow"},"og_locale":"fi_FI","og_type":"article","og_title":"15.8. Pepita Vanni, Immo ja Saki, Veli-Rekka &amp; Rokut - Pethaus","og_description":"PEPITA VANNI:on helsinkil\u00e4inen post-punk\/new wave -yhtye, jonka musiikissa yhdistyy perinteisen mustahuulten sijasta \u041a\u0438\u043d\u043e&#8217;n ja Sielun Veljien kaltainen kohkaus. Varmasti energinen liveyhtye. IMMO JA SAKI:Immo Hirvonen (kitara, mm. Hirvikoira Hirvonen) ja Saki Yokoyama-Klinga, synnyinmaastaan Japanista Saksan kautta Suomeen l\u00f6yt\u00e4nyt viulisti. Viulullaan h\u00e4n soittaa kielt\u00e4 nimelt\u00e4 musiikki intohimolla, rakkaudella ja sielulla https:\/\/www.youtube.com\/channel\/UCl3-6tauZhFU9lAZ-hfcrxA VELI-REKKA &amp; ROKUT:on Kittil\u00e4\/Rovaniemi\/Jyv\u00e4skyl\u00e4 akselilla ... Read more15.8. Pepita Vanni, Immo ja Saki, Veli-Rekka &amp; Rokut","og_url":"https:\/\/www.pethaus.fi\/?page_id=1337","og_site_name":"Pethaus","article_publisher":"https:\/\/www.facebook.com\/p\/Pethaus-Ry-100091916868701\/","article_modified_time":"2025-07-30T18:44:52+00:00","og_image":[{"width":2048,"height":1153,"url":"https:\/\/www.pethaus.fi\/wp-content\/uploads\/2025\/07\/rokut.jpeg","type":"image\/jpeg"}],"twitter_card":"summary_large_image","twitter_misc":{"Arvioitu lukuaika":"1 minuutti"},"schema":{"@context":"https:\/\/schema.org","@graph":[{"@type":"WebPage","@id":"https:\/\/www.pethaus.fi\/?page_id=1337","url":"https:\/\/www.pethaus.fi\/?page_id=1337","name":"15.8. Pepita Vanni, Immo ja Saki, Veli-Rekka &amp; Rokut - Pethaus","isPartOf":{"@id":"https:\/\/www.pethaus.fi\/#website"},"primaryImageOfPage":{"@id":"https:\/\/www.pethaus.fi\/?page_id=1337#primaryimage"},"image":{"@id":"https:\/\/www.pethaus.fi\/?page_id=1337#primaryimage"},"thumbnailUrl":"https:\/\/www.pethaus.fi\/wp-content\/uploads\/2025\/07\/rokut-1024x577.jpeg","datePublished":"2025-07-30T12:57:01+00:00","dateModified":"2025-07-30T18:44:52+00:00","breadcrumb":{"@id":"https:\/\/www.pethaus.fi\/?page_id=1337#breadcrumb"},"inLanguage":"fi","potentialAction":[{"@type":"ReadAction","target":["https:\/\/www.pethaus.fi\/?page_id=1337"]}]},{"@type":"ImageObject","inLanguage":"fi","@id":"https:\/\/www.pethaus.fi\/?page_id=1337#primaryimage","url":"https:\/\/www.pethaus.fi\/wp-content\/uploads\/2025\/07\/rokut.jpeg","contentUrl":"https:\/\/www.pethaus.fi\/wp-content\/uploads\/2025\/07\/rokut.jpeg","width":2048,"height":1153},{"@type":"BreadcrumbList","@id":"https:\/\/www.pethaus.fi\/?page_id=1337#breadcrumb","itemListElement":[{"@type":"ListItem","position":1,"name":"Etusivu","item":"https:\/\/www.pethaus.fi\/"},{"@type":"ListItem","position":2,"name":"15.8. Pepita Vanni, Immo ja Saki, Veli-Rekka &amp; Rokut"}]},{"@type":"WebSite","@id":"https:\/\/www.pethaus.fi\/#website","url":"https:\/\/www.pethaus.fi\/","name":"Pethaus","description":"Tamperelainen matalan kynnyksen kulttuuritila.","publisher":{"@id":"https:\/\/www.pethaus.fi\/#organization"},"alternateName":"Tamperelainen matalan kynnyksen kulttuuritila.","potentialAction":[{"@type":"SearchAction","target":{"@type":"EntryPoint","urlTemplate":"https:\/\/www.pethaus.fi\/?s={search_term_string}"},"query-input":{"@type":"PropertyValueSpecification","valueRequired":true,"valueName":"search_term_string"}}],"inLanguage":"fi"},{"@type":"Organization","@id":"https:\/\/www.pethaus.fi\/#organization","name":"Pethaus","url":"https:\/\/www.pethaus.fi\/","logo":{"@type":"ImageObject","inLanguage":"fi","@id":"https:\/\/www.pethaus.fi\/#\/schema\/logo\/image\/","url":"https:\/\/www.pethaus.fi\/wp-content\/uploads\/2024\/04\/cropped-pethaus-logo.jpg","contentUrl":"https:\/\/www.pethaus.fi\/wp-content\/uploads\/2024\/04\/cropped-pethaus-logo.jpg","width":512,"height":512,"caption":"Pethaus"},"image":{"@id":"https:\/\/www.pethaus.fi\/#\/schema\/logo\/image\/"},"sameAs":["https:\/\/www.facebook.com\/p\/Pethaus-Ry-100091916868701\/","https:\/\/www.instagram.com\/pethaus_ry\/?hl=fi"]}]}},"jetpack_sharing_enabled":true,"_links":{"self":[{"href":"https:\/\/www.pethaus.fi\/index.php?rest_route=\/wp\/v2\/pages\/1337","targetHints":{"allow":["GET"]}}],"collection":[{"href":"https:\/\/www.pethaus.fi\/index.php?rest_route=\/wp\/v2\/pages"}],"about":[{"href":"https:\/\/www.pethaus.fi\/index.php?rest_route=\/wp\/v2\/types\/page"}],"author":[{"embeddable":true,"href":"https:\/\/www.pethaus.fi\/index.php?rest_route=\/wp\/v2\/users\/1"}],"replies":[{"embeddable":true,"href":"https:\/\/www.pethaus.fi\/index.php?rest_route=%2Fwp%2Fv2%2Fcomments&post=1337"}],"version-history":[{"count":3,"href":"https:\/\/www.pethaus.fi\/index.php?rest_route=\/wp\/v2\/pages\/1337\/revisions"}],"predecessor-version":[{"id":1343,"href":"https:\/\/www.pethaus.fi\/index.php?rest_route=\/wp\/v2\/pages\/1337\/revisions\/1343"}],"wp:attachment":[{"href":"https:\/\/www.pethaus.fi\/index.php?rest_route=%2Fwp%2Fv2%2Fmedia&parent=1337"}],"curies":[{"name":"wp","href":"https:\/\/api.w.org\/{rel}","templated":true}]}}