{"id":1357,"date":"2025-08-03T09:58:17","date_gmt":"2025-08-03T09:58:17","guid":{"rendered":"https:\/\/www.pethaus.fi\/?page_id=1357"},"modified":"2025-08-03T09:58:17","modified_gmt":"2025-08-03T09:58:17","slug":"22-8-wilson-tanner-smith-usa-fi-marianne-sihvonen-aavakaiku","status":"publish","type":"page","link":"https:\/\/www.pethaus.fi\/?page_id=1357","title":{"rendered":"22.8. Wilson Tanner Smith (USA\/FI) &amp; Marianne Sihvonen \/\/ Aavakaiku"},"content":{"rendered":"\n<figure class=\"wp-block-image size-large\"><img fetchpriority=\"high\" decoding=\"async\" width=\"1024\" height=\"536\" src=\"https:\/\/www.pethaus.fi\/wp-content\/uploads\/2025\/08\/sihvonen-aavakaiku-1024x536.jpg\" alt=\"\" class=\"wp-image-1358\" srcset=\"https:\/\/www.pethaus.fi\/wp-content\/uploads\/2025\/08\/sihvonen-aavakaiku-1024x536.jpg 1024w, https:\/\/www.pethaus.fi\/wp-content\/uploads\/2025\/08\/sihvonen-aavakaiku-300x157.jpg 300w, https:\/\/www.pethaus.fi\/wp-content\/uploads\/2025\/08\/sihvonen-aavakaiku-768x402.jpg 768w, https:\/\/www.pethaus.fi\/wp-content\/uploads\/2025\/08\/sihvonen-aavakaiku-1536x804.jpg 1536w, https:\/\/www.pethaus.fi\/wp-content\/uploads\/2025\/08\/sihvonen-aavakaiku.jpg 1920w\" sizes=\"(max-width: 1024px) 100vw, 1024px\" \/><\/figure>\n\n\n\n<p>Drawing from their backgrounds across free improvisation, contemporary &amp; experimental music, free jazz, and deep listening, <strong>Marianne Sihvonen and Wilson Tanner Smith<\/strong> present a free-ranging set of electroacoustic improvisations on flutes, cello, objects, and voice alongside a backdrop of field recordings and deeply intentioned minimalism.<\/p>\n\n\n\n<p>Wilson Tanner Smith (USA\/FI) is a Helsinki-based composer, improviser, cellist, and music-theatre artist originally from Philadelphia\/Chicago, USA. <\/p>\n\n\n\n<p>His work is rooted in a sense of Presence and Reflecting: plumbing the various influences that shape a given [place, gesture, gathering, moment] in order to cultivate an awareness of the relationships we have with the people, systems, and structures we live with. <\/p>\n\n\n\n<p>As a cellist\/improviser he has performed at venues such as the Chicago Museum of Contemporary Art, Estonia Kontserdisaal, Narva Art Center\/Kreenholm Factory (Estonia), Le P\u00e9riscope (Lyon), and the Mullbau (Lucerne). He is also a member of the Chicago-based improvising quartet Mad Myth Science, whose debut album was released August 2023 to acclaim from The Wire, the Quietus, Chicago Reader, and Stereogum.<br><a href=\"http:\/\/www.wilsontannersmith.com\">www.wilsontannersmith.com<\/a><\/p>\n\n\n\n<p><strong>Marianne Sihvonen<\/strong> is a Finnish-S\u00e1mi performer-composer, renowned for her exploration of diverse creative practices and her dedication to contemporary music. Her own compositions are an evocative blend of improvisation on various flutes, vocals and electronic elements. Marianne&#8217;s artistic journey spans Northern Europe, with notable performances at venues such as B\u00e5stad Chamber Music Festival, Aarhus Chamber Music Festival, INN:PUST Festival in Norway and Nepal Music Center in Kathmandu. She is currently pursuing a flute soloist diploma at Royal Academy of Music in Aarhus.<br>www.mariannesihvonen.com<\/p>\n\n\n\n<hr class=\"wp-block-separator has-alpha-channel-opacity\"\/>\n\n\n\n<p><strong>Aavakaiku <\/strong>esitt\u00e4\u00e4 improvisoitua ambientia ja \u00e4\u00e4nimaisemia. Duon elektroakustinen musiikki syntyy tilan ja tunnelman mukaan. Vapaasti virtaavissa esityksiss\u00e4 on usein viitteit\u00e4 jazzin ja kokeellisen musiikin sointeihin.<br>Mari Martikainen &#8211; Saksofoni, efektit<br>Turkka Vuorinen &#8211; Koskettimet, elektroniikka<\/p>\n\n\n\n<p><br><a href=\"https:\/\/www.aavakaiku.com\/\">https:\/\/www.aavakaiku.com\/<br><\/a><a href=\"https:\/\/www.instagram.com\/aavakaiku\/\">https:\/\/www.instagram.com\/aavakaiku\/<br><\/a><a href=\"https:\/\/aavakaiku.bandcamp.com\/album\/aavakaiku\">https:\/\/aavakaiku.bandcamp.com\/album\/aavakaiku<br><\/a><a href=\"https:\/\/open.spotify.com\/artist\/2jqpNVgi9hpBSF1xeUoo9D\u2026\">https:\/\/open.spotify.com\/artist\/2jqpNVgi9hpBSF1xeUoo9D\u2026<\/a><\/p>\n\n\n\n<p>Soitot alkaen 19.30&#8211;&gt;<\/p>\n\n\n\n<hr class=\"wp-block-separator has-alpha-channel-opacity\"\/>\n\n\n\n<p>omavalintainen p\u00e4\u00e4symaksu 5-15\u20ac kolehtiin.<br>mobilepay\/k\u00e4teinen<br>Tervetuloa!!!<\/p>\n","protected":false},"excerpt":{"rendered":"<p>Drawing from their backgrounds across free improvisation, contemporary &amp; experimental music, free jazz, and deep listening, Marianne Sihvonen and Wilson Tanner Smith present a free-ranging set of electroacoustic improvisations on flutes, cello, objects, and voice alongside a backdrop of field recordings and deeply intentioned minimalism. Wilson Tanner Smith (USA\/FI) is a Helsinki-based composer, improviser, cellist, &#8230; <a title=\"22.8. Wilson Tanner Smith (USA\/FI) &amp; Marianne Sihvonen \/\/ Aavakaiku\" class=\"read-more\" href=\"https:\/\/www.pethaus.fi\/?page_id=1357\">Read more<span class=\"screen-reader-text\">22.8. Wilson Tanner Smith (USA\/FI) &amp; Marianne Sihvonen \/\/ Aavakaiku<\/span><\/a><\/p>\n","protected":false},"author":1,"featured_media":0,"parent":0,"menu_order":0,"comment_status":"closed","ping_status":"closed","template":"","meta":{"footnotes":""},"class_list":["post-1357","page","type-page","status-publish"],"yoast_head":"<!-- This site is optimized with the Yoast SEO plugin v27.5 - https:\/\/yoast.com\/product\/yoast-seo-wordpress\/ -->\n<title>22.8. Wilson Tanner Smith (USA\/FI) &amp; Marianne Sihvonen \/\/ Aavakaiku - Pethaus<\/title>\n<meta name=\"robots\" content=\"noindex, follow\" \/>\n<meta property=\"og:locale\" content=\"fi_FI\" \/>\n<meta property=\"og:type\" content=\"article\" \/>\n<meta property=\"og:title\" content=\"22.8. Wilson Tanner Smith (USA\/FI) &amp; Marianne Sihvonen \/\/ Aavakaiku - Pethaus\" \/>\n<meta property=\"og:description\" content=\"Drawing from their backgrounds across free improvisation, contemporary &amp; experimental music, free jazz, and deep listening, Marianne Sihvonen and Wilson Tanner Smith present a free-ranging set of electroacoustic improvisations on flutes, cello, objects, and voice alongside a backdrop of field recordings and deeply intentioned minimalism. Wilson Tanner Smith (USA\/FI) is a Helsinki-based composer, improviser, cellist, ... Read more22.8. Wilson Tanner Smith (USA\/FI) &amp; Marianne Sihvonen \/\/ Aavakaiku\" \/>\n<meta property=\"og:url\" content=\"https:\/\/www.pethaus.fi\/?page_id=1357\" \/>\n<meta property=\"og:site_name\" content=\"Pethaus\" \/>\n<meta property=\"article:publisher\" content=\"https:\/\/www.facebook.com\/p\/Pethaus-Ry-100091916868701\/\" \/>\n<meta property=\"og:image\" content=\"https:\/\/www.pethaus.fi\/wp-content\/uploads\/2025\/08\/sihvonen-aavakaiku.jpg\" \/>\n\t<meta property=\"og:image:width\" content=\"1920\" \/>\n\t<meta property=\"og:image:height\" content=\"1005\" \/>\n\t<meta property=\"og:image:type\" content=\"image\/jpeg\" \/>\n<meta name=\"twitter:card\" content=\"summary_large_image\" \/>\n<meta name=\"twitter:label1\" content=\"Arvioitu lukuaika\" \/>\n\t<meta name=\"twitter:data1\" content=\"2 minuuttia\" \/>\n<script type=\"application\/ld+json\" class=\"yoast-schema-graph\">{\"@context\":\"https:\\\/\\\/schema.org\",\"@graph\":[{\"@type\":\"WebPage\",\"@id\":\"https:\\\/\\\/www.pethaus.fi\\\/?page_id=1357\",\"url\":\"https:\\\/\\\/www.pethaus.fi\\\/?page_id=1357\",\"name\":\"22.8. Wilson Tanner Smith (USA\\\/FI) &amp; Marianne Sihvonen \\\/\\\/ Aavakaiku - Pethaus\",\"isPartOf\":{\"@id\":\"https:\\\/\\\/www.pethaus.fi\\\/#website\"},\"primaryImageOfPage\":{\"@id\":\"https:\\\/\\\/www.pethaus.fi\\\/?page_id=1357#primaryimage\"},\"image\":{\"@id\":\"https:\\\/\\\/www.pethaus.fi\\\/?page_id=1357#primaryimage\"},\"thumbnailUrl\":\"https:\\\/\\\/www.pethaus.fi\\\/wp-content\\\/uploads\\\/2025\\\/08\\\/sihvonen-aavakaiku-1024x536.jpg\",\"datePublished\":\"2025-08-03T09:58:17+00:00\",\"breadcrumb\":{\"@id\":\"https:\\\/\\\/www.pethaus.fi\\\/?page_id=1357#breadcrumb\"},\"inLanguage\":\"fi\",\"potentialAction\":[{\"@type\":\"ReadAction\",\"target\":[\"https:\\\/\\\/www.pethaus.fi\\\/?page_id=1357\"]}]},{\"@type\":\"ImageObject\",\"inLanguage\":\"fi\",\"@id\":\"https:\\\/\\\/www.pethaus.fi\\\/?page_id=1357#primaryimage\",\"url\":\"https:\\\/\\\/www.pethaus.fi\\\/wp-content\\\/uploads\\\/2025\\\/08\\\/sihvonen-aavakaiku.jpg\",\"contentUrl\":\"https:\\\/\\\/www.pethaus.fi\\\/wp-content\\\/uploads\\\/2025\\\/08\\\/sihvonen-aavakaiku.jpg\",\"width\":1920,\"height\":1005},{\"@type\":\"BreadcrumbList\",\"@id\":\"https:\\\/\\\/www.pethaus.fi\\\/?page_id=1357#breadcrumb\",\"itemListElement\":[{\"@type\":\"ListItem\",\"position\":1,\"name\":\"Etusivu\",\"item\":\"https:\\\/\\\/www.pethaus.fi\\\/\"},{\"@type\":\"ListItem\",\"position\":2,\"name\":\"22.8. Wilson Tanner Smith (USA\\\/FI) &amp; Marianne Sihvonen \\\/\\\/ Aavakaiku\"}]},{\"@type\":\"WebSite\",\"@id\":\"https:\\\/\\\/www.pethaus.fi\\\/#website\",\"url\":\"https:\\\/\\\/www.pethaus.fi\\\/\",\"name\":\"Pethaus\",\"description\":\"Tamperelainen matalan kynnyksen kulttuuritila.\",\"publisher\":{\"@id\":\"https:\\\/\\\/www.pethaus.fi\\\/#organization\"},\"alternateName\":\"Tamperelainen matalan kynnyksen kulttuuritila.\",\"potentialAction\":[{\"@type\":\"SearchAction\",\"target\":{\"@type\":\"EntryPoint\",\"urlTemplate\":\"https:\\\/\\\/www.pethaus.fi\\\/?s={search_term_string}\"},\"query-input\":{\"@type\":\"PropertyValueSpecification\",\"valueRequired\":true,\"valueName\":\"search_term_string\"}}],\"inLanguage\":\"fi\"},{\"@type\":\"Organization\",\"@id\":\"https:\\\/\\\/www.pethaus.fi\\\/#organization\",\"name\":\"Pethaus\",\"url\":\"https:\\\/\\\/www.pethaus.fi\\\/\",\"logo\":{\"@type\":\"ImageObject\",\"inLanguage\":\"fi\",\"@id\":\"https:\\\/\\\/www.pethaus.fi\\\/#\\\/schema\\\/logo\\\/image\\\/\",\"url\":\"https:\\\/\\\/www.pethaus.fi\\\/wp-content\\\/uploads\\\/2024\\\/04\\\/cropped-pethaus-logo.jpg\",\"contentUrl\":\"https:\\\/\\\/www.pethaus.fi\\\/wp-content\\\/uploads\\\/2024\\\/04\\\/cropped-pethaus-logo.jpg\",\"width\":512,\"height\":512,\"caption\":\"Pethaus\"},\"image\":{\"@id\":\"https:\\\/\\\/www.pethaus.fi\\\/#\\\/schema\\\/logo\\\/image\\\/\"},\"sameAs\":[\"https:\\\/\\\/www.facebook.com\\\/p\\\/Pethaus-Ry-100091916868701\\\/\",\"https:\\\/\\\/www.instagram.com\\\/pethaus_ry\\\/?hl=fi\"]}]}<\/script>\n<!-- \/ Yoast SEO plugin. -->","yoast_head_json":{"title":"22.8. Wilson Tanner Smith (USA\/FI) &amp; Marianne Sihvonen \/\/ Aavakaiku - Pethaus","robots":{"index":"noindex","follow":"follow"},"og_locale":"fi_FI","og_type":"article","og_title":"22.8. Wilson Tanner Smith (USA\/FI) &amp; Marianne Sihvonen \/\/ Aavakaiku - Pethaus","og_description":"Drawing from their backgrounds across free improvisation, contemporary &amp; experimental music, free jazz, and deep listening, Marianne Sihvonen and Wilson Tanner Smith present a free-ranging set of electroacoustic improvisations on flutes, cello, objects, and voice alongside a backdrop of field recordings and deeply intentioned minimalism. Wilson Tanner Smith (USA\/FI) is a Helsinki-based composer, improviser, cellist, ... Read more22.8. Wilson Tanner Smith (USA\/FI) &amp; Marianne Sihvonen \/\/ Aavakaiku","og_url":"https:\/\/www.pethaus.fi\/?page_id=1357","og_site_name":"Pethaus","article_publisher":"https:\/\/www.facebook.com\/p\/Pethaus-Ry-100091916868701\/","og_image":[{"width":1920,"height":1005,"url":"https:\/\/www.pethaus.fi\/wp-content\/uploads\/2025\/08\/sihvonen-aavakaiku.jpg","type":"image\/jpeg"}],"twitter_card":"summary_large_image","twitter_misc":{"Arvioitu lukuaika":"2 minuuttia"},"schema":{"@context":"https:\/\/schema.org","@graph":[{"@type":"WebPage","@id":"https:\/\/www.pethaus.fi\/?page_id=1357","url":"https:\/\/www.pethaus.fi\/?page_id=1357","name":"22.8. Wilson Tanner Smith (USA\/FI) &amp; Marianne Sihvonen \/\/ Aavakaiku - Pethaus","isPartOf":{"@id":"https:\/\/www.pethaus.fi\/#website"},"primaryImageOfPage":{"@id":"https:\/\/www.pethaus.fi\/?page_id=1357#primaryimage"},"image":{"@id":"https:\/\/www.pethaus.fi\/?page_id=1357#primaryimage"},"thumbnailUrl":"https:\/\/www.pethaus.fi\/wp-content\/uploads\/2025\/08\/sihvonen-aavakaiku-1024x536.jpg","datePublished":"2025-08-03T09:58:17+00:00","breadcrumb":{"@id":"https:\/\/www.pethaus.fi\/?page_id=1357#breadcrumb"},"inLanguage":"fi","potentialAction":[{"@type":"ReadAction","target":["https:\/\/www.pethaus.fi\/?page_id=1357"]}]},{"@type":"ImageObject","inLanguage":"fi","@id":"https:\/\/www.pethaus.fi\/?page_id=1357#primaryimage","url":"https:\/\/www.pethaus.fi\/wp-content\/uploads\/2025\/08\/sihvonen-aavakaiku.jpg","contentUrl":"https:\/\/www.pethaus.fi\/wp-content\/uploads\/2025\/08\/sihvonen-aavakaiku.jpg","width":1920,"height":1005},{"@type":"BreadcrumbList","@id":"https:\/\/www.pethaus.fi\/?page_id=1357#breadcrumb","itemListElement":[{"@type":"ListItem","position":1,"name":"Etusivu","item":"https:\/\/www.pethaus.fi\/"},{"@type":"ListItem","position":2,"name":"22.8. Wilson Tanner Smith (USA\/FI) &amp; Marianne Sihvonen \/\/ Aavakaiku"}]},{"@type":"WebSite","@id":"https:\/\/www.pethaus.fi\/#website","url":"https:\/\/www.pethaus.fi\/","name":"Pethaus","description":"Tamperelainen matalan kynnyksen kulttuuritila.","publisher":{"@id":"https:\/\/www.pethaus.fi\/#organization"},"alternateName":"Tamperelainen matalan kynnyksen kulttuuritila.","potentialAction":[{"@type":"SearchAction","target":{"@type":"EntryPoint","urlTemplate":"https:\/\/www.pethaus.fi\/?s={search_term_string}"},"query-input":{"@type":"PropertyValueSpecification","valueRequired":true,"valueName":"search_term_string"}}],"inLanguage":"fi"},{"@type":"Organization","@id":"https:\/\/www.pethaus.fi\/#organization","name":"Pethaus","url":"https:\/\/www.pethaus.fi\/","logo":{"@type":"ImageObject","inLanguage":"fi","@id":"https:\/\/www.pethaus.fi\/#\/schema\/logo\/image\/","url":"https:\/\/www.pethaus.fi\/wp-content\/uploads\/2024\/04\/cropped-pethaus-logo.jpg","contentUrl":"https:\/\/www.pethaus.fi\/wp-content\/uploads\/2024\/04\/cropped-pethaus-logo.jpg","width":512,"height":512,"caption":"Pethaus"},"image":{"@id":"https:\/\/www.pethaus.fi\/#\/schema\/logo\/image\/"},"sameAs":["https:\/\/www.facebook.com\/p\/Pethaus-Ry-100091916868701\/","https:\/\/www.instagram.com\/pethaus_ry\/?hl=fi"]}]}},"jetpack_sharing_enabled":true,"_links":{"self":[{"href":"https:\/\/www.pethaus.fi\/index.php?rest_route=\/wp\/v2\/pages\/1357","targetHints":{"allow":["GET"]}}],"collection":[{"href":"https:\/\/www.pethaus.fi\/index.php?rest_route=\/wp\/v2\/pages"}],"about":[{"href":"https:\/\/www.pethaus.fi\/index.php?rest_route=\/wp\/v2\/types\/page"}],"author":[{"embeddable":true,"href":"https:\/\/www.pethaus.fi\/index.php?rest_route=\/wp\/v2\/users\/1"}],"replies":[{"embeddable":true,"href":"https:\/\/www.pethaus.fi\/index.php?rest_route=%2Fwp%2Fv2%2Fcomments&post=1357"}],"version-history":[{"count":1,"href":"https:\/\/www.pethaus.fi\/index.php?rest_route=\/wp\/v2\/pages\/1357\/revisions"}],"predecessor-version":[{"id":1359,"href":"https:\/\/www.pethaus.fi\/index.php?rest_route=\/wp\/v2\/pages\/1357\/revisions\/1359"}],"wp:attachment":[{"href":"https:\/\/www.pethaus.fi\/index.php?rest_route=%2Fwp%2Fv2%2Fmedia&parent=1357"}],"curies":[{"name":"wp","href":"https:\/\/api.w.org\/{rel}","templated":true}]}}