{"id":1758,"date":"2026-01-23T20:00:58","date_gmt":"2026-01-23T20:00:58","guid":{"rendered":"https:\/\/www.pethaus.fi\/?page_id=1758"},"modified":"2026-01-23T20:02:33","modified_gmt":"2026-01-23T20:02:33","slug":"7-2-tuhon-enkelit-kiljumekanismi-flags-of-unity","status":"publish","type":"page","link":"https:\/\/www.pethaus.fi\/?page_id=1758","title":{"rendered":"7.2. Tuhon Enkelit, Kiljumekanismi, Flags of Unity"},"content":{"rendered":"\n<p><strong>Tuhon Enkelit:<br><\/strong>Nuori Punk\/hardcore b\u00e4ndi Helsingist\u00e4!<br><a href=\"https:\/\/www.hs.fi\/kulttuuri\/art-2000011455786.html\">https:\/\/www.hs.fi\/kulttuuri\/art-2000011455786.html<br><\/a><a href=\"https:\/\/tuhonenkelit.bandcamp.com\/\">https:\/\/tuhonenkelit.bandcamp.com\/<\/a><\/p>\n\n\n\n<p><strong>Flags Of Unity:<br><\/strong>Perustettu 2010. B\u00e4ndin punkrockissa yhdistyv\u00e4t reggae, ska, sek\u00e4 slaavilainen melankolia. B\u00e4ndi on kiert\u00e4nyt ahkerasti eurooppaa. Flagsin uusi LP imestyy porilaisen Killer Recosdsin julkaisemana heti alkuvuodesta 2026.<br><a href=\"https:\/\/flagsofunity1.bandcamp.com\/album\/kutsu-vapauteen\">https:\/\/flagsofunity1.bandcamp.com\/album\/kutsu-vapauteen<\/a><\/p>\n\n\n\n<p><strong>Kiljumekanismi:<br><\/strong>Hardcorepunkkia goottimaustein vuodesta 1995. Perustettu Porissa, pikkuhiljaa Tamperelaistunut<br><a href=\"https:\/\/kiljumekanismi3.bandcamp.com\/album\/vastavirtaan\">https:\/\/kiljumekanismi3.bandcamp.com\/album\/vastavirtaan<\/a><\/p>\n\n\n\n<p><strong>Soitot alkaa klo 16:00<\/strong><\/p>\n\n\n\n<p>Vapaaehtoinen p\u00e4\u00e4symaksu (5-15e)<br>Tapahtuma on IK\u00c4RAJATON!<\/p>\n","protected":false},"excerpt":{"rendered":"<p>Tuhon Enkelit:Nuori Punk\/hardcore b\u00e4ndi Helsingist\u00e4!https:\/\/www.hs.fi\/kulttuuri\/art-2000011455786.htmlhttps:\/\/tuhonenkelit.bandcamp.com\/ Flags Of Unity:Perustettu 2010. B\u00e4ndin punkrockissa yhdistyv\u00e4t reggae, ska, sek\u00e4 slaavilainen melankolia. B\u00e4ndi on kiert\u00e4nyt ahkerasti eurooppaa. Flagsin uusi LP imestyy porilaisen Killer Recosdsin julkaisemana heti alkuvuodesta 2026.https:\/\/flagsofunity1.bandcamp.com\/album\/kutsu-vapauteen Kiljumekanismi:Hardcorepunkkia goottimaustein vuodesta 1995. Perustettu Porissa, pikkuhiljaa Tamperelaistunuthttps:\/\/kiljumekanismi3.bandcamp.com\/album\/vastavirtaan Soitot alkaa klo 16:00 Vapaaehtoinen p\u00e4\u00e4symaksu (5-15e)Tapahtuma on IK\u00c4RAJATON!<\/p>\n","protected":false},"author":1,"featured_media":0,"parent":0,"menu_order":0,"comment_status":"closed","ping_status":"closed","template":"","meta":{"footnotes":""},"class_list":["post-1758","page","type-page","status-publish"],"yoast_head":"<!-- This site is optimized with the Yoast SEO plugin v27.5 - https:\/\/yoast.com\/product\/yoast-seo-wordpress\/ -->\n<title>7.2. Tuhon Enkelit, Kiljumekanismi, Flags of Unity - Pethaus<\/title>\n<meta name=\"robots\" content=\"noindex, follow\" \/>\n<meta property=\"og:locale\" content=\"fi_FI\" \/>\n<meta property=\"og:type\" content=\"article\" \/>\n<meta property=\"og:title\" content=\"7.2. Tuhon Enkelit, Kiljumekanismi, Flags of Unity - Pethaus\" \/>\n<meta property=\"og:description\" content=\"Tuhon Enkelit:Nuori Punk\/hardcore b\u00e4ndi Helsingist\u00e4!https:\/\/www.hs.fi\/kulttuuri\/art-2000011455786.htmlhttps:\/\/tuhonenkelit.bandcamp.com\/ Flags Of Unity:Perustettu 2010. B\u00e4ndin punkrockissa yhdistyv\u00e4t reggae, ska, sek\u00e4 slaavilainen melankolia. B\u00e4ndi on kiert\u00e4nyt ahkerasti eurooppaa. Flagsin uusi LP imestyy porilaisen Killer Recosdsin julkaisemana heti alkuvuodesta 2026.https:\/\/flagsofunity1.bandcamp.com\/album\/kutsu-vapauteen Kiljumekanismi:Hardcorepunkkia goottimaustein vuodesta 1995. Perustettu Porissa, pikkuhiljaa Tamperelaistunuthttps:\/\/kiljumekanismi3.bandcamp.com\/album\/vastavirtaan Soitot alkaa klo 16:00 Vapaaehtoinen p\u00e4\u00e4symaksu (5-15e)Tapahtuma on IK\u00c4RAJATON!\" \/>\n<meta property=\"og:url\" content=\"https:\/\/www.pethaus.fi\/?page_id=1758\" \/>\n<meta property=\"og:site_name\" content=\"Pethaus\" \/>\n<meta property=\"article:publisher\" content=\"https:\/\/www.facebook.com\/p\/Pethaus-Ry-100091916868701\/\" \/>\n<meta property=\"article:modified_time\" content=\"2026-01-23T20:02:33+00:00\" \/>\n<meta property=\"og:image\" content=\"https:\/\/www.pethaus.fi\/wp-content\/uploads\/2024\/04\/pethaus-logo.jpg\" \/>\n\t<meta property=\"og:image:width\" content=\"960\" \/>\n\t<meta property=\"og:image:height\" content=\"960\" \/>\n\t<meta property=\"og:image:type\" content=\"image\/jpeg\" \/>\n<meta name=\"twitter:card\" content=\"summary_large_image\" \/>\n<script type=\"application\/ld+json\" class=\"yoast-schema-graph\">{\"@context\":\"https:\\\/\\\/schema.org\",\"@graph\":[{\"@type\":\"WebPage\",\"@id\":\"https:\\\/\\\/www.pethaus.fi\\\/?page_id=1758\",\"url\":\"https:\\\/\\\/www.pethaus.fi\\\/?page_id=1758\",\"name\":\"7.2. Tuhon Enkelit, Kiljumekanismi, Flags of Unity - Pethaus\",\"isPartOf\":{\"@id\":\"https:\\\/\\\/www.pethaus.fi\\\/#website\"},\"datePublished\":\"2026-01-23T20:00:58+00:00\",\"dateModified\":\"2026-01-23T20:02:33+00:00\",\"breadcrumb\":{\"@id\":\"https:\\\/\\\/www.pethaus.fi\\\/?page_id=1758#breadcrumb\"},\"inLanguage\":\"fi\",\"potentialAction\":[{\"@type\":\"ReadAction\",\"target\":[\"https:\\\/\\\/www.pethaus.fi\\\/?page_id=1758\"]}]},{\"@type\":\"BreadcrumbList\",\"@id\":\"https:\\\/\\\/www.pethaus.fi\\\/?page_id=1758#breadcrumb\",\"itemListElement\":[{\"@type\":\"ListItem\",\"position\":1,\"name\":\"Etusivu\",\"item\":\"https:\\\/\\\/www.pethaus.fi\\\/\"},{\"@type\":\"ListItem\",\"position\":2,\"name\":\"7.2. Tuhon Enkelit, Kiljumekanismi, Flags of Unity\"}]},{\"@type\":\"WebSite\",\"@id\":\"https:\\\/\\\/www.pethaus.fi\\\/#website\",\"url\":\"https:\\\/\\\/www.pethaus.fi\\\/\",\"name\":\"Pethaus\",\"description\":\"Tamperelainen matalan kynnyksen kulttuuritila.\",\"publisher\":{\"@id\":\"https:\\\/\\\/www.pethaus.fi\\\/#organization\"},\"alternateName\":\"Tamperelainen matalan kynnyksen kulttuuritila.\",\"potentialAction\":[{\"@type\":\"SearchAction\",\"target\":{\"@type\":\"EntryPoint\",\"urlTemplate\":\"https:\\\/\\\/www.pethaus.fi\\\/?s={search_term_string}\"},\"query-input\":{\"@type\":\"PropertyValueSpecification\",\"valueRequired\":true,\"valueName\":\"search_term_string\"}}],\"inLanguage\":\"fi\"},{\"@type\":\"Organization\",\"@id\":\"https:\\\/\\\/www.pethaus.fi\\\/#organization\",\"name\":\"Pethaus\",\"url\":\"https:\\\/\\\/www.pethaus.fi\\\/\",\"logo\":{\"@type\":\"ImageObject\",\"inLanguage\":\"fi\",\"@id\":\"https:\\\/\\\/www.pethaus.fi\\\/#\\\/schema\\\/logo\\\/image\\\/\",\"url\":\"https:\\\/\\\/www.pethaus.fi\\\/wp-content\\\/uploads\\\/2024\\\/04\\\/cropped-pethaus-logo.jpg\",\"contentUrl\":\"https:\\\/\\\/www.pethaus.fi\\\/wp-content\\\/uploads\\\/2024\\\/04\\\/cropped-pethaus-logo.jpg\",\"width\":512,\"height\":512,\"caption\":\"Pethaus\"},\"image\":{\"@id\":\"https:\\\/\\\/www.pethaus.fi\\\/#\\\/schema\\\/logo\\\/image\\\/\"},\"sameAs\":[\"https:\\\/\\\/www.facebook.com\\\/p\\\/Pethaus-Ry-100091916868701\\\/\",\"https:\\\/\\\/www.instagram.com\\\/pethaus_ry\\\/?hl=fi\"]}]}<\/script>\n<!-- \/ Yoast SEO plugin. -->","yoast_head_json":{"title":"7.2. Tuhon Enkelit, Kiljumekanismi, Flags of Unity - Pethaus","robots":{"index":"noindex","follow":"follow"},"og_locale":"fi_FI","og_type":"article","og_title":"7.2. Tuhon Enkelit, Kiljumekanismi, Flags of Unity - Pethaus","og_description":"Tuhon Enkelit:Nuori Punk\/hardcore b\u00e4ndi Helsingist\u00e4!https:\/\/www.hs.fi\/kulttuuri\/art-2000011455786.htmlhttps:\/\/tuhonenkelit.bandcamp.com\/ Flags Of Unity:Perustettu 2010. B\u00e4ndin punkrockissa yhdistyv\u00e4t reggae, ska, sek\u00e4 slaavilainen melankolia. B\u00e4ndi on kiert\u00e4nyt ahkerasti eurooppaa. Flagsin uusi LP imestyy porilaisen Killer Recosdsin julkaisemana heti alkuvuodesta 2026.https:\/\/flagsofunity1.bandcamp.com\/album\/kutsu-vapauteen Kiljumekanismi:Hardcorepunkkia goottimaustein vuodesta 1995. Perustettu Porissa, pikkuhiljaa Tamperelaistunuthttps:\/\/kiljumekanismi3.bandcamp.com\/album\/vastavirtaan Soitot alkaa klo 16:00 Vapaaehtoinen p\u00e4\u00e4symaksu (5-15e)Tapahtuma on IK\u00c4RAJATON!","og_url":"https:\/\/www.pethaus.fi\/?page_id=1758","og_site_name":"Pethaus","article_publisher":"https:\/\/www.facebook.com\/p\/Pethaus-Ry-100091916868701\/","article_modified_time":"2026-01-23T20:02:33+00:00","og_image":[{"width":960,"height":960,"url":"https:\/\/www.pethaus.fi\/wp-content\/uploads\/2024\/04\/pethaus-logo.jpg","type":"image\/jpeg"}],"twitter_card":"summary_large_image","schema":{"@context":"https:\/\/schema.org","@graph":[{"@type":"WebPage","@id":"https:\/\/www.pethaus.fi\/?page_id=1758","url":"https:\/\/www.pethaus.fi\/?page_id=1758","name":"7.2. Tuhon Enkelit, Kiljumekanismi, Flags of Unity - Pethaus","isPartOf":{"@id":"https:\/\/www.pethaus.fi\/#website"},"datePublished":"2026-01-23T20:00:58+00:00","dateModified":"2026-01-23T20:02:33+00:00","breadcrumb":{"@id":"https:\/\/www.pethaus.fi\/?page_id=1758#breadcrumb"},"inLanguage":"fi","potentialAction":[{"@type":"ReadAction","target":["https:\/\/www.pethaus.fi\/?page_id=1758"]}]},{"@type":"BreadcrumbList","@id":"https:\/\/www.pethaus.fi\/?page_id=1758#breadcrumb","itemListElement":[{"@type":"ListItem","position":1,"name":"Etusivu","item":"https:\/\/www.pethaus.fi\/"},{"@type":"ListItem","position":2,"name":"7.2. Tuhon Enkelit, Kiljumekanismi, Flags of Unity"}]},{"@type":"WebSite","@id":"https:\/\/www.pethaus.fi\/#website","url":"https:\/\/www.pethaus.fi\/","name":"Pethaus","description":"Tamperelainen matalan kynnyksen kulttuuritila.","publisher":{"@id":"https:\/\/www.pethaus.fi\/#organization"},"alternateName":"Tamperelainen matalan kynnyksen kulttuuritila.","potentialAction":[{"@type":"SearchAction","target":{"@type":"EntryPoint","urlTemplate":"https:\/\/www.pethaus.fi\/?s={search_term_string}"},"query-input":{"@type":"PropertyValueSpecification","valueRequired":true,"valueName":"search_term_string"}}],"inLanguage":"fi"},{"@type":"Organization","@id":"https:\/\/www.pethaus.fi\/#organization","name":"Pethaus","url":"https:\/\/www.pethaus.fi\/","logo":{"@type":"ImageObject","inLanguage":"fi","@id":"https:\/\/www.pethaus.fi\/#\/schema\/logo\/image\/","url":"https:\/\/www.pethaus.fi\/wp-content\/uploads\/2024\/04\/cropped-pethaus-logo.jpg","contentUrl":"https:\/\/www.pethaus.fi\/wp-content\/uploads\/2024\/04\/cropped-pethaus-logo.jpg","width":512,"height":512,"caption":"Pethaus"},"image":{"@id":"https:\/\/www.pethaus.fi\/#\/schema\/logo\/image\/"},"sameAs":["https:\/\/www.facebook.com\/p\/Pethaus-Ry-100091916868701\/","https:\/\/www.instagram.com\/pethaus_ry\/?hl=fi"]}]}},"jetpack_sharing_enabled":true,"_links":{"self":[{"href":"https:\/\/www.pethaus.fi\/index.php?rest_route=\/wp\/v2\/pages\/1758","targetHints":{"allow":["GET"]}}],"collection":[{"href":"https:\/\/www.pethaus.fi\/index.php?rest_route=\/wp\/v2\/pages"}],"about":[{"href":"https:\/\/www.pethaus.fi\/index.php?rest_route=\/wp\/v2\/types\/page"}],"author":[{"embeddable":true,"href":"https:\/\/www.pethaus.fi\/index.php?rest_route=\/wp\/v2\/users\/1"}],"replies":[{"embeddable":true,"href":"https:\/\/www.pethaus.fi\/index.php?rest_route=%2Fwp%2Fv2%2Fcomments&post=1758"}],"version-history":[{"count":2,"href":"https:\/\/www.pethaus.fi\/index.php?rest_route=\/wp\/v2\/pages\/1758\/revisions"}],"predecessor-version":[{"id":1761,"href":"https:\/\/www.pethaus.fi\/index.php?rest_route=\/wp\/v2\/pages\/1758\/revisions\/1761"}],"wp:attachment":[{"href":"https:\/\/www.pethaus.fi\/index.php?rest_route=%2Fwp%2Fv2%2Fmedia&parent=1758"}],"curies":[{"name":"wp","href":"https:\/\/api.w.org\/{rel}","templated":true}]}}