{"id":1836,"date":"2026-02-18T18:35:46","date_gmt":"2026-02-18T18:35:46","guid":{"rendered":"https:\/\/www.pethaus.fi\/?page_id=1836"},"modified":"2026-03-11T06:28:33","modified_gmt":"2026-03-11T06:28:33","slug":"13-3-goblin-shark-rookipaikka","status":"publish","type":"page","link":"https:\/\/www.pethaus.fi\/?page_id=1836","title":{"rendered":"13.3. Goblin Shark, R\u00f6\u00f6kipaikka"},"content":{"rendered":"\n<figure class=\"wp-block-image size-large\"><img fetchpriority=\"high\" decoding=\"async\" width=\"1024\" height=\"537\" src=\"https:\/\/www.pethaus.fi\/wp-content\/uploads\/2026\/02\/goblin-1024x537.jpg\" alt=\"\" class=\"wp-image-1837\" srcset=\"https:\/\/www.pethaus.fi\/wp-content\/uploads\/2026\/02\/goblin-1024x537.jpg 1024w, https:\/\/www.pethaus.fi\/wp-content\/uploads\/2026\/02\/goblin-300x157.jpg 300w, https:\/\/www.pethaus.fi\/wp-content\/uploads\/2026\/02\/goblin-768x402.jpg 768w, https:\/\/www.pethaus.fi\/wp-content\/uploads\/2026\/02\/goblin-1536x805.jpg 1536w, https:\/\/www.pethaus.fi\/wp-content\/uploads\/2026\/02\/goblin.jpg 1916w\" sizes=\"(max-width: 1024px) 100vw, 1024px\" \/><\/figure>\n\n\n\n<p>Helsinkil\u00e4is-Tamperelaisen <strong>R\u00f6\u00f6kipaikan <\/strong>lauluissa ty\u00f6el\u00e4m\u00e4 puetaan traagisten tositarinoiden muotoon. Jos olet koskaan vihannut esimiest\u00e4si, haaveillut ryypp\u00e4\u00e4v\u00e4si ty\u00f6nantajan ajalla tai masturboinut toimiston wc-tiloissa, R\u00f6\u00f6kipaikka on sinun musiikkiasi.<\/p>\n\n\n\n<hr class=\"wp-block-separator has-alpha-channel-opacity\"\/>\n\n\n\n<p><strong>Goblin Shark<\/strong> puristaa toisensa kohtaavien mannerlaattojen lailla alkukantaisesta rock\u2019n\u2019rollista, hieman nyrj\u00e4ht\u00e4vist\u00e4 tahtilajeista ja mahtavasti svengaavasta kitarajyr\u00e4st\u00e4 boogietimantin, jonka voima auttaa lonkkavikaista l\u00f6yt\u00e4m\u00e4\u00e4n tanssiinsa uuden sykkeen, kolmiloikkaajaa l\u00f6yt\u00e4m\u00e4\u00e4n oikeat askelmerkit ja musiikkiteollisuutta l\u00f6yt\u00e4m\u00e4\u00e4n siin\u00e4 itsess\u00e4\u00e4n piilev\u00e4t viat. <\/p>\n\n\n\n<p>Jos tied\u00e4t, kuka on Jon Spencer, rakastat Captain Beefheartia ja jumaloit The Stoogesia tai Tom Waitsia, Goblin Shark voi olla musiikkia sinulle, koska yhtyeen musiikissa voit kuulla jotain heist\u00e4, mutta toisaalta et mit\u00e4\u00e4n edell\u00e4 mainittuihin liitett\u00e4v\u00e4\u00e4.<\/p>\n\n\n\n<p>N\u00e4m\u00e4 miehet eiv\u00e4t ole eilisen teeren poikia, vaan soittokokemusta l\u00f6ytyy naapurikuppilan nurkista festivaalilavoille. Yhtyeen kitaristi \u2013 laulaja Faarao Pirttikangas on soolouransa lis\u00e4ksi soittanut yhtyeiss\u00e4 kuten Cosmo Jones Beat Machine sek\u00e4 Astro Can Caravan. <\/p>\n\n\n\n<p>Toinen kitaristilaulaja Taskinen on levytt\u00e4nyt ja kiert\u00e4nyt maailmaan eri yhtyeiss\u00e4, joista mainittakoon Black Magic Six tai Disgrace. <\/p>\n\n\n\n<p>Rytmiikasta pit\u00e4\u00e4 huolen Neuvonen, jonka vy\u00f6ll\u00e4 on mittava l\u00e4j\u00e4 projekteja sek\u00e4 edustuksia erilaisten orkestraatioiden kanssa, kuten Elephant Bell sek\u00e4 Peijas. Maineikas sveitsil\u00e4is-yhti\u00f6 Voodoo Rhythm julkaisi kokoonpanon debyyttialbumin Rat Bone elokuussa 2024.<\/p>\n\n\n\n<p>Vapaaehtoinen p\u00e4\u00e4symaksu [toive\/suositus 5-15\u20ac].<\/p>\n\n\n\n<p>TERVETULOA!!!<\/p>\n","protected":false},"excerpt":{"rendered":"<p>Helsinkil\u00e4is-Tamperelaisen R\u00f6\u00f6kipaikan lauluissa ty\u00f6el\u00e4m\u00e4 puetaan traagisten tositarinoiden muotoon. Jos olet koskaan vihannut esimiest\u00e4si, haaveillut ryypp\u00e4\u00e4v\u00e4si ty\u00f6nantajan ajalla tai masturboinut toimiston wc-tiloissa, R\u00f6\u00f6kipaikka on sinun musiikkiasi. Goblin Shark puristaa toisensa kohtaavien mannerlaattojen lailla alkukantaisesta rock\u2019n\u2019rollista, hieman nyrj\u00e4ht\u00e4vist\u00e4 tahtilajeista ja mahtavasti svengaavasta kitarajyr\u00e4st\u00e4 boogietimantin, jonka voima auttaa lonkkavikaista l\u00f6yt\u00e4m\u00e4\u00e4n tanssiinsa uuden sykkeen, kolmiloikkaajaa l\u00f6yt\u00e4m\u00e4\u00e4n oikeat askelmerkit ja &#8230; <a title=\"13.3. Goblin Shark, R\u00f6\u00f6kipaikka\" class=\"read-more\" href=\"https:\/\/www.pethaus.fi\/?page_id=1836\">Read more<span class=\"screen-reader-text\">13.3. Goblin Shark, R\u00f6\u00f6kipaikka<\/span><\/a><\/p>\n","protected":false},"author":1,"featured_media":0,"parent":0,"menu_order":0,"comment_status":"closed","ping_status":"closed","template":"","meta":{"footnotes":""},"class_list":["post-1836","page","type-page","status-publish"],"yoast_head":"<!-- This site is optimized with the Yoast SEO plugin v27.4 - https:\/\/yoast.com\/product\/yoast-seo-wordpress\/ -->\n<title>13.3. Goblin Shark, R\u00f6\u00f6kipaikka - Pethaus<\/title>\n<meta name=\"robots\" content=\"noindex, follow\" \/>\n<meta property=\"og:locale\" content=\"fi_FI\" \/>\n<meta property=\"og:type\" content=\"article\" \/>\n<meta property=\"og:title\" content=\"13.3. Goblin Shark, R\u00f6\u00f6kipaikka - Pethaus\" \/>\n<meta property=\"og:description\" content=\"Helsinkil\u00e4is-Tamperelaisen R\u00f6\u00f6kipaikan lauluissa ty\u00f6el\u00e4m\u00e4 puetaan traagisten tositarinoiden muotoon. Jos olet koskaan vihannut esimiest\u00e4si, haaveillut ryypp\u00e4\u00e4v\u00e4si ty\u00f6nantajan ajalla tai masturboinut toimiston wc-tiloissa, R\u00f6\u00f6kipaikka on sinun musiikkiasi. Goblin Shark puristaa toisensa kohtaavien mannerlaattojen lailla alkukantaisesta rock\u2019n\u2019rollista, hieman nyrj\u00e4ht\u00e4vist\u00e4 tahtilajeista ja mahtavasti svengaavasta kitarajyr\u00e4st\u00e4 boogietimantin, jonka voima auttaa lonkkavikaista l\u00f6yt\u00e4m\u00e4\u00e4n tanssiinsa uuden sykkeen, kolmiloikkaajaa l\u00f6yt\u00e4m\u00e4\u00e4n oikeat askelmerkit ja ... Read more13.3. Goblin Shark, R\u00f6\u00f6kipaikka\" \/>\n<meta property=\"og:url\" content=\"https:\/\/www.pethaus.fi\/?page_id=1836\" \/>\n<meta property=\"og:site_name\" content=\"Pethaus\" \/>\n<meta property=\"article:publisher\" content=\"https:\/\/www.facebook.com\/p\/Pethaus-Ry-100091916868701\/\" \/>\n<meta property=\"article:modified_time\" content=\"2026-03-11T06:28:33+00:00\" \/>\n<meta property=\"og:image\" content=\"https:\/\/www.pethaus.fi\/wp-content\/uploads\/2026\/02\/goblin.jpg\" \/>\n\t<meta property=\"og:image:width\" content=\"1916\" \/>\n\t<meta property=\"og:image:height\" content=\"1004\" \/>\n\t<meta property=\"og:image:type\" content=\"image\/jpeg\" \/>\n<meta name=\"twitter:card\" content=\"summary_large_image\" \/>\n<meta name=\"twitter:label1\" content=\"Arvioitu lukuaika\" \/>\n\t<meta name=\"twitter:data1\" content=\"2 minuuttia\" \/>\n<script type=\"application\/ld+json\" class=\"yoast-schema-graph\">{\"@context\":\"https:\\\/\\\/schema.org\",\"@graph\":[{\"@type\":\"WebPage\",\"@id\":\"https:\\\/\\\/www.pethaus.fi\\\/?page_id=1836\",\"url\":\"https:\\\/\\\/www.pethaus.fi\\\/?page_id=1836\",\"name\":\"13.3. Goblin Shark, R\u00f6\u00f6kipaikka - Pethaus\",\"isPartOf\":{\"@id\":\"https:\\\/\\\/www.pethaus.fi\\\/#website\"},\"primaryImageOfPage\":{\"@id\":\"https:\\\/\\\/www.pethaus.fi\\\/?page_id=1836#primaryimage\"},\"image\":{\"@id\":\"https:\\\/\\\/www.pethaus.fi\\\/?page_id=1836#primaryimage\"},\"thumbnailUrl\":\"https:\\\/\\\/www.pethaus.fi\\\/wp-content\\\/uploads\\\/2026\\\/02\\\/goblin-1024x537.jpg\",\"datePublished\":\"2026-02-18T18:35:46+00:00\",\"dateModified\":\"2026-03-11T06:28:33+00:00\",\"breadcrumb\":{\"@id\":\"https:\\\/\\\/www.pethaus.fi\\\/?page_id=1836#breadcrumb\"},\"inLanguage\":\"fi\",\"potentialAction\":[{\"@type\":\"ReadAction\",\"target\":[\"https:\\\/\\\/www.pethaus.fi\\\/?page_id=1836\"]}]},{\"@type\":\"ImageObject\",\"inLanguage\":\"fi\",\"@id\":\"https:\\\/\\\/www.pethaus.fi\\\/?page_id=1836#primaryimage\",\"url\":\"https:\\\/\\\/www.pethaus.fi\\\/wp-content\\\/uploads\\\/2026\\\/02\\\/goblin.jpg\",\"contentUrl\":\"https:\\\/\\\/www.pethaus.fi\\\/wp-content\\\/uploads\\\/2026\\\/02\\\/goblin.jpg\",\"width\":1916,\"height\":1004},{\"@type\":\"BreadcrumbList\",\"@id\":\"https:\\\/\\\/www.pethaus.fi\\\/?page_id=1836#breadcrumb\",\"itemListElement\":[{\"@type\":\"ListItem\",\"position\":1,\"name\":\"Etusivu\",\"item\":\"https:\\\/\\\/www.pethaus.fi\\\/\"},{\"@type\":\"ListItem\",\"position\":2,\"name\":\"13.3. Goblin Shark, R\u00f6\u00f6kipaikka\"}]},{\"@type\":\"WebSite\",\"@id\":\"https:\\\/\\\/www.pethaus.fi\\\/#website\",\"url\":\"https:\\\/\\\/www.pethaus.fi\\\/\",\"name\":\"Pethaus\",\"description\":\"Tamperelainen matalan kynnyksen kulttuuritila.\",\"publisher\":{\"@id\":\"https:\\\/\\\/www.pethaus.fi\\\/#organization\"},\"alternateName\":\"Tamperelainen matalan kynnyksen kulttuuritila.\",\"potentialAction\":[{\"@type\":\"SearchAction\",\"target\":{\"@type\":\"EntryPoint\",\"urlTemplate\":\"https:\\\/\\\/www.pethaus.fi\\\/?s={search_term_string}\"},\"query-input\":{\"@type\":\"PropertyValueSpecification\",\"valueRequired\":true,\"valueName\":\"search_term_string\"}}],\"inLanguage\":\"fi\"},{\"@type\":\"Organization\",\"@id\":\"https:\\\/\\\/www.pethaus.fi\\\/#organization\",\"name\":\"Pethaus\",\"url\":\"https:\\\/\\\/www.pethaus.fi\\\/\",\"logo\":{\"@type\":\"ImageObject\",\"inLanguage\":\"fi\",\"@id\":\"https:\\\/\\\/www.pethaus.fi\\\/#\\\/schema\\\/logo\\\/image\\\/\",\"url\":\"https:\\\/\\\/www.pethaus.fi\\\/wp-content\\\/uploads\\\/2024\\\/04\\\/cropped-pethaus-logo.jpg\",\"contentUrl\":\"https:\\\/\\\/www.pethaus.fi\\\/wp-content\\\/uploads\\\/2024\\\/04\\\/cropped-pethaus-logo.jpg\",\"width\":512,\"height\":512,\"caption\":\"Pethaus\"},\"image\":{\"@id\":\"https:\\\/\\\/www.pethaus.fi\\\/#\\\/schema\\\/logo\\\/image\\\/\"},\"sameAs\":[\"https:\\\/\\\/www.facebook.com\\\/p\\\/Pethaus-Ry-100091916868701\\\/\",\"https:\\\/\\\/www.instagram.com\\\/pethaus_ry\\\/?hl=fi\"]}]}<\/script>\n<!-- \/ Yoast SEO plugin. -->","yoast_head_json":{"title":"13.3. Goblin Shark, R\u00f6\u00f6kipaikka - Pethaus","robots":{"index":"noindex","follow":"follow"},"og_locale":"fi_FI","og_type":"article","og_title":"13.3. Goblin Shark, R\u00f6\u00f6kipaikka - Pethaus","og_description":"Helsinkil\u00e4is-Tamperelaisen R\u00f6\u00f6kipaikan lauluissa ty\u00f6el\u00e4m\u00e4 puetaan traagisten tositarinoiden muotoon. Jos olet koskaan vihannut esimiest\u00e4si, haaveillut ryypp\u00e4\u00e4v\u00e4si ty\u00f6nantajan ajalla tai masturboinut toimiston wc-tiloissa, R\u00f6\u00f6kipaikka on sinun musiikkiasi. Goblin Shark puristaa toisensa kohtaavien mannerlaattojen lailla alkukantaisesta rock\u2019n\u2019rollista, hieman nyrj\u00e4ht\u00e4vist\u00e4 tahtilajeista ja mahtavasti svengaavasta kitarajyr\u00e4st\u00e4 boogietimantin, jonka voima auttaa lonkkavikaista l\u00f6yt\u00e4m\u00e4\u00e4n tanssiinsa uuden sykkeen, kolmiloikkaajaa l\u00f6yt\u00e4m\u00e4\u00e4n oikeat askelmerkit ja ... Read more13.3. Goblin Shark, R\u00f6\u00f6kipaikka","og_url":"https:\/\/www.pethaus.fi\/?page_id=1836","og_site_name":"Pethaus","article_publisher":"https:\/\/www.facebook.com\/p\/Pethaus-Ry-100091916868701\/","article_modified_time":"2026-03-11T06:28:33+00:00","og_image":[{"width":1916,"height":1004,"url":"https:\/\/www.pethaus.fi\/wp-content\/uploads\/2026\/02\/goblin.jpg","type":"image\/jpeg"}],"twitter_card":"summary_large_image","twitter_misc":{"Arvioitu lukuaika":"2 minuuttia"},"schema":{"@context":"https:\/\/schema.org","@graph":[{"@type":"WebPage","@id":"https:\/\/www.pethaus.fi\/?page_id=1836","url":"https:\/\/www.pethaus.fi\/?page_id=1836","name":"13.3. Goblin Shark, R\u00f6\u00f6kipaikka - Pethaus","isPartOf":{"@id":"https:\/\/www.pethaus.fi\/#website"},"primaryImageOfPage":{"@id":"https:\/\/www.pethaus.fi\/?page_id=1836#primaryimage"},"image":{"@id":"https:\/\/www.pethaus.fi\/?page_id=1836#primaryimage"},"thumbnailUrl":"https:\/\/www.pethaus.fi\/wp-content\/uploads\/2026\/02\/goblin-1024x537.jpg","datePublished":"2026-02-18T18:35:46+00:00","dateModified":"2026-03-11T06:28:33+00:00","breadcrumb":{"@id":"https:\/\/www.pethaus.fi\/?page_id=1836#breadcrumb"},"inLanguage":"fi","potentialAction":[{"@type":"ReadAction","target":["https:\/\/www.pethaus.fi\/?page_id=1836"]}]},{"@type":"ImageObject","inLanguage":"fi","@id":"https:\/\/www.pethaus.fi\/?page_id=1836#primaryimage","url":"https:\/\/www.pethaus.fi\/wp-content\/uploads\/2026\/02\/goblin.jpg","contentUrl":"https:\/\/www.pethaus.fi\/wp-content\/uploads\/2026\/02\/goblin.jpg","width":1916,"height":1004},{"@type":"BreadcrumbList","@id":"https:\/\/www.pethaus.fi\/?page_id=1836#breadcrumb","itemListElement":[{"@type":"ListItem","position":1,"name":"Etusivu","item":"https:\/\/www.pethaus.fi\/"},{"@type":"ListItem","position":2,"name":"13.3. Goblin Shark, R\u00f6\u00f6kipaikka"}]},{"@type":"WebSite","@id":"https:\/\/www.pethaus.fi\/#website","url":"https:\/\/www.pethaus.fi\/","name":"Pethaus","description":"Tamperelainen matalan kynnyksen kulttuuritila.","publisher":{"@id":"https:\/\/www.pethaus.fi\/#organization"},"alternateName":"Tamperelainen matalan kynnyksen kulttuuritila.","potentialAction":[{"@type":"SearchAction","target":{"@type":"EntryPoint","urlTemplate":"https:\/\/www.pethaus.fi\/?s={search_term_string}"},"query-input":{"@type":"PropertyValueSpecification","valueRequired":true,"valueName":"search_term_string"}}],"inLanguage":"fi"},{"@type":"Organization","@id":"https:\/\/www.pethaus.fi\/#organization","name":"Pethaus","url":"https:\/\/www.pethaus.fi\/","logo":{"@type":"ImageObject","inLanguage":"fi","@id":"https:\/\/www.pethaus.fi\/#\/schema\/logo\/image\/","url":"https:\/\/www.pethaus.fi\/wp-content\/uploads\/2024\/04\/cropped-pethaus-logo.jpg","contentUrl":"https:\/\/www.pethaus.fi\/wp-content\/uploads\/2024\/04\/cropped-pethaus-logo.jpg","width":512,"height":512,"caption":"Pethaus"},"image":{"@id":"https:\/\/www.pethaus.fi\/#\/schema\/logo\/image\/"},"sameAs":["https:\/\/www.facebook.com\/p\/Pethaus-Ry-100091916868701\/","https:\/\/www.instagram.com\/pethaus_ry\/?hl=fi"]}]}},"jetpack_sharing_enabled":true,"_links":{"self":[{"href":"https:\/\/www.pethaus.fi\/index.php?rest_route=\/wp\/v2\/pages\/1836","targetHints":{"allow":["GET"]}}],"collection":[{"href":"https:\/\/www.pethaus.fi\/index.php?rest_route=\/wp\/v2\/pages"}],"about":[{"href":"https:\/\/www.pethaus.fi\/index.php?rest_route=\/wp\/v2\/types\/page"}],"author":[{"embeddable":true,"href":"https:\/\/www.pethaus.fi\/index.php?rest_route=\/wp\/v2\/users\/1"}],"replies":[{"embeddable":true,"href":"https:\/\/www.pethaus.fi\/index.php?rest_route=%2Fwp%2Fv2%2Fcomments&post=1836"}],"version-history":[{"count":3,"href":"https:\/\/www.pethaus.fi\/index.php?rest_route=\/wp\/v2\/pages\/1836\/revisions"}],"predecessor-version":[{"id":1892,"href":"https:\/\/www.pethaus.fi\/index.php?rest_route=\/wp\/v2\/pages\/1836\/revisions\/1892"}],"wp:attachment":[{"href":"https:\/\/www.pethaus.fi\/index.php?rest_route=%2Fwp%2Fv2%2Fmedia&parent=1836"}],"curies":[{"name":"wp","href":"https:\/\/api.w.org\/{rel}","templated":true}]}}