{"id":1848,"date":"2026-02-23T19:10:19","date_gmt":"2026-02-23T19:10:19","guid":{"rendered":"https:\/\/www.pethaus.fi\/?page_id=1848"},"modified":"2026-02-23T19:10:42","modified_gmt":"2026-02-23T19:10:42","slug":"6-3-poland-china-henri-ijas-petri-pentikainen-duo","status":"publish","type":"page","link":"https:\/\/www.pethaus.fi\/?page_id=1848","title":{"rendered":"6.3. Poland China, Henri Ij\u00e4s\/Petri Pentik\u00e4inen duo"},"content":{"rendered":"\n<figure class=\"wp-block-image size-full\"><img fetchpriority=\"high\" decoding=\"async\" width=\"780\" height=\"960\" src=\"https:\/\/www.pethaus.fi\/wp-content\/uploads\/2026\/02\/poland-china.jpg\" alt=\"\" class=\"wp-image-1849\" srcset=\"https:\/\/www.pethaus.fi\/wp-content\/uploads\/2026\/02\/poland-china.jpg 780w, https:\/\/www.pethaus.fi\/wp-content\/uploads\/2026\/02\/poland-china-244x300.jpg 244w, https:\/\/www.pethaus.fi\/wp-content\/uploads\/2026\/02\/poland-china-768x945.jpg 768w\" sizes=\"(max-width: 780px) 100vw, 780px\" \/><\/figure>\n\n\n\n<p><strong>FREE JAZZ HY\u00d6KK\u00c4YS<br>POLAND CHINA<\/strong><br>\u201dupeaa free jazz trioa, jonka nimi oli ehk\u00e4 Poland China \u2014 heist\u00e4 ei saanut mit\u00e4\u00e4n selv\u00e4\u00e4\u201d<br>Antti (b)<br>Viljami (ts)<br>Aku (d)<\/p>\n\n\n\n<p><strong>HENRI IJ\u00c4S &amp; PETRI PENTIK\u00c4INEN<br><\/strong>Melodioiden ja abstraktin polveileva resonanssi, voimaannuttava intensiteetti ja ennalta suunnittelemattomasti improvisoitu kurottautuminen yh\u00e4 l\u00e4hemm\u00e4s kohti ydin\u00e4\u00e4nt\u00e4. Henri Ij\u00e4ksen (Solar Unity Ensemble) ja Petri Pentik\u00e4isen (World M\u00e4nkeri Orchestra) vuorovaikutus synnytt\u00e4\u00e4 kiehtovaa vapaasti vaeltavaa \u00e4\u00e4nimaisemointia.<br>Petri Pentik\u00e4inen &#8211; ly\u00f6m\u00e4soittimet<br>Henri Ij\u00e4s \u2013 puupuhaltimet, perkussiot<\/p>\n\n\n\n<p><strong>Soitot alkaen klo ~19<br>P\u00e4\u00e4sylippuna omavalintainen 5-15\u20ac kolehtiin<\/strong><\/p>\n","protected":false},"excerpt":{"rendered":"<p>FREE JAZZ HY\u00d6KK\u00c4YSPOLAND CHINA\u201dupeaa free jazz trioa, jonka nimi oli ehk\u00e4 Poland China \u2014 heist\u00e4 ei saanut mit\u00e4\u00e4n selv\u00e4\u00e4\u201dAntti (b)Viljami (ts)Aku (d) HENRI IJ\u00c4S &amp; PETRI PENTIK\u00c4INENMelodioiden ja abstraktin polveileva resonanssi, voimaannuttava intensiteetti ja ennalta suunnittelemattomasti improvisoitu kurottautuminen yh\u00e4 l\u00e4hemm\u00e4s kohti ydin\u00e4\u00e4nt\u00e4. Henri Ij\u00e4ksen (Solar Unity Ensemble) ja Petri Pentik\u00e4isen (World M\u00e4nkeri Orchestra) vuorovaikutus synnytt\u00e4\u00e4 &#8230; <a title=\"6.3. Poland China, Henri Ij\u00e4s\/Petri Pentik\u00e4inen duo\" class=\"read-more\" href=\"https:\/\/www.pethaus.fi\/?page_id=1848\">Read more<span class=\"screen-reader-text\">6.3. Poland China, Henri Ij\u00e4s\/Petri Pentik\u00e4inen duo<\/span><\/a><\/p>\n","protected":false},"author":1,"featured_media":0,"parent":0,"menu_order":0,"comment_status":"closed","ping_status":"closed","template":"","meta":{"footnotes":""},"class_list":["post-1848","page","type-page","status-publish"],"yoast_head":"<!-- This site is optimized with the Yoast SEO plugin v27.4 - https:\/\/yoast.com\/product\/yoast-seo-wordpress\/ -->\n<title>6.3. Poland China, Henri Ij\u00e4s\/Petri Pentik\u00e4inen duo - Pethaus<\/title>\n<meta name=\"robots\" content=\"noindex, follow\" \/>\n<meta property=\"og:locale\" content=\"fi_FI\" \/>\n<meta property=\"og:type\" content=\"article\" \/>\n<meta property=\"og:title\" content=\"6.3. Poland China, Henri Ij\u00e4s\/Petri Pentik\u00e4inen duo - Pethaus\" \/>\n<meta property=\"og:description\" content=\"FREE JAZZ HY\u00d6KK\u00c4YSPOLAND CHINA\u201dupeaa free jazz trioa, jonka nimi oli ehk\u00e4 Poland China \u2014 heist\u00e4 ei saanut mit\u00e4\u00e4n selv\u00e4\u00e4\u201dAntti (b)Viljami (ts)Aku (d) HENRI IJ\u00c4S &amp; PETRI PENTIK\u00c4INENMelodioiden ja abstraktin polveileva resonanssi, voimaannuttava intensiteetti ja ennalta suunnittelemattomasti improvisoitu kurottautuminen yh\u00e4 l\u00e4hemm\u00e4s kohti ydin\u00e4\u00e4nt\u00e4. Henri Ij\u00e4ksen (Solar Unity Ensemble) ja Petri Pentik\u00e4isen (World M\u00e4nkeri Orchestra) vuorovaikutus synnytt\u00e4\u00e4 ... Read more6.3. Poland China, Henri Ij\u00e4s\/Petri Pentik\u00e4inen duo\" \/>\n<meta property=\"og:url\" content=\"https:\/\/www.pethaus.fi\/?page_id=1848\" \/>\n<meta property=\"og:site_name\" content=\"Pethaus\" \/>\n<meta property=\"article:publisher\" content=\"https:\/\/www.facebook.com\/p\/Pethaus-Ry-100091916868701\/\" \/>\n<meta property=\"article:modified_time\" content=\"2026-02-23T19:10:42+00:00\" \/>\n<meta property=\"og:image\" content=\"https:\/\/www.pethaus.fi\/wp-content\/uploads\/2026\/02\/poland-china.jpg\" \/>\n\t<meta property=\"og:image:width\" content=\"780\" \/>\n\t<meta property=\"og:image:height\" content=\"960\" \/>\n\t<meta property=\"og:image:type\" content=\"image\/jpeg\" \/>\n<meta name=\"twitter:card\" content=\"summary_large_image\" \/>\n<meta name=\"twitter:label1\" content=\"Arvioitu lukuaika\" \/>\n\t<meta name=\"twitter:data1\" content=\"1 minuutti\" \/>\n<script type=\"application\/ld+json\" class=\"yoast-schema-graph\">{\"@context\":\"https:\\\/\\\/schema.org\",\"@graph\":[{\"@type\":\"WebPage\",\"@id\":\"https:\\\/\\\/www.pethaus.fi\\\/?page_id=1848\",\"url\":\"https:\\\/\\\/www.pethaus.fi\\\/?page_id=1848\",\"name\":\"6.3. Poland China, Henri Ij\u00e4s\\\/Petri Pentik\u00e4inen duo - Pethaus\",\"isPartOf\":{\"@id\":\"https:\\\/\\\/www.pethaus.fi\\\/#website\"},\"primaryImageOfPage\":{\"@id\":\"https:\\\/\\\/www.pethaus.fi\\\/?page_id=1848#primaryimage\"},\"image\":{\"@id\":\"https:\\\/\\\/www.pethaus.fi\\\/?page_id=1848#primaryimage\"},\"thumbnailUrl\":\"https:\\\/\\\/www.pethaus.fi\\\/wp-content\\\/uploads\\\/2026\\\/02\\\/poland-china.jpg\",\"datePublished\":\"2026-02-23T19:10:19+00:00\",\"dateModified\":\"2026-02-23T19:10:42+00:00\",\"breadcrumb\":{\"@id\":\"https:\\\/\\\/www.pethaus.fi\\\/?page_id=1848#breadcrumb\"},\"inLanguage\":\"fi\",\"potentialAction\":[{\"@type\":\"ReadAction\",\"target\":[\"https:\\\/\\\/www.pethaus.fi\\\/?page_id=1848\"]}]},{\"@type\":\"ImageObject\",\"inLanguage\":\"fi\",\"@id\":\"https:\\\/\\\/www.pethaus.fi\\\/?page_id=1848#primaryimage\",\"url\":\"https:\\\/\\\/www.pethaus.fi\\\/wp-content\\\/uploads\\\/2026\\\/02\\\/poland-china.jpg\",\"contentUrl\":\"https:\\\/\\\/www.pethaus.fi\\\/wp-content\\\/uploads\\\/2026\\\/02\\\/poland-china.jpg\",\"width\":780,\"height\":960},{\"@type\":\"BreadcrumbList\",\"@id\":\"https:\\\/\\\/www.pethaus.fi\\\/?page_id=1848#breadcrumb\",\"itemListElement\":[{\"@type\":\"ListItem\",\"position\":1,\"name\":\"Etusivu\",\"item\":\"https:\\\/\\\/www.pethaus.fi\\\/\"},{\"@type\":\"ListItem\",\"position\":2,\"name\":\"6.3. Poland China, Henri Ij\u00e4s\\\/Petri Pentik\u00e4inen duo\"}]},{\"@type\":\"WebSite\",\"@id\":\"https:\\\/\\\/www.pethaus.fi\\\/#website\",\"url\":\"https:\\\/\\\/www.pethaus.fi\\\/\",\"name\":\"Pethaus\",\"description\":\"Tamperelainen matalan kynnyksen kulttuuritila.\",\"publisher\":{\"@id\":\"https:\\\/\\\/www.pethaus.fi\\\/#organization\"},\"alternateName\":\"Tamperelainen matalan kynnyksen kulttuuritila.\",\"potentialAction\":[{\"@type\":\"SearchAction\",\"target\":{\"@type\":\"EntryPoint\",\"urlTemplate\":\"https:\\\/\\\/www.pethaus.fi\\\/?s={search_term_string}\"},\"query-input\":{\"@type\":\"PropertyValueSpecification\",\"valueRequired\":true,\"valueName\":\"search_term_string\"}}],\"inLanguage\":\"fi\"},{\"@type\":\"Organization\",\"@id\":\"https:\\\/\\\/www.pethaus.fi\\\/#organization\",\"name\":\"Pethaus\",\"url\":\"https:\\\/\\\/www.pethaus.fi\\\/\",\"logo\":{\"@type\":\"ImageObject\",\"inLanguage\":\"fi\",\"@id\":\"https:\\\/\\\/www.pethaus.fi\\\/#\\\/schema\\\/logo\\\/image\\\/\",\"url\":\"https:\\\/\\\/www.pethaus.fi\\\/wp-content\\\/uploads\\\/2024\\\/04\\\/cropped-pethaus-logo.jpg\",\"contentUrl\":\"https:\\\/\\\/www.pethaus.fi\\\/wp-content\\\/uploads\\\/2024\\\/04\\\/cropped-pethaus-logo.jpg\",\"width\":512,\"height\":512,\"caption\":\"Pethaus\"},\"image\":{\"@id\":\"https:\\\/\\\/www.pethaus.fi\\\/#\\\/schema\\\/logo\\\/image\\\/\"},\"sameAs\":[\"https:\\\/\\\/www.facebook.com\\\/p\\\/Pethaus-Ry-100091916868701\\\/\",\"https:\\\/\\\/www.instagram.com\\\/pethaus_ry\\\/?hl=fi\"]}]}<\/script>\n<!-- \/ Yoast SEO plugin. -->","yoast_head_json":{"title":"6.3. Poland China, Henri Ij\u00e4s\/Petri Pentik\u00e4inen duo - Pethaus","robots":{"index":"noindex","follow":"follow"},"og_locale":"fi_FI","og_type":"article","og_title":"6.3. Poland China, Henri Ij\u00e4s\/Petri Pentik\u00e4inen duo - Pethaus","og_description":"FREE JAZZ HY\u00d6KK\u00c4YSPOLAND CHINA\u201dupeaa free jazz trioa, jonka nimi oli ehk\u00e4 Poland China \u2014 heist\u00e4 ei saanut mit\u00e4\u00e4n selv\u00e4\u00e4\u201dAntti (b)Viljami (ts)Aku (d) HENRI IJ\u00c4S &amp; PETRI PENTIK\u00c4INENMelodioiden ja abstraktin polveileva resonanssi, voimaannuttava intensiteetti ja ennalta suunnittelemattomasti improvisoitu kurottautuminen yh\u00e4 l\u00e4hemm\u00e4s kohti ydin\u00e4\u00e4nt\u00e4. Henri Ij\u00e4ksen (Solar Unity Ensemble) ja Petri Pentik\u00e4isen (World M\u00e4nkeri Orchestra) vuorovaikutus synnytt\u00e4\u00e4 ... Read more6.3. Poland China, Henri Ij\u00e4s\/Petri Pentik\u00e4inen duo","og_url":"https:\/\/www.pethaus.fi\/?page_id=1848","og_site_name":"Pethaus","article_publisher":"https:\/\/www.facebook.com\/p\/Pethaus-Ry-100091916868701\/","article_modified_time":"2026-02-23T19:10:42+00:00","og_image":[{"width":780,"height":960,"url":"https:\/\/www.pethaus.fi\/wp-content\/uploads\/2026\/02\/poland-china.jpg","type":"image\/jpeg"}],"twitter_card":"summary_large_image","twitter_misc":{"Arvioitu lukuaika":"1 minuutti"},"schema":{"@context":"https:\/\/schema.org","@graph":[{"@type":"WebPage","@id":"https:\/\/www.pethaus.fi\/?page_id=1848","url":"https:\/\/www.pethaus.fi\/?page_id=1848","name":"6.3. Poland China, Henri Ij\u00e4s\/Petri Pentik\u00e4inen duo - Pethaus","isPartOf":{"@id":"https:\/\/www.pethaus.fi\/#website"},"primaryImageOfPage":{"@id":"https:\/\/www.pethaus.fi\/?page_id=1848#primaryimage"},"image":{"@id":"https:\/\/www.pethaus.fi\/?page_id=1848#primaryimage"},"thumbnailUrl":"https:\/\/www.pethaus.fi\/wp-content\/uploads\/2026\/02\/poland-china.jpg","datePublished":"2026-02-23T19:10:19+00:00","dateModified":"2026-02-23T19:10:42+00:00","breadcrumb":{"@id":"https:\/\/www.pethaus.fi\/?page_id=1848#breadcrumb"},"inLanguage":"fi","potentialAction":[{"@type":"ReadAction","target":["https:\/\/www.pethaus.fi\/?page_id=1848"]}]},{"@type":"ImageObject","inLanguage":"fi","@id":"https:\/\/www.pethaus.fi\/?page_id=1848#primaryimage","url":"https:\/\/www.pethaus.fi\/wp-content\/uploads\/2026\/02\/poland-china.jpg","contentUrl":"https:\/\/www.pethaus.fi\/wp-content\/uploads\/2026\/02\/poland-china.jpg","width":780,"height":960},{"@type":"BreadcrumbList","@id":"https:\/\/www.pethaus.fi\/?page_id=1848#breadcrumb","itemListElement":[{"@type":"ListItem","position":1,"name":"Etusivu","item":"https:\/\/www.pethaus.fi\/"},{"@type":"ListItem","position":2,"name":"6.3. Poland China, Henri Ij\u00e4s\/Petri Pentik\u00e4inen duo"}]},{"@type":"WebSite","@id":"https:\/\/www.pethaus.fi\/#website","url":"https:\/\/www.pethaus.fi\/","name":"Pethaus","description":"Tamperelainen matalan kynnyksen kulttuuritila.","publisher":{"@id":"https:\/\/www.pethaus.fi\/#organization"},"alternateName":"Tamperelainen matalan kynnyksen kulttuuritila.","potentialAction":[{"@type":"SearchAction","target":{"@type":"EntryPoint","urlTemplate":"https:\/\/www.pethaus.fi\/?s={search_term_string}"},"query-input":{"@type":"PropertyValueSpecification","valueRequired":true,"valueName":"search_term_string"}}],"inLanguage":"fi"},{"@type":"Organization","@id":"https:\/\/www.pethaus.fi\/#organization","name":"Pethaus","url":"https:\/\/www.pethaus.fi\/","logo":{"@type":"ImageObject","inLanguage":"fi","@id":"https:\/\/www.pethaus.fi\/#\/schema\/logo\/image\/","url":"https:\/\/www.pethaus.fi\/wp-content\/uploads\/2024\/04\/cropped-pethaus-logo.jpg","contentUrl":"https:\/\/www.pethaus.fi\/wp-content\/uploads\/2024\/04\/cropped-pethaus-logo.jpg","width":512,"height":512,"caption":"Pethaus"},"image":{"@id":"https:\/\/www.pethaus.fi\/#\/schema\/logo\/image\/"},"sameAs":["https:\/\/www.facebook.com\/p\/Pethaus-Ry-100091916868701\/","https:\/\/www.instagram.com\/pethaus_ry\/?hl=fi"]}]}},"jetpack_sharing_enabled":true,"_links":{"self":[{"href":"https:\/\/www.pethaus.fi\/index.php?rest_route=\/wp\/v2\/pages\/1848","targetHints":{"allow":["GET"]}}],"collection":[{"href":"https:\/\/www.pethaus.fi\/index.php?rest_route=\/wp\/v2\/pages"}],"about":[{"href":"https:\/\/www.pethaus.fi\/index.php?rest_route=\/wp\/v2\/types\/page"}],"author":[{"embeddable":true,"href":"https:\/\/www.pethaus.fi\/index.php?rest_route=\/wp\/v2\/users\/1"}],"replies":[{"embeddable":true,"href":"https:\/\/www.pethaus.fi\/index.php?rest_route=%2Fwp%2Fv2%2Fcomments&post=1848"}],"version-history":[{"count":1,"href":"https:\/\/www.pethaus.fi\/index.php?rest_route=\/wp\/v2\/pages\/1848\/revisions"}],"predecessor-version":[{"id":1850,"href":"https:\/\/www.pethaus.fi\/index.php?rest_route=\/wp\/v2\/pages\/1848\/revisions\/1850"}],"wp:attachment":[{"href":"https:\/\/www.pethaus.fi\/index.php?rest_route=%2Fwp%2Fv2%2Fmedia&parent=1848"}],"curies":[{"name":"wp","href":"https:\/\/api.w.org\/{rel}","templated":true}]}}