{"id":1853,"date":"2026-02-23T19:19:45","date_gmt":"2026-02-23T19:19:45","guid":{"rendered":"https:\/\/www.pethaus.fi\/?page_id=1853"},"modified":"2026-02-23T19:19:47","modified_gmt":"2026-02-23T19:19:47","slug":"27-2-jeremy-young-lau-nau","status":"publish","type":"page","link":"https:\/\/www.pethaus.fi\/?page_id=1853","title":{"rendered":"27.2. Jeremy Young &amp; Lau Nau"},"content":{"rendered":"\n<figure class=\"wp-block-image size-large\"><img fetchpriority=\"high\" decoding=\"async\" width=\"1024\" height=\"682\" src=\"https:\/\/www.pethaus.fi\/wp-content\/uploads\/2026\/02\/launau-1024x682.jpg\" alt=\"\" class=\"wp-image-1854\" srcset=\"https:\/\/www.pethaus.fi\/wp-content\/uploads\/2026\/02\/launau-1024x682.jpg 1024w, https:\/\/www.pethaus.fi\/wp-content\/uploads\/2026\/02\/launau-300x200.jpg 300w, https:\/\/www.pethaus.fi\/wp-content\/uploads\/2026\/02\/launau-768x512.jpg 768w, https:\/\/www.pethaus.fi\/wp-content\/uploads\/2026\/02\/launau-1536x1024.jpg 1536w, https:\/\/www.pethaus.fi\/wp-content\/uploads\/2026\/02\/launau.jpg 1772w\" sizes=\"(max-width: 1024px) 100vw, 1024px\" \/><\/figure>\n\n\n\n<p><strong>Lau Nau<\/strong> tekee elektroakustisuuden ja lauluntekijyyden rajoilla liikkuvaa musiikkia k\u00e4ytt\u00e4en soittiminaan modulaarisyntetisaattoria, laulua, kentt\u00e4nauhoituksia, vesiaiheita ja akustisia soittimia. Lau Nau on my\u00f6s tunnettu Jussi-palkitusta elokuvamusiikistaan, monikanavaisista \u00e4\u00e4ni-installaatioistaan sek\u00e4 kollektiivisista kuunteluty\u00f6pajoistaan.<\/p>\n\n\n\n<hr class=\"wp-block-separator has-alpha-channel-opacity\"\/>\n\n\n\n<figure class=\"wp-block-image size-large\"><img decoding=\"async\" width=\"1024\" height=\"1024\" src=\"https:\/\/www.pethaus.fi\/wp-content\/uploads\/2026\/02\/jeremy-young-1024x1024.jpg\" alt=\"\" class=\"wp-image-1855\" srcset=\"https:\/\/www.pethaus.fi\/wp-content\/uploads\/2026\/02\/jeremy-young-1024x1024.jpg 1024w, https:\/\/www.pethaus.fi\/wp-content\/uploads\/2026\/02\/jeremy-young-300x300.jpg 300w, https:\/\/www.pethaus.fi\/wp-content\/uploads\/2026\/02\/jeremy-young-150x150.jpg 150w, https:\/\/www.pethaus.fi\/wp-content\/uploads\/2026\/02\/jeremy-young-768x768.jpg 768w, https:\/\/www.pethaus.fi\/wp-content\/uploads\/2026\/02\/jeremy-young-1536x1536.jpg 1536w, https:\/\/www.pethaus.fi\/wp-content\/uploads\/2026\/02\/jeremy-young.jpg 2000w\" sizes=\"(max-width: 1024px) 100vw, 1024px\" \/><\/figure>\n\n\n\n<p><strong>Jeremy Young<\/strong> is a maker of analog electronic tape music from Tiohti\u00e0:ke\/Montr\u00e9al, Quebec. He is a member of the experimental poetry_sound unit Cloud Circuit, the electroacoustic modern classical trio Sontag Shogun, and the analog library music trio Associated Sine Tone Services. <\/p>\n\n\n\n<p>Making use of a sine and square wave oscillator system, 1\/4\u2033 magnetic tape loops, filtered radio and EMF signal, and foley-inspired sound treatments from amplified surfaces and objects, Young\u2019s improvisational techniques are influenced by aleatoric chance based principles as well as haptics-based praxis and deep listening. <\/p>\n\n\n\n<p>His unique, grid-less approach is anchored by combining the physical treatment of audio signal with complex musical content to create sonic narratives imprinted by the media on which they are recorded, edited, and played back.<\/p>\n\n\n\n<p>Soitot alkaen klo ~19<br>P\u00e4\u00e4sylippuna omavalintainen 5-15\u20ac kolehtiin<\/p>\n","protected":false},"excerpt":{"rendered":"<p>Lau Nau tekee elektroakustisuuden ja lauluntekijyyden rajoilla liikkuvaa musiikkia k\u00e4ytt\u00e4en soittiminaan modulaarisyntetisaattoria, laulua, kentt\u00e4nauhoituksia, vesiaiheita ja akustisia soittimia. Lau Nau on my\u00f6s tunnettu Jussi-palkitusta elokuvamusiikistaan, monikanavaisista \u00e4\u00e4ni-installaatioistaan sek\u00e4 kollektiivisista kuunteluty\u00f6pajoistaan. Jeremy Young is a maker of analog electronic tape music from Tiohti\u00e0:ke\/Montr\u00e9al, Quebec. He is a member of the experimental poetry_sound unit Cloud Circuit, the &#8230; <a title=\"27.2. Jeremy Young &amp; Lau Nau\" class=\"read-more\" href=\"https:\/\/www.pethaus.fi\/?page_id=1853\">Read more<span class=\"screen-reader-text\">27.2. Jeremy Young &amp; Lau Nau<\/span><\/a><\/p>\n","protected":false},"author":1,"featured_media":0,"parent":0,"menu_order":0,"comment_status":"closed","ping_status":"closed","template":"","meta":{"footnotes":""},"class_list":["post-1853","page","type-page","status-publish"],"yoast_head":"<!-- This site is optimized with the Yoast SEO plugin v27.4 - https:\/\/yoast.com\/product\/yoast-seo-wordpress\/ -->\n<title>27.2. Jeremy Young &amp; Lau Nau - Pethaus<\/title>\n<meta name=\"robots\" content=\"noindex, follow\" \/>\n<meta property=\"og:locale\" content=\"fi_FI\" \/>\n<meta property=\"og:type\" content=\"article\" \/>\n<meta property=\"og:title\" content=\"27.2. Jeremy Young &amp; Lau Nau - Pethaus\" \/>\n<meta property=\"og:description\" content=\"Lau Nau tekee elektroakustisuuden ja lauluntekijyyden rajoilla liikkuvaa musiikkia k\u00e4ytt\u00e4en soittiminaan modulaarisyntetisaattoria, laulua, kentt\u00e4nauhoituksia, vesiaiheita ja akustisia soittimia. Lau Nau on my\u00f6s tunnettu Jussi-palkitusta elokuvamusiikistaan, monikanavaisista \u00e4\u00e4ni-installaatioistaan sek\u00e4 kollektiivisista kuunteluty\u00f6pajoistaan. Jeremy Young is a maker of analog electronic tape music from Tiohti\u00e0:ke\/Montr\u00e9al, Quebec. He is a member of the experimental poetry_sound unit Cloud Circuit, the ... Read more27.2. Jeremy Young &amp; Lau Nau\" \/>\n<meta property=\"og:url\" content=\"https:\/\/www.pethaus.fi\/?page_id=1853\" \/>\n<meta property=\"og:site_name\" content=\"Pethaus\" \/>\n<meta property=\"article:publisher\" content=\"https:\/\/www.facebook.com\/p\/Pethaus-Ry-100091916868701\/\" \/>\n<meta property=\"article:modified_time\" content=\"2026-02-23T19:19:47+00:00\" \/>\n<meta property=\"og:image\" content=\"https:\/\/www.pethaus.fi\/wp-content\/uploads\/2026\/02\/launau.jpg\" \/>\n\t<meta property=\"og:image:width\" content=\"1772\" \/>\n\t<meta property=\"og:image:height\" content=\"1181\" \/>\n\t<meta property=\"og:image:type\" content=\"image\/jpeg\" \/>\n<meta name=\"twitter:card\" content=\"summary_large_image\" \/>\n<meta name=\"twitter:label1\" content=\"Arvioitu lukuaika\" \/>\n\t<meta name=\"twitter:data1\" content=\"2 minuuttia\" \/>\n<script type=\"application\/ld+json\" class=\"yoast-schema-graph\">{\"@context\":\"https:\\\/\\\/schema.org\",\"@graph\":[{\"@type\":\"WebPage\",\"@id\":\"https:\\\/\\\/www.pethaus.fi\\\/?page_id=1853\",\"url\":\"https:\\\/\\\/www.pethaus.fi\\\/?page_id=1853\",\"name\":\"27.2. Jeremy Young &amp; Lau Nau - Pethaus\",\"isPartOf\":{\"@id\":\"https:\\\/\\\/www.pethaus.fi\\\/#website\"},\"primaryImageOfPage\":{\"@id\":\"https:\\\/\\\/www.pethaus.fi\\\/?page_id=1853#primaryimage\"},\"image\":{\"@id\":\"https:\\\/\\\/www.pethaus.fi\\\/?page_id=1853#primaryimage\"},\"thumbnailUrl\":\"https:\\\/\\\/www.pethaus.fi\\\/wp-content\\\/uploads\\\/2026\\\/02\\\/launau-1024x682.jpg\",\"datePublished\":\"2026-02-23T19:19:45+00:00\",\"dateModified\":\"2026-02-23T19:19:47+00:00\",\"breadcrumb\":{\"@id\":\"https:\\\/\\\/www.pethaus.fi\\\/?page_id=1853#breadcrumb\"},\"inLanguage\":\"fi\",\"potentialAction\":[{\"@type\":\"ReadAction\",\"target\":[\"https:\\\/\\\/www.pethaus.fi\\\/?page_id=1853\"]}]},{\"@type\":\"ImageObject\",\"inLanguage\":\"fi\",\"@id\":\"https:\\\/\\\/www.pethaus.fi\\\/?page_id=1853#primaryimage\",\"url\":\"https:\\\/\\\/www.pethaus.fi\\\/wp-content\\\/uploads\\\/2026\\\/02\\\/launau.jpg\",\"contentUrl\":\"https:\\\/\\\/www.pethaus.fi\\\/wp-content\\\/uploads\\\/2026\\\/02\\\/launau.jpg\",\"width\":1772,\"height\":1181},{\"@type\":\"BreadcrumbList\",\"@id\":\"https:\\\/\\\/www.pethaus.fi\\\/?page_id=1853#breadcrumb\",\"itemListElement\":[{\"@type\":\"ListItem\",\"position\":1,\"name\":\"Etusivu\",\"item\":\"https:\\\/\\\/www.pethaus.fi\\\/\"},{\"@type\":\"ListItem\",\"position\":2,\"name\":\"27.2. Jeremy Young &amp; Lau Nau\"}]},{\"@type\":\"WebSite\",\"@id\":\"https:\\\/\\\/www.pethaus.fi\\\/#website\",\"url\":\"https:\\\/\\\/www.pethaus.fi\\\/\",\"name\":\"Pethaus\",\"description\":\"Tamperelainen matalan kynnyksen kulttuuritila.\",\"publisher\":{\"@id\":\"https:\\\/\\\/www.pethaus.fi\\\/#organization\"},\"alternateName\":\"Tamperelainen matalan kynnyksen kulttuuritila.\",\"potentialAction\":[{\"@type\":\"SearchAction\",\"target\":{\"@type\":\"EntryPoint\",\"urlTemplate\":\"https:\\\/\\\/www.pethaus.fi\\\/?s={search_term_string}\"},\"query-input\":{\"@type\":\"PropertyValueSpecification\",\"valueRequired\":true,\"valueName\":\"search_term_string\"}}],\"inLanguage\":\"fi\"},{\"@type\":\"Organization\",\"@id\":\"https:\\\/\\\/www.pethaus.fi\\\/#organization\",\"name\":\"Pethaus\",\"url\":\"https:\\\/\\\/www.pethaus.fi\\\/\",\"logo\":{\"@type\":\"ImageObject\",\"inLanguage\":\"fi\",\"@id\":\"https:\\\/\\\/www.pethaus.fi\\\/#\\\/schema\\\/logo\\\/image\\\/\",\"url\":\"https:\\\/\\\/www.pethaus.fi\\\/wp-content\\\/uploads\\\/2024\\\/04\\\/cropped-pethaus-logo.jpg\",\"contentUrl\":\"https:\\\/\\\/www.pethaus.fi\\\/wp-content\\\/uploads\\\/2024\\\/04\\\/cropped-pethaus-logo.jpg\",\"width\":512,\"height\":512,\"caption\":\"Pethaus\"},\"image\":{\"@id\":\"https:\\\/\\\/www.pethaus.fi\\\/#\\\/schema\\\/logo\\\/image\\\/\"},\"sameAs\":[\"https:\\\/\\\/www.facebook.com\\\/p\\\/Pethaus-Ry-100091916868701\\\/\",\"https:\\\/\\\/www.instagram.com\\\/pethaus_ry\\\/?hl=fi\"]}]}<\/script>\n<!-- \/ Yoast SEO plugin. -->","yoast_head_json":{"title":"27.2. Jeremy Young &amp; Lau Nau - Pethaus","robots":{"index":"noindex","follow":"follow"},"og_locale":"fi_FI","og_type":"article","og_title":"27.2. Jeremy Young &amp; Lau Nau - Pethaus","og_description":"Lau Nau tekee elektroakustisuuden ja lauluntekijyyden rajoilla liikkuvaa musiikkia k\u00e4ytt\u00e4en soittiminaan modulaarisyntetisaattoria, laulua, kentt\u00e4nauhoituksia, vesiaiheita ja akustisia soittimia. Lau Nau on my\u00f6s tunnettu Jussi-palkitusta elokuvamusiikistaan, monikanavaisista \u00e4\u00e4ni-installaatioistaan sek\u00e4 kollektiivisista kuunteluty\u00f6pajoistaan. Jeremy Young is a maker of analog electronic tape music from Tiohti\u00e0:ke\/Montr\u00e9al, Quebec. He is a member of the experimental poetry_sound unit Cloud Circuit, the ... Read more27.2. Jeremy Young &amp; Lau Nau","og_url":"https:\/\/www.pethaus.fi\/?page_id=1853","og_site_name":"Pethaus","article_publisher":"https:\/\/www.facebook.com\/p\/Pethaus-Ry-100091916868701\/","article_modified_time":"2026-02-23T19:19:47+00:00","og_image":[{"width":1772,"height":1181,"url":"https:\/\/www.pethaus.fi\/wp-content\/uploads\/2026\/02\/launau.jpg","type":"image\/jpeg"}],"twitter_card":"summary_large_image","twitter_misc":{"Arvioitu lukuaika":"2 minuuttia"},"schema":{"@context":"https:\/\/schema.org","@graph":[{"@type":"WebPage","@id":"https:\/\/www.pethaus.fi\/?page_id=1853","url":"https:\/\/www.pethaus.fi\/?page_id=1853","name":"27.2. Jeremy Young &amp; Lau Nau - Pethaus","isPartOf":{"@id":"https:\/\/www.pethaus.fi\/#website"},"primaryImageOfPage":{"@id":"https:\/\/www.pethaus.fi\/?page_id=1853#primaryimage"},"image":{"@id":"https:\/\/www.pethaus.fi\/?page_id=1853#primaryimage"},"thumbnailUrl":"https:\/\/www.pethaus.fi\/wp-content\/uploads\/2026\/02\/launau-1024x682.jpg","datePublished":"2026-02-23T19:19:45+00:00","dateModified":"2026-02-23T19:19:47+00:00","breadcrumb":{"@id":"https:\/\/www.pethaus.fi\/?page_id=1853#breadcrumb"},"inLanguage":"fi","potentialAction":[{"@type":"ReadAction","target":["https:\/\/www.pethaus.fi\/?page_id=1853"]}]},{"@type":"ImageObject","inLanguage":"fi","@id":"https:\/\/www.pethaus.fi\/?page_id=1853#primaryimage","url":"https:\/\/www.pethaus.fi\/wp-content\/uploads\/2026\/02\/launau.jpg","contentUrl":"https:\/\/www.pethaus.fi\/wp-content\/uploads\/2026\/02\/launau.jpg","width":1772,"height":1181},{"@type":"BreadcrumbList","@id":"https:\/\/www.pethaus.fi\/?page_id=1853#breadcrumb","itemListElement":[{"@type":"ListItem","position":1,"name":"Etusivu","item":"https:\/\/www.pethaus.fi\/"},{"@type":"ListItem","position":2,"name":"27.2. Jeremy Young &amp; Lau Nau"}]},{"@type":"WebSite","@id":"https:\/\/www.pethaus.fi\/#website","url":"https:\/\/www.pethaus.fi\/","name":"Pethaus","description":"Tamperelainen matalan kynnyksen kulttuuritila.","publisher":{"@id":"https:\/\/www.pethaus.fi\/#organization"},"alternateName":"Tamperelainen matalan kynnyksen kulttuuritila.","potentialAction":[{"@type":"SearchAction","target":{"@type":"EntryPoint","urlTemplate":"https:\/\/www.pethaus.fi\/?s={search_term_string}"},"query-input":{"@type":"PropertyValueSpecification","valueRequired":true,"valueName":"search_term_string"}}],"inLanguage":"fi"},{"@type":"Organization","@id":"https:\/\/www.pethaus.fi\/#organization","name":"Pethaus","url":"https:\/\/www.pethaus.fi\/","logo":{"@type":"ImageObject","inLanguage":"fi","@id":"https:\/\/www.pethaus.fi\/#\/schema\/logo\/image\/","url":"https:\/\/www.pethaus.fi\/wp-content\/uploads\/2024\/04\/cropped-pethaus-logo.jpg","contentUrl":"https:\/\/www.pethaus.fi\/wp-content\/uploads\/2024\/04\/cropped-pethaus-logo.jpg","width":512,"height":512,"caption":"Pethaus"},"image":{"@id":"https:\/\/www.pethaus.fi\/#\/schema\/logo\/image\/"},"sameAs":["https:\/\/www.facebook.com\/p\/Pethaus-Ry-100091916868701\/","https:\/\/www.instagram.com\/pethaus_ry\/?hl=fi"]}]}},"jetpack_sharing_enabled":true,"_links":{"self":[{"href":"https:\/\/www.pethaus.fi\/index.php?rest_route=\/wp\/v2\/pages\/1853","targetHints":{"allow":["GET"]}}],"collection":[{"href":"https:\/\/www.pethaus.fi\/index.php?rest_route=\/wp\/v2\/pages"}],"about":[{"href":"https:\/\/www.pethaus.fi\/index.php?rest_route=\/wp\/v2\/types\/page"}],"author":[{"embeddable":true,"href":"https:\/\/www.pethaus.fi\/index.php?rest_route=\/wp\/v2\/users\/1"}],"replies":[{"embeddable":true,"href":"https:\/\/www.pethaus.fi\/index.php?rest_route=%2Fwp%2Fv2%2Fcomments&post=1853"}],"version-history":[{"count":1,"href":"https:\/\/www.pethaus.fi\/index.php?rest_route=\/wp\/v2\/pages\/1853\/revisions"}],"predecessor-version":[{"id":1856,"href":"https:\/\/www.pethaus.fi\/index.php?rest_route=\/wp\/v2\/pages\/1853\/revisions\/1856"}],"wp:attachment":[{"href":"https:\/\/www.pethaus.fi\/index.php?rest_route=%2Fwp%2Fv2%2Fmedia&parent=1853"}],"curies":[{"name":"wp","href":"https:\/\/api.w.org\/{rel}","templated":true}]}}