{"id":1867,"date":"2026-03-03T11:27:33","date_gmt":"2026-03-03T11:27:33","guid":{"rendered":"https:\/\/www.pethaus.fi\/?page_id=1867"},"modified":"2026-03-12T19:38:38","modified_gmt":"2026-03-12T19:38:38","slug":"14-3-vuono-tuukka-hamalainen-saatanansormi","status":"publish","type":"page","link":"https:\/\/www.pethaus.fi\/?page_id=1867","title":{"rendered":"14.3 Vuono, Saatanansormi"},"content":{"rendered":"\n<figure class=\"wp-block-image size-large\"><img fetchpriority=\"high\" decoding=\"async\" width=\"768\" height=\"1024\" src=\"https:\/\/www.pethaus.fi\/wp-content\/uploads\/2026\/03\/vuono-768x1024.jpg\" alt=\"\" class=\"wp-image-1868\" srcset=\"https:\/\/www.pethaus.fi\/wp-content\/uploads\/2026\/03\/vuono-768x1024.jpg 768w, https:\/\/www.pethaus.fi\/wp-content\/uploads\/2026\/03\/vuono-225x300.jpg 225w, https:\/\/www.pethaus.fi\/wp-content\/uploads\/2026\/03\/vuono-1152x1536.jpg 1152w, https:\/\/www.pethaus.fi\/wp-content\/uploads\/2026\/03\/vuono-1536x2048.jpg 1536w, https:\/\/www.pethaus.fi\/wp-content\/uploads\/2026\/03\/vuono-scaled.jpg 1920w\" sizes=\"(max-width: 768px) 100vw, 768px\" \/><\/figure>\n\n\n\n<p><strong>VUONO<br><\/strong><\/p>\n\n\n\n<p>Vuono&nbsp;on tamperelainen yhtye, jonka debyytti White Dots (Svart Records 2019) ja tuore Golden Ball (2025) yhdist\u00e4v\u00e4t vahvat melodiat,&nbsp;s\u00e4vykk\u00e4\u00e4n&nbsp;popin ja hienovaraiset&nbsp;proges\u00e4vyt. Liven\u00e4 yhtye liikkuu ilmavasta tunnelmasta vangitsevaan intensiteettiin.<\/p>\n\n\n\n<p><em>\u201dToisinaan psykedeelinen progen ja popin taiturimainen sulauma<\/em> <em>j\u00e4\u00e4 p\u00e4\u00e4lle juuri niin ihanan pitk\u00e4\u00e4n kuin voi toivoa.\u201d&nbsp;&nbsp;<\/em>&nbsp;&#8211; Kulttuuritoimitus<br><br>L\u00e4hde Vuonolle moikkaamaan, Vuonosta moikkaus kuuluu kaikuna takaisin!<br><a href=\"https:\/\/www.youtube.com\/shorts\/vM7AbJqb2VM?fbclid=IwZXh0bgNhZW0CMTAAYnJpZBEwWGtBc2pJQUVTSFl0dENsVnNydGMGYXBwX2lkEDIyMjAzOTE3ODgyMDA4OTIAAR61-jlbZ5wHV8Li9wh3eQaXvGrOaygNzLiqTnRyKvzWHZJVRooDH_rEfcDhlQ_aem_n_YDjJHqIBJsbeRyA_gh1w\" target=\"_blank\" rel=\"noreferrer noopener\">https:\/\/www.youtube.com\/shorts\/vM7AbJqb2VM<\/a><br><a href=\"https:\/\/music.apple.com\/us\/artist\/vuono\/1351479056\" target=\"_blank\" rel=\"noreferrer noopener\">https:\/\/music.apple.com\/us\/artist\/vuono\/1351479056<\/a><\/p>\n\n\n\n<hr class=\"wp-block-separator has-alpha-channel-opacity\"\/>\n\n\n\n<p><strong>SAATANANSORMI<br><\/strong><\/p>\n\n\n\n<p>Viimeinkin b\u00e4ndi, joka vastaa nimens\u00e4 asettamia odotuksia. Alunperin yhden miehen b\u00e4ndin\u00e4 toiminut&nbsp;Saatanansormi&nbsp;on sittemmin paisunut kolmihenkiseksi kokoonpanoksi, jonka maailmantuhosta, j\u00e4ttim\u00e4isist\u00e4 peikonlehdist\u00e4 ja pantonens\u00e4vyisist\u00e4 unista kertovat laulut iskev\u00e4t t\u00e4rykalvoille kauniiden riitasointujen s\u00e4vytt\u00e4m\u00e4n\u00e4.&nbsp;<\/p>\n\n\n\n<p>Saatanansormi&nbsp;polttaa kaiken atomeiksi!<\/p>\n\n\n\n<p><a href=\"https:\/\/saatanansormi.bandcamp.com\">https:\/\/saatanansormi.bandcamp.com<\/a><\/p>\n\n\n\n<p><a href=\"https:\/\/www.facebook.com\/saatanansormi\">https:\/\/www.facebook.com\/saatanansormi<\/a><\/p>\n\n\n\n<hr class=\"wp-block-separator has-alpha-channel-opacity\"\/>\n\n\n\n<p>Soitot alkaen noin klo 19.30<br>Vapaaehtoinen artistikolehti 5-15 euroa<br>Tervetuloa!<\/p>\n","protected":false},"excerpt":{"rendered":"<p>VUONO Vuono&nbsp;on tamperelainen yhtye, jonka debyytti White Dots (Svart Records 2019) ja tuore Golden Ball (2025) yhdist\u00e4v\u00e4t vahvat melodiat,&nbsp;s\u00e4vykk\u00e4\u00e4n&nbsp;popin ja hienovaraiset&nbsp;proges\u00e4vyt. Liven\u00e4 yhtye liikkuu ilmavasta tunnelmasta vangitsevaan intensiteettiin. \u201dToisinaan psykedeelinen progen ja popin taiturimainen sulauma j\u00e4\u00e4 p\u00e4\u00e4lle juuri niin ihanan pitk\u00e4\u00e4n kuin voi toivoa.\u201d&nbsp;&nbsp;&nbsp;&#8211; Kulttuuritoimitus L\u00e4hde Vuonolle moikkaamaan, Vuonosta moikkaus kuuluu kaikuna takaisin!https:\/\/www.youtube.com\/shorts\/vM7AbJqb2VMhttps:\/\/music.apple.com\/us\/artist\/vuono\/1351479056 SAATANANSORMI Viimeinkin &#8230; <a title=\"14.3 Vuono, Saatanansormi\" class=\"read-more\" href=\"https:\/\/www.pethaus.fi\/?page_id=1867\">Read more<span class=\"screen-reader-text\">14.3 Vuono, Saatanansormi<\/span><\/a><\/p>\n","protected":false},"author":1,"featured_media":0,"parent":0,"menu_order":0,"comment_status":"closed","ping_status":"closed","template":"","meta":{"footnotes":""},"class_list":["post-1867","page","type-page","status-publish"],"yoast_head":"<!-- This site is optimized with the Yoast SEO plugin v27.4 - https:\/\/yoast.com\/product\/yoast-seo-wordpress\/ -->\n<title>14.3 Vuono, Saatanansormi - Pethaus<\/title>\n<meta name=\"robots\" content=\"noindex, follow\" \/>\n<meta property=\"og:locale\" content=\"fi_FI\" \/>\n<meta property=\"og:type\" content=\"article\" \/>\n<meta property=\"og:title\" content=\"14.3 Vuono, Saatanansormi - Pethaus\" \/>\n<meta property=\"og:description\" content=\"VUONO Vuono&nbsp;on tamperelainen yhtye, jonka debyytti White Dots (Svart Records 2019) ja tuore Golden Ball (2025) yhdist\u00e4v\u00e4t vahvat melodiat,&nbsp;s\u00e4vykk\u00e4\u00e4n&nbsp;popin ja hienovaraiset&nbsp;proges\u00e4vyt. Liven\u00e4 yhtye liikkuu ilmavasta tunnelmasta vangitsevaan intensiteettiin. \u201dToisinaan psykedeelinen progen ja popin taiturimainen sulauma j\u00e4\u00e4 p\u00e4\u00e4lle juuri niin ihanan pitk\u00e4\u00e4n kuin voi toivoa.\u201d&nbsp;&nbsp;&nbsp;&#8211; Kulttuuritoimitus L\u00e4hde Vuonolle moikkaamaan, Vuonosta moikkaus kuuluu kaikuna takaisin!https:\/\/www.youtube.com\/shorts\/vM7AbJqb2VMhttps:\/\/music.apple.com\/us\/artist\/vuono\/1351479056 SAATANANSORMI Viimeinkin ... Read more14.3 Vuono, Saatanansormi\" \/>\n<meta property=\"og:url\" content=\"https:\/\/www.pethaus.fi\/?page_id=1867\" \/>\n<meta property=\"og:site_name\" content=\"Pethaus\" \/>\n<meta property=\"article:publisher\" content=\"https:\/\/www.facebook.com\/p\/Pethaus-Ry-100091916868701\/\" \/>\n<meta property=\"article:modified_time\" content=\"2026-03-12T19:38:38+00:00\" \/>\n<meta property=\"og:image\" content=\"https:\/\/www.pethaus.fi\/wp-content\/uploads\/2026\/03\/vuono-scaled.jpg\" \/>\n\t<meta property=\"og:image:width\" content=\"1920\" \/>\n\t<meta property=\"og:image:height\" content=\"2560\" \/>\n\t<meta property=\"og:image:type\" content=\"image\/jpeg\" \/>\n<meta name=\"twitter:card\" content=\"summary_large_image\" \/>\n<meta name=\"twitter:label1\" content=\"Arvioitu lukuaika\" \/>\n\t<meta name=\"twitter:data1\" content=\"1 minuutti\" \/>\n<script type=\"application\/ld+json\" class=\"yoast-schema-graph\">{\"@context\":\"https:\\\/\\\/schema.org\",\"@graph\":[{\"@type\":\"WebPage\",\"@id\":\"https:\\\/\\\/www.pethaus.fi\\\/?page_id=1867\",\"url\":\"https:\\\/\\\/www.pethaus.fi\\\/?page_id=1867\",\"name\":\"14.3 Vuono, Saatanansormi - Pethaus\",\"isPartOf\":{\"@id\":\"https:\\\/\\\/www.pethaus.fi\\\/#website\"},\"primaryImageOfPage\":{\"@id\":\"https:\\\/\\\/www.pethaus.fi\\\/?page_id=1867#primaryimage\"},\"image\":{\"@id\":\"https:\\\/\\\/www.pethaus.fi\\\/?page_id=1867#primaryimage\"},\"thumbnailUrl\":\"https:\\\/\\\/www.pethaus.fi\\\/wp-content\\\/uploads\\\/2026\\\/03\\\/vuono-768x1024.jpg\",\"datePublished\":\"2026-03-03T11:27:33+00:00\",\"dateModified\":\"2026-03-12T19:38:38+00:00\",\"breadcrumb\":{\"@id\":\"https:\\\/\\\/www.pethaus.fi\\\/?page_id=1867#breadcrumb\"},\"inLanguage\":\"fi\",\"potentialAction\":[{\"@type\":\"ReadAction\",\"target\":[\"https:\\\/\\\/www.pethaus.fi\\\/?page_id=1867\"]}]},{\"@type\":\"ImageObject\",\"inLanguage\":\"fi\",\"@id\":\"https:\\\/\\\/www.pethaus.fi\\\/?page_id=1867#primaryimage\",\"url\":\"https:\\\/\\\/www.pethaus.fi\\\/wp-content\\\/uploads\\\/2026\\\/03\\\/vuono-scaled.jpg\",\"contentUrl\":\"https:\\\/\\\/www.pethaus.fi\\\/wp-content\\\/uploads\\\/2026\\\/03\\\/vuono-scaled.jpg\",\"width\":1920,\"height\":2560},{\"@type\":\"BreadcrumbList\",\"@id\":\"https:\\\/\\\/www.pethaus.fi\\\/?page_id=1867#breadcrumb\",\"itemListElement\":[{\"@type\":\"ListItem\",\"position\":1,\"name\":\"Etusivu\",\"item\":\"https:\\\/\\\/www.pethaus.fi\\\/\"},{\"@type\":\"ListItem\",\"position\":2,\"name\":\"14.3 Vuono, Saatanansormi\"}]},{\"@type\":\"WebSite\",\"@id\":\"https:\\\/\\\/www.pethaus.fi\\\/#website\",\"url\":\"https:\\\/\\\/www.pethaus.fi\\\/\",\"name\":\"Pethaus\",\"description\":\"Tamperelainen matalan kynnyksen kulttuuritila.\",\"publisher\":{\"@id\":\"https:\\\/\\\/www.pethaus.fi\\\/#organization\"},\"alternateName\":\"Tamperelainen matalan kynnyksen kulttuuritila.\",\"potentialAction\":[{\"@type\":\"SearchAction\",\"target\":{\"@type\":\"EntryPoint\",\"urlTemplate\":\"https:\\\/\\\/www.pethaus.fi\\\/?s={search_term_string}\"},\"query-input\":{\"@type\":\"PropertyValueSpecification\",\"valueRequired\":true,\"valueName\":\"search_term_string\"}}],\"inLanguage\":\"fi\"},{\"@type\":\"Organization\",\"@id\":\"https:\\\/\\\/www.pethaus.fi\\\/#organization\",\"name\":\"Pethaus\",\"url\":\"https:\\\/\\\/www.pethaus.fi\\\/\",\"logo\":{\"@type\":\"ImageObject\",\"inLanguage\":\"fi\",\"@id\":\"https:\\\/\\\/www.pethaus.fi\\\/#\\\/schema\\\/logo\\\/image\\\/\",\"url\":\"https:\\\/\\\/www.pethaus.fi\\\/wp-content\\\/uploads\\\/2024\\\/04\\\/cropped-pethaus-logo.jpg\",\"contentUrl\":\"https:\\\/\\\/www.pethaus.fi\\\/wp-content\\\/uploads\\\/2024\\\/04\\\/cropped-pethaus-logo.jpg\",\"width\":512,\"height\":512,\"caption\":\"Pethaus\"},\"image\":{\"@id\":\"https:\\\/\\\/www.pethaus.fi\\\/#\\\/schema\\\/logo\\\/image\\\/\"},\"sameAs\":[\"https:\\\/\\\/www.facebook.com\\\/p\\\/Pethaus-Ry-100091916868701\\\/\",\"https:\\\/\\\/www.instagram.com\\\/pethaus_ry\\\/?hl=fi\"]}]}<\/script>\n<!-- \/ Yoast SEO plugin. -->","yoast_head_json":{"title":"14.3 Vuono, Saatanansormi - Pethaus","robots":{"index":"noindex","follow":"follow"},"og_locale":"fi_FI","og_type":"article","og_title":"14.3 Vuono, Saatanansormi - Pethaus","og_description":"VUONO Vuono&nbsp;on tamperelainen yhtye, jonka debyytti White Dots (Svart Records 2019) ja tuore Golden Ball (2025) yhdist\u00e4v\u00e4t vahvat melodiat,&nbsp;s\u00e4vykk\u00e4\u00e4n&nbsp;popin ja hienovaraiset&nbsp;proges\u00e4vyt. Liven\u00e4 yhtye liikkuu ilmavasta tunnelmasta vangitsevaan intensiteettiin. \u201dToisinaan psykedeelinen progen ja popin taiturimainen sulauma j\u00e4\u00e4 p\u00e4\u00e4lle juuri niin ihanan pitk\u00e4\u00e4n kuin voi toivoa.\u201d&nbsp;&nbsp;&nbsp;&#8211; Kulttuuritoimitus L\u00e4hde Vuonolle moikkaamaan, Vuonosta moikkaus kuuluu kaikuna takaisin!https:\/\/www.youtube.com\/shorts\/vM7AbJqb2VMhttps:\/\/music.apple.com\/us\/artist\/vuono\/1351479056 SAATANANSORMI Viimeinkin ... Read more14.3 Vuono, Saatanansormi","og_url":"https:\/\/www.pethaus.fi\/?page_id=1867","og_site_name":"Pethaus","article_publisher":"https:\/\/www.facebook.com\/p\/Pethaus-Ry-100091916868701\/","article_modified_time":"2026-03-12T19:38:38+00:00","og_image":[{"width":1920,"height":2560,"url":"https:\/\/www.pethaus.fi\/wp-content\/uploads\/2026\/03\/vuono-scaled.jpg","type":"image\/jpeg"}],"twitter_card":"summary_large_image","twitter_misc":{"Arvioitu lukuaika":"1 minuutti"},"schema":{"@context":"https:\/\/schema.org","@graph":[{"@type":"WebPage","@id":"https:\/\/www.pethaus.fi\/?page_id=1867","url":"https:\/\/www.pethaus.fi\/?page_id=1867","name":"14.3 Vuono, Saatanansormi - Pethaus","isPartOf":{"@id":"https:\/\/www.pethaus.fi\/#website"},"primaryImageOfPage":{"@id":"https:\/\/www.pethaus.fi\/?page_id=1867#primaryimage"},"image":{"@id":"https:\/\/www.pethaus.fi\/?page_id=1867#primaryimage"},"thumbnailUrl":"https:\/\/www.pethaus.fi\/wp-content\/uploads\/2026\/03\/vuono-768x1024.jpg","datePublished":"2026-03-03T11:27:33+00:00","dateModified":"2026-03-12T19:38:38+00:00","breadcrumb":{"@id":"https:\/\/www.pethaus.fi\/?page_id=1867#breadcrumb"},"inLanguage":"fi","potentialAction":[{"@type":"ReadAction","target":["https:\/\/www.pethaus.fi\/?page_id=1867"]}]},{"@type":"ImageObject","inLanguage":"fi","@id":"https:\/\/www.pethaus.fi\/?page_id=1867#primaryimage","url":"https:\/\/www.pethaus.fi\/wp-content\/uploads\/2026\/03\/vuono-scaled.jpg","contentUrl":"https:\/\/www.pethaus.fi\/wp-content\/uploads\/2026\/03\/vuono-scaled.jpg","width":1920,"height":2560},{"@type":"BreadcrumbList","@id":"https:\/\/www.pethaus.fi\/?page_id=1867#breadcrumb","itemListElement":[{"@type":"ListItem","position":1,"name":"Etusivu","item":"https:\/\/www.pethaus.fi\/"},{"@type":"ListItem","position":2,"name":"14.3 Vuono, Saatanansormi"}]},{"@type":"WebSite","@id":"https:\/\/www.pethaus.fi\/#website","url":"https:\/\/www.pethaus.fi\/","name":"Pethaus","description":"Tamperelainen matalan kynnyksen kulttuuritila.","publisher":{"@id":"https:\/\/www.pethaus.fi\/#organization"},"alternateName":"Tamperelainen matalan kynnyksen kulttuuritila.","potentialAction":[{"@type":"SearchAction","target":{"@type":"EntryPoint","urlTemplate":"https:\/\/www.pethaus.fi\/?s={search_term_string}"},"query-input":{"@type":"PropertyValueSpecification","valueRequired":true,"valueName":"search_term_string"}}],"inLanguage":"fi"},{"@type":"Organization","@id":"https:\/\/www.pethaus.fi\/#organization","name":"Pethaus","url":"https:\/\/www.pethaus.fi\/","logo":{"@type":"ImageObject","inLanguage":"fi","@id":"https:\/\/www.pethaus.fi\/#\/schema\/logo\/image\/","url":"https:\/\/www.pethaus.fi\/wp-content\/uploads\/2024\/04\/cropped-pethaus-logo.jpg","contentUrl":"https:\/\/www.pethaus.fi\/wp-content\/uploads\/2024\/04\/cropped-pethaus-logo.jpg","width":512,"height":512,"caption":"Pethaus"},"image":{"@id":"https:\/\/www.pethaus.fi\/#\/schema\/logo\/image\/"},"sameAs":["https:\/\/www.facebook.com\/p\/Pethaus-Ry-100091916868701\/","https:\/\/www.instagram.com\/pethaus_ry\/?hl=fi"]}]}},"jetpack_sharing_enabled":true,"_links":{"self":[{"href":"https:\/\/www.pethaus.fi\/index.php?rest_route=\/wp\/v2\/pages\/1867","targetHints":{"allow":["GET"]}}],"collection":[{"href":"https:\/\/www.pethaus.fi\/index.php?rest_route=\/wp\/v2\/pages"}],"about":[{"href":"https:\/\/www.pethaus.fi\/index.php?rest_route=\/wp\/v2\/types\/page"}],"author":[{"embeddable":true,"href":"https:\/\/www.pethaus.fi\/index.php?rest_route=\/wp\/v2\/users\/1"}],"replies":[{"embeddable":true,"href":"https:\/\/www.pethaus.fi\/index.php?rest_route=%2Fwp%2Fv2%2Fcomments&post=1867"}],"version-history":[{"count":8,"href":"https:\/\/www.pethaus.fi\/index.php?rest_route=\/wp\/v2\/pages\/1867\/revisions"}],"predecessor-version":[{"id":1896,"href":"https:\/\/www.pethaus.fi\/index.php?rest_route=\/wp\/v2\/pages\/1867\/revisions\/1896"}],"wp:attachment":[{"href":"https:\/\/www.pethaus.fi\/index.php?rest_route=%2Fwp%2Fv2%2Fmedia&parent=1867"}],"curies":[{"name":"wp","href":"https:\/\/api.w.org\/{rel}","templated":true}]}}