{"id":1882,"date":"2026-03-06T13:13:18","date_gmt":"2026-03-06T13:13:18","guid":{"rendered":"https:\/\/www.pethaus.fi\/?page_id=1882"},"modified":"2026-03-21T12:32:54","modified_gmt":"2026-03-21T12:32:54","slug":"21-3-grey-park-olimpia-splendid","status":"publish","type":"page","link":"https:\/\/www.pethaus.fi\/?page_id=1882","title":{"rendered":"21.3. Grey Park, Olimpia Splendid"},"content":{"rendered":"<div class=\"wp-block-image\">\n<figure class=\"aligncenter size-full\"><img fetchpriority=\"high\" decoding=\"async\" width=\"419\" height=\"265\" src=\"https:\/\/www.pethaus.fi\/wp-content\/uploads\/2026\/03\/grey-park.png\" alt=\"\" class=\"wp-image-1883\" srcset=\"https:\/\/www.pethaus.fi\/wp-content\/uploads\/2026\/03\/grey-park.png 419w, https:\/\/www.pethaus.fi\/wp-content\/uploads\/2026\/03\/grey-park-300x190.png 300w\" sizes=\"(max-width: 419px) 100vw, 419px\" \/><\/figure>\n<\/div>\n\n\n<p><strong>Grey Park:<br><\/strong>23 minuuuttia kokeellista surinaa, sihin\u00e4\u00e4, ambientia ja noisea triona sek\u00e4 t\u00e4ysin sattumanvaraisia lyhyit\u00e4 videop\u00e4tki\u00e4. <\/p>\n\n\n\n<p><a href=\"https:\/\/greypark.bandcamp.com\/\">https:\/\/greypark.bandcamp.com\/<\/a><\/p>\n\n\n\n<hr class=\"wp-block-separator has-alpha-channel-opacity\"\/>\n\n\n\n<p><strong>Olympia Spledid:<br><\/strong>Olimpia Splendid on Heta Bilaletdinin, Jonna Karangan ja Katri Sipil\u00e4isen hypnoottinen stonertrio, jonka rumpukonerytmit, kuiskailevat laulut ja omintakeinen rokki viev\u00e4t kuulijansa ep\u00e4vireiseen punkdiscoon, h\u00e4myisille takapihoille ja upottavaan zoneen. <\/p>\n\n\n\n<p>Synnynn\u00e4inen kulttiyhtye on kulkenut r\u00e4m\u00e4autoilla ja junilla ymp\u00e4ri Eurooppaa \u2013 tule ja todista sen s\u00e4ihke!<\/p>\n\n\n\n<p>Olimpia Splendid is about endless loops, hypnotic bass and sort-of-tune guitar noise, whispering, unruliness, and skrikes. <\/p>\n\n\n\n<p>The trio was founded in the summer of 2010 in Helsinki and is formed by visual artists &amp; musicians Heta Bilaletdin, Jonna Karanka and Katri Sipil\u00e4inen. <\/p>\n\n\n\n<p>They have also played in Draamakuu, Toblerones, Melmac, Bir iki, Hertta Lussu \u00c4ss\u00e4, Hockey Night, MYTTYS and Kuupuu. <\/p>\n\n\n\n<p>Fonal Records released their 7\u201d ep in 2013 which was followed by a full-length debut in July 2015. Olimpia Splendid is rumoured to be \u201cbest stoner shit\u201d and also \u201ca little bit famous\u201d.<br><\/p>\n\n\n\n<figure class=\"wp-block-embed is-type-video is-provider-youtube wp-block-embed-youtube wp-embed-aspect-16-9 wp-has-aspect-ratio\"><div class=\"wp-block-embed__wrapper\">\n<iframe title=\"Olimpia Splendid: Nicotinella\" width=\"1200\" height=\"675\" src=\"https:\/\/www.youtube.com\/embed\/OStmiU0JDr4?feature=oembed\" frameborder=\"0\" allow=\"accelerometer; autoplay; clipboard-write; encrypted-media; gyroscope; picture-in-picture; web-share\" referrerpolicy=\"strict-origin-when-cross-origin\" allowfullscreen><\/iframe>\n<\/div><\/figure>\n\n\n\n<p>\/<a href=\"https:\/\/fonal.com\/artists\/olimpia-splendid\/\" type=\"link\" id=\"https:\/\/fonal.com\/artists\/olimpia-splendid\/\">https:\/\/fonal.com\/artists\/olimpia-splendid\/<\/a><\/p>\n\n\n\n<p>Soitot klo 19.00 alkaen<br>Vapaaehtoinen artistikolehti 5-15\u20ac<br>Tervetuloa!<\/p>\n","protected":false},"excerpt":{"rendered":"<p>Grey Park:23 minuuuttia kokeellista surinaa, sihin\u00e4\u00e4, ambientia ja noisea triona sek\u00e4 t\u00e4ysin sattumanvaraisia lyhyit\u00e4 videop\u00e4tki\u00e4. https:\/\/greypark.bandcamp.com\/ Olympia Spledid:Olimpia Splendid on Heta Bilaletdinin, Jonna Karangan ja Katri Sipil\u00e4isen hypnoottinen stonertrio, jonka rumpukonerytmit, kuiskailevat laulut ja omintakeinen rokki viev\u00e4t kuulijansa ep\u00e4vireiseen punkdiscoon, h\u00e4myisille takapihoille ja upottavaan zoneen. Synnynn\u00e4inen kulttiyhtye on kulkenut r\u00e4m\u00e4autoilla ja junilla ymp\u00e4ri Eurooppaa \u2013 &#8230; <a title=\"21.3. Grey Park, Olimpia Splendid\" class=\"read-more\" href=\"https:\/\/www.pethaus.fi\/?page_id=1882\">Read more<span class=\"screen-reader-text\">21.3. Grey Park, Olimpia Splendid<\/span><\/a><\/p>\n","protected":false},"author":1,"featured_media":0,"parent":0,"menu_order":0,"comment_status":"closed","ping_status":"closed","template":"","meta":{"footnotes":""},"class_list":["post-1882","page","type-page","status-publish"],"yoast_head":"<!-- This site is optimized with the Yoast SEO plugin v27.5 - https:\/\/yoast.com\/product\/yoast-seo-wordpress\/ -->\n<title>21.3. Grey Park, Olimpia Splendid - Pethaus<\/title>\n<meta name=\"robots\" content=\"noindex, follow\" \/>\n<meta property=\"og:locale\" content=\"fi_FI\" \/>\n<meta property=\"og:type\" content=\"article\" \/>\n<meta property=\"og:title\" content=\"21.3. Grey Park, Olimpia Splendid - Pethaus\" \/>\n<meta property=\"og:description\" content=\"Grey Park:23 minuuuttia kokeellista surinaa, sihin\u00e4\u00e4, ambientia ja noisea triona sek\u00e4 t\u00e4ysin sattumanvaraisia lyhyit\u00e4 videop\u00e4tki\u00e4. https:\/\/greypark.bandcamp.com\/ Olympia Spledid:Olimpia Splendid on Heta Bilaletdinin, Jonna Karangan ja Katri Sipil\u00e4isen hypnoottinen stonertrio, jonka rumpukonerytmit, kuiskailevat laulut ja omintakeinen rokki viev\u00e4t kuulijansa ep\u00e4vireiseen punkdiscoon, h\u00e4myisille takapihoille ja upottavaan zoneen. Synnynn\u00e4inen kulttiyhtye on kulkenut r\u00e4m\u00e4autoilla ja junilla ymp\u00e4ri Eurooppaa \u2013 ... Read more21.3. Grey Park, Olimpia Splendid\" \/>\n<meta property=\"og:url\" content=\"https:\/\/www.pethaus.fi\/?page_id=1882\" \/>\n<meta property=\"og:site_name\" content=\"Pethaus\" \/>\n<meta property=\"article:publisher\" content=\"https:\/\/www.facebook.com\/p\/Pethaus-Ry-100091916868701\/\" \/>\n<meta property=\"article:modified_time\" content=\"2026-03-21T12:32:54+00:00\" \/>\n<meta property=\"og:image\" content=\"https:\/\/www.pethaus.fi\/wp-content\/uploads\/2026\/03\/grey-park.png\" \/>\n\t<meta property=\"og:image:width\" content=\"419\" \/>\n\t<meta property=\"og:image:height\" content=\"265\" \/>\n\t<meta property=\"og:image:type\" content=\"image\/png\" \/>\n<meta name=\"twitter:card\" content=\"summary_large_image\" \/>\n<meta name=\"twitter:label1\" content=\"Arvioitu lukuaika\" \/>\n\t<meta name=\"twitter:data1\" content=\"2 minuuttia\" \/>\n<script type=\"application\/ld+json\" class=\"yoast-schema-graph\">{\"@context\":\"https:\\\/\\\/schema.org\",\"@graph\":[{\"@type\":\"WebPage\",\"@id\":\"https:\\\/\\\/www.pethaus.fi\\\/?page_id=1882\",\"url\":\"https:\\\/\\\/www.pethaus.fi\\\/?page_id=1882\",\"name\":\"21.3. Grey Park, Olimpia Splendid - Pethaus\",\"isPartOf\":{\"@id\":\"https:\\\/\\\/www.pethaus.fi\\\/#website\"},\"primaryImageOfPage\":{\"@id\":\"https:\\\/\\\/www.pethaus.fi\\\/?page_id=1882#primaryimage\"},\"image\":{\"@id\":\"https:\\\/\\\/www.pethaus.fi\\\/?page_id=1882#primaryimage\"},\"thumbnailUrl\":\"https:\\\/\\\/www.pethaus.fi\\\/wp-content\\\/uploads\\\/2026\\\/03\\\/grey-park.png\",\"datePublished\":\"2026-03-06T13:13:18+00:00\",\"dateModified\":\"2026-03-21T12:32:54+00:00\",\"breadcrumb\":{\"@id\":\"https:\\\/\\\/www.pethaus.fi\\\/?page_id=1882#breadcrumb\"},\"inLanguage\":\"fi\",\"potentialAction\":[{\"@type\":\"ReadAction\",\"target\":[\"https:\\\/\\\/www.pethaus.fi\\\/?page_id=1882\"]}]},{\"@type\":\"ImageObject\",\"inLanguage\":\"fi\",\"@id\":\"https:\\\/\\\/www.pethaus.fi\\\/?page_id=1882#primaryimage\",\"url\":\"https:\\\/\\\/www.pethaus.fi\\\/wp-content\\\/uploads\\\/2026\\\/03\\\/grey-park.png\",\"contentUrl\":\"https:\\\/\\\/www.pethaus.fi\\\/wp-content\\\/uploads\\\/2026\\\/03\\\/grey-park.png\",\"width\":419,\"height\":265},{\"@type\":\"BreadcrumbList\",\"@id\":\"https:\\\/\\\/www.pethaus.fi\\\/?page_id=1882#breadcrumb\",\"itemListElement\":[{\"@type\":\"ListItem\",\"position\":1,\"name\":\"Etusivu\",\"item\":\"https:\\\/\\\/www.pethaus.fi\\\/\"},{\"@type\":\"ListItem\",\"position\":2,\"name\":\"21.3. Grey Park, Olimpia Splendid\"}]},{\"@type\":\"WebSite\",\"@id\":\"https:\\\/\\\/www.pethaus.fi\\\/#website\",\"url\":\"https:\\\/\\\/www.pethaus.fi\\\/\",\"name\":\"Pethaus\",\"description\":\"Tamperelainen matalan kynnyksen kulttuuritila.\",\"publisher\":{\"@id\":\"https:\\\/\\\/www.pethaus.fi\\\/#organization\"},\"alternateName\":\"Tamperelainen matalan kynnyksen kulttuuritila.\",\"potentialAction\":[{\"@type\":\"SearchAction\",\"target\":{\"@type\":\"EntryPoint\",\"urlTemplate\":\"https:\\\/\\\/www.pethaus.fi\\\/?s={search_term_string}\"},\"query-input\":{\"@type\":\"PropertyValueSpecification\",\"valueRequired\":true,\"valueName\":\"search_term_string\"}}],\"inLanguage\":\"fi\"},{\"@type\":\"Organization\",\"@id\":\"https:\\\/\\\/www.pethaus.fi\\\/#organization\",\"name\":\"Pethaus\",\"url\":\"https:\\\/\\\/www.pethaus.fi\\\/\",\"logo\":{\"@type\":\"ImageObject\",\"inLanguage\":\"fi\",\"@id\":\"https:\\\/\\\/www.pethaus.fi\\\/#\\\/schema\\\/logo\\\/image\\\/\",\"url\":\"https:\\\/\\\/www.pethaus.fi\\\/wp-content\\\/uploads\\\/2024\\\/04\\\/cropped-pethaus-logo.jpg\",\"contentUrl\":\"https:\\\/\\\/www.pethaus.fi\\\/wp-content\\\/uploads\\\/2024\\\/04\\\/cropped-pethaus-logo.jpg\",\"width\":512,\"height\":512,\"caption\":\"Pethaus\"},\"image\":{\"@id\":\"https:\\\/\\\/www.pethaus.fi\\\/#\\\/schema\\\/logo\\\/image\\\/\"},\"sameAs\":[\"https:\\\/\\\/www.facebook.com\\\/p\\\/Pethaus-Ry-100091916868701\\\/\",\"https:\\\/\\\/www.instagram.com\\\/pethaus_ry\\\/?hl=fi\"]}]}<\/script>\n<!-- \/ Yoast SEO plugin. -->","yoast_head_json":{"title":"21.3. Grey Park, Olimpia Splendid - Pethaus","robots":{"index":"noindex","follow":"follow"},"og_locale":"fi_FI","og_type":"article","og_title":"21.3. Grey Park, Olimpia Splendid - Pethaus","og_description":"Grey Park:23 minuuuttia kokeellista surinaa, sihin\u00e4\u00e4, ambientia ja noisea triona sek\u00e4 t\u00e4ysin sattumanvaraisia lyhyit\u00e4 videop\u00e4tki\u00e4. https:\/\/greypark.bandcamp.com\/ Olympia Spledid:Olimpia Splendid on Heta Bilaletdinin, Jonna Karangan ja Katri Sipil\u00e4isen hypnoottinen stonertrio, jonka rumpukonerytmit, kuiskailevat laulut ja omintakeinen rokki viev\u00e4t kuulijansa ep\u00e4vireiseen punkdiscoon, h\u00e4myisille takapihoille ja upottavaan zoneen. Synnynn\u00e4inen kulttiyhtye on kulkenut r\u00e4m\u00e4autoilla ja junilla ymp\u00e4ri Eurooppaa \u2013 ... Read more21.3. Grey Park, Olimpia Splendid","og_url":"https:\/\/www.pethaus.fi\/?page_id=1882","og_site_name":"Pethaus","article_publisher":"https:\/\/www.facebook.com\/p\/Pethaus-Ry-100091916868701\/","article_modified_time":"2026-03-21T12:32:54+00:00","og_image":[{"width":419,"height":265,"url":"https:\/\/www.pethaus.fi\/wp-content\/uploads\/2026\/03\/grey-park.png","type":"image\/png"}],"twitter_card":"summary_large_image","twitter_misc":{"Arvioitu lukuaika":"2 minuuttia"},"schema":{"@context":"https:\/\/schema.org","@graph":[{"@type":"WebPage","@id":"https:\/\/www.pethaus.fi\/?page_id=1882","url":"https:\/\/www.pethaus.fi\/?page_id=1882","name":"21.3. Grey Park, Olimpia Splendid - Pethaus","isPartOf":{"@id":"https:\/\/www.pethaus.fi\/#website"},"primaryImageOfPage":{"@id":"https:\/\/www.pethaus.fi\/?page_id=1882#primaryimage"},"image":{"@id":"https:\/\/www.pethaus.fi\/?page_id=1882#primaryimage"},"thumbnailUrl":"https:\/\/www.pethaus.fi\/wp-content\/uploads\/2026\/03\/grey-park.png","datePublished":"2026-03-06T13:13:18+00:00","dateModified":"2026-03-21T12:32:54+00:00","breadcrumb":{"@id":"https:\/\/www.pethaus.fi\/?page_id=1882#breadcrumb"},"inLanguage":"fi","potentialAction":[{"@type":"ReadAction","target":["https:\/\/www.pethaus.fi\/?page_id=1882"]}]},{"@type":"ImageObject","inLanguage":"fi","@id":"https:\/\/www.pethaus.fi\/?page_id=1882#primaryimage","url":"https:\/\/www.pethaus.fi\/wp-content\/uploads\/2026\/03\/grey-park.png","contentUrl":"https:\/\/www.pethaus.fi\/wp-content\/uploads\/2026\/03\/grey-park.png","width":419,"height":265},{"@type":"BreadcrumbList","@id":"https:\/\/www.pethaus.fi\/?page_id=1882#breadcrumb","itemListElement":[{"@type":"ListItem","position":1,"name":"Etusivu","item":"https:\/\/www.pethaus.fi\/"},{"@type":"ListItem","position":2,"name":"21.3. Grey Park, Olimpia Splendid"}]},{"@type":"WebSite","@id":"https:\/\/www.pethaus.fi\/#website","url":"https:\/\/www.pethaus.fi\/","name":"Pethaus","description":"Tamperelainen matalan kynnyksen kulttuuritila.","publisher":{"@id":"https:\/\/www.pethaus.fi\/#organization"},"alternateName":"Tamperelainen matalan kynnyksen kulttuuritila.","potentialAction":[{"@type":"SearchAction","target":{"@type":"EntryPoint","urlTemplate":"https:\/\/www.pethaus.fi\/?s={search_term_string}"},"query-input":{"@type":"PropertyValueSpecification","valueRequired":true,"valueName":"search_term_string"}}],"inLanguage":"fi"},{"@type":"Organization","@id":"https:\/\/www.pethaus.fi\/#organization","name":"Pethaus","url":"https:\/\/www.pethaus.fi\/","logo":{"@type":"ImageObject","inLanguage":"fi","@id":"https:\/\/www.pethaus.fi\/#\/schema\/logo\/image\/","url":"https:\/\/www.pethaus.fi\/wp-content\/uploads\/2024\/04\/cropped-pethaus-logo.jpg","contentUrl":"https:\/\/www.pethaus.fi\/wp-content\/uploads\/2024\/04\/cropped-pethaus-logo.jpg","width":512,"height":512,"caption":"Pethaus"},"image":{"@id":"https:\/\/www.pethaus.fi\/#\/schema\/logo\/image\/"},"sameAs":["https:\/\/www.facebook.com\/p\/Pethaus-Ry-100091916868701\/","https:\/\/www.instagram.com\/pethaus_ry\/?hl=fi"]}]}},"jetpack_sharing_enabled":true,"_links":{"self":[{"href":"https:\/\/www.pethaus.fi\/index.php?rest_route=\/wp\/v2\/pages\/1882","targetHints":{"allow":["GET"]}}],"collection":[{"href":"https:\/\/www.pethaus.fi\/index.php?rest_route=\/wp\/v2\/pages"}],"about":[{"href":"https:\/\/www.pethaus.fi\/index.php?rest_route=\/wp\/v2\/types\/page"}],"author":[{"embeddable":true,"href":"https:\/\/www.pethaus.fi\/index.php?rest_route=\/wp\/v2\/users\/1"}],"replies":[{"embeddable":true,"href":"https:\/\/www.pethaus.fi\/index.php?rest_route=%2Fwp%2Fv2%2Fcomments&post=1882"}],"version-history":[{"count":2,"href":"https:\/\/www.pethaus.fi\/index.php?rest_route=\/wp\/v2\/pages\/1882\/revisions"}],"predecessor-version":[{"id":1906,"href":"https:\/\/www.pethaus.fi\/index.php?rest_route=\/wp\/v2\/pages\/1882\/revisions\/1906"}],"wp:attachment":[{"href":"https:\/\/www.pethaus.fi\/index.php?rest_route=%2Fwp%2Fv2%2Fmedia&parent=1882"}],"curies":[{"name":"wp","href":"https:\/\/api.w.org\/{rel}","templated":true}]}}