{"id":1886,"date":"2026-03-09T17:10:58","date_gmt":"2026-03-09T17:10:58","guid":{"rendered":"https:\/\/www.pethaus.fi\/?page_id=1886"},"modified":"2026-03-21T11:38:27","modified_gmt":"2026-03-21T11:38:27","slug":"28-3-arpkestra-7800","status":"publish","type":"page","link":"https:\/\/www.pethaus.fi\/?page_id=1886","title":{"rendered":"28.3. Arpkestra 7800, Verde"},"content":{"rendered":"\n<figure class=\"wp-block-image size-large\"><img fetchpriority=\"high\" decoding=\"async\" width=\"1024\" height=\"1024\" src=\"https:\/\/www.pethaus.fi\/wp-content\/uploads\/2026\/03\/WhatsAppImage2025-12-13at10.34.30-1024x1024.png\" alt=\"\" class=\"wp-image-1888\" srcset=\"https:\/\/www.pethaus.fi\/wp-content\/uploads\/2026\/03\/WhatsAppImage2025-12-13at10.34.30-1024x1024.png 1024w, https:\/\/www.pethaus.fi\/wp-content\/uploads\/2026\/03\/WhatsAppImage2025-12-13at10.34.30-300x300.png 300w, https:\/\/www.pethaus.fi\/wp-content\/uploads\/2026\/03\/WhatsAppImage2025-12-13at10.34.30-150x150.png 150w, https:\/\/www.pethaus.fi\/wp-content\/uploads\/2026\/03\/WhatsAppImage2025-12-13at10.34.30-768x768.png 768w, https:\/\/www.pethaus.fi\/wp-content\/uploads\/2026\/03\/WhatsAppImage2025-12-13at10.34.30-1536x1536.png 1536w, https:\/\/www.pethaus.fi\/wp-content\/uploads\/2026\/03\/WhatsAppImage2025-12-13at10.34.30-2048x2048.png 2048w\" sizes=\"(max-width: 1024px) 100vw, 1024px\" \/><\/figure>\n\n\n\n<p>Juhani Liimatainen, Juho Laitinen ja Tuukka Tervo kokoavat puolimodulaariset analogisyntetisaattorinsa Arpkestra 7800 -yhtyeeksi. <\/p>\n\n\n\n<p>Kolmen erillisen instrumentin kamarimusiikillisen tilanteen sijaan on kyse yhteisen \u201dsupersoittimen\u201d soinnillisten ja esityksellisten mahdollisuuksien tutkimisesta. <\/p>\n\n\n\n<p>Kaikkeen laitteiden tuottamaan s\u00e4hk\u00f6virtaan suhtaudutaan potentiaalisina \u00e4\u00e4ni- ja ohjaussignaaleina, joista muodostetaan r\u00f6nsyilevi\u00e4 ja arvaamattomia takaisinsy\u00f6tt\u00f6ketjuja laitteiden v\u00e4lille.<\/p>\n\n\n\n<p>Yhtyeen uudessa kokeellisessa repertuaarissa tutkimisen kohteena on kellotaajuuksien modulaation seurauksena kaoottisesti k\u00e4ytt\u00e4ytyv\u00e4 sekvensseri, huojuvien oskillaattoreiden orgaaninen rytmimusiikki ja kollektiivinen rengasmodulaattori.<\/p>\n\n\n\n<p>Taiteen edist\u00e4miskeskus tukee ty\u00f6ryhm\u00e4n toimintaa.<\/p>\n\n\n\n<hr class=\"wp-block-separator has-alpha-channel-opacity\"\/>\n\n\n\n<figure class=\"wp-block-image size-large\"><img decoding=\"async\" width=\"1024\" height=\"768\" src=\"https:\/\/www.pethaus.fi\/wp-content\/uploads\/2026\/03\/Mika-Rintala-1024x768.jpg\" alt=\"\" class=\"wp-image-1898\" srcset=\"https:\/\/www.pethaus.fi\/wp-content\/uploads\/2026\/03\/Mika-Rintala-1024x768.jpg 1024w, https:\/\/www.pethaus.fi\/wp-content\/uploads\/2026\/03\/Mika-Rintala-300x225.jpg 300w, https:\/\/www.pethaus.fi\/wp-content\/uploads\/2026\/03\/Mika-Rintala-768x576.jpg 768w, https:\/\/www.pethaus.fi\/wp-content\/uploads\/2026\/03\/Mika-Rintala-1536x1152.jpg 1536w, https:\/\/www.pethaus.fi\/wp-content\/uploads\/2026\/03\/Mika-Rintala.jpg 1600w\" sizes=\"(max-width: 1024px) 100vw, 1024px\" \/><\/figure>\n\n\n\n<p><strong>Verde:<br><\/strong>Mika Rintala on suomalaisen analogisen syntetisaattorin rakentamisen harvoja kansainv\u00e4lisesti tunnettuja toimijoita. Julkaissut 30 soololevy\u00e4, soittaa yli 50 levyll\u00e4. Tehnyt yli 200 musiikkivideota Vimeoon. Yli 500 s\u00e4vellyst\u00e4 elektroakustista\/jazzia. <\/p>\n\n\n\n<p>Verde soittimet edustavat my\u00f6s omalaatuista tyylillist\u00e4 ajattelua, joka laajenee syntetisaattorirakentamisen lis\u00e4ksi my\u00f6s erilaisiin innovatiivisiin kielisoittimiin. Verde on kehitt\u00e4nyt my\u00f6s \u00e4\u00e4nitt\u00e4miseen ja \u00e4\u00e4neen liittyv\u00e4\u00e4 muuta teknologiaa, mm. mikrofonitekniikkaa, kaiutintekniikkaa ja \u00e4\u00e4nitystekniikkaa. <\/p>\n\n\n\n<p>Verde soundi on uniikki aidoilla soittimilla tehty\u00e4 laadukkaasti \u00e4\u00e4nitetty\u00e4, jossa soittajat kuuluvat sellaisina mit\u00e4 he ovat. Hyv\u00e4 esimerkki on Otto Donnerin kanssa yhteisty\u00f6n\u00e4 tehty Verde Otto-levy. T\u00e4m\u00e4n lis\u00e4ksi Rintala on julkaissut lukuisia elektronisen musiikin albumeja nimell\u00e4 Verde. <\/p>\n\n\n\n<p>H\u00e4n on ollut j\u00e4senen\u00e4 yhtyeiss\u00e4 Ektroverde, Eturivi ja Kirvasto sek\u00e4 tehnyt yhteisty\u00f6t\u00e4 muun muassa Circlen ja Otto Donnerin kanssa. Rintala on ollut my\u00f6s ahkera konsertoija ja yhdist\u00e4nyt viime aikoina konsertteja ja videotaidetta. <\/p>\n\n\n\n<p>Verden musiikin taustalla on sen teknologiapainottuneisuudesta huolimatta ekologinen ja luonnonsuojelullinen n\u00e4kemys, t\u00e4m\u00e4 tulee esille erityisesti h\u00e4nen valo- ja videokuvataiteessaan, jota h\u00e4n on yhdist\u00e4nyt musiikin esitt\u00e4miseen.<\/p>\n\n\n\n<p>Pethaus-illan Verde-kokoonpanon muodostavat Mika Rintala, Heikki Lindgren ja Johannes Heikkil\u00e4<\/p>\n\n\n\n<hr class=\"wp-block-separator has-alpha-channel-opacity\"\/>\n\n\n\n<p>Vapaaehtoinen p\u00e4\u00e4symaksu [toive\/suositus 5-15\u20ac]<\/p>\n\n\n\n<p>TERVETULOA!<\/p>\n","protected":false},"excerpt":{"rendered":"<p>Juhani Liimatainen, Juho Laitinen ja Tuukka Tervo kokoavat puolimodulaariset analogisyntetisaattorinsa Arpkestra 7800 -yhtyeeksi. Kolmen erillisen instrumentin kamarimusiikillisen tilanteen sijaan on kyse yhteisen \u201dsupersoittimen\u201d soinnillisten ja esityksellisten mahdollisuuksien tutkimisesta. Kaikkeen laitteiden tuottamaan s\u00e4hk\u00f6virtaan suhtaudutaan potentiaalisina \u00e4\u00e4ni- ja ohjaussignaaleina, joista muodostetaan r\u00f6nsyilevi\u00e4 ja arvaamattomia takaisinsy\u00f6tt\u00f6ketjuja laitteiden v\u00e4lille. Yhtyeen uudessa kokeellisessa repertuaarissa tutkimisen kohteena on kellotaajuuksien modulaation seurauksena &#8230; <a title=\"28.3. Arpkestra 7800, Verde\" class=\"read-more\" href=\"https:\/\/www.pethaus.fi\/?page_id=1886\">Read more<span class=\"screen-reader-text\">28.3. Arpkestra 7800, Verde<\/span><\/a><\/p>\n","protected":false},"author":1,"featured_media":0,"parent":0,"menu_order":0,"comment_status":"closed","ping_status":"closed","template":"","meta":{"footnotes":""},"class_list":["post-1886","page","type-page","status-publish"],"yoast_head":"<!-- This site is optimized with the Yoast SEO plugin v27.6 - https:\/\/yoast.com\/product\/yoast-seo-wordpress\/ -->\n<title>28.3. Arpkestra 7800, Verde - Pethaus<\/title>\n<meta name=\"robots\" content=\"noindex, follow\" \/>\n<meta property=\"og:locale\" content=\"fi_FI\" \/>\n<meta property=\"og:type\" content=\"article\" \/>\n<meta property=\"og:title\" content=\"28.3. Arpkestra 7800, Verde - Pethaus\" \/>\n<meta property=\"og:description\" content=\"Juhani Liimatainen, Juho Laitinen ja Tuukka Tervo kokoavat puolimodulaariset analogisyntetisaattorinsa Arpkestra 7800 -yhtyeeksi. Kolmen erillisen instrumentin kamarimusiikillisen tilanteen sijaan on kyse yhteisen \u201dsupersoittimen\u201d soinnillisten ja esityksellisten mahdollisuuksien tutkimisesta. Kaikkeen laitteiden tuottamaan s\u00e4hk\u00f6virtaan suhtaudutaan potentiaalisina \u00e4\u00e4ni- ja ohjaussignaaleina, joista muodostetaan r\u00f6nsyilevi\u00e4 ja arvaamattomia takaisinsy\u00f6tt\u00f6ketjuja laitteiden v\u00e4lille. Yhtyeen uudessa kokeellisessa repertuaarissa tutkimisen kohteena on kellotaajuuksien modulaation seurauksena ... Read more28.3. Arpkestra 7800, Verde\" \/>\n<meta property=\"og:url\" content=\"https:\/\/www.pethaus.fi\/?page_id=1886\" \/>\n<meta property=\"og:site_name\" content=\"Pethaus\" \/>\n<meta property=\"article:publisher\" content=\"https:\/\/www.facebook.com\/p\/Pethaus-Ry-100091916868701\/\" \/>\n<meta property=\"article:modified_time\" content=\"2026-03-21T11:38:27+00:00\" \/>\n<meta property=\"og:image\" content=\"https:\/\/www.pethaus.fi\/wp-content\/uploads\/2026\/03\/WhatsAppImage2025-12-13at10.34.30-1024x1024.png\" \/>\n\t<meta property=\"og:image:width\" content=\"1024\" \/>\n\t<meta property=\"og:image:height\" content=\"1024\" \/>\n\t<meta property=\"og:image:type\" content=\"image\/png\" \/>\n<meta name=\"twitter:card\" content=\"summary_large_image\" \/>\n<meta name=\"twitter:label1\" content=\"Arvioitu lukuaika\" \/>\n\t<meta name=\"twitter:data1\" content=\"2 minuuttia\" \/>\n<script type=\"application\/ld+json\" class=\"yoast-schema-graph\">{\"@context\":\"https:\\\/\\\/schema.org\",\"@graph\":[{\"@type\":\"WebPage\",\"@id\":\"https:\\\/\\\/www.pethaus.fi\\\/?page_id=1886\",\"url\":\"https:\\\/\\\/www.pethaus.fi\\\/?page_id=1886\",\"name\":\"28.3. Arpkestra 7800, Verde - Pethaus\",\"isPartOf\":{\"@id\":\"https:\\\/\\\/www.pethaus.fi\\\/#website\"},\"primaryImageOfPage\":{\"@id\":\"https:\\\/\\\/www.pethaus.fi\\\/?page_id=1886#primaryimage\"},\"image\":{\"@id\":\"https:\\\/\\\/www.pethaus.fi\\\/?page_id=1886#primaryimage\"},\"thumbnailUrl\":\"https:\\\/\\\/www.pethaus.fi\\\/wp-content\\\/uploads\\\/2026\\\/03\\\/WhatsAppImage2025-12-13at10.34.30-1024x1024.png\",\"datePublished\":\"2026-03-09T17:10:58+00:00\",\"dateModified\":\"2026-03-21T11:38:27+00:00\",\"breadcrumb\":{\"@id\":\"https:\\\/\\\/www.pethaus.fi\\\/?page_id=1886#breadcrumb\"},\"inLanguage\":\"fi\",\"potentialAction\":[{\"@type\":\"ReadAction\",\"target\":[\"https:\\\/\\\/www.pethaus.fi\\\/?page_id=1886\"]}]},{\"@type\":\"ImageObject\",\"inLanguage\":\"fi\",\"@id\":\"https:\\\/\\\/www.pethaus.fi\\\/?page_id=1886#primaryimage\",\"url\":\"https:\\\/\\\/www.pethaus.fi\\\/wp-content\\\/uploads\\\/2026\\\/03\\\/WhatsAppImage2025-12-13at10.34.30.png\",\"contentUrl\":\"https:\\\/\\\/www.pethaus.fi\\\/wp-content\\\/uploads\\\/2026\\\/03\\\/WhatsAppImage2025-12-13at10.34.30.png\",\"width\":2500,\"height\":2500},{\"@type\":\"BreadcrumbList\",\"@id\":\"https:\\\/\\\/www.pethaus.fi\\\/?page_id=1886#breadcrumb\",\"itemListElement\":[{\"@type\":\"ListItem\",\"position\":1,\"name\":\"Etusivu\",\"item\":\"https:\\\/\\\/www.pethaus.fi\\\/\"},{\"@type\":\"ListItem\",\"position\":2,\"name\":\"28.3. Arpkestra 7800, Verde\"}]},{\"@type\":\"WebSite\",\"@id\":\"https:\\\/\\\/www.pethaus.fi\\\/#website\",\"url\":\"https:\\\/\\\/www.pethaus.fi\\\/\",\"name\":\"Pethaus\",\"description\":\"Tamperelainen matalan kynnyksen kulttuuritila.\",\"publisher\":{\"@id\":\"https:\\\/\\\/www.pethaus.fi\\\/#organization\"},\"alternateName\":\"Tamperelainen matalan kynnyksen kulttuuritila.\",\"potentialAction\":[{\"@type\":\"SearchAction\",\"target\":{\"@type\":\"EntryPoint\",\"urlTemplate\":\"https:\\\/\\\/www.pethaus.fi\\\/?s={search_term_string}\"},\"query-input\":{\"@type\":\"PropertyValueSpecification\",\"valueRequired\":true,\"valueName\":\"search_term_string\"}}],\"inLanguage\":\"fi\"},{\"@type\":\"Organization\",\"@id\":\"https:\\\/\\\/www.pethaus.fi\\\/#organization\",\"name\":\"Pethaus\",\"url\":\"https:\\\/\\\/www.pethaus.fi\\\/\",\"logo\":{\"@type\":\"ImageObject\",\"inLanguage\":\"fi\",\"@id\":\"https:\\\/\\\/www.pethaus.fi\\\/#\\\/schema\\\/logo\\\/image\\\/\",\"url\":\"https:\\\/\\\/www.pethaus.fi\\\/wp-content\\\/uploads\\\/2024\\\/04\\\/cropped-pethaus-logo.jpg\",\"contentUrl\":\"https:\\\/\\\/www.pethaus.fi\\\/wp-content\\\/uploads\\\/2024\\\/04\\\/cropped-pethaus-logo.jpg\",\"width\":512,\"height\":512,\"caption\":\"Pethaus\"},\"image\":{\"@id\":\"https:\\\/\\\/www.pethaus.fi\\\/#\\\/schema\\\/logo\\\/image\\\/\"},\"sameAs\":[\"https:\\\/\\\/www.facebook.com\\\/p\\\/Pethaus-Ry-100091916868701\\\/\",\"https:\\\/\\\/www.instagram.com\\\/pethaus_ry\\\/?hl=fi\"]}]}<\/script>\n<!-- \/ Yoast SEO plugin. -->","yoast_head_json":{"title":"28.3. Arpkestra 7800, Verde - Pethaus","robots":{"index":"noindex","follow":"follow"},"og_locale":"fi_FI","og_type":"article","og_title":"28.3. Arpkestra 7800, Verde - Pethaus","og_description":"Juhani Liimatainen, Juho Laitinen ja Tuukka Tervo kokoavat puolimodulaariset analogisyntetisaattorinsa Arpkestra 7800 -yhtyeeksi. Kolmen erillisen instrumentin kamarimusiikillisen tilanteen sijaan on kyse yhteisen \u201dsupersoittimen\u201d soinnillisten ja esityksellisten mahdollisuuksien tutkimisesta. Kaikkeen laitteiden tuottamaan s\u00e4hk\u00f6virtaan suhtaudutaan potentiaalisina \u00e4\u00e4ni- ja ohjaussignaaleina, joista muodostetaan r\u00f6nsyilevi\u00e4 ja arvaamattomia takaisinsy\u00f6tt\u00f6ketjuja laitteiden v\u00e4lille. Yhtyeen uudessa kokeellisessa repertuaarissa tutkimisen kohteena on kellotaajuuksien modulaation seurauksena ... Read more28.3. Arpkestra 7800, Verde","og_url":"https:\/\/www.pethaus.fi\/?page_id=1886","og_site_name":"Pethaus","article_publisher":"https:\/\/www.facebook.com\/p\/Pethaus-Ry-100091916868701\/","article_modified_time":"2026-03-21T11:38:27+00:00","og_image":[{"width":1024,"height":1024,"url":"https:\/\/www.pethaus.fi\/wp-content\/uploads\/2026\/03\/WhatsAppImage2025-12-13at10.34.30-1024x1024.png","type":"image\/png"}],"twitter_card":"summary_large_image","twitter_misc":{"Arvioitu lukuaika":"2 minuuttia"},"schema":{"@context":"https:\/\/schema.org","@graph":[{"@type":"WebPage","@id":"https:\/\/www.pethaus.fi\/?page_id=1886","url":"https:\/\/www.pethaus.fi\/?page_id=1886","name":"28.3. Arpkestra 7800, Verde - Pethaus","isPartOf":{"@id":"https:\/\/www.pethaus.fi\/#website"},"primaryImageOfPage":{"@id":"https:\/\/www.pethaus.fi\/?page_id=1886#primaryimage"},"image":{"@id":"https:\/\/www.pethaus.fi\/?page_id=1886#primaryimage"},"thumbnailUrl":"https:\/\/www.pethaus.fi\/wp-content\/uploads\/2026\/03\/WhatsAppImage2025-12-13at10.34.30-1024x1024.png","datePublished":"2026-03-09T17:10:58+00:00","dateModified":"2026-03-21T11:38:27+00:00","breadcrumb":{"@id":"https:\/\/www.pethaus.fi\/?page_id=1886#breadcrumb"},"inLanguage":"fi","potentialAction":[{"@type":"ReadAction","target":["https:\/\/www.pethaus.fi\/?page_id=1886"]}]},{"@type":"ImageObject","inLanguage":"fi","@id":"https:\/\/www.pethaus.fi\/?page_id=1886#primaryimage","url":"https:\/\/www.pethaus.fi\/wp-content\/uploads\/2026\/03\/WhatsAppImage2025-12-13at10.34.30.png","contentUrl":"https:\/\/www.pethaus.fi\/wp-content\/uploads\/2026\/03\/WhatsAppImage2025-12-13at10.34.30.png","width":2500,"height":2500},{"@type":"BreadcrumbList","@id":"https:\/\/www.pethaus.fi\/?page_id=1886#breadcrumb","itemListElement":[{"@type":"ListItem","position":1,"name":"Etusivu","item":"https:\/\/www.pethaus.fi\/"},{"@type":"ListItem","position":2,"name":"28.3. Arpkestra 7800, Verde"}]},{"@type":"WebSite","@id":"https:\/\/www.pethaus.fi\/#website","url":"https:\/\/www.pethaus.fi\/","name":"Pethaus","description":"Tamperelainen matalan kynnyksen kulttuuritila.","publisher":{"@id":"https:\/\/www.pethaus.fi\/#organization"},"alternateName":"Tamperelainen matalan kynnyksen kulttuuritila.","potentialAction":[{"@type":"SearchAction","target":{"@type":"EntryPoint","urlTemplate":"https:\/\/www.pethaus.fi\/?s={search_term_string}"},"query-input":{"@type":"PropertyValueSpecification","valueRequired":true,"valueName":"search_term_string"}}],"inLanguage":"fi"},{"@type":"Organization","@id":"https:\/\/www.pethaus.fi\/#organization","name":"Pethaus","url":"https:\/\/www.pethaus.fi\/","logo":{"@type":"ImageObject","inLanguage":"fi","@id":"https:\/\/www.pethaus.fi\/#\/schema\/logo\/image\/","url":"https:\/\/www.pethaus.fi\/wp-content\/uploads\/2024\/04\/cropped-pethaus-logo.jpg","contentUrl":"https:\/\/www.pethaus.fi\/wp-content\/uploads\/2024\/04\/cropped-pethaus-logo.jpg","width":512,"height":512,"caption":"Pethaus"},"image":{"@id":"https:\/\/www.pethaus.fi\/#\/schema\/logo\/image\/"},"sameAs":["https:\/\/www.facebook.com\/p\/Pethaus-Ry-100091916868701\/","https:\/\/www.instagram.com\/pethaus_ry\/?hl=fi"]}]}},"jetpack_sharing_enabled":true,"_links":{"self":[{"href":"https:\/\/www.pethaus.fi\/index.php?rest_route=\/wp\/v2\/pages\/1886","targetHints":{"allow":["GET"]}}],"collection":[{"href":"https:\/\/www.pethaus.fi\/index.php?rest_route=\/wp\/v2\/pages"}],"about":[{"href":"https:\/\/www.pethaus.fi\/index.php?rest_route=\/wp\/v2\/types\/page"}],"author":[{"embeddable":true,"href":"https:\/\/www.pethaus.fi\/index.php?rest_route=\/wp\/v2\/users\/1"}],"replies":[{"embeddable":true,"href":"https:\/\/www.pethaus.fi\/index.php?rest_route=%2Fwp%2Fv2%2Fcomments&post=1886"}],"version-history":[{"count":3,"href":"https:\/\/www.pethaus.fi\/index.php?rest_route=\/wp\/v2\/pages\/1886\/revisions"}],"predecessor-version":[{"id":1905,"href":"https:\/\/www.pethaus.fi\/index.php?rest_route=\/wp\/v2\/pages\/1886\/revisions\/1905"}],"wp:attachment":[{"href":"https:\/\/www.pethaus.fi\/index.php?rest_route=%2Fwp%2Fv2%2Fmedia&parent=1886"}],"curies":[{"name":"wp","href":"https:\/\/api.w.org\/{rel}","templated":true}]}}