{"id":1930,"date":"2026-04-07T15:54:01","date_gmt":"2026-04-07T15:54:01","guid":{"rendered":"https:\/\/www.pethaus.fi\/?page_id=1930"},"modified":"2026-04-07T15:54:02","modified_gmt":"2026-04-07T15:54:02","slug":"10-4-tantrajeesus-mutaset-kukat","status":"publish","type":"page","link":"https:\/\/www.pethaus.fi\/?page_id=1930","title":{"rendered":"10.4. Tantrajeesus, Mutaset Kukat"},"content":{"rendered":"\n<figure class=\"wp-block-image size-large\"><img fetchpriority=\"high\" decoding=\"async\" width=\"1024\" height=\"576\" src=\"https:\/\/www.pethaus.fi\/wp-content\/uploads\/2026\/04\/mutaset-1024x576.jpg\" alt=\"\" class=\"wp-image-1931\" srcset=\"https:\/\/www.pethaus.fi\/wp-content\/uploads\/2026\/04\/mutaset-1024x576.jpg 1024w, https:\/\/www.pethaus.fi\/wp-content\/uploads\/2026\/04\/mutaset-300x169.jpg 300w, https:\/\/www.pethaus.fi\/wp-content\/uploads\/2026\/04\/mutaset-768x432.jpg 768w, https:\/\/www.pethaus.fi\/wp-content\/uploads\/2026\/04\/mutaset-1536x864.jpg 1536w, https:\/\/www.pethaus.fi\/wp-content\/uploads\/2026\/04\/mutaset.jpg 1920w\" sizes=\"(max-width: 1024px) 100vw, 1024px\" \/><\/figure>\n\n\n\n<p>10.4. Pethausin lavalle astelevat Tantrajeesus ja Mutaset Kukat, vuorotellen ja edell\u00e4 mainitussa j\u00e4rjestyksess\u00e4. Kev\u00e4isen Pispalan ja rock&#8217;n&#8217;rollin taikaa luvassa&nbsp;<img decoding=\"async\" height=\"16\" width=\"16\" alt=\"\u2764\" src=\"https:\/\/static.xx.fbcdn.net\/images\/emoji.php\/v9\/ted\/2\/16\/2764.png\"><\/p>\n\n\n\n<p>Keikat alkavat klo 19.00.<\/p>\n\n\n\n<p>Vapaaehtoinen p\u00e4\u00e4symaksu 5-15e.<\/p>\n\n\n\n<p><strong>MUTASET KUKAT<\/strong><\/p>\n\n\n\n<p>Mutaset Kukat on vuodesta 2018 vaikuttanut tamperelainen viisihenkinen orkesteri, jonka genre on l\u00e4himp\u00e4n\u00e4 joko runollista alternative rockia tai shamaanipoppia. Kuulija p\u00e4\u00e4tt\u00e4\u00e4 itse!<\/p>\n\n\n\n<p>Mutaset Kukat julkaisee Takaisin Taoon-singlen 6.4. ja t\u00e4m\u00e4 keikka toimittaa sinkunjulkkarikeikan virkaa. Biisi on kuunneltavissa YouTubessa ja Spotifyssa.<\/p>\n\n\n\n<p><a href=\"https:\/\/www.youtube.com\/@mutasetkukat116?fbclid=IwZXh0bgNhZW0CMTAAYnJpZBExQWVDM0t6dEJtbUhwQnZ5V3NydGMGYXBwX2lkEDIyMjAzOTE3ODgyMDA4OTIAAR4nG3YUKKss7KKHH8RNr2z7N-1A_fS2GXAuM8abyOI142KegJa-Y1AEXnSjwA_aem_-2jc_AGd1y3P0lq8uYl4iA\" rel=\"noreferrer noopener\" target=\"_blank\">https:\/\/www.youtube.com\/@mutasetkukat116<\/a><br><a href=\"https:\/\/open.spotify.com\/artist\/0jU9C7AqvPP0zdmkSQ060a?fbclid=IwZXh0bgNhZW0CMTAAYnJpZBExQWVDM0t6dEJtbUhwQnZ5V3NydGMGYXBwX2lkEDIyMjAzOTE3ODgyMDA4OTIAAR66Lv14t4YFQiBXAYfQhhSsCHOv-PyvHQPtHW8Pq6o7Pd3Im0e769dNGxGJIg_aem_eqwe_UaMVyXYutbi-j-rJQ\" rel=\"noreferrer noopener\" target=\"_blank\">https:\/\/open.spotify.com\/artist\/0jU9C7AqvPP0zdmkSQ060a<\/a><\/p>\n\n\n\n<p><a href=\"https:\/\/www.facebook.com\/MutasetKukat\">https:\/\/www.facebook.com\/MutasetKukat<\/a><\/p>\n\n\n\n<p>Instagram: @mutasetkukatofficial<\/p>\n\n\n\n<p>TANTRAJEESUS<\/p>\n\n\n\n<p>Tantrajeesus on suomalainen rock-lahko. Keikoilla porukka vied\u00e4\u00e4n mukaan h\u00f6yrysaunailtojen tarinatuokioihin, baaritiski-filosofiaan ja h\u00e4m\u00e4r\u00e4\u00e4n henkisyyteen. Setti on enemm\u00e4n yhteis\u00f6llinen messu kuin siisti keikka: kitarat ulvovat, laulut raikuvat ja jokainen saa olla hetken pyh\u00e4 jyss\u00e4ys. Tantrajeesus on vahvistunut kanttorilla ja toisella mailalla. Sis\u00e4lt\u00e4\u00e4 vertauskuvallisia opetuksia.<\/p>\n\n\n\n<p><a href=\"https:\/\/l.facebook.com\/l.php?u=https%3A%2F%2Fwww.instagram.com%2Ftantrajeesus%2F%3Ffbclid%3DIwZXh0bgNhZW0CMTAAYnJpZBExQWVDM0t6dEJtbUhwQnZ5V3NydGMGYXBwX2lkEDIyMjAzOTE3ODgyMDA4OTIAAR5Uv6rFN7szID4vaqd32wIllbKnxA4Ah_sgRFO-kgLrkM6eVlxHqBPpUXIBdA_aem_yJNDiHqKfuFwUMBMCTyFPQ&amp;h=AT52EY1QdtPW2qJ0jrZL0DDZ1bY10tHSNqPuZ2kI3ZK7_zT85pcUNUgG42m31V00DSBdtlMFI1F82NBprvpToUVtrV5pkNBbkc6UW6T30GKZ7BBOpdv2hYPur15-hhkTtW2TduBc3Nmw7Clg&amp;__tn__=q&amp;c[0]=AT6TjxOy5Sl9iB-e756EnDfg9s39YPk6vIf7VXC3ujYS8HgVOxZZ4stJpGyyhrrXaB63rn7cROL6IMEKV3WglITQ6oQfNoxqdpRPua72MHC9NtzwlzifAFZ0o5O4OY6pJNdao6gWTXTtvPrbc6ojZB77ahAUutUYUas\" target=\"_blank\" rel=\"noreferrer noopener\">https:\/\/www.instagram.com\/tantrajeesus\/<\/a><br><a href=\"https:\/\/l.facebook.com\/l.php?u=https%3A%2F%2Fopen.spotify.com%2Fartist%2F5aPAtNU2f2MgrSW8IPZjen%3Fsi%3D_0v8l3QORgiF7cGv7Rxp%26fbclid%3DIwZXh0bgNhZW0CMTAAYnJpZBExQWVDM0t6dEJtbUhwQnZ5V3NydGMGYXBwX2lkEDIyMjAzOTE3ODgyMDA4OTIAAR7A_lcPz1VZJgIZaVBv-NrGOB22apXgQEyXewFZNKsF375C1Jw4KlZuS1G28A_aem_VHa0J2Ggvs8tADpwuolz1Q&amp;h=AT5RpbSyfxg_u73uAwc5i0CyY73ElZ1haeXw7w7cp92phh7107-M1M8XEZuitgXChuyqmy1hy0VMcNItIGZ2rh_zfJ4bWfY9EE2nDTuyUKIBtyIk2q5AkwTf54e_EFkvFetp3oOFLZoi0yRP&amp;__tn__=q&amp;c[0]=AT6TjxOy5Sl9iB-e756EnDfg9s39YPk6vIf7VXC3ujYS8HgVOxZZ4stJpGyyhrrXaB63rn7cROL6IMEKV3WglITQ6oQfNoxqdpRPua72MHC9NtzwlzifAFZ0o5O4OY6pJNdao6gWTXTtvPrbc6ojZB77ahAUutUYUas\" target=\"_blank\" rel=\"noreferrer noopener\">https:\/\/open.spotify.com\/artist\/5aPAtNU2f2MgrSW8IPZjen\u2026<\/a>\u00a0<br><a href=\"https:\/\/www.facebook.com\/profile.php?id=100089759557575&amp;__cft__[0]=AZZl6gdCigzkY5o5hLRbvNDEbdlScrKumzhSY5RNVHQxrfDQlPHM4xSnTJ5-oQIGV7DJBIwnzsvyd69po6jviJq6H3uRKeZJXYILdMDPOSIbO5dDzZq7QhGjVNNTJkuFnjaj0NxoCIOK23PLolZKu8sw&amp;__tn__=q\">https:\/\/www.facebook.com\/profile.php?id=100089759557575<\/a><\/p>\n\n\n\n<hr class=\"wp-block-separator has-alpha-channel-opacity\"\/>\n\n\n\n<p>PETHAUS \u2013 Tila taiteelle ja musiikille<\/p>\n\n\n\n<p>Pethaus ry yll\u00e4pit\u00e4\u00e4 vapaaehtoisvoimin kulttuuritilaa Tampereen historiallisessa Pispalassa. Tarjoamme alustan artisteille ja yleis\u00f6ille, jotka toimivat valtavirran ulkopuolella tai sen laitamilla. Pethausiin on helppo tulla \u2013 sijaitsemme huippuluokan kulkuyhteyksien varrella, ja meille p\u00e4\u00e4see vaivatta niin bussilla kuin ratikallakin.<\/p>\n","protected":false},"excerpt":{"rendered":"<p>10.4. Pethausin lavalle astelevat Tantrajeesus ja Mutaset Kukat, vuorotellen ja edell\u00e4 mainitussa j\u00e4rjestyksess\u00e4. Kev\u00e4isen Pispalan ja rock&#8217;n&#8217;rollin taikaa luvassa&nbsp; Keikat alkavat klo 19.00. Vapaaehtoinen p\u00e4\u00e4symaksu 5-15e. MUTASET KUKAT Mutaset Kukat on vuodesta 2018 vaikuttanut tamperelainen viisihenkinen orkesteri, jonka genre on l\u00e4himp\u00e4n\u00e4 joko runollista alternative rockia tai shamaanipoppia. Kuulija p\u00e4\u00e4tt\u00e4\u00e4 itse! Mutaset Kukat julkaisee Takaisin Taoon-singlen &#8230; <a title=\"10.4. Tantrajeesus, Mutaset Kukat\" class=\"read-more\" href=\"https:\/\/www.pethaus.fi\/?page_id=1930\">Read more<span class=\"screen-reader-text\">10.4. Tantrajeesus, Mutaset Kukat<\/span><\/a><\/p>\n","protected":false},"author":1,"featured_media":0,"parent":0,"menu_order":0,"comment_status":"closed","ping_status":"closed","template":"","meta":{"footnotes":""},"class_list":["post-1930","page","type-page","status-publish"],"yoast_head":"<!-- This site is optimized with the Yoast SEO plugin v27.5 - https:\/\/yoast.com\/product\/yoast-seo-wordpress\/ -->\n<title>10.4. Tantrajeesus, Mutaset Kukat - Pethaus<\/title>\n<meta name=\"robots\" content=\"noindex, follow\" \/>\n<meta property=\"og:locale\" content=\"fi_FI\" \/>\n<meta property=\"og:type\" content=\"article\" \/>\n<meta property=\"og:title\" content=\"10.4. Tantrajeesus, Mutaset Kukat - Pethaus\" \/>\n<meta property=\"og:description\" content=\"10.4. Pethausin lavalle astelevat Tantrajeesus ja Mutaset Kukat, vuorotellen ja edell\u00e4 mainitussa j\u00e4rjestyksess\u00e4. Kev\u00e4isen Pispalan ja rock&#8217;n&#8217;rollin taikaa luvassa&nbsp; Keikat alkavat klo 19.00. Vapaaehtoinen p\u00e4\u00e4symaksu 5-15e. MUTASET KUKAT Mutaset Kukat on vuodesta 2018 vaikuttanut tamperelainen viisihenkinen orkesteri, jonka genre on l\u00e4himp\u00e4n\u00e4 joko runollista alternative rockia tai shamaanipoppia. Kuulija p\u00e4\u00e4tt\u00e4\u00e4 itse! Mutaset Kukat julkaisee Takaisin Taoon-singlen ... Read more10.4. Tantrajeesus, Mutaset Kukat\" \/>\n<meta property=\"og:url\" content=\"https:\/\/www.pethaus.fi\/?page_id=1930\" \/>\n<meta property=\"og:site_name\" content=\"Pethaus\" \/>\n<meta property=\"article:publisher\" content=\"https:\/\/www.facebook.com\/p\/Pethaus-Ry-100091916868701\/\" \/>\n<meta property=\"article:modified_time\" content=\"2026-04-07T15:54:02+00:00\" \/>\n<meta property=\"og:image\" content=\"https:\/\/www.pethaus.fi\/wp-content\/uploads\/2026\/04\/mutaset.jpg\" \/>\n\t<meta property=\"og:image:width\" content=\"1920\" \/>\n\t<meta property=\"og:image:height\" content=\"1080\" \/>\n\t<meta property=\"og:image:type\" content=\"image\/jpeg\" \/>\n<meta name=\"twitter:card\" content=\"summary_large_image\" \/>\n<meta name=\"twitter:label1\" content=\"Arvioitu lukuaika\" \/>\n\t<meta name=\"twitter:data1\" content=\"2 minuuttia\" \/>\n<script type=\"application\/ld+json\" class=\"yoast-schema-graph\">{\"@context\":\"https:\\\/\\\/schema.org\",\"@graph\":[{\"@type\":\"WebPage\",\"@id\":\"https:\\\/\\\/www.pethaus.fi\\\/?page_id=1930\",\"url\":\"https:\\\/\\\/www.pethaus.fi\\\/?page_id=1930\",\"name\":\"10.4. Tantrajeesus, Mutaset Kukat - Pethaus\",\"isPartOf\":{\"@id\":\"https:\\\/\\\/www.pethaus.fi\\\/#website\"},\"primaryImageOfPage\":{\"@id\":\"https:\\\/\\\/www.pethaus.fi\\\/?page_id=1930#primaryimage\"},\"image\":{\"@id\":\"https:\\\/\\\/www.pethaus.fi\\\/?page_id=1930#primaryimage\"},\"thumbnailUrl\":\"https:\\\/\\\/www.pethaus.fi\\\/wp-content\\\/uploads\\\/2026\\\/04\\\/mutaset-1024x576.jpg\",\"datePublished\":\"2026-04-07T15:54:01+00:00\",\"dateModified\":\"2026-04-07T15:54:02+00:00\",\"breadcrumb\":{\"@id\":\"https:\\\/\\\/www.pethaus.fi\\\/?page_id=1930#breadcrumb\"},\"inLanguage\":\"fi\",\"potentialAction\":[{\"@type\":\"ReadAction\",\"target\":[\"https:\\\/\\\/www.pethaus.fi\\\/?page_id=1930\"]}]},{\"@type\":\"ImageObject\",\"inLanguage\":\"fi\",\"@id\":\"https:\\\/\\\/www.pethaus.fi\\\/?page_id=1930#primaryimage\",\"url\":\"https:\\\/\\\/www.pethaus.fi\\\/wp-content\\\/uploads\\\/2026\\\/04\\\/mutaset.jpg\",\"contentUrl\":\"https:\\\/\\\/www.pethaus.fi\\\/wp-content\\\/uploads\\\/2026\\\/04\\\/mutaset.jpg\",\"width\":1920,\"height\":1080},{\"@type\":\"BreadcrumbList\",\"@id\":\"https:\\\/\\\/www.pethaus.fi\\\/?page_id=1930#breadcrumb\",\"itemListElement\":[{\"@type\":\"ListItem\",\"position\":1,\"name\":\"Etusivu\",\"item\":\"https:\\\/\\\/www.pethaus.fi\\\/\"},{\"@type\":\"ListItem\",\"position\":2,\"name\":\"10.4. Tantrajeesus, Mutaset Kukat\"}]},{\"@type\":\"WebSite\",\"@id\":\"https:\\\/\\\/www.pethaus.fi\\\/#website\",\"url\":\"https:\\\/\\\/www.pethaus.fi\\\/\",\"name\":\"Pethaus\",\"description\":\"Tamperelainen matalan kynnyksen kulttuuritila.\",\"publisher\":{\"@id\":\"https:\\\/\\\/www.pethaus.fi\\\/#organization\"},\"alternateName\":\"Tamperelainen matalan kynnyksen kulttuuritila.\",\"potentialAction\":[{\"@type\":\"SearchAction\",\"target\":{\"@type\":\"EntryPoint\",\"urlTemplate\":\"https:\\\/\\\/www.pethaus.fi\\\/?s={search_term_string}\"},\"query-input\":{\"@type\":\"PropertyValueSpecification\",\"valueRequired\":true,\"valueName\":\"search_term_string\"}}],\"inLanguage\":\"fi\"},{\"@type\":\"Organization\",\"@id\":\"https:\\\/\\\/www.pethaus.fi\\\/#organization\",\"name\":\"Pethaus\",\"url\":\"https:\\\/\\\/www.pethaus.fi\\\/\",\"logo\":{\"@type\":\"ImageObject\",\"inLanguage\":\"fi\",\"@id\":\"https:\\\/\\\/www.pethaus.fi\\\/#\\\/schema\\\/logo\\\/image\\\/\",\"url\":\"https:\\\/\\\/www.pethaus.fi\\\/wp-content\\\/uploads\\\/2024\\\/04\\\/cropped-pethaus-logo.jpg\",\"contentUrl\":\"https:\\\/\\\/www.pethaus.fi\\\/wp-content\\\/uploads\\\/2024\\\/04\\\/cropped-pethaus-logo.jpg\",\"width\":512,\"height\":512,\"caption\":\"Pethaus\"},\"image\":{\"@id\":\"https:\\\/\\\/www.pethaus.fi\\\/#\\\/schema\\\/logo\\\/image\\\/\"},\"sameAs\":[\"https:\\\/\\\/www.facebook.com\\\/p\\\/Pethaus-Ry-100091916868701\\\/\",\"https:\\\/\\\/www.instagram.com\\\/pethaus_ry\\\/?hl=fi\"]}]}<\/script>\n<!-- \/ Yoast SEO plugin. -->","yoast_head_json":{"title":"10.4. Tantrajeesus, Mutaset Kukat - Pethaus","robots":{"index":"noindex","follow":"follow"},"og_locale":"fi_FI","og_type":"article","og_title":"10.4. Tantrajeesus, Mutaset Kukat - Pethaus","og_description":"10.4. Pethausin lavalle astelevat Tantrajeesus ja Mutaset Kukat, vuorotellen ja edell\u00e4 mainitussa j\u00e4rjestyksess\u00e4. Kev\u00e4isen Pispalan ja rock&#8217;n&#8217;rollin taikaa luvassa&nbsp; Keikat alkavat klo 19.00. Vapaaehtoinen p\u00e4\u00e4symaksu 5-15e. MUTASET KUKAT Mutaset Kukat on vuodesta 2018 vaikuttanut tamperelainen viisihenkinen orkesteri, jonka genre on l\u00e4himp\u00e4n\u00e4 joko runollista alternative rockia tai shamaanipoppia. Kuulija p\u00e4\u00e4tt\u00e4\u00e4 itse! Mutaset Kukat julkaisee Takaisin Taoon-singlen ... Read more10.4. Tantrajeesus, Mutaset Kukat","og_url":"https:\/\/www.pethaus.fi\/?page_id=1930","og_site_name":"Pethaus","article_publisher":"https:\/\/www.facebook.com\/p\/Pethaus-Ry-100091916868701\/","article_modified_time":"2026-04-07T15:54:02+00:00","og_image":[{"width":1920,"height":1080,"url":"https:\/\/www.pethaus.fi\/wp-content\/uploads\/2026\/04\/mutaset.jpg","type":"image\/jpeg"}],"twitter_card":"summary_large_image","twitter_misc":{"Arvioitu lukuaika":"2 minuuttia"},"schema":{"@context":"https:\/\/schema.org","@graph":[{"@type":"WebPage","@id":"https:\/\/www.pethaus.fi\/?page_id=1930","url":"https:\/\/www.pethaus.fi\/?page_id=1930","name":"10.4. Tantrajeesus, Mutaset Kukat - Pethaus","isPartOf":{"@id":"https:\/\/www.pethaus.fi\/#website"},"primaryImageOfPage":{"@id":"https:\/\/www.pethaus.fi\/?page_id=1930#primaryimage"},"image":{"@id":"https:\/\/www.pethaus.fi\/?page_id=1930#primaryimage"},"thumbnailUrl":"https:\/\/www.pethaus.fi\/wp-content\/uploads\/2026\/04\/mutaset-1024x576.jpg","datePublished":"2026-04-07T15:54:01+00:00","dateModified":"2026-04-07T15:54:02+00:00","breadcrumb":{"@id":"https:\/\/www.pethaus.fi\/?page_id=1930#breadcrumb"},"inLanguage":"fi","potentialAction":[{"@type":"ReadAction","target":["https:\/\/www.pethaus.fi\/?page_id=1930"]}]},{"@type":"ImageObject","inLanguage":"fi","@id":"https:\/\/www.pethaus.fi\/?page_id=1930#primaryimage","url":"https:\/\/www.pethaus.fi\/wp-content\/uploads\/2026\/04\/mutaset.jpg","contentUrl":"https:\/\/www.pethaus.fi\/wp-content\/uploads\/2026\/04\/mutaset.jpg","width":1920,"height":1080},{"@type":"BreadcrumbList","@id":"https:\/\/www.pethaus.fi\/?page_id=1930#breadcrumb","itemListElement":[{"@type":"ListItem","position":1,"name":"Etusivu","item":"https:\/\/www.pethaus.fi\/"},{"@type":"ListItem","position":2,"name":"10.4. Tantrajeesus, Mutaset Kukat"}]},{"@type":"WebSite","@id":"https:\/\/www.pethaus.fi\/#website","url":"https:\/\/www.pethaus.fi\/","name":"Pethaus","description":"Tamperelainen matalan kynnyksen kulttuuritila.","publisher":{"@id":"https:\/\/www.pethaus.fi\/#organization"},"alternateName":"Tamperelainen matalan kynnyksen kulttuuritila.","potentialAction":[{"@type":"SearchAction","target":{"@type":"EntryPoint","urlTemplate":"https:\/\/www.pethaus.fi\/?s={search_term_string}"},"query-input":{"@type":"PropertyValueSpecification","valueRequired":true,"valueName":"search_term_string"}}],"inLanguage":"fi"},{"@type":"Organization","@id":"https:\/\/www.pethaus.fi\/#organization","name":"Pethaus","url":"https:\/\/www.pethaus.fi\/","logo":{"@type":"ImageObject","inLanguage":"fi","@id":"https:\/\/www.pethaus.fi\/#\/schema\/logo\/image\/","url":"https:\/\/www.pethaus.fi\/wp-content\/uploads\/2024\/04\/cropped-pethaus-logo.jpg","contentUrl":"https:\/\/www.pethaus.fi\/wp-content\/uploads\/2024\/04\/cropped-pethaus-logo.jpg","width":512,"height":512,"caption":"Pethaus"},"image":{"@id":"https:\/\/www.pethaus.fi\/#\/schema\/logo\/image\/"},"sameAs":["https:\/\/www.facebook.com\/p\/Pethaus-Ry-100091916868701\/","https:\/\/www.instagram.com\/pethaus_ry\/?hl=fi"]}]}},"jetpack_sharing_enabled":true,"_links":{"self":[{"href":"https:\/\/www.pethaus.fi\/index.php?rest_route=\/wp\/v2\/pages\/1930","targetHints":{"allow":["GET"]}}],"collection":[{"href":"https:\/\/www.pethaus.fi\/index.php?rest_route=\/wp\/v2\/pages"}],"about":[{"href":"https:\/\/www.pethaus.fi\/index.php?rest_route=\/wp\/v2\/types\/page"}],"author":[{"embeddable":true,"href":"https:\/\/www.pethaus.fi\/index.php?rest_route=\/wp\/v2\/users\/1"}],"replies":[{"embeddable":true,"href":"https:\/\/www.pethaus.fi\/index.php?rest_route=%2Fwp%2Fv2%2Fcomments&post=1930"}],"version-history":[{"count":1,"href":"https:\/\/www.pethaus.fi\/index.php?rest_route=\/wp\/v2\/pages\/1930\/revisions"}],"predecessor-version":[{"id":1932,"href":"https:\/\/www.pethaus.fi\/index.php?rest_route=\/wp\/v2\/pages\/1930\/revisions\/1932"}],"wp:attachment":[{"href":"https:\/\/www.pethaus.fi\/index.php?rest_route=%2Fwp%2Fv2%2Fmedia&parent=1930"}],"curies":[{"name":"wp","href":"https:\/\/api.w.org\/{rel}","templated":true}]}}