{"id":1934,"date":"2026-04-07T15:59:43","date_gmt":"2026-04-07T15:59:43","guid":{"rendered":"https:\/\/www.pethaus.fi\/?page_id=1934"},"modified":"2026-04-07T15:59:45","modified_gmt":"2026-04-07T15:59:45","slug":"11-4-anemones-moonwards-uhrisavu","status":"publish","type":"page","link":"https:\/\/www.pethaus.fi\/?page_id=1934","title":{"rendered":"11.4. Anemones, Moonwards, Uhrisavu"},"content":{"rendered":"\n<figure class=\"wp-block-image size-large\"><img fetchpriority=\"high\" decoding=\"async\" width=\"1024\" height=\"536\" src=\"https:\/\/www.pethaus.fi\/wp-content\/uploads\/2026\/04\/uhrisavu-1024x536.jpg\" alt=\"\" class=\"wp-image-1935\" srcset=\"https:\/\/www.pethaus.fi\/wp-content\/uploads\/2026\/04\/uhrisavu-1024x536.jpg 1024w, https:\/\/www.pethaus.fi\/wp-content\/uploads\/2026\/04\/uhrisavu-300x157.jpg 300w, https:\/\/www.pethaus.fi\/wp-content\/uploads\/2026\/04\/uhrisavu-768x402.jpg 768w, https:\/\/www.pethaus.fi\/wp-content\/uploads\/2026\/04\/uhrisavu-1536x804.jpg 1536w, https:\/\/www.pethaus.fi\/wp-content\/uploads\/2026\/04\/uhrisavu.jpg 2048w\" sizes=\"(max-width: 1024px) 100vw, 1024px\" \/><\/figure>\n\n\n\n<p>Lauantaina 11.4. Pispalan Pethausin lavalle astelevat yhtyeet Moonwards (HKI), Anemones (TRE\/HKI) sek\u00e4 Uhrisavu (TRE).<\/p>\n\n\n\n<p>Tervetuloa!<\/p>\n\n\n\n<p><strong>Omavalintainen p\u00e4\u00e4symaksu 5-15\u20ac kolehtiin k\u00e4teisell\u00e4 tai MobilePaylla. Omat juomat sallittu.<\/strong><\/p>\n\n\n\n<p><strong>Aikataulu:<\/strong><\/p>\n\n\n\n<p><strong>18.30 Doors<br>19.00 Anemones<br>20.00 Moonwards<br>21.00 Uhrisavu<\/strong><\/p>\n\n\n\n<p><img decoding=\"async\" height=\"16\" width=\"16\" alt=\"\ud83d\udca5\" src=\"https:\/\/static.xx.fbcdn.net\/images\/emoji.php\/v9\/tdf\/2\/16\/1f4a5.png\">&nbsp;Moonwards on helsinkil\u00e4isyhtye, jonka tummas\u00e4vyinen ja melodinen soundi liikkuu melankolian, nostalgian ja jatkuvan kaipuun s\u00e4vyiss\u00e4. Yhtyeen musiikki ammentaa 1980\u201390-lukujen vaihtoehtorockista, shoegazesta ja new wavesta, yhdist\u00e4en s\u00e4r\u00f6n ja herkkyyden intensiiviseksi livekokemukseksi. Yhtyeen kaksi EP:t\u00e4 \u201cMoonwards\u201d (2024) sek\u00e4 \u201cMoonwards II\u201d (2025) l\u00f6ysiv\u00e4t nopeasti kuulijansa niin kotimaisen vaihtoehtomusiikin undergroundissa, kuin my\u00f6s osana elinvoimaista shoegaze-skene\u00e4 ulkomaillakin . Moonwards ty\u00f6st\u00e4\u00e4 parhaillaan uutta materiaalia, jota p\u00e4\u00e4st\u00e4\u00e4n kuulemaan viel\u00e4 t\u00e4n\u00e4 kev\u00e4\u00e4n\u00e4.<\/p>\n\n\n\n<p><a href=\"https:\/\/linktr.ee\/moonwardsband\">https:\/\/linktr.ee\/moonwardsband<\/a><\/p>\n\n\n\n<p><img decoding=\"async\" height=\"16\" width=\"16\" alt=\"\ud83d\udca5\" src=\"https:\/\/static.xx.fbcdn.net\/images\/emoji.php\/v9\/tdf\/2\/16\/1f4a5.png\">&nbsp;Anemones liikkuu indien ja taiderockin rajamailla ammentaen inspiraatiota 90-luvun vaihtoehtob\u00e4ndeist\u00e4. Yhtyeen keski\u00f6ss\u00e4 on laulu, jossa intensiivinen voima ja herkkyys kietoutuvat yhteen. Kappaleiden dynamiikka el\u00e4\u00e4 jatkuvassa liikkeess\u00e4: kirkas ja ilmava sointi voi kasvaa hetkess\u00e4 progressiivisiin mittoihin. Keikoilla Anemones rakentaa vahvan tunnelman, jossa hiljaiset hetket ja \u00e4killiset purkaukset imev\u00e4t yleis\u00f6n mukaansa. Muutamien singlejulkaisujen my\u00f6t\u00e4 b\u00e4ndi on jo hahmottanut maailmansa ja ty\u00f6st\u00e4\u00e4 parhaillaan pitk\u00e4soittoaan, joka tulee ulos kes\u00e4ll\u00e4 2026.<\/p>\n\n\n\n<p><a href=\"https:\/\/linktr.ee\/thetrueanemonesband\">https:\/\/linktr.ee\/thetrueanemonesband<\/a><\/p>\n\n\n\n<p><img decoding=\"async\" height=\"16\" width=\"16\" alt=\"\ud83d\udca5\" src=\"https:\/\/static.xx.fbcdn.net\/images\/emoji.php\/v9\/tdf\/2\/16\/1f4a5.png\">&nbsp;Uhrisavu: 80&#8217;s inspired melodic darkwave from Tampere.<\/p>\n\n\n\n<p><a href=\"https:\/\/linktr.ee\/uhrisavu\">https:\/\/linktr.ee\/uhrisavu<\/a><\/p>\n","protected":false},"excerpt":{"rendered":"<p>Lauantaina 11.4. Pispalan Pethausin lavalle astelevat yhtyeet Moonwards (HKI), Anemones (TRE\/HKI) sek\u00e4 Uhrisavu (TRE). Tervetuloa! Omavalintainen p\u00e4\u00e4symaksu 5-15\u20ac kolehtiin k\u00e4teisell\u00e4 tai MobilePaylla. Omat juomat sallittu. Aikataulu: 18.30 Doors19.00 Anemones20.00 Moonwards21.00 Uhrisavu &nbsp;Moonwards on helsinkil\u00e4isyhtye, jonka tummas\u00e4vyinen ja melodinen soundi liikkuu melankolian, nostalgian ja jatkuvan kaipuun s\u00e4vyiss\u00e4. Yhtyeen musiikki ammentaa 1980\u201390-lukujen vaihtoehtorockista, shoegazesta ja new wavesta, &#8230; <a title=\"11.4. Anemones, Moonwards, Uhrisavu\" class=\"read-more\" href=\"https:\/\/www.pethaus.fi\/?page_id=1934\">Read more<span class=\"screen-reader-text\">11.4. Anemones, Moonwards, Uhrisavu<\/span><\/a><\/p>\n","protected":false},"author":1,"featured_media":0,"parent":0,"menu_order":0,"comment_status":"closed","ping_status":"closed","template":"","meta":{"footnotes":""},"class_list":["post-1934","page","type-page","status-publish"],"yoast_head":"<!-- This site is optimized with the Yoast SEO plugin v27.5 - https:\/\/yoast.com\/product\/yoast-seo-wordpress\/ -->\n<title>11.4. Anemones, Moonwards, Uhrisavu - Pethaus<\/title>\n<meta name=\"robots\" content=\"noindex, follow\" \/>\n<meta property=\"og:locale\" content=\"fi_FI\" \/>\n<meta property=\"og:type\" content=\"article\" \/>\n<meta property=\"og:title\" content=\"11.4. Anemones, Moonwards, Uhrisavu - Pethaus\" \/>\n<meta property=\"og:description\" content=\"Lauantaina 11.4. Pispalan Pethausin lavalle astelevat yhtyeet Moonwards (HKI), Anemones (TRE\/HKI) sek\u00e4 Uhrisavu (TRE). Tervetuloa! Omavalintainen p\u00e4\u00e4symaksu 5-15\u20ac kolehtiin k\u00e4teisell\u00e4 tai MobilePaylla. Omat juomat sallittu. Aikataulu: 18.30 Doors19.00 Anemones20.00 Moonwards21.00 Uhrisavu &nbsp;Moonwards on helsinkil\u00e4isyhtye, jonka tummas\u00e4vyinen ja melodinen soundi liikkuu melankolian, nostalgian ja jatkuvan kaipuun s\u00e4vyiss\u00e4. Yhtyeen musiikki ammentaa 1980\u201390-lukujen vaihtoehtorockista, shoegazesta ja new wavesta, ... Read more11.4. Anemones, Moonwards, Uhrisavu\" \/>\n<meta property=\"og:url\" content=\"https:\/\/www.pethaus.fi\/?page_id=1934\" \/>\n<meta property=\"og:site_name\" content=\"Pethaus\" \/>\n<meta property=\"article:publisher\" content=\"https:\/\/www.facebook.com\/p\/Pethaus-Ry-100091916868701\/\" \/>\n<meta property=\"article:modified_time\" content=\"2026-04-07T15:59:45+00:00\" \/>\n<meta property=\"og:image\" content=\"https:\/\/www.pethaus.fi\/wp-content\/uploads\/2026\/04\/uhrisavu.jpg\" \/>\n\t<meta property=\"og:image:width\" content=\"2048\" \/>\n\t<meta property=\"og:image:height\" content=\"1072\" \/>\n\t<meta property=\"og:image:type\" content=\"image\/jpeg\" \/>\n<meta name=\"twitter:card\" content=\"summary_large_image\" \/>\n<meta name=\"twitter:label1\" content=\"Arvioitu lukuaika\" \/>\n\t<meta name=\"twitter:data1\" content=\"2 minuuttia\" \/>\n<script type=\"application\/ld+json\" class=\"yoast-schema-graph\">{\"@context\":\"https:\\\/\\\/schema.org\",\"@graph\":[{\"@type\":\"WebPage\",\"@id\":\"https:\\\/\\\/www.pethaus.fi\\\/?page_id=1934\",\"url\":\"https:\\\/\\\/www.pethaus.fi\\\/?page_id=1934\",\"name\":\"11.4. Anemones, Moonwards, Uhrisavu - Pethaus\",\"isPartOf\":{\"@id\":\"https:\\\/\\\/www.pethaus.fi\\\/#website\"},\"primaryImageOfPage\":{\"@id\":\"https:\\\/\\\/www.pethaus.fi\\\/?page_id=1934#primaryimage\"},\"image\":{\"@id\":\"https:\\\/\\\/www.pethaus.fi\\\/?page_id=1934#primaryimage\"},\"thumbnailUrl\":\"https:\\\/\\\/www.pethaus.fi\\\/wp-content\\\/uploads\\\/2026\\\/04\\\/uhrisavu-1024x536.jpg\",\"datePublished\":\"2026-04-07T15:59:43+00:00\",\"dateModified\":\"2026-04-07T15:59:45+00:00\",\"breadcrumb\":{\"@id\":\"https:\\\/\\\/www.pethaus.fi\\\/?page_id=1934#breadcrumb\"},\"inLanguage\":\"fi\",\"potentialAction\":[{\"@type\":\"ReadAction\",\"target\":[\"https:\\\/\\\/www.pethaus.fi\\\/?page_id=1934\"]}]},{\"@type\":\"ImageObject\",\"inLanguage\":\"fi\",\"@id\":\"https:\\\/\\\/www.pethaus.fi\\\/?page_id=1934#primaryimage\",\"url\":\"https:\\\/\\\/www.pethaus.fi\\\/wp-content\\\/uploads\\\/2026\\\/04\\\/uhrisavu.jpg\",\"contentUrl\":\"https:\\\/\\\/www.pethaus.fi\\\/wp-content\\\/uploads\\\/2026\\\/04\\\/uhrisavu.jpg\",\"width\":2048,\"height\":1072},{\"@type\":\"BreadcrumbList\",\"@id\":\"https:\\\/\\\/www.pethaus.fi\\\/?page_id=1934#breadcrumb\",\"itemListElement\":[{\"@type\":\"ListItem\",\"position\":1,\"name\":\"Etusivu\",\"item\":\"https:\\\/\\\/www.pethaus.fi\\\/\"},{\"@type\":\"ListItem\",\"position\":2,\"name\":\"11.4. Anemones, Moonwards, Uhrisavu\"}]},{\"@type\":\"WebSite\",\"@id\":\"https:\\\/\\\/www.pethaus.fi\\\/#website\",\"url\":\"https:\\\/\\\/www.pethaus.fi\\\/\",\"name\":\"Pethaus\",\"description\":\"Tamperelainen matalan kynnyksen kulttuuritila.\",\"publisher\":{\"@id\":\"https:\\\/\\\/www.pethaus.fi\\\/#organization\"},\"alternateName\":\"Tamperelainen matalan kynnyksen kulttuuritila.\",\"potentialAction\":[{\"@type\":\"SearchAction\",\"target\":{\"@type\":\"EntryPoint\",\"urlTemplate\":\"https:\\\/\\\/www.pethaus.fi\\\/?s={search_term_string}\"},\"query-input\":{\"@type\":\"PropertyValueSpecification\",\"valueRequired\":true,\"valueName\":\"search_term_string\"}}],\"inLanguage\":\"fi\"},{\"@type\":\"Organization\",\"@id\":\"https:\\\/\\\/www.pethaus.fi\\\/#organization\",\"name\":\"Pethaus\",\"url\":\"https:\\\/\\\/www.pethaus.fi\\\/\",\"logo\":{\"@type\":\"ImageObject\",\"inLanguage\":\"fi\",\"@id\":\"https:\\\/\\\/www.pethaus.fi\\\/#\\\/schema\\\/logo\\\/image\\\/\",\"url\":\"https:\\\/\\\/www.pethaus.fi\\\/wp-content\\\/uploads\\\/2024\\\/04\\\/cropped-pethaus-logo.jpg\",\"contentUrl\":\"https:\\\/\\\/www.pethaus.fi\\\/wp-content\\\/uploads\\\/2024\\\/04\\\/cropped-pethaus-logo.jpg\",\"width\":512,\"height\":512,\"caption\":\"Pethaus\"},\"image\":{\"@id\":\"https:\\\/\\\/www.pethaus.fi\\\/#\\\/schema\\\/logo\\\/image\\\/\"},\"sameAs\":[\"https:\\\/\\\/www.facebook.com\\\/p\\\/Pethaus-Ry-100091916868701\\\/\",\"https:\\\/\\\/www.instagram.com\\\/pethaus_ry\\\/?hl=fi\"]}]}<\/script>\n<!-- \/ Yoast SEO plugin. -->","yoast_head_json":{"title":"11.4. Anemones, Moonwards, Uhrisavu - Pethaus","robots":{"index":"noindex","follow":"follow"},"og_locale":"fi_FI","og_type":"article","og_title":"11.4. Anemones, Moonwards, Uhrisavu - Pethaus","og_description":"Lauantaina 11.4. Pispalan Pethausin lavalle astelevat yhtyeet Moonwards (HKI), Anemones (TRE\/HKI) sek\u00e4 Uhrisavu (TRE). Tervetuloa! Omavalintainen p\u00e4\u00e4symaksu 5-15\u20ac kolehtiin k\u00e4teisell\u00e4 tai MobilePaylla. Omat juomat sallittu. Aikataulu: 18.30 Doors19.00 Anemones20.00 Moonwards21.00 Uhrisavu &nbsp;Moonwards on helsinkil\u00e4isyhtye, jonka tummas\u00e4vyinen ja melodinen soundi liikkuu melankolian, nostalgian ja jatkuvan kaipuun s\u00e4vyiss\u00e4. Yhtyeen musiikki ammentaa 1980\u201390-lukujen vaihtoehtorockista, shoegazesta ja new wavesta, ... Read more11.4. Anemones, Moonwards, Uhrisavu","og_url":"https:\/\/www.pethaus.fi\/?page_id=1934","og_site_name":"Pethaus","article_publisher":"https:\/\/www.facebook.com\/p\/Pethaus-Ry-100091916868701\/","article_modified_time":"2026-04-07T15:59:45+00:00","og_image":[{"width":2048,"height":1072,"url":"https:\/\/www.pethaus.fi\/wp-content\/uploads\/2026\/04\/uhrisavu.jpg","type":"image\/jpeg"}],"twitter_card":"summary_large_image","twitter_misc":{"Arvioitu lukuaika":"2 minuuttia"},"schema":{"@context":"https:\/\/schema.org","@graph":[{"@type":"WebPage","@id":"https:\/\/www.pethaus.fi\/?page_id=1934","url":"https:\/\/www.pethaus.fi\/?page_id=1934","name":"11.4. Anemones, Moonwards, Uhrisavu - Pethaus","isPartOf":{"@id":"https:\/\/www.pethaus.fi\/#website"},"primaryImageOfPage":{"@id":"https:\/\/www.pethaus.fi\/?page_id=1934#primaryimage"},"image":{"@id":"https:\/\/www.pethaus.fi\/?page_id=1934#primaryimage"},"thumbnailUrl":"https:\/\/www.pethaus.fi\/wp-content\/uploads\/2026\/04\/uhrisavu-1024x536.jpg","datePublished":"2026-04-07T15:59:43+00:00","dateModified":"2026-04-07T15:59:45+00:00","breadcrumb":{"@id":"https:\/\/www.pethaus.fi\/?page_id=1934#breadcrumb"},"inLanguage":"fi","potentialAction":[{"@type":"ReadAction","target":["https:\/\/www.pethaus.fi\/?page_id=1934"]}]},{"@type":"ImageObject","inLanguage":"fi","@id":"https:\/\/www.pethaus.fi\/?page_id=1934#primaryimage","url":"https:\/\/www.pethaus.fi\/wp-content\/uploads\/2026\/04\/uhrisavu.jpg","contentUrl":"https:\/\/www.pethaus.fi\/wp-content\/uploads\/2026\/04\/uhrisavu.jpg","width":2048,"height":1072},{"@type":"BreadcrumbList","@id":"https:\/\/www.pethaus.fi\/?page_id=1934#breadcrumb","itemListElement":[{"@type":"ListItem","position":1,"name":"Etusivu","item":"https:\/\/www.pethaus.fi\/"},{"@type":"ListItem","position":2,"name":"11.4. Anemones, Moonwards, Uhrisavu"}]},{"@type":"WebSite","@id":"https:\/\/www.pethaus.fi\/#website","url":"https:\/\/www.pethaus.fi\/","name":"Pethaus","description":"Tamperelainen matalan kynnyksen kulttuuritila.","publisher":{"@id":"https:\/\/www.pethaus.fi\/#organization"},"alternateName":"Tamperelainen matalan kynnyksen kulttuuritila.","potentialAction":[{"@type":"SearchAction","target":{"@type":"EntryPoint","urlTemplate":"https:\/\/www.pethaus.fi\/?s={search_term_string}"},"query-input":{"@type":"PropertyValueSpecification","valueRequired":true,"valueName":"search_term_string"}}],"inLanguage":"fi"},{"@type":"Organization","@id":"https:\/\/www.pethaus.fi\/#organization","name":"Pethaus","url":"https:\/\/www.pethaus.fi\/","logo":{"@type":"ImageObject","inLanguage":"fi","@id":"https:\/\/www.pethaus.fi\/#\/schema\/logo\/image\/","url":"https:\/\/www.pethaus.fi\/wp-content\/uploads\/2024\/04\/cropped-pethaus-logo.jpg","contentUrl":"https:\/\/www.pethaus.fi\/wp-content\/uploads\/2024\/04\/cropped-pethaus-logo.jpg","width":512,"height":512,"caption":"Pethaus"},"image":{"@id":"https:\/\/www.pethaus.fi\/#\/schema\/logo\/image\/"},"sameAs":["https:\/\/www.facebook.com\/p\/Pethaus-Ry-100091916868701\/","https:\/\/www.instagram.com\/pethaus_ry\/?hl=fi"]}]}},"jetpack_sharing_enabled":true,"_links":{"self":[{"href":"https:\/\/www.pethaus.fi\/index.php?rest_route=\/wp\/v2\/pages\/1934","targetHints":{"allow":["GET"]}}],"collection":[{"href":"https:\/\/www.pethaus.fi\/index.php?rest_route=\/wp\/v2\/pages"}],"about":[{"href":"https:\/\/www.pethaus.fi\/index.php?rest_route=\/wp\/v2\/types\/page"}],"author":[{"embeddable":true,"href":"https:\/\/www.pethaus.fi\/index.php?rest_route=\/wp\/v2\/users\/1"}],"replies":[{"embeddable":true,"href":"https:\/\/www.pethaus.fi\/index.php?rest_route=%2Fwp%2Fv2%2Fcomments&post=1934"}],"version-history":[{"count":1,"href":"https:\/\/www.pethaus.fi\/index.php?rest_route=\/wp\/v2\/pages\/1934\/revisions"}],"predecessor-version":[{"id":1936,"href":"https:\/\/www.pethaus.fi\/index.php?rest_route=\/wp\/v2\/pages\/1934\/revisions\/1936"}],"wp:attachment":[{"href":"https:\/\/www.pethaus.fi\/index.php?rest_route=%2Fwp%2Fv2%2Fmedia&parent=1934"}],"curies":[{"name":"wp","href":"https:\/\/api.w.org\/{rel}","templated":true}]}}