{"id":1938,"date":"2026-04-08T17:46:09","date_gmt":"2026-04-08T17:46:09","guid":{"rendered":"https:\/\/www.pethaus.fi\/?page_id=1938"},"modified":"2026-04-08T17:48:12","modified_gmt":"2026-04-08T17:48:12","slug":"12-4-piirakkakahvila-kaunis-veli","status":"publish","type":"page","link":"https:\/\/www.pethaus.fi\/?page_id=1938","title":{"rendered":"12.4. Piirakkakahvila, Kaunis veli"},"content":{"rendered":"\n<figure class=\"wp-block-image size-large\"><img fetchpriority=\"high\" decoding=\"async\" width=\"819\" height=\"1024\" src=\"https:\/\/www.pethaus.fi\/wp-content\/uploads\/2026\/04\/piirakkakahvila-2-819x1024.jpg\" alt=\"\" class=\"wp-image-1943\" srcset=\"https:\/\/www.pethaus.fi\/wp-content\/uploads\/2026\/04\/piirakkakahvila-2-819x1024.jpg 819w, https:\/\/www.pethaus.fi\/wp-content\/uploads\/2026\/04\/piirakkakahvila-2-240x300.jpg 240w, https:\/\/www.pethaus.fi\/wp-content\/uploads\/2026\/04\/piirakkakahvila-2-768x960.jpg 768w, https:\/\/www.pethaus.fi\/wp-content\/uploads\/2026\/04\/piirakkakahvila-2.jpg 1080w\" sizes=\"(max-width: 819px) 100vw, 819px\" \/><\/figure>\n\n\n\n<p><img decoding=\"async\" height=\"16\" width=\"16\" alt=\"\u2728\" src=\"https:\/\/static.xx.fbcdn.net\/images\/emoji.php\/v9\/t75\/2\/16\/2728.png\">&nbsp;Pieni Piirakkakahvila 1v.!&nbsp;<img decoding=\"async\" height=\"16\" width=\"16\" alt=\"\u2728\" src=\"https:\/\/static.xx.fbcdn.net\/images\/emoji.php\/v9\/t75\/2\/16\/2728.png\"><\/p>\n\n\n\n<p>Melko lailla tasan vuosi sitten p\u00e4iv\u00e4nvalon ensikerran kokenut Pieni Piirakkakahvila juhlii pikkuisesti syntt\u00e4reit\u00e4\u00e4n ensi viikon sunnuntaina 12.4. klo 12-17, Pethausilla tietenkin!<\/p>\n\n\n\n<p>Juhlissa arvovaltaisena artistivieraana n\u00e4hd\u00e4\u00e4n kaunis veli, joka tuo juhlavieraille tarjolle sielua hivelev\u00e4n, tunnelmallisen herk\u00e4n setin omia kappaleitaan, sek\u00e4 omin k\u00e4sin taikomaansa hapanjuurileip\u00e4\u00e4!<\/p>\n\n\n\n<p>Ohjelmassa luvassa my\u00f6s pieni\u00e4 yll\u00e4tyksi\u00e4 p\u00e4iv\u00e4n mittaan, niist\u00e4 v\u00e4h\u00e4n lis\u00e4\u00e4 v\u00e4h\u00e4n my\u00f6hemmin!&nbsp;<img decoding=\"async\" height=\"16\" width=\"16\" alt=\"\ud83e\ude77\" src=\"https:\/\/static.xx.fbcdn.net\/images\/emoji.php\/v9\/t38\/2\/16\/1fa77.png\"><\/p>\n\n\n\n<p>Tarjolla:<\/p>\n\n\n\n<p>~ K\u00e4sinleivotut karjalanpiirakat 3,50e\/kpl<br>(V, saatavilla my\u00f6s gluteenittomana)<br>T\u00e4ytevaihtoehdot:<br>* tofuskagen &amp; mummonkurkku (V)<br>* kaurafraiche &amp; porkkala &amp; punasipuli (V, G)<br>* munaton voi &amp; hapankurkku (V, G)<br>* omena-mets\u00e4sienisalaatti (V)<\/p>\n\n\n\n<p>~ Porkkanakakkupiirakka (V) 2,50e<br>~ Syntt\u00e4riherkku (V, G) 3e<\/p>\n\n\n\n<p>~ Kotitekoinen ginger ale 2e\/lasi<br>~ Kahvi\/tee\/mustaherukkamehu 1-2e<\/p>\n\n\n\n<p>Maksuv\u00e4lineen\u00e4 Mobilepay tai k\u00e4teinen&nbsp;<img loading=\"lazy\" decoding=\"async\" height=\"16\" width=\"16\" alt=\"\ud83d\udc9a\" src=\"https:\/\/static.xx.fbcdn.net\/images\/emoji.php\/v9\/t33\/2\/16\/1f49a.png\"><\/p>\n\n\n\n<p>***<\/p>\n\n\n\n<p>KLO 16.00<br>@kaunisveli<\/p>\n\n\n\n<p>Kaunis veli on tamperelainen laulaja-lauluntekij\u00e4hahmo, johon vaikuttavat h\u00e4m\u00e4r\u00e4 folkmusiikki, vanhat runot, taiderock sek\u00e4 ihmisen\u00e4 olemassa olemisen musertava monimutkaisuus ja kauneus. Kaunis veli tekee lauluja maailmasta, jossa aurinko on liian kirkas ja vesi on loputtoman syv\u00e4\u00e4. Yhdess\u00e4 kitaransa kanssa kaunis veli pukee laulunsa herkk\u00e4\u00e4n ja riisuttuun ilmaisuun.<\/p>\n\n\n\n<p>Vapaaehtoinen artistikolehti&nbsp;<img loading=\"lazy\" decoding=\"async\" height=\"16\" width=\"16\" alt=\"\ud83d\udc8e\" src=\"https:\/\/static.xx.fbcdn.net\/images\/emoji.php\/v9\/t98\/2\/16\/1f48e.png\"><\/p>\n\n\n\n<p>Tervetuloa juhliin, yst\u00e4v\u00e4!&nbsp;<img loading=\"lazy\" decoding=\"async\" height=\"16\" width=\"16\" alt=\"\ud83d\udc96\" src=\"https:\/\/static.xx.fbcdn.net\/images\/emoji.php\/v9\/t88\/2\/16\/1f496.png\"><\/p>\n","protected":false},"excerpt":{"rendered":"<p>&nbsp;Pieni Piirakkakahvila 1v.!&nbsp; Melko lailla tasan vuosi sitten p\u00e4iv\u00e4nvalon ensikerran kokenut Pieni Piirakkakahvila juhlii pikkuisesti syntt\u00e4reit\u00e4\u00e4n ensi viikon sunnuntaina 12.4. klo 12-17, Pethausilla tietenkin! Juhlissa arvovaltaisena artistivieraana n\u00e4hd\u00e4\u00e4n kaunis veli, joka tuo juhlavieraille tarjolle sielua hivelev\u00e4n, tunnelmallisen herk\u00e4n setin omia kappaleitaan, sek\u00e4 omin k\u00e4sin taikomaansa hapanjuurileip\u00e4\u00e4! Ohjelmassa luvassa my\u00f6s pieni\u00e4 yll\u00e4tyksi\u00e4 p\u00e4iv\u00e4n mittaan, niist\u00e4 v\u00e4h\u00e4n &#8230; <a title=\"12.4. Piirakkakahvila, Kaunis veli\" class=\"read-more\" href=\"https:\/\/www.pethaus.fi\/?page_id=1938\">Read more<span class=\"screen-reader-text\">12.4. Piirakkakahvila, Kaunis veli<\/span><\/a><\/p>\n","protected":false},"author":1,"featured_media":0,"parent":0,"menu_order":0,"comment_status":"closed","ping_status":"closed","template":"","meta":{"footnotes":""},"class_list":["post-1938","page","type-page","status-publish"],"yoast_head":"<!-- This site is optimized with the Yoast SEO plugin v27.5 - https:\/\/yoast.com\/product\/yoast-seo-wordpress\/ -->\n<title>12.4. Piirakkakahvila, Kaunis veli - Pethaus<\/title>\n<meta name=\"robots\" content=\"noindex, follow\" \/>\n<meta property=\"og:locale\" content=\"fi_FI\" \/>\n<meta property=\"og:type\" content=\"article\" \/>\n<meta property=\"og:title\" content=\"12.4. Piirakkakahvila, Kaunis veli - Pethaus\" \/>\n<meta property=\"og:description\" content=\"&nbsp;Pieni Piirakkakahvila 1v.!&nbsp; Melko lailla tasan vuosi sitten p\u00e4iv\u00e4nvalon ensikerran kokenut Pieni Piirakkakahvila juhlii pikkuisesti syntt\u00e4reit\u00e4\u00e4n ensi viikon sunnuntaina 12.4. klo 12-17, Pethausilla tietenkin! Juhlissa arvovaltaisena artistivieraana n\u00e4hd\u00e4\u00e4n kaunis veli, joka tuo juhlavieraille tarjolle sielua hivelev\u00e4n, tunnelmallisen herk\u00e4n setin omia kappaleitaan, sek\u00e4 omin k\u00e4sin taikomaansa hapanjuurileip\u00e4\u00e4! Ohjelmassa luvassa my\u00f6s pieni\u00e4 yll\u00e4tyksi\u00e4 p\u00e4iv\u00e4n mittaan, niist\u00e4 v\u00e4h\u00e4n ... Read more12.4. Piirakkakahvila, Kaunis veli\" \/>\n<meta property=\"og:url\" content=\"https:\/\/www.pethaus.fi\/?page_id=1938\" \/>\n<meta property=\"og:site_name\" content=\"Pethaus\" \/>\n<meta property=\"article:publisher\" content=\"https:\/\/www.facebook.com\/p\/Pethaus-Ry-100091916868701\/\" \/>\n<meta property=\"article:modified_time\" content=\"2026-04-08T17:48:12+00:00\" \/>\n<meta property=\"og:image\" content=\"https:\/\/www.pethaus.fi\/wp-content\/uploads\/2026\/04\/piirakkakahvila-2.jpg\" \/>\n\t<meta property=\"og:image:width\" content=\"1080\" \/>\n\t<meta property=\"og:image:height\" content=\"1350\" \/>\n\t<meta property=\"og:image:type\" content=\"image\/jpeg\" \/>\n<meta name=\"twitter:card\" content=\"summary_large_image\" \/>\n<meta name=\"twitter:label1\" content=\"Arvioitu lukuaika\" \/>\n\t<meta name=\"twitter:data1\" content=\"3 minuuttia\" \/>\n<script type=\"application\/ld+json\" class=\"yoast-schema-graph\">{\"@context\":\"https:\\\/\\\/schema.org\",\"@graph\":[{\"@type\":\"WebPage\",\"@id\":\"https:\\\/\\\/www.pethaus.fi\\\/?page_id=1938\",\"url\":\"https:\\\/\\\/www.pethaus.fi\\\/?page_id=1938\",\"name\":\"12.4. Piirakkakahvila, Kaunis veli - Pethaus\",\"isPartOf\":{\"@id\":\"https:\\\/\\\/www.pethaus.fi\\\/#website\"},\"primaryImageOfPage\":{\"@id\":\"https:\\\/\\\/www.pethaus.fi\\\/?page_id=1938#primaryimage\"},\"image\":{\"@id\":\"https:\\\/\\\/www.pethaus.fi\\\/?page_id=1938#primaryimage\"},\"thumbnailUrl\":\"https:\\\/\\\/www.pethaus.fi\\\/wp-content\\\/uploads\\\/2026\\\/04\\\/piirakkakahvila-2-819x1024.jpg\",\"datePublished\":\"2026-04-08T17:46:09+00:00\",\"dateModified\":\"2026-04-08T17:48:12+00:00\",\"breadcrumb\":{\"@id\":\"https:\\\/\\\/www.pethaus.fi\\\/?page_id=1938#breadcrumb\"},\"inLanguage\":\"fi\",\"potentialAction\":[{\"@type\":\"ReadAction\",\"target\":[\"https:\\\/\\\/www.pethaus.fi\\\/?page_id=1938\"]}]},{\"@type\":\"ImageObject\",\"inLanguage\":\"fi\",\"@id\":\"https:\\\/\\\/www.pethaus.fi\\\/?page_id=1938#primaryimage\",\"url\":\"https:\\\/\\\/www.pethaus.fi\\\/wp-content\\\/uploads\\\/2026\\\/04\\\/piirakkakahvila-2.jpg\",\"contentUrl\":\"https:\\\/\\\/www.pethaus.fi\\\/wp-content\\\/uploads\\\/2026\\\/04\\\/piirakkakahvila-2.jpg\",\"width\":1080,\"height\":1350},{\"@type\":\"BreadcrumbList\",\"@id\":\"https:\\\/\\\/www.pethaus.fi\\\/?page_id=1938#breadcrumb\",\"itemListElement\":[{\"@type\":\"ListItem\",\"position\":1,\"name\":\"Etusivu\",\"item\":\"https:\\\/\\\/www.pethaus.fi\\\/\"},{\"@type\":\"ListItem\",\"position\":2,\"name\":\"12.4. Piirakkakahvila, Kaunis veli\"}]},{\"@type\":\"WebSite\",\"@id\":\"https:\\\/\\\/www.pethaus.fi\\\/#website\",\"url\":\"https:\\\/\\\/www.pethaus.fi\\\/\",\"name\":\"Pethaus\",\"description\":\"Tamperelainen matalan kynnyksen kulttuuritila.\",\"publisher\":{\"@id\":\"https:\\\/\\\/www.pethaus.fi\\\/#organization\"},\"alternateName\":\"Tamperelainen matalan kynnyksen kulttuuritila.\",\"potentialAction\":[{\"@type\":\"SearchAction\",\"target\":{\"@type\":\"EntryPoint\",\"urlTemplate\":\"https:\\\/\\\/www.pethaus.fi\\\/?s={search_term_string}\"},\"query-input\":{\"@type\":\"PropertyValueSpecification\",\"valueRequired\":true,\"valueName\":\"search_term_string\"}}],\"inLanguage\":\"fi\"},{\"@type\":\"Organization\",\"@id\":\"https:\\\/\\\/www.pethaus.fi\\\/#organization\",\"name\":\"Pethaus\",\"url\":\"https:\\\/\\\/www.pethaus.fi\\\/\",\"logo\":{\"@type\":\"ImageObject\",\"inLanguage\":\"fi\",\"@id\":\"https:\\\/\\\/www.pethaus.fi\\\/#\\\/schema\\\/logo\\\/image\\\/\",\"url\":\"https:\\\/\\\/www.pethaus.fi\\\/wp-content\\\/uploads\\\/2024\\\/04\\\/cropped-pethaus-logo.jpg\",\"contentUrl\":\"https:\\\/\\\/www.pethaus.fi\\\/wp-content\\\/uploads\\\/2024\\\/04\\\/cropped-pethaus-logo.jpg\",\"width\":512,\"height\":512,\"caption\":\"Pethaus\"},\"image\":{\"@id\":\"https:\\\/\\\/www.pethaus.fi\\\/#\\\/schema\\\/logo\\\/image\\\/\"},\"sameAs\":[\"https:\\\/\\\/www.facebook.com\\\/p\\\/Pethaus-Ry-100091916868701\\\/\",\"https:\\\/\\\/www.instagram.com\\\/pethaus_ry\\\/?hl=fi\"]}]}<\/script>\n<!-- \/ Yoast SEO plugin. -->","yoast_head_json":{"title":"12.4. Piirakkakahvila, Kaunis veli - Pethaus","robots":{"index":"noindex","follow":"follow"},"og_locale":"fi_FI","og_type":"article","og_title":"12.4. Piirakkakahvila, Kaunis veli - Pethaus","og_description":"&nbsp;Pieni Piirakkakahvila 1v.!&nbsp; Melko lailla tasan vuosi sitten p\u00e4iv\u00e4nvalon ensikerran kokenut Pieni Piirakkakahvila juhlii pikkuisesti syntt\u00e4reit\u00e4\u00e4n ensi viikon sunnuntaina 12.4. klo 12-17, Pethausilla tietenkin! Juhlissa arvovaltaisena artistivieraana n\u00e4hd\u00e4\u00e4n kaunis veli, joka tuo juhlavieraille tarjolle sielua hivelev\u00e4n, tunnelmallisen herk\u00e4n setin omia kappaleitaan, sek\u00e4 omin k\u00e4sin taikomaansa hapanjuurileip\u00e4\u00e4! Ohjelmassa luvassa my\u00f6s pieni\u00e4 yll\u00e4tyksi\u00e4 p\u00e4iv\u00e4n mittaan, niist\u00e4 v\u00e4h\u00e4n ... Read more12.4. Piirakkakahvila, Kaunis veli","og_url":"https:\/\/www.pethaus.fi\/?page_id=1938","og_site_name":"Pethaus","article_publisher":"https:\/\/www.facebook.com\/p\/Pethaus-Ry-100091916868701\/","article_modified_time":"2026-04-08T17:48:12+00:00","og_image":[{"width":1080,"height":1350,"url":"https:\/\/www.pethaus.fi\/wp-content\/uploads\/2026\/04\/piirakkakahvila-2.jpg","type":"image\/jpeg"}],"twitter_card":"summary_large_image","twitter_misc":{"Arvioitu lukuaika":"3 minuuttia"},"schema":{"@context":"https:\/\/schema.org","@graph":[{"@type":"WebPage","@id":"https:\/\/www.pethaus.fi\/?page_id=1938","url":"https:\/\/www.pethaus.fi\/?page_id=1938","name":"12.4. Piirakkakahvila, Kaunis veli - Pethaus","isPartOf":{"@id":"https:\/\/www.pethaus.fi\/#website"},"primaryImageOfPage":{"@id":"https:\/\/www.pethaus.fi\/?page_id=1938#primaryimage"},"image":{"@id":"https:\/\/www.pethaus.fi\/?page_id=1938#primaryimage"},"thumbnailUrl":"https:\/\/www.pethaus.fi\/wp-content\/uploads\/2026\/04\/piirakkakahvila-2-819x1024.jpg","datePublished":"2026-04-08T17:46:09+00:00","dateModified":"2026-04-08T17:48:12+00:00","breadcrumb":{"@id":"https:\/\/www.pethaus.fi\/?page_id=1938#breadcrumb"},"inLanguage":"fi","potentialAction":[{"@type":"ReadAction","target":["https:\/\/www.pethaus.fi\/?page_id=1938"]}]},{"@type":"ImageObject","inLanguage":"fi","@id":"https:\/\/www.pethaus.fi\/?page_id=1938#primaryimage","url":"https:\/\/www.pethaus.fi\/wp-content\/uploads\/2026\/04\/piirakkakahvila-2.jpg","contentUrl":"https:\/\/www.pethaus.fi\/wp-content\/uploads\/2026\/04\/piirakkakahvila-2.jpg","width":1080,"height":1350},{"@type":"BreadcrumbList","@id":"https:\/\/www.pethaus.fi\/?page_id=1938#breadcrumb","itemListElement":[{"@type":"ListItem","position":1,"name":"Etusivu","item":"https:\/\/www.pethaus.fi\/"},{"@type":"ListItem","position":2,"name":"12.4. Piirakkakahvila, Kaunis veli"}]},{"@type":"WebSite","@id":"https:\/\/www.pethaus.fi\/#website","url":"https:\/\/www.pethaus.fi\/","name":"Pethaus","description":"Tamperelainen matalan kynnyksen kulttuuritila.","publisher":{"@id":"https:\/\/www.pethaus.fi\/#organization"},"alternateName":"Tamperelainen matalan kynnyksen kulttuuritila.","potentialAction":[{"@type":"SearchAction","target":{"@type":"EntryPoint","urlTemplate":"https:\/\/www.pethaus.fi\/?s={search_term_string}"},"query-input":{"@type":"PropertyValueSpecification","valueRequired":true,"valueName":"search_term_string"}}],"inLanguage":"fi"},{"@type":"Organization","@id":"https:\/\/www.pethaus.fi\/#organization","name":"Pethaus","url":"https:\/\/www.pethaus.fi\/","logo":{"@type":"ImageObject","inLanguage":"fi","@id":"https:\/\/www.pethaus.fi\/#\/schema\/logo\/image\/","url":"https:\/\/www.pethaus.fi\/wp-content\/uploads\/2024\/04\/cropped-pethaus-logo.jpg","contentUrl":"https:\/\/www.pethaus.fi\/wp-content\/uploads\/2024\/04\/cropped-pethaus-logo.jpg","width":512,"height":512,"caption":"Pethaus"},"image":{"@id":"https:\/\/www.pethaus.fi\/#\/schema\/logo\/image\/"},"sameAs":["https:\/\/www.facebook.com\/p\/Pethaus-Ry-100091916868701\/","https:\/\/www.instagram.com\/pethaus_ry\/?hl=fi"]}]}},"jetpack_sharing_enabled":true,"_links":{"self":[{"href":"https:\/\/www.pethaus.fi\/index.php?rest_route=\/wp\/v2\/pages\/1938","targetHints":{"allow":["GET"]}}],"collection":[{"href":"https:\/\/www.pethaus.fi\/index.php?rest_route=\/wp\/v2\/pages"}],"about":[{"href":"https:\/\/www.pethaus.fi\/index.php?rest_route=\/wp\/v2\/types\/page"}],"author":[{"embeddable":true,"href":"https:\/\/www.pethaus.fi\/index.php?rest_route=\/wp\/v2\/users\/1"}],"replies":[{"embeddable":true,"href":"https:\/\/www.pethaus.fi\/index.php?rest_route=%2Fwp%2Fv2%2Fcomments&post=1938"}],"version-history":[{"count":2,"href":"https:\/\/www.pethaus.fi\/index.php?rest_route=\/wp\/v2\/pages\/1938\/revisions"}],"predecessor-version":[{"id":1944,"href":"https:\/\/www.pethaus.fi\/index.php?rest_route=\/wp\/v2\/pages\/1938\/revisions\/1944"}],"wp:attachment":[{"href":"https:\/\/www.pethaus.fi\/index.php?rest_route=%2Fwp%2Fv2%2Fmedia&parent=1938"}],"curies":[{"name":"wp","href":"https:\/\/api.w.org\/{rel}","templated":true}]}}