{"id":1962,"date":"2026-04-10T12:44:34","date_gmt":"2026-04-10T12:44:34","guid":{"rendered":"https:\/\/www.pethaus.fi\/?page_id=1962"},"modified":"2026-04-10T12:44:35","modified_gmt":"2026-04-10T12:44:35","slug":"17-4-frostlake-pietu-arvola","status":"publish","type":"page","link":"https:\/\/www.pethaus.fi\/?page_id=1962","title":{"rendered":"17.4. Frostlake, Pietu Arvola"},"content":{"rendered":"\n<figure class=\"wp-block-image size-large\"><img fetchpriority=\"high\" decoding=\"async\" width=\"1024\" height=\"370\" src=\"https:\/\/www.pethaus.fi\/wp-content\/uploads\/2026\/04\/arvola-1024x370.jpg\" alt=\"\" class=\"wp-image-1963\" srcset=\"https:\/\/www.pethaus.fi\/wp-content\/uploads\/2026\/04\/arvola-1024x370.jpg 1024w, https:\/\/www.pethaus.fi\/wp-content\/uploads\/2026\/04\/arvola-300x108.jpg 300w, https:\/\/www.pethaus.fi\/wp-content\/uploads\/2026\/04\/arvola-768x277.jpg 768w, https:\/\/www.pethaus.fi\/wp-content\/uploads\/2026\/04\/arvola-1536x555.jpg 1536w, https:\/\/www.pethaus.fi\/wp-content\/uploads\/2026\/04\/arvola-2048x740.jpg 2048w\" sizes=\"(max-width: 1024px) 100vw, 1024px\" \/><\/figure>\n\n\n\n<p>Pietu Arvola on kokeellista elektroakustista musiikkia tekev\u00e4 artisti.<br>H\u00e4nen tuorein albuminsa, vuoden 2024 Meid\u00e4n t\u00e4ytyy valvoa jottemme nukkuisi, sill\u00e4 maailma on liukas, on brittil\u00e4isen The Quietus -musiikkimedian sanoin kuin \u201cuniikin \u00e4\u00e4nimaailman omaava tihe\u00e4 mets\u00e4npeitto, joka koostuu elektronisista kerroksista ja aavemaisista \u00e4\u00e4nist\u00e4, jotka sirisev\u00e4t ja humisevat tuulen lailla\u201d.<br>Livekeikoilla Arvolan musiikkia voisi luonnehdia sarjaksi pitki\u00e4 kudoksia ja kaaria, joissa abstraktit elektroniset \u00e4\u00e4nimassat punoutuvat kentt\u00e4-\u00e4\u00e4nitteisiin ja harmonisiin fragmentteihin. Soittiminaan h\u00e4n k\u00e4ytt\u00e4\u00e4 modulaarista syntetisaattoria ja toisinaan my\u00f6s kampiliiraa sek\u00e4 erin\u00e4isi\u00e4 esineit\u00e4 ja kelloja, joiden luonnollista rakennetta manipuloidaan ja revit\u00e4\u00e4n auki reaaliaikaisesti.<br>Arvolan tuorein albumi, Silm\u00e4t sulaa, julkaistiin 13.3.2026.<\/p>\n\n\n\n<p><a href=\"https:\/\/l.facebook.com\/l.php?u=http%3A%2F%2Fwww.pietuarvola.bandcamp.com%2F%3Ffbclid%3DIwZXh0bgNhZW0CMTAAYnJpZBExcjg3YU5qZEsyRkRXczlFSnNydGMGYXBwX2lkEDIyMjAzOTE3ODgyMDA4OTIAAR7-26tjGxnY3HgzSBw-rP6bbddAf2Fk_BYzPmwq3QNbKs8xqO5Fz-siTbUAvA_aem_C24FxwVTGEkqlMIddeHhHA&amp;h=AT4ezts1tfZqoApu9tVmStCYVPW9eZjyJAqoCujvipa6pyfeX9-LocBYadMPnjxsiayStsa_Qh8lLCiMv9uhu5JN6qi_JQZbMmTTD7clmxHQAIdVHPVhSW1657W4k555iJ4XS3w_znjSKPfw&amp;__tn__=q&amp;c[0]=AT6LGjJCarmAKsimarPnwtRi8TxBML1qvaXUKtWo_aW9-sLMHQVI7l5k4OTTDJf4xgxSF46NW3DObRe2lcpl6JevCwhehyEniR5gzsoJx5CJFaybi4HsJVnCAjoc6IqolnTdyhv4LIwMgj6kU3FwPSPtKfyW_naKotA\" rel=\"noreferrer noopener\" target=\"_blank\">www.pietuarvola.bandcamp.com<\/a><\/p>\n\n\n\n<p>Frostlaken musiikillinen maailma syntyy pieniliikkeisen, pitk\u00e4n kaaren dramaturgian kautta. Matalataajuiset \u00e4\u00e4net ja intervallien v\u00e4r\u00e4htelyt yhdistyv\u00e4t rytmien kudelmaan, jota polkimien, palkeiden ja koskettimien kolinat s\u00e4vytt\u00e4v\u00e4t. Musiikin matalimmat taajuudet ovat harmoniassa hyvinvointia lis\u00e4\u00e4vien taajuuksien kanssa.<\/p>\n\n\n\n<p>Kuuntele maistiainen Murtumakohta-teoksesta t\u00e4\u00e4lt\u00e4:<\/p>\n\n\n\n<figure class=\"wp-block-embed is-type-video is-provider-youtube wp-block-embed-youtube wp-embed-aspect-16-9 wp-has-aspect-ratio\"><div class=\"wp-block-embed__wrapper\">\n<iframe title=\"Juha Kuuraj\u00e4rvi - Murtumakohta -teaser\" width=\"1200\" height=\"675\" src=\"https:\/\/www.youtube.com\/embed\/MPOf__WZAIk?feature=oembed\" frameborder=\"0\" allow=\"accelerometer; autoplay; clipboard-write; encrypted-media; gyroscope; picture-in-picture; web-share\" referrerpolicy=\"strict-origin-when-cross-origin\" allowfullscreen><\/iframe>\n<\/div><\/figure>\n\n\n\n<p>Frostlake&#8217;s musical world is created through small-scale, long-arc dramaturgy. Low-frequency sounds and interval vibrations are combined into a tapestry of rhythms, coloured by the clatter of pedals, bellows and keyboards. The lowest frequencies of music are in harmony with the frequencies that increase well-being.<\/p>\n\n\n\n<p>Listen to a teaser of the Fracture music piece here:<br><a href=\"https:\/\/youtu.be\/MPOf__WZAIk?si=mGpIP6CIvIXJjdZg&amp;fbclid=IwZXh0bgNhZW0CMTAAYnJpZBExcjg3YU5qZEsyRkRXczlFSnNydGMGYXBwX2lkEDIyMjAzOTE3ODgyMDA4OTIAAR7RnrGUoCnhbrKm4HhVE9x_1tc9ssYWDBXMVBkG3B_o0_wIjq5YeDMhN5C0Sg_aem_2G3joEZ7K9iXvM9t8JWLJg\" rel=\"noreferrer noopener\" target=\"_blank\">https:\/\/youtu.be\/MPOf__WZAIk?si=mGpIP6CIvIXJjdZg<\/a><\/p>\n\n\n\n<p>Vapaavalintainen p\u00e4\u00e4symaksu 5-15 EUR<br>Tervetuloa!<\/p>\n","protected":false},"excerpt":{"rendered":"<p>Pietu Arvola on kokeellista elektroakustista musiikkia tekev\u00e4 artisti.H\u00e4nen tuorein albuminsa, vuoden 2024 Meid\u00e4n t\u00e4ytyy valvoa jottemme nukkuisi, sill\u00e4 maailma on liukas, on brittil\u00e4isen The Quietus -musiikkimedian sanoin kuin \u201cuniikin \u00e4\u00e4nimaailman omaava tihe\u00e4 mets\u00e4npeitto, joka koostuu elektronisista kerroksista ja aavemaisista \u00e4\u00e4nist\u00e4, jotka sirisev\u00e4t ja humisevat tuulen lailla\u201d.Livekeikoilla Arvolan musiikkia voisi luonnehdia sarjaksi pitki\u00e4 kudoksia ja kaaria, &#8230; <a title=\"17.4. Frostlake, Pietu Arvola\" class=\"read-more\" href=\"https:\/\/www.pethaus.fi\/?page_id=1962\">Read more<span class=\"screen-reader-text\">17.4. Frostlake, Pietu Arvola<\/span><\/a><\/p>\n","protected":false},"author":1,"featured_media":0,"parent":0,"menu_order":0,"comment_status":"closed","ping_status":"closed","template":"","meta":{"footnotes":""},"class_list":["post-1962","page","type-page","status-publish"],"yoast_head":"<!-- This site is optimized with the Yoast SEO plugin v27.4 - https:\/\/yoast.com\/product\/yoast-seo-wordpress\/ -->\n<title>17.4. Frostlake, Pietu Arvola - Pethaus<\/title>\n<meta name=\"robots\" content=\"noindex, follow\" \/>\n<meta property=\"og:locale\" content=\"fi_FI\" \/>\n<meta property=\"og:type\" content=\"article\" \/>\n<meta property=\"og:title\" content=\"17.4. Frostlake, Pietu Arvola - Pethaus\" \/>\n<meta property=\"og:description\" content=\"Pietu Arvola on kokeellista elektroakustista musiikkia tekev\u00e4 artisti.H\u00e4nen tuorein albuminsa, vuoden 2024 Meid\u00e4n t\u00e4ytyy valvoa jottemme nukkuisi, sill\u00e4 maailma on liukas, on brittil\u00e4isen The Quietus -musiikkimedian sanoin kuin \u201cuniikin \u00e4\u00e4nimaailman omaava tihe\u00e4 mets\u00e4npeitto, joka koostuu elektronisista kerroksista ja aavemaisista \u00e4\u00e4nist\u00e4, jotka sirisev\u00e4t ja humisevat tuulen lailla\u201d.Livekeikoilla Arvolan musiikkia voisi luonnehdia sarjaksi pitki\u00e4 kudoksia ja kaaria, ... Read more17.4. Frostlake, Pietu Arvola\" \/>\n<meta property=\"og:url\" content=\"https:\/\/www.pethaus.fi\/?page_id=1962\" \/>\n<meta property=\"og:site_name\" content=\"Pethaus\" \/>\n<meta property=\"article:publisher\" content=\"https:\/\/www.facebook.com\/p\/Pethaus-Ry-100091916868701\/\" \/>\n<meta property=\"article:modified_time\" content=\"2026-04-10T12:44:35+00:00\" \/>\n<meta property=\"og:image\" content=\"https:\/\/www.pethaus.fi\/wp-content\/uploads\/2026\/04\/arvola-scaled.jpg\" \/>\n\t<meta property=\"og:image:width\" content=\"2560\" \/>\n\t<meta property=\"og:image:height\" content=\"925\" \/>\n\t<meta property=\"og:image:type\" content=\"image\/jpeg\" \/>\n<meta name=\"twitter:card\" content=\"summary_large_image\" \/>\n<meta name=\"twitter:label1\" content=\"Arvioitu lukuaika\" \/>\n\t<meta name=\"twitter:data1\" content=\"2 minuuttia\" \/>\n<script type=\"application\/ld+json\" class=\"yoast-schema-graph\">{\"@context\":\"https:\\\/\\\/schema.org\",\"@graph\":[{\"@type\":\"WebPage\",\"@id\":\"https:\\\/\\\/www.pethaus.fi\\\/?page_id=1962\",\"url\":\"https:\\\/\\\/www.pethaus.fi\\\/?page_id=1962\",\"name\":\"17.4. Frostlake, Pietu Arvola - Pethaus\",\"isPartOf\":{\"@id\":\"https:\\\/\\\/www.pethaus.fi\\\/#website\"},\"primaryImageOfPage\":{\"@id\":\"https:\\\/\\\/www.pethaus.fi\\\/?page_id=1962#primaryimage\"},\"image\":{\"@id\":\"https:\\\/\\\/www.pethaus.fi\\\/?page_id=1962#primaryimage\"},\"thumbnailUrl\":\"https:\\\/\\\/www.pethaus.fi\\\/wp-content\\\/uploads\\\/2026\\\/04\\\/arvola-1024x370.jpg\",\"datePublished\":\"2026-04-10T12:44:34+00:00\",\"dateModified\":\"2026-04-10T12:44:35+00:00\",\"breadcrumb\":{\"@id\":\"https:\\\/\\\/www.pethaus.fi\\\/?page_id=1962#breadcrumb\"},\"inLanguage\":\"fi\",\"potentialAction\":[{\"@type\":\"ReadAction\",\"target\":[\"https:\\\/\\\/www.pethaus.fi\\\/?page_id=1962\"]}]},{\"@type\":\"ImageObject\",\"inLanguage\":\"fi\",\"@id\":\"https:\\\/\\\/www.pethaus.fi\\\/?page_id=1962#primaryimage\",\"url\":\"https:\\\/\\\/www.pethaus.fi\\\/wp-content\\\/uploads\\\/2026\\\/04\\\/arvola-scaled.jpg\",\"contentUrl\":\"https:\\\/\\\/www.pethaus.fi\\\/wp-content\\\/uploads\\\/2026\\\/04\\\/arvola-scaled.jpg\",\"width\":2560,\"height\":925},{\"@type\":\"BreadcrumbList\",\"@id\":\"https:\\\/\\\/www.pethaus.fi\\\/?page_id=1962#breadcrumb\",\"itemListElement\":[{\"@type\":\"ListItem\",\"position\":1,\"name\":\"Etusivu\",\"item\":\"https:\\\/\\\/www.pethaus.fi\\\/\"},{\"@type\":\"ListItem\",\"position\":2,\"name\":\"17.4. Frostlake, Pietu Arvola\"}]},{\"@type\":\"WebSite\",\"@id\":\"https:\\\/\\\/www.pethaus.fi\\\/#website\",\"url\":\"https:\\\/\\\/www.pethaus.fi\\\/\",\"name\":\"Pethaus\",\"description\":\"Tamperelainen matalan kynnyksen kulttuuritila.\",\"publisher\":{\"@id\":\"https:\\\/\\\/www.pethaus.fi\\\/#organization\"},\"alternateName\":\"Tamperelainen matalan kynnyksen kulttuuritila.\",\"potentialAction\":[{\"@type\":\"SearchAction\",\"target\":{\"@type\":\"EntryPoint\",\"urlTemplate\":\"https:\\\/\\\/www.pethaus.fi\\\/?s={search_term_string}\"},\"query-input\":{\"@type\":\"PropertyValueSpecification\",\"valueRequired\":true,\"valueName\":\"search_term_string\"}}],\"inLanguage\":\"fi\"},{\"@type\":\"Organization\",\"@id\":\"https:\\\/\\\/www.pethaus.fi\\\/#organization\",\"name\":\"Pethaus\",\"url\":\"https:\\\/\\\/www.pethaus.fi\\\/\",\"logo\":{\"@type\":\"ImageObject\",\"inLanguage\":\"fi\",\"@id\":\"https:\\\/\\\/www.pethaus.fi\\\/#\\\/schema\\\/logo\\\/image\\\/\",\"url\":\"https:\\\/\\\/www.pethaus.fi\\\/wp-content\\\/uploads\\\/2024\\\/04\\\/cropped-pethaus-logo.jpg\",\"contentUrl\":\"https:\\\/\\\/www.pethaus.fi\\\/wp-content\\\/uploads\\\/2024\\\/04\\\/cropped-pethaus-logo.jpg\",\"width\":512,\"height\":512,\"caption\":\"Pethaus\"},\"image\":{\"@id\":\"https:\\\/\\\/www.pethaus.fi\\\/#\\\/schema\\\/logo\\\/image\\\/\"},\"sameAs\":[\"https:\\\/\\\/www.facebook.com\\\/p\\\/Pethaus-Ry-100091916868701\\\/\",\"https:\\\/\\\/www.instagram.com\\\/pethaus_ry\\\/?hl=fi\"]}]}<\/script>\n<!-- \/ Yoast SEO plugin. -->","yoast_head_json":{"title":"17.4. Frostlake, Pietu Arvola - Pethaus","robots":{"index":"noindex","follow":"follow"},"og_locale":"fi_FI","og_type":"article","og_title":"17.4. Frostlake, Pietu Arvola - Pethaus","og_description":"Pietu Arvola on kokeellista elektroakustista musiikkia tekev\u00e4 artisti.H\u00e4nen tuorein albuminsa, vuoden 2024 Meid\u00e4n t\u00e4ytyy valvoa jottemme nukkuisi, sill\u00e4 maailma on liukas, on brittil\u00e4isen The Quietus -musiikkimedian sanoin kuin \u201cuniikin \u00e4\u00e4nimaailman omaava tihe\u00e4 mets\u00e4npeitto, joka koostuu elektronisista kerroksista ja aavemaisista \u00e4\u00e4nist\u00e4, jotka sirisev\u00e4t ja humisevat tuulen lailla\u201d.Livekeikoilla Arvolan musiikkia voisi luonnehdia sarjaksi pitki\u00e4 kudoksia ja kaaria, ... Read more17.4. Frostlake, Pietu Arvola","og_url":"https:\/\/www.pethaus.fi\/?page_id=1962","og_site_name":"Pethaus","article_publisher":"https:\/\/www.facebook.com\/p\/Pethaus-Ry-100091916868701\/","article_modified_time":"2026-04-10T12:44:35+00:00","og_image":[{"width":2560,"height":925,"url":"https:\/\/www.pethaus.fi\/wp-content\/uploads\/2026\/04\/arvola-scaled.jpg","type":"image\/jpeg"}],"twitter_card":"summary_large_image","twitter_misc":{"Arvioitu lukuaika":"2 minuuttia"},"schema":{"@context":"https:\/\/schema.org","@graph":[{"@type":"WebPage","@id":"https:\/\/www.pethaus.fi\/?page_id=1962","url":"https:\/\/www.pethaus.fi\/?page_id=1962","name":"17.4. Frostlake, Pietu Arvola - Pethaus","isPartOf":{"@id":"https:\/\/www.pethaus.fi\/#website"},"primaryImageOfPage":{"@id":"https:\/\/www.pethaus.fi\/?page_id=1962#primaryimage"},"image":{"@id":"https:\/\/www.pethaus.fi\/?page_id=1962#primaryimage"},"thumbnailUrl":"https:\/\/www.pethaus.fi\/wp-content\/uploads\/2026\/04\/arvola-1024x370.jpg","datePublished":"2026-04-10T12:44:34+00:00","dateModified":"2026-04-10T12:44:35+00:00","breadcrumb":{"@id":"https:\/\/www.pethaus.fi\/?page_id=1962#breadcrumb"},"inLanguage":"fi","potentialAction":[{"@type":"ReadAction","target":["https:\/\/www.pethaus.fi\/?page_id=1962"]}]},{"@type":"ImageObject","inLanguage":"fi","@id":"https:\/\/www.pethaus.fi\/?page_id=1962#primaryimage","url":"https:\/\/www.pethaus.fi\/wp-content\/uploads\/2026\/04\/arvola-scaled.jpg","contentUrl":"https:\/\/www.pethaus.fi\/wp-content\/uploads\/2026\/04\/arvola-scaled.jpg","width":2560,"height":925},{"@type":"BreadcrumbList","@id":"https:\/\/www.pethaus.fi\/?page_id=1962#breadcrumb","itemListElement":[{"@type":"ListItem","position":1,"name":"Etusivu","item":"https:\/\/www.pethaus.fi\/"},{"@type":"ListItem","position":2,"name":"17.4. Frostlake, Pietu Arvola"}]},{"@type":"WebSite","@id":"https:\/\/www.pethaus.fi\/#website","url":"https:\/\/www.pethaus.fi\/","name":"Pethaus","description":"Tamperelainen matalan kynnyksen kulttuuritila.","publisher":{"@id":"https:\/\/www.pethaus.fi\/#organization"},"alternateName":"Tamperelainen matalan kynnyksen kulttuuritila.","potentialAction":[{"@type":"SearchAction","target":{"@type":"EntryPoint","urlTemplate":"https:\/\/www.pethaus.fi\/?s={search_term_string}"},"query-input":{"@type":"PropertyValueSpecification","valueRequired":true,"valueName":"search_term_string"}}],"inLanguage":"fi"},{"@type":"Organization","@id":"https:\/\/www.pethaus.fi\/#organization","name":"Pethaus","url":"https:\/\/www.pethaus.fi\/","logo":{"@type":"ImageObject","inLanguage":"fi","@id":"https:\/\/www.pethaus.fi\/#\/schema\/logo\/image\/","url":"https:\/\/www.pethaus.fi\/wp-content\/uploads\/2024\/04\/cropped-pethaus-logo.jpg","contentUrl":"https:\/\/www.pethaus.fi\/wp-content\/uploads\/2024\/04\/cropped-pethaus-logo.jpg","width":512,"height":512,"caption":"Pethaus"},"image":{"@id":"https:\/\/www.pethaus.fi\/#\/schema\/logo\/image\/"},"sameAs":["https:\/\/www.facebook.com\/p\/Pethaus-Ry-100091916868701\/","https:\/\/www.instagram.com\/pethaus_ry\/?hl=fi"]}]}},"jetpack_sharing_enabled":true,"_links":{"self":[{"href":"https:\/\/www.pethaus.fi\/index.php?rest_route=\/wp\/v2\/pages\/1962","targetHints":{"allow":["GET"]}}],"collection":[{"href":"https:\/\/www.pethaus.fi\/index.php?rest_route=\/wp\/v2\/pages"}],"about":[{"href":"https:\/\/www.pethaus.fi\/index.php?rest_route=\/wp\/v2\/types\/page"}],"author":[{"embeddable":true,"href":"https:\/\/www.pethaus.fi\/index.php?rest_route=\/wp\/v2\/users\/1"}],"replies":[{"embeddable":true,"href":"https:\/\/www.pethaus.fi\/index.php?rest_route=%2Fwp%2Fv2%2Fcomments&post=1962"}],"version-history":[{"count":1,"href":"https:\/\/www.pethaus.fi\/index.php?rest_route=\/wp\/v2\/pages\/1962\/revisions"}],"predecessor-version":[{"id":1964,"href":"https:\/\/www.pethaus.fi\/index.php?rest_route=\/wp\/v2\/pages\/1962\/revisions\/1964"}],"wp:attachment":[{"href":"https:\/\/www.pethaus.fi\/index.php?rest_route=%2Fwp%2Fv2%2Fmedia&parent=1962"}],"curies":[{"name":"wp","href":"https:\/\/api.w.org\/{rel}","templated":true}]}}