{"id":1987,"date":"2026-04-28T16:51:13","date_gmt":"2026-04-28T16:51:13","guid":{"rendered":"https:\/\/www.pethaus.fi\/?page_id=1987"},"modified":"2026-04-28T16:51:15","modified_gmt":"2026-04-28T16:51:15","slug":"3-5-burek-kahvila-with-dj-dr-smedi-secer-rare-yugoslavian-funk","status":"publish","type":"page","link":"https:\/\/www.pethaus.fi\/?page_id=1987","title":{"rendered":"3.5. Burek Kahvila with DJ Dr. Sme\u0111i \u0160e\u0107er (rare Yugoslavian funk)"},"content":{"rendered":"\n<figure class=\"wp-block-image size-large\"><img fetchpriority=\"high\" decoding=\"async\" width=\"819\" height=\"1024\" src=\"https:\/\/www.pethaus.fi\/wp-content\/uploads\/2026\/04\/buker-819x1024.jpg\" alt=\"\" class=\"wp-image-1988\" srcset=\"https:\/\/www.pethaus.fi\/wp-content\/uploads\/2026\/04\/buker-819x1024.jpg 819w, https:\/\/www.pethaus.fi\/wp-content\/uploads\/2026\/04\/buker-240x300.jpg 240w, https:\/\/www.pethaus.fi\/wp-content\/uploads\/2026\/04\/buker-768x960.jpg 768w, https:\/\/www.pethaus.fi\/wp-content\/uploads\/2026\/04\/buker.jpg 1080w\" sizes=\"(max-width: 819px) 100vw, 819px\" \/><\/figure>\n\n\n\n<p>Spring Season of Burek Kahvila kicks off with DJ Dr Sme\u0111i \u0160e\u0107er and his Yugo-flavoured funky tunes!<br><a href=\"https:\/\/m.soundcloud.com\/smedi-secer\/popular-tracks\">https:\/\/m.soundcloud.com\/smedi-secer\/popular-tracks<br><\/a>Bring your Vappu hangover for a warm homemade Balkan pastery, sugary treat or strong coffee.<\/p>\n\n\n\n<ul class=\"wp-block-list\">\n<li>Burek is a traditional Balkan pastery, prepared with savory fillings such as cheese, meat, potato, spinach, cabbage..It is prepared in various ways and shapes, and known with different names such as pita, gibanica, banica, etc.<br><strong><em>MENU<\/em><\/strong><br>BUREK, 3 Euro\/piece<br>-cheese (V\/Veg)<br>-potato (V)<br>-cabbage (V)<br>-tofu and zucchini (V)<br>extra: ajvar or turkish yoghurt with garlic, 0,5 Euro<br>HOMEMADE SWEET TREAT (V),<br>extra: vanilla-sauce, 0,5 Euro<br>DRINKS<br>-homemade apple juice, 2 Euro<br>-yoghurt drink, 2 Euro<br>-traditional Balkan coffee, 2 Euro<br>-filter coffee, 1-2 Euro<br>-Pispala-grown tea, 1-2 Euro<\/li>\n<\/ul>\n","protected":false},"excerpt":{"rendered":"<p>Spring Season of Burek Kahvila kicks off with DJ Dr Sme\u0111i \u0160e\u0107er and his Yugo-flavoured funky tunes!https:\/\/m.soundcloud.com\/smedi-secer\/popular-tracksBring your Vappu hangover for a warm homemade Balkan pastery, sugary treat or strong coffee.<\/p>\n","protected":false},"author":1,"featured_media":0,"parent":0,"menu_order":0,"comment_status":"closed","ping_status":"closed","template":"","meta":{"footnotes":""},"class_list":["post-1987","page","type-page","status-publish"],"yoast_head":"<!-- This site is optimized with the Yoast SEO plugin v27.6 - https:\/\/yoast.com\/product\/yoast-seo-wordpress\/ -->\n<title>3.5. Burek Kahvila with DJ Dr. Sme\u0111i \u0160e\u0107er (rare Yugoslavian funk) - Pethaus<\/title>\n<meta name=\"robots\" content=\"noindex, follow\" \/>\n<meta property=\"og:locale\" content=\"fi_FI\" \/>\n<meta property=\"og:type\" content=\"article\" \/>\n<meta property=\"og:title\" content=\"3.5. Burek Kahvila with DJ Dr. Sme\u0111i \u0160e\u0107er (rare Yugoslavian funk) - Pethaus\" \/>\n<meta property=\"og:description\" content=\"Spring Season of Burek Kahvila kicks off with DJ Dr Sme\u0111i \u0160e\u0107er and his Yugo-flavoured funky tunes!https:\/\/m.soundcloud.com\/smedi-secer\/popular-tracksBring your Vappu hangover for a warm homemade Balkan pastery, sugary treat or strong coffee.\" \/>\n<meta property=\"og:url\" content=\"https:\/\/www.pethaus.fi\/?page_id=1987\" \/>\n<meta property=\"og:site_name\" content=\"Pethaus\" \/>\n<meta property=\"article:publisher\" content=\"https:\/\/www.facebook.com\/p\/Pethaus-Ry-100091916868701\/\" \/>\n<meta property=\"article:modified_time\" content=\"2026-04-28T16:51:15+00:00\" \/>\n<meta property=\"og:image\" content=\"https:\/\/www.pethaus.fi\/wp-content\/uploads\/2026\/04\/buker.jpg\" \/>\n\t<meta property=\"og:image:width\" content=\"1080\" \/>\n\t<meta property=\"og:image:height\" content=\"1350\" \/>\n\t<meta property=\"og:image:type\" content=\"image\/jpeg\" \/>\n<meta name=\"twitter:card\" content=\"summary_large_image\" \/>\n<meta name=\"twitter:label1\" content=\"Arvioitu lukuaika\" \/>\n\t<meta name=\"twitter:data1\" content=\"1 minuutti\" \/>\n<script type=\"application\/ld+json\" class=\"yoast-schema-graph\">{\"@context\":\"https:\\\/\\\/schema.org\",\"@graph\":[{\"@type\":\"WebPage\",\"@id\":\"https:\\\/\\\/www.pethaus.fi\\\/?page_id=1987\",\"url\":\"https:\\\/\\\/www.pethaus.fi\\\/?page_id=1987\",\"name\":\"3.5. Burek Kahvila with DJ Dr. Sme\u0111i \u0160e\u0107er (rare Yugoslavian funk) - Pethaus\",\"isPartOf\":{\"@id\":\"https:\\\/\\\/www.pethaus.fi\\\/#website\"},\"primaryImageOfPage\":{\"@id\":\"https:\\\/\\\/www.pethaus.fi\\\/?page_id=1987#primaryimage\"},\"image\":{\"@id\":\"https:\\\/\\\/www.pethaus.fi\\\/?page_id=1987#primaryimage\"},\"thumbnailUrl\":\"https:\\\/\\\/www.pethaus.fi\\\/wp-content\\\/uploads\\\/2026\\\/04\\\/buker-819x1024.jpg\",\"datePublished\":\"2026-04-28T16:51:13+00:00\",\"dateModified\":\"2026-04-28T16:51:15+00:00\",\"breadcrumb\":{\"@id\":\"https:\\\/\\\/www.pethaus.fi\\\/?page_id=1987#breadcrumb\"},\"inLanguage\":\"fi\",\"potentialAction\":[{\"@type\":\"ReadAction\",\"target\":[\"https:\\\/\\\/www.pethaus.fi\\\/?page_id=1987\"]}]},{\"@type\":\"ImageObject\",\"inLanguage\":\"fi\",\"@id\":\"https:\\\/\\\/www.pethaus.fi\\\/?page_id=1987#primaryimage\",\"url\":\"https:\\\/\\\/www.pethaus.fi\\\/wp-content\\\/uploads\\\/2026\\\/04\\\/buker.jpg\",\"contentUrl\":\"https:\\\/\\\/www.pethaus.fi\\\/wp-content\\\/uploads\\\/2026\\\/04\\\/buker.jpg\",\"width\":1080,\"height\":1350},{\"@type\":\"BreadcrumbList\",\"@id\":\"https:\\\/\\\/www.pethaus.fi\\\/?page_id=1987#breadcrumb\",\"itemListElement\":[{\"@type\":\"ListItem\",\"position\":1,\"name\":\"Etusivu\",\"item\":\"https:\\\/\\\/www.pethaus.fi\\\/\"},{\"@type\":\"ListItem\",\"position\":2,\"name\":\"3.5. Burek Kahvila with DJ Dr. Sme\u0111i \u0160e\u0107er (rare Yugoslavian funk)\"}]},{\"@type\":\"WebSite\",\"@id\":\"https:\\\/\\\/www.pethaus.fi\\\/#website\",\"url\":\"https:\\\/\\\/www.pethaus.fi\\\/\",\"name\":\"Pethaus\",\"description\":\"Tamperelainen matalan kynnyksen kulttuuritila.\",\"publisher\":{\"@id\":\"https:\\\/\\\/www.pethaus.fi\\\/#organization\"},\"alternateName\":\"Tamperelainen matalan kynnyksen kulttuuritila.\",\"potentialAction\":[{\"@type\":\"SearchAction\",\"target\":{\"@type\":\"EntryPoint\",\"urlTemplate\":\"https:\\\/\\\/www.pethaus.fi\\\/?s={search_term_string}\"},\"query-input\":{\"@type\":\"PropertyValueSpecification\",\"valueRequired\":true,\"valueName\":\"search_term_string\"}}],\"inLanguage\":\"fi\"},{\"@type\":\"Organization\",\"@id\":\"https:\\\/\\\/www.pethaus.fi\\\/#organization\",\"name\":\"Pethaus\",\"url\":\"https:\\\/\\\/www.pethaus.fi\\\/\",\"logo\":{\"@type\":\"ImageObject\",\"inLanguage\":\"fi\",\"@id\":\"https:\\\/\\\/www.pethaus.fi\\\/#\\\/schema\\\/logo\\\/image\\\/\",\"url\":\"https:\\\/\\\/www.pethaus.fi\\\/wp-content\\\/uploads\\\/2024\\\/04\\\/cropped-pethaus-logo.jpg\",\"contentUrl\":\"https:\\\/\\\/www.pethaus.fi\\\/wp-content\\\/uploads\\\/2024\\\/04\\\/cropped-pethaus-logo.jpg\",\"width\":512,\"height\":512,\"caption\":\"Pethaus\"},\"image\":{\"@id\":\"https:\\\/\\\/www.pethaus.fi\\\/#\\\/schema\\\/logo\\\/image\\\/\"},\"sameAs\":[\"https:\\\/\\\/www.facebook.com\\\/p\\\/Pethaus-Ry-100091916868701\\\/\",\"https:\\\/\\\/www.instagram.com\\\/pethaus_ry\\\/?hl=fi\"]}]}<\/script>\n<!-- \/ Yoast SEO plugin. -->","yoast_head_json":{"title":"3.5. Burek Kahvila with DJ Dr. Sme\u0111i \u0160e\u0107er (rare Yugoslavian funk) - Pethaus","robots":{"index":"noindex","follow":"follow"},"og_locale":"fi_FI","og_type":"article","og_title":"3.5. Burek Kahvila with DJ Dr. Sme\u0111i \u0160e\u0107er (rare Yugoslavian funk) - Pethaus","og_description":"Spring Season of Burek Kahvila kicks off with DJ Dr Sme\u0111i \u0160e\u0107er and his Yugo-flavoured funky tunes!https:\/\/m.soundcloud.com\/smedi-secer\/popular-tracksBring your Vappu hangover for a warm homemade Balkan pastery, sugary treat or strong coffee.","og_url":"https:\/\/www.pethaus.fi\/?page_id=1987","og_site_name":"Pethaus","article_publisher":"https:\/\/www.facebook.com\/p\/Pethaus-Ry-100091916868701\/","article_modified_time":"2026-04-28T16:51:15+00:00","og_image":[{"width":1080,"height":1350,"url":"https:\/\/www.pethaus.fi\/wp-content\/uploads\/2026\/04\/buker.jpg","type":"image\/jpeg"}],"twitter_card":"summary_large_image","twitter_misc":{"Arvioitu lukuaika":"1 minuutti"},"schema":{"@context":"https:\/\/schema.org","@graph":[{"@type":"WebPage","@id":"https:\/\/www.pethaus.fi\/?page_id=1987","url":"https:\/\/www.pethaus.fi\/?page_id=1987","name":"3.5. Burek Kahvila with DJ Dr. Sme\u0111i \u0160e\u0107er (rare Yugoslavian funk) - Pethaus","isPartOf":{"@id":"https:\/\/www.pethaus.fi\/#website"},"primaryImageOfPage":{"@id":"https:\/\/www.pethaus.fi\/?page_id=1987#primaryimage"},"image":{"@id":"https:\/\/www.pethaus.fi\/?page_id=1987#primaryimage"},"thumbnailUrl":"https:\/\/www.pethaus.fi\/wp-content\/uploads\/2026\/04\/buker-819x1024.jpg","datePublished":"2026-04-28T16:51:13+00:00","dateModified":"2026-04-28T16:51:15+00:00","breadcrumb":{"@id":"https:\/\/www.pethaus.fi\/?page_id=1987#breadcrumb"},"inLanguage":"fi","potentialAction":[{"@type":"ReadAction","target":["https:\/\/www.pethaus.fi\/?page_id=1987"]}]},{"@type":"ImageObject","inLanguage":"fi","@id":"https:\/\/www.pethaus.fi\/?page_id=1987#primaryimage","url":"https:\/\/www.pethaus.fi\/wp-content\/uploads\/2026\/04\/buker.jpg","contentUrl":"https:\/\/www.pethaus.fi\/wp-content\/uploads\/2026\/04\/buker.jpg","width":1080,"height":1350},{"@type":"BreadcrumbList","@id":"https:\/\/www.pethaus.fi\/?page_id=1987#breadcrumb","itemListElement":[{"@type":"ListItem","position":1,"name":"Etusivu","item":"https:\/\/www.pethaus.fi\/"},{"@type":"ListItem","position":2,"name":"3.5. Burek Kahvila with DJ Dr. Sme\u0111i \u0160e\u0107er (rare Yugoslavian funk)"}]},{"@type":"WebSite","@id":"https:\/\/www.pethaus.fi\/#website","url":"https:\/\/www.pethaus.fi\/","name":"Pethaus","description":"Tamperelainen matalan kynnyksen kulttuuritila.","publisher":{"@id":"https:\/\/www.pethaus.fi\/#organization"},"alternateName":"Tamperelainen matalan kynnyksen kulttuuritila.","potentialAction":[{"@type":"SearchAction","target":{"@type":"EntryPoint","urlTemplate":"https:\/\/www.pethaus.fi\/?s={search_term_string}"},"query-input":{"@type":"PropertyValueSpecification","valueRequired":true,"valueName":"search_term_string"}}],"inLanguage":"fi"},{"@type":"Organization","@id":"https:\/\/www.pethaus.fi\/#organization","name":"Pethaus","url":"https:\/\/www.pethaus.fi\/","logo":{"@type":"ImageObject","inLanguage":"fi","@id":"https:\/\/www.pethaus.fi\/#\/schema\/logo\/image\/","url":"https:\/\/www.pethaus.fi\/wp-content\/uploads\/2024\/04\/cropped-pethaus-logo.jpg","contentUrl":"https:\/\/www.pethaus.fi\/wp-content\/uploads\/2024\/04\/cropped-pethaus-logo.jpg","width":512,"height":512,"caption":"Pethaus"},"image":{"@id":"https:\/\/www.pethaus.fi\/#\/schema\/logo\/image\/"},"sameAs":["https:\/\/www.facebook.com\/p\/Pethaus-Ry-100091916868701\/","https:\/\/www.instagram.com\/pethaus_ry\/?hl=fi"]}]}},"jetpack_sharing_enabled":true,"_links":{"self":[{"href":"https:\/\/www.pethaus.fi\/index.php?rest_route=\/wp\/v2\/pages\/1987","targetHints":{"allow":["GET"]}}],"collection":[{"href":"https:\/\/www.pethaus.fi\/index.php?rest_route=\/wp\/v2\/pages"}],"about":[{"href":"https:\/\/www.pethaus.fi\/index.php?rest_route=\/wp\/v2\/types\/page"}],"author":[{"embeddable":true,"href":"https:\/\/www.pethaus.fi\/index.php?rest_route=\/wp\/v2\/users\/1"}],"replies":[{"embeddable":true,"href":"https:\/\/www.pethaus.fi\/index.php?rest_route=%2Fwp%2Fv2%2Fcomments&post=1987"}],"version-history":[{"count":1,"href":"https:\/\/www.pethaus.fi\/index.php?rest_route=\/wp\/v2\/pages\/1987\/revisions"}],"predecessor-version":[{"id":1989,"href":"https:\/\/www.pethaus.fi\/index.php?rest_route=\/wp\/v2\/pages\/1987\/revisions\/1989"}],"wp:attachment":[{"href":"https:\/\/www.pethaus.fi\/index.php?rest_route=%2Fwp%2Fv2%2Fmedia&parent=1987"}],"curies":[{"name":"wp","href":"https:\/\/api.w.org\/{rel}","templated":true}]}}