{"id":1991,"date":"2026-04-28T16:54:17","date_gmt":"2026-04-28T16:54:17","guid":{"rendered":"https:\/\/www.pethaus.fi\/?page_id=1991"},"modified":"2026-04-28T16:54:18","modified_gmt":"2026-04-28T16:54:18","slug":"8-5-airuet-spectacle-daniela-lila","status":"publish","type":"page","link":"https:\/\/www.pethaus.fi\/?page_id=1991","title":{"rendered":"8.5. Airuet, Spectacle, Daniela Lila"},"content":{"rendered":"\n<figure class=\"wp-block-image size-large\"><img fetchpriority=\"high\" decoding=\"async\" width=\"1024\" height=\"576\" src=\"https:\/\/www.pethaus.fi\/wp-content\/uploads\/2026\/04\/airuet-1024x576.jpg\" alt=\"\" class=\"wp-image-1992\" srcset=\"https:\/\/www.pethaus.fi\/wp-content\/uploads\/2026\/04\/airuet-1024x576.jpg 1024w, https:\/\/www.pethaus.fi\/wp-content\/uploads\/2026\/04\/airuet-300x169.jpg 300w, https:\/\/www.pethaus.fi\/wp-content\/uploads\/2026\/04\/airuet-768x432.jpg 768w, https:\/\/www.pethaus.fi\/wp-content\/uploads\/2026\/04\/airuet-1536x864.jpg 1536w, https:\/\/www.pethaus.fi\/wp-content\/uploads\/2026\/04\/airuet.jpg 1920w\" sizes=\"(max-width: 1024px) 100vw, 1024px\" \/><\/figure>\n\n\n\n<p>Perjantaina 8.5. Pispalan Pethausin lavalla n\u00e4hd\u00e4\u00e4n ja kuullaan yhtyeet Airuet (Hki), Daniela Lila (Tre) ja Spectacle (Lahti).<\/p>\n\n\n\n<p>Tervetuloa!<\/p>\n\n\n\n<p>Aikataulu:<br>18.30 Ovet<br>19.00 Daniela Lila<br>20.00 Airuet<br>21.00 Spectacle<\/p>\n\n\n\n<p>Omavalintainen p\u00e4\u00e4symaksu 5-15\u20ac kolehtiin k\u00e4teisell\u00e4 tai MobilePaylla. Omat juomat sallittu.<\/p>\n\n\n\n<p><img decoding=\"async\" height=\"16\" width=\"16\" alt=\"\ud83d\udca5\" src=\"https:\/\/static.xx.fbcdn.net\/images\/emoji.php\/v9\/tdf\/2\/16\/1f4a5.png\">Daniela Lila on tamperelainen rokkib\u00e4ndi. Punk, grunge, post-punk, goottirock, noise rock ym. kuuluvat musiikissa, mutta yhtye ei selke\u00e4sti ole mit\u00e4\u00e4n n\u00e4ist\u00e4. Kitara repii ja toistaa, basso pit\u00e4\u00e4 kappaleet liikkeess\u00e4 ja rummut k\u00e4yv\u00e4t ylikierroksilla. Lyriikat ovat synkki\u00e4 ja raakoja. Tulkinta on vimmaista ja intensiivist\u00e4.<br>Yhtye ty\u00f6st\u00e4\u00e4 parhaillaan debyyttialbumiaan studiossa.<\/p>\n\n\n\n<p><img decoding=\"async\" height=\"16\" width=\"16\" alt=\"\ud83d\udca5\" src=\"https:\/\/static.xx.fbcdn.net\/images\/emoji.php\/v9\/tdf\/2\/16\/1f4a5.png\">Airuet on helsinkil\u00e4inen rytmimusiikin sulatusuuni \u2013 kahdeksanjalkainen rock-laboratorio, jolta ei sovi odottaa muuta kuin vimmaisia live-esiintymisi\u00e4 ja tinkim\u00e4tt\u00f6m\u00e4n omaleimaisia<br>biisej\u00e4. Jos haluat kuitenkin viel\u00e4 odottaa muutakin, odota pitk\u00e4\u00e4n hautuvaa kraut-jumitusta ja shoegazevallia, riipivi\u00e4 koukkuja ja hapanimeli\u00e4 pop-liuoksia sek\u00e4 yhdess\u00e4 olemassaolon riemunkiljahduksia. B\u00e4ndi on marinoitunut hiess\u00e4, huonossa huumorissa ja kyseenalaisessa huoneilmassa vuodesta 2022. Yhtyeen toinen pitk\u00e4soitto \u2019Ikkuna\u2019 julkaistiin lokakuussa 2025.<\/p>\n\n\n\n<p><img decoding=\"async\" height=\"16\" width=\"16\" alt=\"\ud83d\udca5\" src=\"https:\/\/static.xx.fbcdn.net\/images\/emoji.php\/v9\/tdf\/2\/16\/1f4a5.png\">Spectacle on monilaajaisen soundin omaava emo-rock -b\u00e4ndi.<br>Musiikkia kaikille yksin\u00e4isille, toivottomille, kaiken saaneille, jokaiselle, joka tykk\u00e4\u00e4 raskaasta, herk\u00e4st\u00e4, melodisesta ja rouheasta tunteiden tulkinnasta. B\u00e4ndin kappaleissa k\u00e4sitell\u00e4\u00e4n vaikeita ihmissuhteita sek\u00e4 traumaattisia kokemuksia, on<br>live-spektaakkeli kuitenkin hyv\u00e4n mielen ja yhdess\u00e4 tekemisen manifesti. Spectaclen keikalla paljastuu ihmisen koko tunnekirjo.<\/p>\n","protected":false},"excerpt":{"rendered":"<p>Perjantaina 8.5. Pispalan Pethausin lavalla n\u00e4hd\u00e4\u00e4n ja kuullaan yhtyeet Airuet (Hki), Daniela Lila (Tre) ja Spectacle (Lahti). Tervetuloa! Aikataulu:18.30 Ovet19.00 Daniela Lila20.00 Airuet21.00 Spectacle Omavalintainen p\u00e4\u00e4symaksu 5-15\u20ac kolehtiin k\u00e4teisell\u00e4 tai MobilePaylla. Omat juomat sallittu. Daniela Lila on tamperelainen rokkib\u00e4ndi. Punk, grunge, post-punk, goottirock, noise rock ym. kuuluvat musiikissa, mutta yhtye ei selke\u00e4sti ole mit\u00e4\u00e4n n\u00e4ist\u00e4. &#8230; <a title=\"8.5. Airuet, Spectacle, Daniela Lila\" class=\"read-more\" href=\"https:\/\/www.pethaus.fi\/?page_id=1991\">Read more<span class=\"screen-reader-text\">8.5. Airuet, Spectacle, Daniela Lila<\/span><\/a><\/p>\n","protected":false},"author":1,"featured_media":0,"parent":0,"menu_order":0,"comment_status":"closed","ping_status":"closed","template":"","meta":{"footnotes":""},"class_list":["post-1991","page","type-page","status-publish"],"yoast_head":"<!-- This site is optimized with the Yoast SEO plugin v27.5 - https:\/\/yoast.com\/product\/yoast-seo-wordpress\/ -->\n<title>8.5. Airuet, Spectacle, Daniela Lila - Pethaus<\/title>\n<meta name=\"robots\" content=\"noindex, follow\" \/>\n<meta property=\"og:locale\" content=\"fi_FI\" \/>\n<meta property=\"og:type\" content=\"article\" \/>\n<meta property=\"og:title\" content=\"8.5. Airuet, Spectacle, Daniela Lila - Pethaus\" \/>\n<meta property=\"og:description\" content=\"Perjantaina 8.5. Pispalan Pethausin lavalla n\u00e4hd\u00e4\u00e4n ja kuullaan yhtyeet Airuet (Hki), Daniela Lila (Tre) ja Spectacle (Lahti). Tervetuloa! Aikataulu:18.30 Ovet19.00 Daniela Lila20.00 Airuet21.00 Spectacle Omavalintainen p\u00e4\u00e4symaksu 5-15\u20ac kolehtiin k\u00e4teisell\u00e4 tai MobilePaylla. Omat juomat sallittu. Daniela Lila on tamperelainen rokkib\u00e4ndi. Punk, grunge, post-punk, goottirock, noise rock ym. kuuluvat musiikissa, mutta yhtye ei selke\u00e4sti ole mit\u00e4\u00e4n n\u00e4ist\u00e4. ... Read more8.5. Airuet, Spectacle, Daniela Lila\" \/>\n<meta property=\"og:url\" content=\"https:\/\/www.pethaus.fi\/?page_id=1991\" \/>\n<meta property=\"og:site_name\" content=\"Pethaus\" \/>\n<meta property=\"article:publisher\" content=\"https:\/\/www.facebook.com\/p\/Pethaus-Ry-100091916868701\/\" \/>\n<meta property=\"article:modified_time\" content=\"2026-04-28T16:54:18+00:00\" \/>\n<meta property=\"og:image\" content=\"https:\/\/www.pethaus.fi\/wp-content\/uploads\/2026\/04\/airuet.jpg\" \/>\n\t<meta property=\"og:image:width\" content=\"1920\" \/>\n\t<meta property=\"og:image:height\" content=\"1080\" \/>\n\t<meta property=\"og:image:type\" content=\"image\/jpeg\" \/>\n<meta name=\"twitter:card\" content=\"summary_large_image\" \/>\n<meta name=\"twitter:label1\" content=\"Arvioitu lukuaika\" \/>\n\t<meta name=\"twitter:data1\" content=\"2 minuuttia\" \/>\n<script type=\"application\/ld+json\" class=\"yoast-schema-graph\">{\"@context\":\"https:\\\/\\\/schema.org\",\"@graph\":[{\"@type\":\"WebPage\",\"@id\":\"https:\\\/\\\/www.pethaus.fi\\\/?page_id=1991\",\"url\":\"https:\\\/\\\/www.pethaus.fi\\\/?page_id=1991\",\"name\":\"8.5. Airuet, Spectacle, Daniela Lila - Pethaus\",\"isPartOf\":{\"@id\":\"https:\\\/\\\/www.pethaus.fi\\\/#website\"},\"primaryImageOfPage\":{\"@id\":\"https:\\\/\\\/www.pethaus.fi\\\/?page_id=1991#primaryimage\"},\"image\":{\"@id\":\"https:\\\/\\\/www.pethaus.fi\\\/?page_id=1991#primaryimage\"},\"thumbnailUrl\":\"https:\\\/\\\/www.pethaus.fi\\\/wp-content\\\/uploads\\\/2026\\\/04\\\/airuet-1024x576.jpg\",\"datePublished\":\"2026-04-28T16:54:17+00:00\",\"dateModified\":\"2026-04-28T16:54:18+00:00\",\"breadcrumb\":{\"@id\":\"https:\\\/\\\/www.pethaus.fi\\\/?page_id=1991#breadcrumb\"},\"inLanguage\":\"fi\",\"potentialAction\":[{\"@type\":\"ReadAction\",\"target\":[\"https:\\\/\\\/www.pethaus.fi\\\/?page_id=1991\"]}]},{\"@type\":\"ImageObject\",\"inLanguage\":\"fi\",\"@id\":\"https:\\\/\\\/www.pethaus.fi\\\/?page_id=1991#primaryimage\",\"url\":\"https:\\\/\\\/www.pethaus.fi\\\/wp-content\\\/uploads\\\/2026\\\/04\\\/airuet.jpg\",\"contentUrl\":\"https:\\\/\\\/www.pethaus.fi\\\/wp-content\\\/uploads\\\/2026\\\/04\\\/airuet.jpg\",\"width\":1920,\"height\":1080},{\"@type\":\"BreadcrumbList\",\"@id\":\"https:\\\/\\\/www.pethaus.fi\\\/?page_id=1991#breadcrumb\",\"itemListElement\":[{\"@type\":\"ListItem\",\"position\":1,\"name\":\"Etusivu\",\"item\":\"https:\\\/\\\/www.pethaus.fi\\\/\"},{\"@type\":\"ListItem\",\"position\":2,\"name\":\"8.5. Airuet, Spectacle, Daniela Lila\"}]},{\"@type\":\"WebSite\",\"@id\":\"https:\\\/\\\/www.pethaus.fi\\\/#website\",\"url\":\"https:\\\/\\\/www.pethaus.fi\\\/\",\"name\":\"Pethaus\",\"description\":\"Tamperelainen matalan kynnyksen kulttuuritila.\",\"publisher\":{\"@id\":\"https:\\\/\\\/www.pethaus.fi\\\/#organization\"},\"alternateName\":\"Tamperelainen matalan kynnyksen kulttuuritila.\",\"potentialAction\":[{\"@type\":\"SearchAction\",\"target\":{\"@type\":\"EntryPoint\",\"urlTemplate\":\"https:\\\/\\\/www.pethaus.fi\\\/?s={search_term_string}\"},\"query-input\":{\"@type\":\"PropertyValueSpecification\",\"valueRequired\":true,\"valueName\":\"search_term_string\"}}],\"inLanguage\":\"fi\"},{\"@type\":\"Organization\",\"@id\":\"https:\\\/\\\/www.pethaus.fi\\\/#organization\",\"name\":\"Pethaus\",\"url\":\"https:\\\/\\\/www.pethaus.fi\\\/\",\"logo\":{\"@type\":\"ImageObject\",\"inLanguage\":\"fi\",\"@id\":\"https:\\\/\\\/www.pethaus.fi\\\/#\\\/schema\\\/logo\\\/image\\\/\",\"url\":\"https:\\\/\\\/www.pethaus.fi\\\/wp-content\\\/uploads\\\/2024\\\/04\\\/cropped-pethaus-logo.jpg\",\"contentUrl\":\"https:\\\/\\\/www.pethaus.fi\\\/wp-content\\\/uploads\\\/2024\\\/04\\\/cropped-pethaus-logo.jpg\",\"width\":512,\"height\":512,\"caption\":\"Pethaus\"},\"image\":{\"@id\":\"https:\\\/\\\/www.pethaus.fi\\\/#\\\/schema\\\/logo\\\/image\\\/\"},\"sameAs\":[\"https:\\\/\\\/www.facebook.com\\\/p\\\/Pethaus-Ry-100091916868701\\\/\",\"https:\\\/\\\/www.instagram.com\\\/pethaus_ry\\\/?hl=fi\"]}]}<\/script>\n<!-- \/ Yoast SEO plugin. -->","yoast_head_json":{"title":"8.5. Airuet, Spectacle, Daniela Lila - Pethaus","robots":{"index":"noindex","follow":"follow"},"og_locale":"fi_FI","og_type":"article","og_title":"8.5. Airuet, Spectacle, Daniela Lila - Pethaus","og_description":"Perjantaina 8.5. Pispalan Pethausin lavalla n\u00e4hd\u00e4\u00e4n ja kuullaan yhtyeet Airuet (Hki), Daniela Lila (Tre) ja Spectacle (Lahti). Tervetuloa! Aikataulu:18.30 Ovet19.00 Daniela Lila20.00 Airuet21.00 Spectacle Omavalintainen p\u00e4\u00e4symaksu 5-15\u20ac kolehtiin k\u00e4teisell\u00e4 tai MobilePaylla. Omat juomat sallittu. Daniela Lila on tamperelainen rokkib\u00e4ndi. Punk, grunge, post-punk, goottirock, noise rock ym. kuuluvat musiikissa, mutta yhtye ei selke\u00e4sti ole mit\u00e4\u00e4n n\u00e4ist\u00e4. ... Read more8.5. Airuet, Spectacle, Daniela Lila","og_url":"https:\/\/www.pethaus.fi\/?page_id=1991","og_site_name":"Pethaus","article_publisher":"https:\/\/www.facebook.com\/p\/Pethaus-Ry-100091916868701\/","article_modified_time":"2026-04-28T16:54:18+00:00","og_image":[{"width":1920,"height":1080,"url":"https:\/\/www.pethaus.fi\/wp-content\/uploads\/2026\/04\/airuet.jpg","type":"image\/jpeg"}],"twitter_card":"summary_large_image","twitter_misc":{"Arvioitu lukuaika":"2 minuuttia"},"schema":{"@context":"https:\/\/schema.org","@graph":[{"@type":"WebPage","@id":"https:\/\/www.pethaus.fi\/?page_id=1991","url":"https:\/\/www.pethaus.fi\/?page_id=1991","name":"8.5. Airuet, Spectacle, Daniela Lila - Pethaus","isPartOf":{"@id":"https:\/\/www.pethaus.fi\/#website"},"primaryImageOfPage":{"@id":"https:\/\/www.pethaus.fi\/?page_id=1991#primaryimage"},"image":{"@id":"https:\/\/www.pethaus.fi\/?page_id=1991#primaryimage"},"thumbnailUrl":"https:\/\/www.pethaus.fi\/wp-content\/uploads\/2026\/04\/airuet-1024x576.jpg","datePublished":"2026-04-28T16:54:17+00:00","dateModified":"2026-04-28T16:54:18+00:00","breadcrumb":{"@id":"https:\/\/www.pethaus.fi\/?page_id=1991#breadcrumb"},"inLanguage":"fi","potentialAction":[{"@type":"ReadAction","target":["https:\/\/www.pethaus.fi\/?page_id=1991"]}]},{"@type":"ImageObject","inLanguage":"fi","@id":"https:\/\/www.pethaus.fi\/?page_id=1991#primaryimage","url":"https:\/\/www.pethaus.fi\/wp-content\/uploads\/2026\/04\/airuet.jpg","contentUrl":"https:\/\/www.pethaus.fi\/wp-content\/uploads\/2026\/04\/airuet.jpg","width":1920,"height":1080},{"@type":"BreadcrumbList","@id":"https:\/\/www.pethaus.fi\/?page_id=1991#breadcrumb","itemListElement":[{"@type":"ListItem","position":1,"name":"Etusivu","item":"https:\/\/www.pethaus.fi\/"},{"@type":"ListItem","position":2,"name":"8.5. Airuet, Spectacle, Daniela Lila"}]},{"@type":"WebSite","@id":"https:\/\/www.pethaus.fi\/#website","url":"https:\/\/www.pethaus.fi\/","name":"Pethaus","description":"Tamperelainen matalan kynnyksen kulttuuritila.","publisher":{"@id":"https:\/\/www.pethaus.fi\/#organization"},"alternateName":"Tamperelainen matalan kynnyksen kulttuuritila.","potentialAction":[{"@type":"SearchAction","target":{"@type":"EntryPoint","urlTemplate":"https:\/\/www.pethaus.fi\/?s={search_term_string}"},"query-input":{"@type":"PropertyValueSpecification","valueRequired":true,"valueName":"search_term_string"}}],"inLanguage":"fi"},{"@type":"Organization","@id":"https:\/\/www.pethaus.fi\/#organization","name":"Pethaus","url":"https:\/\/www.pethaus.fi\/","logo":{"@type":"ImageObject","inLanguage":"fi","@id":"https:\/\/www.pethaus.fi\/#\/schema\/logo\/image\/","url":"https:\/\/www.pethaus.fi\/wp-content\/uploads\/2024\/04\/cropped-pethaus-logo.jpg","contentUrl":"https:\/\/www.pethaus.fi\/wp-content\/uploads\/2024\/04\/cropped-pethaus-logo.jpg","width":512,"height":512,"caption":"Pethaus"},"image":{"@id":"https:\/\/www.pethaus.fi\/#\/schema\/logo\/image\/"},"sameAs":["https:\/\/www.facebook.com\/p\/Pethaus-Ry-100091916868701\/","https:\/\/www.instagram.com\/pethaus_ry\/?hl=fi"]}]}},"jetpack_sharing_enabled":true,"_links":{"self":[{"href":"https:\/\/www.pethaus.fi\/index.php?rest_route=\/wp\/v2\/pages\/1991","targetHints":{"allow":["GET"]}}],"collection":[{"href":"https:\/\/www.pethaus.fi\/index.php?rest_route=\/wp\/v2\/pages"}],"about":[{"href":"https:\/\/www.pethaus.fi\/index.php?rest_route=\/wp\/v2\/types\/page"}],"author":[{"embeddable":true,"href":"https:\/\/www.pethaus.fi\/index.php?rest_route=\/wp\/v2\/users\/1"}],"replies":[{"embeddable":true,"href":"https:\/\/www.pethaus.fi\/index.php?rest_route=%2Fwp%2Fv2%2Fcomments&post=1991"}],"version-history":[{"count":1,"href":"https:\/\/www.pethaus.fi\/index.php?rest_route=\/wp\/v2\/pages\/1991\/revisions"}],"predecessor-version":[{"id":1993,"href":"https:\/\/www.pethaus.fi\/index.php?rest_route=\/wp\/v2\/pages\/1991\/revisions\/1993"}],"wp:attachment":[{"href":"https:\/\/www.pethaus.fi\/index.php?rest_route=%2Fwp%2Fv2%2Fmedia&parent=1991"}],"curies":[{"name":"wp","href":"https:\/\/api.w.org\/{rel}","templated":true}]}}