{"id":1997,"date":"2026-05-05T11:40:39","date_gmt":"2026-05-05T11:40:39","guid":{"rendered":"https:\/\/www.pethaus.fi\/?page_id=1997"},"modified":"2026-05-05T11:40:41","modified_gmt":"2026-05-05T11:40:41","slug":"9-5-kauno-aaro-joki","status":"publish","type":"page","link":"https:\/\/www.pethaus.fi\/?page_id=1997","title":{"rendered":"9.5. Kauno, Aaro Joki"},"content":{"rendered":"\n<figure class=\"wp-block-image size-large\"><img fetchpriority=\"high\" decoding=\"async\" width=\"819\" height=\"1024\" src=\"https:\/\/www.pethaus.fi\/wp-content\/uploads\/2026\/05\/kauno-819x1024.png\" alt=\"\" class=\"wp-image-1998\" srcset=\"https:\/\/www.pethaus.fi\/wp-content\/uploads\/2026\/05\/kauno-819x1024.png 819w, https:\/\/www.pethaus.fi\/wp-content\/uploads\/2026\/05\/kauno-240x300.png 240w, https:\/\/www.pethaus.fi\/wp-content\/uploads\/2026\/05\/kauno-768x960.png 768w, https:\/\/www.pethaus.fi\/wp-content\/uploads\/2026\/05\/kauno-1229x1536.png 1229w, https:\/\/www.pethaus.fi\/wp-content\/uploads\/2026\/05\/kauno.png 1620w\" sizes=\"(max-width: 819px) 100vw, 819px\" \/><\/figure>\n\n\n\n<p>AARO JOKI -yhtye soittaa helposti l\u00e4hestytt\u00e4v\u00e4\u00e4, manserockistakin ammentavaa indie folk -rockia. Aaro Joen kirjoittamat kappaleet viev\u00e4t kuulijan matkalle, jonka aikana saa sek\u00e4 itke\u00e4 ett\u00e4 nauraa. Yhtyeen suola on l\u00e4mminhenkinen live-esiintyminen, jonka kruunaa karismaattinen laulaja-lauluntekij\u00e4 Aaro Joki. Joki on kehuttu varma ja tarkka solisti, jolle kappaleiden tulkinta on ensiarvoisen t\u00e4rke\u00e4\u00e4.<br>B\u00e4ndi soittaa Pethausin illassa ensimm\u00e4ist\u00e4 kertaa uuden levyns\u00e4 materiaalin kokonaisuudessaan l\u00e4pi.<br><br><a href=\"https:\/\/open.spotify.com\/album\/0uDl5TnykFA92ox7Kp6AJN?utm_source=ig&amp;utm_medium=social&amp;utm_content=link_in_bio\">https:\/\/open.spotify.com\/album\/0uDl5TnykFA92ox7Kp6AJN?utm_source=ig&amp;utm_medium=social&amp;utm_content=link_in_bio<br><\/a><a href=\"https:\/\/youtu.be\/YQ0m4EMTtWY?si=JVU90yD1jQsnQ0m3\"><a href=\"https:\/\/youtu.be\/YQ0m4EMTtWY?si=JVU90yD1jQsnQ0m3\">https:\/\/youtu.be\/YQ0m4EMTtWY?si=JVU90yD1jQsnQ0m3<\/a><\/a><\/p>\n\n\n\n<p>KAUNO on tamperelainen pop-rock -yhtye, jonka keski\u00f6ss\u00e4 on nuori ja lahjakas lauluntekij\u00e4kaksikko Eemeli L\u00e4\u00e4peri ja Ella Ojala. He ovat tehneet musiikkia yhdess\u00e4 jo yl\u00e4asteelta asti ja vuosien varrella kertyneen kokemuksen my\u00f6t\u00e4 heid\u00e4n yhteinen musiikillinen visio on kiteytynyt omaleimaiseksi ja koskettavaksi soundiksi.<\/p>\n\n\n\n<p>Lavalla mukana on my\u00f6s energinen rytmiryhm\u00e4: basisti Meo Kuivanen ja rumpali Ilona Hakala, jotka t\u00e4ydent\u00e4v\u00e4t kokoonpanon vahvaksi ja tiiviiksi liveb\u00e4ndiksi.<\/p>\n\n\n\n<p><a href=\"https:\/\/www.instagram.com\/kaunoband\">https:\/\/www.instagram.com\/kaunoband<\/a><\/p>\n\n\n\n<figure class=\"wp-block-embed is-type-rich is-provider-spotify wp-block-embed-spotify wp-embed-aspect-21-9 wp-has-aspect-ratio\"><div class=\"wp-block-embed__wrapper\">\n<iframe title=\"Spotify Embed: KAUNO\" style=\"border-radius: 12px\" width=\"100%\" height=\"352\" frameborder=\"0\" allowfullscreen allow=\"autoplay; clipboard-write; encrypted-media; fullscreen; picture-in-picture\" loading=\"lazy\" src=\"https:\/\/open.spotify.com\/embed\/artist\/7dUl8yBx2RAkvlwZUEysvd?utm_source=oembed&amp;utm_medium=social&amp;utm_content=link_in_bio\"><\/iframe>\n<\/div><\/figure>\n\n\n\n<p>Soitot alkaen 19.30 &#8211;&gt;<br>Vapaaehtoinen artistikolehti (5-15\u20ac).<\/p>\n\n\n\n<p>TERVETULOA!!!!!!!<\/p>\n","protected":false},"excerpt":{"rendered":"<p>AARO JOKI -yhtye soittaa helposti l\u00e4hestytt\u00e4v\u00e4\u00e4, manserockistakin ammentavaa indie folk -rockia. Aaro Joen kirjoittamat kappaleet viev\u00e4t kuulijan matkalle, jonka aikana saa sek\u00e4 itke\u00e4 ett\u00e4 nauraa. Yhtyeen suola on l\u00e4mminhenkinen live-esiintyminen, jonka kruunaa karismaattinen laulaja-lauluntekij\u00e4 Aaro Joki. Joki on kehuttu varma ja tarkka solisti, jolle kappaleiden tulkinta on ensiarvoisen t\u00e4rke\u00e4\u00e4.B\u00e4ndi soittaa Pethausin illassa ensimm\u00e4ist\u00e4 kertaa uuden &#8230; <a title=\"9.5. Kauno, Aaro Joki\" class=\"read-more\" href=\"https:\/\/www.pethaus.fi\/?page_id=1997\">Read more<span class=\"screen-reader-text\">9.5. Kauno, Aaro Joki<\/span><\/a><\/p>\n","protected":false},"author":1,"featured_media":0,"parent":0,"menu_order":0,"comment_status":"closed","ping_status":"closed","template":"","meta":{"footnotes":""},"class_list":["post-1997","page","type-page","status-publish"],"yoast_head":"<!-- This site is optimized with the Yoast SEO plugin v27.5 - https:\/\/yoast.com\/product\/yoast-seo-wordpress\/ -->\n<title>9.5. Kauno, Aaro Joki - Pethaus<\/title>\n<meta name=\"robots\" content=\"noindex, follow\" \/>\n<meta property=\"og:locale\" content=\"fi_FI\" \/>\n<meta property=\"og:type\" content=\"article\" \/>\n<meta property=\"og:title\" content=\"9.5. Kauno, Aaro Joki - Pethaus\" \/>\n<meta property=\"og:description\" content=\"AARO JOKI -yhtye soittaa helposti l\u00e4hestytt\u00e4v\u00e4\u00e4, manserockistakin ammentavaa indie folk -rockia. Aaro Joen kirjoittamat kappaleet viev\u00e4t kuulijan matkalle, jonka aikana saa sek\u00e4 itke\u00e4 ett\u00e4 nauraa. Yhtyeen suola on l\u00e4mminhenkinen live-esiintyminen, jonka kruunaa karismaattinen laulaja-lauluntekij\u00e4 Aaro Joki. Joki on kehuttu varma ja tarkka solisti, jolle kappaleiden tulkinta on ensiarvoisen t\u00e4rke\u00e4\u00e4.B\u00e4ndi soittaa Pethausin illassa ensimm\u00e4ist\u00e4 kertaa uuden ... Read more9.5. Kauno, Aaro Joki\" \/>\n<meta property=\"og:url\" content=\"https:\/\/www.pethaus.fi\/?page_id=1997\" \/>\n<meta property=\"og:site_name\" content=\"Pethaus\" \/>\n<meta property=\"article:publisher\" content=\"https:\/\/www.facebook.com\/p\/Pethaus-Ry-100091916868701\/\" \/>\n<meta property=\"article:modified_time\" content=\"2026-05-05T11:40:41+00:00\" \/>\n<meta property=\"og:image\" content=\"https:\/\/www.pethaus.fi\/wp-content\/uploads\/2026\/05\/kauno-819x1024.png\" \/>\n\t<meta property=\"og:image:width\" content=\"819\" \/>\n\t<meta property=\"og:image:height\" content=\"1024\" \/>\n\t<meta property=\"og:image:type\" content=\"image\/png\" \/>\n<meta name=\"twitter:card\" content=\"summary_large_image\" \/>\n<meta name=\"twitter:label1\" content=\"Arvioitu lukuaika\" \/>\n\t<meta name=\"twitter:data1\" content=\"2 minuuttia\" \/>\n<script type=\"application\/ld+json\" class=\"yoast-schema-graph\">{\"@context\":\"https:\\\/\\\/schema.org\",\"@graph\":[{\"@type\":\"WebPage\",\"@id\":\"https:\\\/\\\/www.pethaus.fi\\\/?page_id=1997\",\"url\":\"https:\\\/\\\/www.pethaus.fi\\\/?page_id=1997\",\"name\":\"9.5. Kauno, Aaro Joki - Pethaus\",\"isPartOf\":{\"@id\":\"https:\\\/\\\/www.pethaus.fi\\\/#website\"},\"primaryImageOfPage\":{\"@id\":\"https:\\\/\\\/www.pethaus.fi\\\/?page_id=1997#primaryimage\"},\"image\":{\"@id\":\"https:\\\/\\\/www.pethaus.fi\\\/?page_id=1997#primaryimage\"},\"thumbnailUrl\":\"https:\\\/\\\/www.pethaus.fi\\\/wp-content\\\/uploads\\\/2026\\\/05\\\/kauno-819x1024.png\",\"datePublished\":\"2026-05-05T11:40:39+00:00\",\"dateModified\":\"2026-05-05T11:40:41+00:00\",\"breadcrumb\":{\"@id\":\"https:\\\/\\\/www.pethaus.fi\\\/?page_id=1997#breadcrumb\"},\"inLanguage\":\"fi\",\"potentialAction\":[{\"@type\":\"ReadAction\",\"target\":[\"https:\\\/\\\/www.pethaus.fi\\\/?page_id=1997\"]}]},{\"@type\":\"ImageObject\",\"inLanguage\":\"fi\",\"@id\":\"https:\\\/\\\/www.pethaus.fi\\\/?page_id=1997#primaryimage\",\"url\":\"https:\\\/\\\/www.pethaus.fi\\\/wp-content\\\/uploads\\\/2026\\\/05\\\/kauno.png\",\"contentUrl\":\"https:\\\/\\\/www.pethaus.fi\\\/wp-content\\\/uploads\\\/2026\\\/05\\\/kauno.png\",\"width\":1620,\"height\":2025},{\"@type\":\"BreadcrumbList\",\"@id\":\"https:\\\/\\\/www.pethaus.fi\\\/?page_id=1997#breadcrumb\",\"itemListElement\":[{\"@type\":\"ListItem\",\"position\":1,\"name\":\"Etusivu\",\"item\":\"https:\\\/\\\/www.pethaus.fi\\\/\"},{\"@type\":\"ListItem\",\"position\":2,\"name\":\"9.5. Kauno, Aaro Joki\"}]},{\"@type\":\"WebSite\",\"@id\":\"https:\\\/\\\/www.pethaus.fi\\\/#website\",\"url\":\"https:\\\/\\\/www.pethaus.fi\\\/\",\"name\":\"Pethaus\",\"description\":\"Tamperelainen matalan kynnyksen kulttuuritila.\",\"publisher\":{\"@id\":\"https:\\\/\\\/www.pethaus.fi\\\/#organization\"},\"alternateName\":\"Tamperelainen matalan kynnyksen kulttuuritila.\",\"potentialAction\":[{\"@type\":\"SearchAction\",\"target\":{\"@type\":\"EntryPoint\",\"urlTemplate\":\"https:\\\/\\\/www.pethaus.fi\\\/?s={search_term_string}\"},\"query-input\":{\"@type\":\"PropertyValueSpecification\",\"valueRequired\":true,\"valueName\":\"search_term_string\"}}],\"inLanguage\":\"fi\"},{\"@type\":\"Organization\",\"@id\":\"https:\\\/\\\/www.pethaus.fi\\\/#organization\",\"name\":\"Pethaus\",\"url\":\"https:\\\/\\\/www.pethaus.fi\\\/\",\"logo\":{\"@type\":\"ImageObject\",\"inLanguage\":\"fi\",\"@id\":\"https:\\\/\\\/www.pethaus.fi\\\/#\\\/schema\\\/logo\\\/image\\\/\",\"url\":\"https:\\\/\\\/www.pethaus.fi\\\/wp-content\\\/uploads\\\/2024\\\/04\\\/cropped-pethaus-logo.jpg\",\"contentUrl\":\"https:\\\/\\\/www.pethaus.fi\\\/wp-content\\\/uploads\\\/2024\\\/04\\\/cropped-pethaus-logo.jpg\",\"width\":512,\"height\":512,\"caption\":\"Pethaus\"},\"image\":{\"@id\":\"https:\\\/\\\/www.pethaus.fi\\\/#\\\/schema\\\/logo\\\/image\\\/\"},\"sameAs\":[\"https:\\\/\\\/www.facebook.com\\\/p\\\/Pethaus-Ry-100091916868701\\\/\",\"https:\\\/\\\/www.instagram.com\\\/pethaus_ry\\\/?hl=fi\"]}]}<\/script>\n<!-- \/ Yoast SEO plugin. -->","yoast_head_json":{"title":"9.5. Kauno, Aaro Joki - Pethaus","robots":{"index":"noindex","follow":"follow"},"og_locale":"fi_FI","og_type":"article","og_title":"9.5. Kauno, Aaro Joki - Pethaus","og_description":"AARO JOKI -yhtye soittaa helposti l\u00e4hestytt\u00e4v\u00e4\u00e4, manserockistakin ammentavaa indie folk -rockia. Aaro Joen kirjoittamat kappaleet viev\u00e4t kuulijan matkalle, jonka aikana saa sek\u00e4 itke\u00e4 ett\u00e4 nauraa. Yhtyeen suola on l\u00e4mminhenkinen live-esiintyminen, jonka kruunaa karismaattinen laulaja-lauluntekij\u00e4 Aaro Joki. Joki on kehuttu varma ja tarkka solisti, jolle kappaleiden tulkinta on ensiarvoisen t\u00e4rke\u00e4\u00e4.B\u00e4ndi soittaa Pethausin illassa ensimm\u00e4ist\u00e4 kertaa uuden ... Read more9.5. Kauno, Aaro Joki","og_url":"https:\/\/www.pethaus.fi\/?page_id=1997","og_site_name":"Pethaus","article_publisher":"https:\/\/www.facebook.com\/p\/Pethaus-Ry-100091916868701\/","article_modified_time":"2026-05-05T11:40:41+00:00","og_image":[{"width":819,"height":1024,"url":"https:\/\/www.pethaus.fi\/wp-content\/uploads\/2026\/05\/kauno-819x1024.png","type":"image\/png"}],"twitter_card":"summary_large_image","twitter_misc":{"Arvioitu lukuaika":"2 minuuttia"},"schema":{"@context":"https:\/\/schema.org","@graph":[{"@type":"WebPage","@id":"https:\/\/www.pethaus.fi\/?page_id=1997","url":"https:\/\/www.pethaus.fi\/?page_id=1997","name":"9.5. Kauno, Aaro Joki - Pethaus","isPartOf":{"@id":"https:\/\/www.pethaus.fi\/#website"},"primaryImageOfPage":{"@id":"https:\/\/www.pethaus.fi\/?page_id=1997#primaryimage"},"image":{"@id":"https:\/\/www.pethaus.fi\/?page_id=1997#primaryimage"},"thumbnailUrl":"https:\/\/www.pethaus.fi\/wp-content\/uploads\/2026\/05\/kauno-819x1024.png","datePublished":"2026-05-05T11:40:39+00:00","dateModified":"2026-05-05T11:40:41+00:00","breadcrumb":{"@id":"https:\/\/www.pethaus.fi\/?page_id=1997#breadcrumb"},"inLanguage":"fi","potentialAction":[{"@type":"ReadAction","target":["https:\/\/www.pethaus.fi\/?page_id=1997"]}]},{"@type":"ImageObject","inLanguage":"fi","@id":"https:\/\/www.pethaus.fi\/?page_id=1997#primaryimage","url":"https:\/\/www.pethaus.fi\/wp-content\/uploads\/2026\/05\/kauno.png","contentUrl":"https:\/\/www.pethaus.fi\/wp-content\/uploads\/2026\/05\/kauno.png","width":1620,"height":2025},{"@type":"BreadcrumbList","@id":"https:\/\/www.pethaus.fi\/?page_id=1997#breadcrumb","itemListElement":[{"@type":"ListItem","position":1,"name":"Etusivu","item":"https:\/\/www.pethaus.fi\/"},{"@type":"ListItem","position":2,"name":"9.5. Kauno, Aaro Joki"}]},{"@type":"WebSite","@id":"https:\/\/www.pethaus.fi\/#website","url":"https:\/\/www.pethaus.fi\/","name":"Pethaus","description":"Tamperelainen matalan kynnyksen kulttuuritila.","publisher":{"@id":"https:\/\/www.pethaus.fi\/#organization"},"alternateName":"Tamperelainen matalan kynnyksen kulttuuritila.","potentialAction":[{"@type":"SearchAction","target":{"@type":"EntryPoint","urlTemplate":"https:\/\/www.pethaus.fi\/?s={search_term_string}"},"query-input":{"@type":"PropertyValueSpecification","valueRequired":true,"valueName":"search_term_string"}}],"inLanguage":"fi"},{"@type":"Organization","@id":"https:\/\/www.pethaus.fi\/#organization","name":"Pethaus","url":"https:\/\/www.pethaus.fi\/","logo":{"@type":"ImageObject","inLanguage":"fi","@id":"https:\/\/www.pethaus.fi\/#\/schema\/logo\/image\/","url":"https:\/\/www.pethaus.fi\/wp-content\/uploads\/2024\/04\/cropped-pethaus-logo.jpg","contentUrl":"https:\/\/www.pethaus.fi\/wp-content\/uploads\/2024\/04\/cropped-pethaus-logo.jpg","width":512,"height":512,"caption":"Pethaus"},"image":{"@id":"https:\/\/www.pethaus.fi\/#\/schema\/logo\/image\/"},"sameAs":["https:\/\/www.facebook.com\/p\/Pethaus-Ry-100091916868701\/","https:\/\/www.instagram.com\/pethaus_ry\/?hl=fi"]}]}},"jetpack_sharing_enabled":true,"_links":{"self":[{"href":"https:\/\/www.pethaus.fi\/index.php?rest_route=\/wp\/v2\/pages\/1997","targetHints":{"allow":["GET"]}}],"collection":[{"href":"https:\/\/www.pethaus.fi\/index.php?rest_route=\/wp\/v2\/pages"}],"about":[{"href":"https:\/\/www.pethaus.fi\/index.php?rest_route=\/wp\/v2\/types\/page"}],"author":[{"embeddable":true,"href":"https:\/\/www.pethaus.fi\/index.php?rest_route=\/wp\/v2\/users\/1"}],"replies":[{"embeddable":true,"href":"https:\/\/www.pethaus.fi\/index.php?rest_route=%2Fwp%2Fv2%2Fcomments&post=1997"}],"version-history":[{"count":1,"href":"https:\/\/www.pethaus.fi\/index.php?rest_route=\/wp\/v2\/pages\/1997\/revisions"}],"predecessor-version":[{"id":1999,"href":"https:\/\/www.pethaus.fi\/index.php?rest_route=\/wp\/v2\/pages\/1997\/revisions\/1999"}],"wp:attachment":[{"href":"https:\/\/www.pethaus.fi\/index.php?rest_route=%2Fwp%2Fv2%2Fmedia&parent=1997"}],"curies":[{"name":"wp","href":"https:\/\/api.w.org\/{rel}","templated":true}]}}