{"id":20,"date":"2024-04-23T10:56:58","date_gmt":"2024-04-23T10:56:58","guid":{"rendered":"http:\/\/www.pethaus.fi\/?page_id=20"},"modified":"2026-02-12T13:34:20","modified_gmt":"2026-02-12T13:34:20","slug":"pethaus","status":"publish","type":"page","link":"https:\/\/www.pethaus.fi\/?page_id=20","title":{"rendered":"Kulttuuritila Pethaus"},"content":{"rendered":"\n<figure class=\"wp-block-gallery has-nested-images columns-default is-cropped wp-block-gallery-1 is-layout-flex wp-block-gallery-is-layout-flex\">\n<figure data-wp-context=\"{&quot;imageId&quot;:&quot;69fb3121868bf&quot;}\" data-wp-interactive=\"core\/image\" data-wp-key=\"69fb3121868bf\" class=\"wp-block-image size-large wp-lightbox-container\"><img fetchpriority=\"high\" decoding=\"async\" width=\"1024\" height=\"768\" data-wp-class--hide=\"state.isContentHidden\" data-wp-class--show=\"state.isContentVisible\" data-wp-init=\"callbacks.setButtonStyles\" data-wp-on--click=\"actions.showLightbox\" data-wp-on--load=\"callbacks.setButtonStyles\" data-wp-on-window--resize=\"callbacks.setButtonStyles\" data-id=\"635\" src=\"https:\/\/www.pethaus.fi\/wp-content\/uploads\/2024\/07\/pethaus-1-1024x768.jpg\" alt=\"\" class=\"wp-image-635\" srcset=\"https:\/\/www.pethaus.fi\/wp-content\/uploads\/2024\/07\/pethaus-1-1024x768.jpg 1024w, https:\/\/www.pethaus.fi\/wp-content\/uploads\/2024\/07\/pethaus-1-300x225.jpg 300w, https:\/\/www.pethaus.fi\/wp-content\/uploads\/2024\/07\/pethaus-1-768x576.jpg 768w, https:\/\/www.pethaus.fi\/wp-content\/uploads\/2024\/07\/pethaus-1-1536x1152.jpg 1536w, https:\/\/www.pethaus.fi\/wp-content\/uploads\/2024\/07\/pethaus-1-2048x1536.jpg 2048w, https:\/\/www.pethaus.fi\/wp-content\/uploads\/2024\/07\/pethaus-1-600x450.jpg 600w\" sizes=\"(max-width: 1024px) 100vw, 1024px\" \/><button\n\t\t\tclass=\"lightbox-trigger\"\n\t\t\ttype=\"button\"\n\t\t\taria-haspopup=\"dialog\"\n\t\t\taria-label=\"Suurenna\"\n\t\t\tdata-wp-init=\"callbacks.initTriggerButton\"\n\t\t\tdata-wp-on--click=\"actions.showLightbox\"\n\t\t\tdata-wp-style--right=\"state.imageButtonRight\"\n\t\t\tdata-wp-style--top=\"state.imageButtonTop\"\n\t\t>\n\t\t\t<svg xmlns=\"http:\/\/www.w3.org\/2000\/svg\" width=\"12\" height=\"12\" fill=\"none\" viewBox=\"0 0 12 12\">\n\t\t\t\t<path fill=\"#fff\" d=\"M2 0a2 2 0 0 0-2 2v2h1.5V2a.5.5 0 0 1 .5-.5h2V0H2Zm2 10.5H2a.5.5 0 0 1-.5-.5V8H0v2a2 2 0 0 0 2 2h2v-1.5ZM8 12v-1.5h2a.5.5 0 0 0 .5-.5V8H12v2a2 2 0 0 1-2 2H8Zm2-12a2 2 0 0 1 2 2v2h-1.5V2a.5.5 0 0 0-.5-.5H8V0h2Z\" \/>\n\t\t\t<\/svg>\n\t\t<\/button><\/figure>\n\n\n\n<figure data-wp-context=\"{&quot;imageId&quot;:&quot;69fb312187017&quot;}\" data-wp-interactive=\"core\/image\" data-wp-key=\"69fb312187017\" class=\"wp-block-image size-large is-style-default wp-lightbox-container\"><img decoding=\"async\" width=\"1024\" height=\"681\" data-wp-class--hide=\"state.isContentHidden\" data-wp-class--show=\"state.isContentVisible\" data-wp-init=\"callbacks.setButtonStyles\" data-wp-on--click=\"actions.showLightbox\" data-wp-on--load=\"callbacks.setButtonStyles\" data-wp-on-window--resize=\"callbacks.setButtonStyles\" data-id=\"326\" src=\"http:\/\/www.pethaus.fi\/wp-content\/uploads\/2024\/04\/kyks1-1024x681.jpeg\" alt=\"\" class=\"wp-image-326\" srcset=\"https:\/\/www.pethaus.fi\/wp-content\/uploads\/2024\/04\/kyks1-1024x681.jpeg 1024w, https:\/\/www.pethaus.fi\/wp-content\/uploads\/2024\/04\/kyks1-600x399.jpeg 600w, https:\/\/www.pethaus.fi\/wp-content\/uploads\/2024\/04\/kyks1-300x200.jpeg 300w, https:\/\/www.pethaus.fi\/wp-content\/uploads\/2024\/04\/kyks1-768x511.jpeg 768w, https:\/\/www.pethaus.fi\/wp-content\/uploads\/2024\/04\/kyks1-1536x1022.jpeg 1536w, https:\/\/www.pethaus.fi\/wp-content\/uploads\/2024\/04\/kyks1.jpeg 2048w\" sizes=\"(max-width: 1024px) 100vw, 1024px\" \/><button\n\t\t\tclass=\"lightbox-trigger\"\n\t\t\ttype=\"button\"\n\t\t\taria-haspopup=\"dialog\"\n\t\t\taria-label=\"Suurenna\"\n\t\t\tdata-wp-init=\"callbacks.initTriggerButton\"\n\t\t\tdata-wp-on--click=\"actions.showLightbox\"\n\t\t\tdata-wp-style--right=\"state.imageButtonRight\"\n\t\t\tdata-wp-style--top=\"state.imageButtonTop\"\n\t\t>\n\t\t\t<svg xmlns=\"http:\/\/www.w3.org\/2000\/svg\" width=\"12\" height=\"12\" fill=\"none\" viewBox=\"0 0 12 12\">\n\t\t\t\t<path fill=\"#fff\" d=\"M2 0a2 2 0 0 0-2 2v2h1.5V2a.5.5 0 0 1 .5-.5h2V0H2Zm2 10.5H2a.5.5 0 0 1-.5-.5V8H0v2a2 2 0 0 0 2 2h2v-1.5ZM8 12v-1.5h2a.5.5 0 0 0 .5-.5V8H12v2a2 2 0 0 1-2 2H8Zm2-12a2 2 0 0 1 2 2v2h-1.5V2a.5.5 0 0 0-.5-.5H8V0h2Z\" \/>\n\t\t\t<\/svg>\n\t\t<\/button><\/figure>\n\n\n\n<figure data-wp-context=\"{&quot;imageId&quot;:&quot;69fb312187481&quot;}\" data-wp-interactive=\"core\/image\" data-wp-key=\"69fb312187481\" class=\"wp-block-image size-large wp-lightbox-container\"><img decoding=\"async\" width=\"768\" height=\"1024\" data-wp-class--hide=\"state.isContentHidden\" data-wp-class--show=\"state.isContentVisible\" data-wp-init=\"callbacks.setButtonStyles\" data-wp-on--click=\"actions.showLightbox\" data-wp-on--load=\"callbacks.setButtonStyles\" data-wp-on-window--resize=\"callbacks.setButtonStyles\" data-id=\"637\" src=\"https:\/\/www.pethaus.fi\/wp-content\/uploads\/2024\/07\/pethaus3-768x1024.jpg\" alt=\"\" class=\"wp-image-637\" srcset=\"https:\/\/www.pethaus.fi\/wp-content\/uploads\/2024\/07\/pethaus3-768x1024.jpg 768w, https:\/\/www.pethaus.fi\/wp-content\/uploads\/2024\/07\/pethaus3-225x300.jpg 225w, https:\/\/www.pethaus.fi\/wp-content\/uploads\/2024\/07\/pethaus3-1152x1536.jpg 1152w, https:\/\/www.pethaus.fi\/wp-content\/uploads\/2024\/07\/pethaus3-1536x2048.jpg 1536w, https:\/\/www.pethaus.fi\/wp-content\/uploads\/2024\/07\/pethaus3-600x800.jpg 600w, https:\/\/www.pethaus.fi\/wp-content\/uploads\/2024\/07\/pethaus3-scaled.jpg 1920w\" sizes=\"(max-width: 768px) 100vw, 768px\" \/><button\n\t\t\tclass=\"lightbox-trigger\"\n\t\t\ttype=\"button\"\n\t\t\taria-haspopup=\"dialog\"\n\t\t\taria-label=\"Suurenna\"\n\t\t\tdata-wp-init=\"callbacks.initTriggerButton\"\n\t\t\tdata-wp-on--click=\"actions.showLightbox\"\n\t\t\tdata-wp-style--right=\"state.imageButtonRight\"\n\t\t\tdata-wp-style--top=\"state.imageButtonTop\"\n\t\t>\n\t\t\t<svg xmlns=\"http:\/\/www.w3.org\/2000\/svg\" width=\"12\" height=\"12\" fill=\"none\" viewBox=\"0 0 12 12\">\n\t\t\t\t<path fill=\"#fff\" d=\"M2 0a2 2 0 0 0-2 2v2h1.5V2a.5.5 0 0 1 .5-.5h2V0H2Zm2 10.5H2a.5.5 0 0 1-.5-.5V8H0v2a2 2 0 0 0 2 2h2v-1.5ZM8 12v-1.5h2a.5.5 0 0 0 .5-.5V8H12v2a2 2 0 0 1-2 2H8Zm2-12a2 2 0 0 1 2 2v2h-1.5V2a.5.5 0 0 0-.5-.5H8V0h2Z\" \/>\n\t\t\t<\/svg>\n\t\t<\/button><\/figure>\n<\/figure>\n\n\n\n<div style=\"height:39px\" aria-hidden=\"true\" class=\"wp-block-spacer\"><\/div>\n\n\n\n<p class=\"has-text-align-left\"><strong>Pethaus \u2013 Tila taiteelle ja musiikille<\/strong><\/p>\n\n\n\n<p><strong>Pethaus ry<\/strong>&nbsp;yll\u00e4pit\u00e4\u00e4 vapaaehtoisvoimin kulttuuritilaa Tampereen historiallisessa Pispalassa. Tarjoamme alustan artisteille ja yleis\u00f6ille, jotka toimivat valtavirran ulkopuolella tai sen laitamilla. Pethausiin on helppo tulla \u2013 sijaitsemme huippuluokan kulkuyhteyksien varrella, ja meille p\u00e4\u00e4see vaivatta niin bussilla kuin ratikallakin.<\/p>\n\n\n\n<p><strong>Keskittynytt\u00e4 kuuntelua ja tekemisen vapautta<\/strong>.\u00a0Toimintamme ydin on viikoittaisissa musiikki-illoissa ja vaihtuvissa taiden\u00e4yttelyiss\u00e4. Meid\u00e4t tunnetaan keskittyneest\u00e4 ilmapiirist\u00e4, jossa musiikki saa p\u00e4\u00e4osan. Ohjelmistomme on laaja: jazzista ja kansanmusiikista aina kokeelliseen \u00e4\u00e4nitaiteeseen. Tarjoamme esiintymismahdollisuuksia sek\u00e4 alan konkareille ett\u00e4 uusille tulokkaille genrerajoista v\u00e4litt\u00e4m\u00e4tt\u00e4. Galleriatila on taiteilijoille maksuton.<\/p>\n\n\n\n<p><strong>S\u00e4r\u00f6j\u00e4, halkeamia ja keskener\u00e4isyytt\u00e4<\/strong>.\u00a0Pethaus on ik\u00e4rajaton ja avoin kaikenlaisille olennoille. Meille saa tulla juuri sellaisena kuin on, ilman tarvetta mahtua valmiisiin muotteihin. Meill\u00e4 nautitaan ep\u00e4t\u00e4ydellisyydest\u00e4, virheist\u00e4 ja halkeamista seiniss\u00e4 \u2013 amat\u00f6\u00f6rim\u00e4isyys ja kokeilun tuoma ep\u00e4varmuus ovat osa tilan henke\u00e4. Tapahtumat ovat maksuttomia, mutta mahdollistamme esiintyjien tukemisen vapaaehtoisella kolehdilla (suositus 5\u201315 \u20ac). Rakennamme ennakkoluulotonta ja turvallisempaa tilaa kaikille k\u00e4vij\u00f6illemme.<\/p>\n\n\n\n<p class=\"has-text-align-left\"><strong>Verkostot ja yhteis\u00f6<\/strong>.\u00a0Olemme uteliaita ja eritt\u00e4in kiinnostuneita kaikenlaisesta yhteisty\u00f6st\u00e4 eri toimijoiden, klubien ja taiteilijoiden kanssa. Pethaus on el\u00e4v\u00e4 kohtaamispaikka, jossa kulttuurin rinnalla kukoistavat niin shakkiturnaukset kuin pop-up-kahvilatkin. Tila on varattavissa my\u00f6s muihin kulttuurialan tilaisuuksiin ja kokeiluihin \u2013 yhdess\u00e4 tekeminen pit\u00e4\u00e4 talomme toiminnan liikkeess\u00e4.<\/p>\n\n\n\n<hr class=\"wp-block-separator has-alpha-channel-opacity is-style-wide\"\/>\n\n\n\n<p><strong>Pethaus \u2013 A space for art and music<\/strong><\/p>\n\n\n\n<p><strong>Pethaus ry<\/strong> is a volunteer-run cultural space located in the historic Pispala district of Tampere. We provide a platform for artists and audiences who operate on the fringes of the mainstream. Getting here is easy \u2013 we have excellent public transport connections, with both buses and the tram bringing you practically to our doorstep.<br><br><strong>Focused listening and creative freedom<\/strong>. The heart of our activities lies in our weekly music nights and rotating art exhibitions. We are known for a focused atmosphere where the music takes center stage. Our program is broad: from jazz and folk to experimental sound art. We offer performance opportunities for both seasoned pros and newcomers, regardless of genre. The gallery space is free of charge for artists.<br><br><strong>Cracks, flaws, and the beauty of being unfinished<\/strong>. Pethaus is all-ages and open to beings of all kinds. You are welcome exactly as you are, with no need to fit into any ready-made molds. We embrace imperfection, mistakes, and even the cracks in the walls \u2013 a sense of amateurism and the uncertainty that comes with experimentation are all part of our spirit. Events are free of charge, though we provide the opportunity to support the performing artists with a voluntary donation (suggested 5\u201315\u20ac). We strive to build an open-minded and safer space for all our visitors.<br><br><strong>Networks and community<\/strong>. We are curious and very interested in all kinds of collaboration with different organizers, clubs, and artists. Pethaus is a living meeting point where, alongside culture, you\u2019ll find everything from open chess tournaments to pop-up caf\u00e9s. The space is also available for other cultural events and experiments \u2013 working together is what keeps our house in motion.<\/p>\n","protected":false},"excerpt":{"rendered":"<p>Pethaus \u2013 Tila taiteelle ja musiikille Pethaus ry&nbsp;yll\u00e4pit\u00e4\u00e4 vapaaehtoisvoimin kulttuuritilaa Tampereen historiallisessa Pispalassa. Tarjoamme alustan artisteille ja yleis\u00f6ille, jotka toimivat valtavirran ulkopuolella tai sen laitamilla. Pethausiin on helppo tulla \u2013 sijaitsemme huippuluokan kulkuyhteyksien varrella, ja meille p\u00e4\u00e4see vaivatta niin bussilla kuin ratikallakin. Keskittynytt\u00e4 kuuntelua ja tekemisen vapautta.\u00a0Toimintamme ydin on viikoittaisissa musiikki-illoissa ja vaihtuvissa taiden\u00e4yttelyiss\u00e4. Meid\u00e4t &#8230; <a title=\"Kulttuuritila Pethaus\" class=\"read-more\" href=\"https:\/\/www.pethaus.fi\/?page_id=20\">Read more<span class=\"screen-reader-text\">Kulttuuritila Pethaus<\/span><\/a><\/p>\n","protected":false},"author":1,"featured_media":0,"parent":0,"menu_order":0,"comment_status":"closed","ping_status":"closed","template":"","meta":{"footnotes":""},"class_list":["post-20","page","type-page","status-publish"],"yoast_head":"<!-- This site is optimized with the Yoast SEO plugin v27.5 - https:\/\/yoast.com\/product\/yoast-seo-wordpress\/ -->\n<title>Kulttuuritila Pethaus - Pethaus<\/title>\n<meta name=\"description\" content=\"Pethaus on Tampereella Pispalassa sijaitseva kulttuuritila, joka tarjoaa viikoittain livemusiikkia. Se on lis\u00e4ksi taidegalleria.\" \/>\n<meta name=\"robots\" content=\"noindex, follow\" \/>\n<meta property=\"og:locale\" content=\"fi_FI\" \/>\n<meta property=\"og:type\" content=\"article\" \/>\n<meta property=\"og:title\" content=\"Kulttuuritila Pethaus - Pethaus\" \/>\n<meta property=\"og:description\" content=\"Pethaus on Tampereella Pispalassa sijaitseva kulttuuritila, joka tarjoaa viikoittain livemusiikkia. Se on lis\u00e4ksi taidegalleria.\" \/>\n<meta property=\"og:url\" content=\"https:\/\/www.pethaus.fi\/?page_id=20\" \/>\n<meta property=\"og:site_name\" content=\"Pethaus\" \/>\n<meta property=\"article:publisher\" content=\"https:\/\/www.facebook.com\/p\/Pethaus-Ry-100091916868701\/\" \/>\n<meta property=\"article:modified_time\" content=\"2026-02-12T13:34:20+00:00\" \/>\n<meta property=\"og:image\" content=\"https:\/\/www.pethaus.fi\/wp-content\/uploads\/2024\/07\/pethaus-1-scaled.jpg\" \/>\n\t<meta property=\"og:image:width\" content=\"2560\" \/>\n\t<meta property=\"og:image:height\" content=\"1920\" \/>\n\t<meta property=\"og:image:type\" content=\"image\/jpeg\" \/>\n<meta name=\"twitter:card\" content=\"summary_large_image\" \/>\n<meta name=\"twitter:label1\" content=\"Arvioitu lukuaika\" \/>\n\t<meta name=\"twitter:data1\" content=\"4 minuuttia\" \/>\n<script type=\"application\/ld+json\" class=\"yoast-schema-graph\">{\"@context\":\"https:\\\/\\\/schema.org\",\"@graph\":[{\"@type\":\"WebPage\",\"@id\":\"https:\\\/\\\/www.pethaus.fi\\\/?page_id=20\",\"url\":\"https:\\\/\\\/www.pethaus.fi\\\/?page_id=20\",\"name\":\"Kulttuuritila Pethaus - Pethaus\",\"isPartOf\":{\"@id\":\"https:\\\/\\\/www.pethaus.fi\\\/#website\"},\"primaryImageOfPage\":{\"@id\":\"https:\\\/\\\/www.pethaus.fi\\\/?page_id=20#primaryimage\"},\"image\":{\"@id\":\"https:\\\/\\\/www.pethaus.fi\\\/?page_id=20#primaryimage\"},\"thumbnailUrl\":\"https:\\\/\\\/www.pethaus.fi\\\/wp-content\\\/uploads\\\/2024\\\/07\\\/pethaus-1-1024x768.jpg\",\"datePublished\":\"2024-04-23T10:56:58+00:00\",\"dateModified\":\"2026-02-12T13:34:20+00:00\",\"description\":\"Pethaus on Tampereella Pispalassa sijaitseva kulttuuritila, joka tarjoaa viikoittain livemusiikkia. Se on lis\u00e4ksi taidegalleria.\",\"breadcrumb\":{\"@id\":\"https:\\\/\\\/www.pethaus.fi\\\/?page_id=20#breadcrumb\"},\"inLanguage\":\"fi\",\"potentialAction\":[{\"@type\":\"ReadAction\",\"target\":[\"https:\\\/\\\/www.pethaus.fi\\\/?page_id=20\"]}]},{\"@type\":\"ImageObject\",\"inLanguage\":\"fi\",\"@id\":\"https:\\\/\\\/www.pethaus.fi\\\/?page_id=20#primaryimage\",\"url\":\"https:\\\/\\\/www.pethaus.fi\\\/wp-content\\\/uploads\\\/2024\\\/07\\\/pethaus-1-scaled.jpg\",\"contentUrl\":\"https:\\\/\\\/www.pethaus.fi\\\/wp-content\\\/uploads\\\/2024\\\/07\\\/pethaus-1-scaled.jpg\",\"width\":2560,\"height\":1920},{\"@type\":\"BreadcrumbList\",\"@id\":\"https:\\\/\\\/www.pethaus.fi\\\/?page_id=20#breadcrumb\",\"itemListElement\":[{\"@type\":\"ListItem\",\"position\":1,\"name\":\"Etusivu\",\"item\":\"https:\\\/\\\/www.pethaus.fi\\\/\"},{\"@type\":\"ListItem\",\"position\":2,\"name\":\"Kulttuuritila Pethaus\"}]},{\"@type\":\"WebSite\",\"@id\":\"https:\\\/\\\/www.pethaus.fi\\\/#website\",\"url\":\"https:\\\/\\\/www.pethaus.fi\\\/\",\"name\":\"Pethaus\",\"description\":\"Tamperelainen matalan kynnyksen kulttuuritila.\",\"publisher\":{\"@id\":\"https:\\\/\\\/www.pethaus.fi\\\/#organization\"},\"alternateName\":\"Tamperelainen matalan kynnyksen kulttuuritila.\",\"potentialAction\":[{\"@type\":\"SearchAction\",\"target\":{\"@type\":\"EntryPoint\",\"urlTemplate\":\"https:\\\/\\\/www.pethaus.fi\\\/?s={search_term_string}\"},\"query-input\":{\"@type\":\"PropertyValueSpecification\",\"valueRequired\":true,\"valueName\":\"search_term_string\"}}],\"inLanguage\":\"fi\"},{\"@type\":\"Organization\",\"@id\":\"https:\\\/\\\/www.pethaus.fi\\\/#organization\",\"name\":\"Pethaus\",\"url\":\"https:\\\/\\\/www.pethaus.fi\\\/\",\"logo\":{\"@type\":\"ImageObject\",\"inLanguage\":\"fi\",\"@id\":\"https:\\\/\\\/www.pethaus.fi\\\/#\\\/schema\\\/logo\\\/image\\\/\",\"url\":\"https:\\\/\\\/www.pethaus.fi\\\/wp-content\\\/uploads\\\/2024\\\/04\\\/cropped-pethaus-logo.jpg\",\"contentUrl\":\"https:\\\/\\\/www.pethaus.fi\\\/wp-content\\\/uploads\\\/2024\\\/04\\\/cropped-pethaus-logo.jpg\",\"width\":512,\"height\":512,\"caption\":\"Pethaus\"},\"image\":{\"@id\":\"https:\\\/\\\/www.pethaus.fi\\\/#\\\/schema\\\/logo\\\/image\\\/\"},\"sameAs\":[\"https:\\\/\\\/www.facebook.com\\\/p\\\/Pethaus-Ry-100091916868701\\\/\",\"https:\\\/\\\/www.instagram.com\\\/pethaus_ry\\\/?hl=fi\"]}]}<\/script>\n<!-- \/ Yoast SEO plugin. -->","yoast_head_json":{"title":"Kulttuuritila Pethaus - Pethaus","description":"Pethaus on Tampereella Pispalassa sijaitseva kulttuuritila, joka tarjoaa viikoittain livemusiikkia. Se on lis\u00e4ksi taidegalleria.","robots":{"index":"noindex","follow":"follow"},"og_locale":"fi_FI","og_type":"article","og_title":"Kulttuuritila Pethaus - Pethaus","og_description":"Pethaus on Tampereella Pispalassa sijaitseva kulttuuritila, joka tarjoaa viikoittain livemusiikkia. Se on lis\u00e4ksi taidegalleria.","og_url":"https:\/\/www.pethaus.fi\/?page_id=20","og_site_name":"Pethaus","article_publisher":"https:\/\/www.facebook.com\/p\/Pethaus-Ry-100091916868701\/","article_modified_time":"2026-02-12T13:34:20+00:00","og_image":[{"width":2560,"height":1920,"url":"https:\/\/www.pethaus.fi\/wp-content\/uploads\/2024\/07\/pethaus-1-scaled.jpg","type":"image\/jpeg"}],"twitter_card":"summary_large_image","twitter_misc":{"Arvioitu lukuaika":"4 minuuttia"},"schema":{"@context":"https:\/\/schema.org","@graph":[{"@type":"WebPage","@id":"https:\/\/www.pethaus.fi\/?page_id=20","url":"https:\/\/www.pethaus.fi\/?page_id=20","name":"Kulttuuritila Pethaus - Pethaus","isPartOf":{"@id":"https:\/\/www.pethaus.fi\/#website"},"primaryImageOfPage":{"@id":"https:\/\/www.pethaus.fi\/?page_id=20#primaryimage"},"image":{"@id":"https:\/\/www.pethaus.fi\/?page_id=20#primaryimage"},"thumbnailUrl":"https:\/\/www.pethaus.fi\/wp-content\/uploads\/2024\/07\/pethaus-1-1024x768.jpg","datePublished":"2024-04-23T10:56:58+00:00","dateModified":"2026-02-12T13:34:20+00:00","description":"Pethaus on Tampereella Pispalassa sijaitseva kulttuuritila, joka tarjoaa viikoittain livemusiikkia. Se on lis\u00e4ksi taidegalleria.","breadcrumb":{"@id":"https:\/\/www.pethaus.fi\/?page_id=20#breadcrumb"},"inLanguage":"fi","potentialAction":[{"@type":"ReadAction","target":["https:\/\/www.pethaus.fi\/?page_id=20"]}]},{"@type":"ImageObject","inLanguage":"fi","@id":"https:\/\/www.pethaus.fi\/?page_id=20#primaryimage","url":"https:\/\/www.pethaus.fi\/wp-content\/uploads\/2024\/07\/pethaus-1-scaled.jpg","contentUrl":"https:\/\/www.pethaus.fi\/wp-content\/uploads\/2024\/07\/pethaus-1-scaled.jpg","width":2560,"height":1920},{"@type":"BreadcrumbList","@id":"https:\/\/www.pethaus.fi\/?page_id=20#breadcrumb","itemListElement":[{"@type":"ListItem","position":1,"name":"Etusivu","item":"https:\/\/www.pethaus.fi\/"},{"@type":"ListItem","position":2,"name":"Kulttuuritila Pethaus"}]},{"@type":"WebSite","@id":"https:\/\/www.pethaus.fi\/#website","url":"https:\/\/www.pethaus.fi\/","name":"Pethaus","description":"Tamperelainen matalan kynnyksen kulttuuritila.","publisher":{"@id":"https:\/\/www.pethaus.fi\/#organization"},"alternateName":"Tamperelainen matalan kynnyksen kulttuuritila.","potentialAction":[{"@type":"SearchAction","target":{"@type":"EntryPoint","urlTemplate":"https:\/\/www.pethaus.fi\/?s={search_term_string}"},"query-input":{"@type":"PropertyValueSpecification","valueRequired":true,"valueName":"search_term_string"}}],"inLanguage":"fi"},{"@type":"Organization","@id":"https:\/\/www.pethaus.fi\/#organization","name":"Pethaus","url":"https:\/\/www.pethaus.fi\/","logo":{"@type":"ImageObject","inLanguage":"fi","@id":"https:\/\/www.pethaus.fi\/#\/schema\/logo\/image\/","url":"https:\/\/www.pethaus.fi\/wp-content\/uploads\/2024\/04\/cropped-pethaus-logo.jpg","contentUrl":"https:\/\/www.pethaus.fi\/wp-content\/uploads\/2024\/04\/cropped-pethaus-logo.jpg","width":512,"height":512,"caption":"Pethaus"},"image":{"@id":"https:\/\/www.pethaus.fi\/#\/schema\/logo\/image\/"},"sameAs":["https:\/\/www.facebook.com\/p\/Pethaus-Ry-100091916868701\/","https:\/\/www.instagram.com\/pethaus_ry\/?hl=fi"]}]}},"jetpack_sharing_enabled":true,"_links":{"self":[{"href":"https:\/\/www.pethaus.fi\/index.php?rest_route=\/wp\/v2\/pages\/20","targetHints":{"allow":["GET"]}}],"collection":[{"href":"https:\/\/www.pethaus.fi\/index.php?rest_route=\/wp\/v2\/pages"}],"about":[{"href":"https:\/\/www.pethaus.fi\/index.php?rest_route=\/wp\/v2\/types\/page"}],"author":[{"embeddable":true,"href":"https:\/\/www.pethaus.fi\/index.php?rest_route=\/wp\/v2\/users\/1"}],"replies":[{"embeddable":true,"href":"https:\/\/www.pethaus.fi\/index.php?rest_route=%2Fwp%2Fv2%2Fcomments&post=20"}],"version-history":[{"count":83,"href":"https:\/\/www.pethaus.fi\/index.php?rest_route=\/wp\/v2\/pages\/20\/revisions"}],"predecessor-version":[{"id":1819,"href":"https:\/\/www.pethaus.fi\/index.php?rest_route=\/wp\/v2\/pages\/20\/revisions\/1819"}],"wp:attachment":[{"href":"https:\/\/www.pethaus.fi\/index.php?rest_route=%2Fwp%2Fv2%2Fmedia&parent=20"}],"curies":[{"name":"wp","href":"https:\/\/api.w.org\/{rel}","templated":true}]}}