{"id":2003,"date":"2026-05-12T05:20:40","date_gmt":"2026-05-12T05:20:40","guid":{"rendered":"https:\/\/www.pethaus.fi\/?page_id=2003"},"modified":"2026-05-12T05:20:41","modified_gmt":"2026-05-12T05:20:41","slug":"15-5-ritual-extra-kuolema-duo","status":"publish","type":"page","link":"https:\/\/www.pethaus.fi\/?page_id=2003","title":{"rendered":"15.5. Ritual Extra, Kuolema-duo"},"content":{"rendered":"\n<figure class=\"wp-block-image size-large\"><img fetchpriority=\"high\" decoding=\"async\" width=\"1024\" height=\"462\" src=\"https:\/\/www.pethaus.fi\/wp-content\/uploads\/2026\/05\/kuolema-duo-1024x462.jpg\" alt=\"\" class=\"wp-image-2004\" srcset=\"https:\/\/www.pethaus.fi\/wp-content\/uploads\/2026\/05\/kuolema-duo-1024x462.jpg 1024w, https:\/\/www.pethaus.fi\/wp-content\/uploads\/2026\/05\/kuolema-duo-300x135.jpg 300w, https:\/\/www.pethaus.fi\/wp-content\/uploads\/2026\/05\/kuolema-duo-768x346.jpg 768w, https:\/\/www.pethaus.fi\/wp-content\/uploads\/2026\/05\/kuolema-duo-1536x693.jpg 1536w, https:\/\/www.pethaus.fi\/wp-content\/uploads\/2026\/05\/kuolema-duo-2048x924.jpg 2048w\" sizes=\"(max-width: 1024px) 100vw, 1024px\" \/><\/figure>\n\n\n\n<p>KUOLEMA-DUO esitt\u00e4\u00e4 kansakoululauluja ja vanhoja virsi\u00e4 stemmalaulun ja harmoonin s\u00e4estyksell\u00e4. T\u00e4m\u00e4n musiikillisen matkan aikana p\u00e4\u00e4set hetkeksi kiireen tuollepuolen, ajattomuuden tilaan. (Kuva @studio1851 )<br><br>Ritual Extra on ranskalais-suomalainen yhtye, jonka soitto pohjautuu toisteiseen improvisaatioon. L\u00e4ht\u00f6ajatuksena on muodostaa el\u00e4v\u00e4\u00e4 ja sykkiv\u00e4\u00e4 musiikillista kudosta toisiinsa kiinnittyvist\u00e4 ja erilleen jakautuvista soluista: Tuukka Haapakorven elektronisesti muokatusta laulusta, Lauri Hyv\u00e4risen kitaran huminoista ja n\u00e4pp\u00e4ilyist\u00e4 sek\u00e4 Julien Chamlan kirskuvista symbaaleista ja hajonneista rytmeist\u00e4.<br><br>Viimeisin levy julkaistiin 2020 jenkkil\u00e4isell\u00e4 Dinzu Artefactsilla.\u00a0<a href=\"https:\/\/dinzuartefacts.bandcamp.com\/album\/in-luthero?fbclid=IwZXh0bgNhZW0CMTAAYnJpZBExQWVDM0t6dEJtbUhwQnZ5V3NydGMGYXBwX2lkEDIyMjAzOTE3ODgyMDA4OTIAAR5380tltblA5sbEXpgiWuqPfnW9ZB1GzF-QYlwaWoNXrG1vo8DsL3-adC8iGQ_aem_4KlDvX_V-4QqqVLu0wClAA\" target=\"_blank\" rel=\"noreferrer noopener\">https:\/\/dinzuartefacts.bandcamp.com\/album\/in-luthero<\/a><br>Videoita:\u00a0<a href=\"https:\/\/ritualextra.tumblr.com\/video?fbclid=IwZXh0bgNhZW0CMTAAYnJpZBExQWVDM0t6dEJtbUhwQnZ5V3NydGMGYXBwX2lkEDIyMjAzOTE3ODgyMDA4OTIAAR5Ru59u8wADUaLJsfjINInzqQQvN-J3fEZ6YEDljFHAyQDokRGfDHeKYjks3g_aem_yK85YBmqJGL2IHy6ZAX3sA\" target=\"_blank\" rel=\"noreferrer noopener\">https:\/\/ritualextra.tumblr.com\/video<\/a><\/p>\n\n\n\n<p>Vapaavalintainen p\u00e4\u00e4symaksu 5-15 EUR. Tervetuloa!&nbsp;<\/p>\n","protected":false},"excerpt":{"rendered":"<p>KUOLEMA-DUO esitt\u00e4\u00e4 kansakoululauluja ja vanhoja virsi\u00e4 stemmalaulun ja harmoonin s\u00e4estyksell\u00e4. T\u00e4m\u00e4n musiikillisen matkan aikana p\u00e4\u00e4set hetkeksi kiireen tuollepuolen, ajattomuuden tilaan. (Kuva @studio1851 ) Ritual Extra on ranskalais-suomalainen yhtye, jonka soitto pohjautuu toisteiseen improvisaatioon. L\u00e4ht\u00f6ajatuksena on muodostaa el\u00e4v\u00e4\u00e4 ja sykkiv\u00e4\u00e4 musiikillista kudosta toisiinsa kiinnittyvist\u00e4 ja erilleen jakautuvista soluista: Tuukka Haapakorven elektronisesti muokatusta laulusta, Lauri Hyv\u00e4risen kitaran &#8230; <a title=\"15.5. Ritual Extra, Kuolema-duo\" class=\"read-more\" href=\"https:\/\/www.pethaus.fi\/?page_id=2003\">Read more<span class=\"screen-reader-text\">15.5. Ritual Extra, Kuolema-duo<\/span><\/a><\/p>\n","protected":false},"author":1,"featured_media":0,"parent":0,"menu_order":0,"comment_status":"closed","ping_status":"closed","template":"","meta":{"footnotes":""},"class_list":["post-2003","page","type-page","status-publish"],"yoast_head":"<!-- This site is optimized with the Yoast SEO plugin v27.6 - https:\/\/yoast.com\/product\/yoast-seo-wordpress\/ -->\n<title>15.5. Ritual Extra, Kuolema-duo - Pethaus<\/title>\n<meta name=\"robots\" content=\"noindex, follow\" \/>\n<meta property=\"og:locale\" content=\"fi_FI\" \/>\n<meta property=\"og:type\" content=\"article\" \/>\n<meta property=\"og:title\" content=\"15.5. Ritual Extra, Kuolema-duo - Pethaus\" \/>\n<meta property=\"og:description\" content=\"KUOLEMA-DUO esitt\u00e4\u00e4 kansakoululauluja ja vanhoja virsi\u00e4 stemmalaulun ja harmoonin s\u00e4estyksell\u00e4. T\u00e4m\u00e4n musiikillisen matkan aikana p\u00e4\u00e4set hetkeksi kiireen tuollepuolen, ajattomuuden tilaan. (Kuva @studio1851 ) Ritual Extra on ranskalais-suomalainen yhtye, jonka soitto pohjautuu toisteiseen improvisaatioon. L\u00e4ht\u00f6ajatuksena on muodostaa el\u00e4v\u00e4\u00e4 ja sykkiv\u00e4\u00e4 musiikillista kudosta toisiinsa kiinnittyvist\u00e4 ja erilleen jakautuvista soluista: Tuukka Haapakorven elektronisesti muokatusta laulusta, Lauri Hyv\u00e4risen kitaran ... Read more15.5. Ritual Extra, Kuolema-duo\" \/>\n<meta property=\"og:url\" content=\"https:\/\/www.pethaus.fi\/?page_id=2003\" \/>\n<meta property=\"og:site_name\" content=\"Pethaus\" \/>\n<meta property=\"article:publisher\" content=\"https:\/\/www.facebook.com\/p\/Pethaus-Ry-100091916868701\/\" \/>\n<meta property=\"article:modified_time\" content=\"2026-05-12T05:20:41+00:00\" \/>\n<meta property=\"og:image\" content=\"https:\/\/www.pethaus.fi\/wp-content\/uploads\/2026\/05\/kuolema-duo-scaled.jpg\" \/>\n\t<meta property=\"og:image:width\" content=\"2560\" \/>\n\t<meta property=\"og:image:height\" content=\"1155\" \/>\n\t<meta property=\"og:image:type\" content=\"image\/jpeg\" \/>\n<meta name=\"twitter:card\" content=\"summary_large_image\" \/>\n<meta name=\"twitter:label1\" content=\"Arvioitu lukuaika\" \/>\n\t<meta name=\"twitter:data1\" content=\"1 minuutti\" \/>\n<script type=\"application\/ld+json\" class=\"yoast-schema-graph\">{\"@context\":\"https:\\\/\\\/schema.org\",\"@graph\":[{\"@type\":\"WebPage\",\"@id\":\"https:\\\/\\\/www.pethaus.fi\\\/?page_id=2003\",\"url\":\"https:\\\/\\\/www.pethaus.fi\\\/?page_id=2003\",\"name\":\"15.5. Ritual Extra, Kuolema-duo - Pethaus\",\"isPartOf\":{\"@id\":\"https:\\\/\\\/www.pethaus.fi\\\/#website\"},\"primaryImageOfPage\":{\"@id\":\"https:\\\/\\\/www.pethaus.fi\\\/?page_id=2003#primaryimage\"},\"image\":{\"@id\":\"https:\\\/\\\/www.pethaus.fi\\\/?page_id=2003#primaryimage\"},\"thumbnailUrl\":\"https:\\\/\\\/www.pethaus.fi\\\/wp-content\\\/uploads\\\/2026\\\/05\\\/kuolema-duo-1024x462.jpg\",\"datePublished\":\"2026-05-12T05:20:40+00:00\",\"dateModified\":\"2026-05-12T05:20:41+00:00\",\"breadcrumb\":{\"@id\":\"https:\\\/\\\/www.pethaus.fi\\\/?page_id=2003#breadcrumb\"},\"inLanguage\":\"fi\",\"potentialAction\":[{\"@type\":\"ReadAction\",\"target\":[\"https:\\\/\\\/www.pethaus.fi\\\/?page_id=2003\"]}]},{\"@type\":\"ImageObject\",\"inLanguage\":\"fi\",\"@id\":\"https:\\\/\\\/www.pethaus.fi\\\/?page_id=2003#primaryimage\",\"url\":\"https:\\\/\\\/www.pethaus.fi\\\/wp-content\\\/uploads\\\/2026\\\/05\\\/kuolema-duo-scaled.jpg\",\"contentUrl\":\"https:\\\/\\\/www.pethaus.fi\\\/wp-content\\\/uploads\\\/2026\\\/05\\\/kuolema-duo-scaled.jpg\",\"width\":2560,\"height\":1155},{\"@type\":\"BreadcrumbList\",\"@id\":\"https:\\\/\\\/www.pethaus.fi\\\/?page_id=2003#breadcrumb\",\"itemListElement\":[{\"@type\":\"ListItem\",\"position\":1,\"name\":\"Etusivu\",\"item\":\"https:\\\/\\\/www.pethaus.fi\\\/\"},{\"@type\":\"ListItem\",\"position\":2,\"name\":\"15.5. Ritual Extra, Kuolema-duo\"}]},{\"@type\":\"WebSite\",\"@id\":\"https:\\\/\\\/www.pethaus.fi\\\/#website\",\"url\":\"https:\\\/\\\/www.pethaus.fi\\\/\",\"name\":\"Pethaus\",\"description\":\"Tamperelainen matalan kynnyksen kulttuuritila.\",\"publisher\":{\"@id\":\"https:\\\/\\\/www.pethaus.fi\\\/#organization\"},\"alternateName\":\"Tamperelainen matalan kynnyksen kulttuuritila.\",\"potentialAction\":[{\"@type\":\"SearchAction\",\"target\":{\"@type\":\"EntryPoint\",\"urlTemplate\":\"https:\\\/\\\/www.pethaus.fi\\\/?s={search_term_string}\"},\"query-input\":{\"@type\":\"PropertyValueSpecification\",\"valueRequired\":true,\"valueName\":\"search_term_string\"}}],\"inLanguage\":\"fi\"},{\"@type\":\"Organization\",\"@id\":\"https:\\\/\\\/www.pethaus.fi\\\/#organization\",\"name\":\"Pethaus\",\"url\":\"https:\\\/\\\/www.pethaus.fi\\\/\",\"logo\":{\"@type\":\"ImageObject\",\"inLanguage\":\"fi\",\"@id\":\"https:\\\/\\\/www.pethaus.fi\\\/#\\\/schema\\\/logo\\\/image\\\/\",\"url\":\"https:\\\/\\\/www.pethaus.fi\\\/wp-content\\\/uploads\\\/2024\\\/04\\\/cropped-pethaus-logo.jpg\",\"contentUrl\":\"https:\\\/\\\/www.pethaus.fi\\\/wp-content\\\/uploads\\\/2024\\\/04\\\/cropped-pethaus-logo.jpg\",\"width\":512,\"height\":512,\"caption\":\"Pethaus\"},\"image\":{\"@id\":\"https:\\\/\\\/www.pethaus.fi\\\/#\\\/schema\\\/logo\\\/image\\\/\"},\"sameAs\":[\"https:\\\/\\\/www.facebook.com\\\/p\\\/Pethaus-Ry-100091916868701\\\/\",\"https:\\\/\\\/www.instagram.com\\\/pethaus_ry\\\/?hl=fi\"]}]}<\/script>\n<!-- \/ Yoast SEO plugin. -->","yoast_head_json":{"title":"15.5. Ritual Extra, Kuolema-duo - Pethaus","robots":{"index":"noindex","follow":"follow"},"og_locale":"fi_FI","og_type":"article","og_title":"15.5. Ritual Extra, Kuolema-duo - Pethaus","og_description":"KUOLEMA-DUO esitt\u00e4\u00e4 kansakoululauluja ja vanhoja virsi\u00e4 stemmalaulun ja harmoonin s\u00e4estyksell\u00e4. T\u00e4m\u00e4n musiikillisen matkan aikana p\u00e4\u00e4set hetkeksi kiireen tuollepuolen, ajattomuuden tilaan. (Kuva @studio1851 ) Ritual Extra on ranskalais-suomalainen yhtye, jonka soitto pohjautuu toisteiseen improvisaatioon. L\u00e4ht\u00f6ajatuksena on muodostaa el\u00e4v\u00e4\u00e4 ja sykkiv\u00e4\u00e4 musiikillista kudosta toisiinsa kiinnittyvist\u00e4 ja erilleen jakautuvista soluista: Tuukka Haapakorven elektronisesti muokatusta laulusta, Lauri Hyv\u00e4risen kitaran ... Read more15.5. Ritual Extra, Kuolema-duo","og_url":"https:\/\/www.pethaus.fi\/?page_id=2003","og_site_name":"Pethaus","article_publisher":"https:\/\/www.facebook.com\/p\/Pethaus-Ry-100091916868701\/","article_modified_time":"2026-05-12T05:20:41+00:00","og_image":[{"width":2560,"height":1155,"url":"https:\/\/www.pethaus.fi\/wp-content\/uploads\/2026\/05\/kuolema-duo-scaled.jpg","type":"image\/jpeg"}],"twitter_card":"summary_large_image","twitter_misc":{"Arvioitu lukuaika":"1 minuutti"},"schema":{"@context":"https:\/\/schema.org","@graph":[{"@type":"WebPage","@id":"https:\/\/www.pethaus.fi\/?page_id=2003","url":"https:\/\/www.pethaus.fi\/?page_id=2003","name":"15.5. Ritual Extra, Kuolema-duo - Pethaus","isPartOf":{"@id":"https:\/\/www.pethaus.fi\/#website"},"primaryImageOfPage":{"@id":"https:\/\/www.pethaus.fi\/?page_id=2003#primaryimage"},"image":{"@id":"https:\/\/www.pethaus.fi\/?page_id=2003#primaryimage"},"thumbnailUrl":"https:\/\/www.pethaus.fi\/wp-content\/uploads\/2026\/05\/kuolema-duo-1024x462.jpg","datePublished":"2026-05-12T05:20:40+00:00","dateModified":"2026-05-12T05:20:41+00:00","breadcrumb":{"@id":"https:\/\/www.pethaus.fi\/?page_id=2003#breadcrumb"},"inLanguage":"fi","potentialAction":[{"@type":"ReadAction","target":["https:\/\/www.pethaus.fi\/?page_id=2003"]}]},{"@type":"ImageObject","inLanguage":"fi","@id":"https:\/\/www.pethaus.fi\/?page_id=2003#primaryimage","url":"https:\/\/www.pethaus.fi\/wp-content\/uploads\/2026\/05\/kuolema-duo-scaled.jpg","contentUrl":"https:\/\/www.pethaus.fi\/wp-content\/uploads\/2026\/05\/kuolema-duo-scaled.jpg","width":2560,"height":1155},{"@type":"BreadcrumbList","@id":"https:\/\/www.pethaus.fi\/?page_id=2003#breadcrumb","itemListElement":[{"@type":"ListItem","position":1,"name":"Etusivu","item":"https:\/\/www.pethaus.fi\/"},{"@type":"ListItem","position":2,"name":"15.5. Ritual Extra, Kuolema-duo"}]},{"@type":"WebSite","@id":"https:\/\/www.pethaus.fi\/#website","url":"https:\/\/www.pethaus.fi\/","name":"Pethaus","description":"Tamperelainen matalan kynnyksen kulttuuritila.","publisher":{"@id":"https:\/\/www.pethaus.fi\/#organization"},"alternateName":"Tamperelainen matalan kynnyksen kulttuuritila.","potentialAction":[{"@type":"SearchAction","target":{"@type":"EntryPoint","urlTemplate":"https:\/\/www.pethaus.fi\/?s={search_term_string}"},"query-input":{"@type":"PropertyValueSpecification","valueRequired":true,"valueName":"search_term_string"}}],"inLanguage":"fi"},{"@type":"Organization","@id":"https:\/\/www.pethaus.fi\/#organization","name":"Pethaus","url":"https:\/\/www.pethaus.fi\/","logo":{"@type":"ImageObject","inLanguage":"fi","@id":"https:\/\/www.pethaus.fi\/#\/schema\/logo\/image\/","url":"https:\/\/www.pethaus.fi\/wp-content\/uploads\/2024\/04\/cropped-pethaus-logo.jpg","contentUrl":"https:\/\/www.pethaus.fi\/wp-content\/uploads\/2024\/04\/cropped-pethaus-logo.jpg","width":512,"height":512,"caption":"Pethaus"},"image":{"@id":"https:\/\/www.pethaus.fi\/#\/schema\/logo\/image\/"},"sameAs":["https:\/\/www.facebook.com\/p\/Pethaus-Ry-100091916868701\/","https:\/\/www.instagram.com\/pethaus_ry\/?hl=fi"]}]}},"jetpack_sharing_enabled":true,"_links":{"self":[{"href":"https:\/\/www.pethaus.fi\/index.php?rest_route=\/wp\/v2\/pages\/2003","targetHints":{"allow":["GET"]}}],"collection":[{"href":"https:\/\/www.pethaus.fi\/index.php?rest_route=\/wp\/v2\/pages"}],"about":[{"href":"https:\/\/www.pethaus.fi\/index.php?rest_route=\/wp\/v2\/types\/page"}],"author":[{"embeddable":true,"href":"https:\/\/www.pethaus.fi\/index.php?rest_route=\/wp\/v2\/users\/1"}],"replies":[{"embeddable":true,"href":"https:\/\/www.pethaus.fi\/index.php?rest_route=%2Fwp%2Fv2%2Fcomments&post=2003"}],"version-history":[{"count":1,"href":"https:\/\/www.pethaus.fi\/index.php?rest_route=\/wp\/v2\/pages\/2003\/revisions"}],"predecessor-version":[{"id":2005,"href":"https:\/\/www.pethaus.fi\/index.php?rest_route=\/wp\/v2\/pages\/2003\/revisions\/2005"}],"wp:attachment":[{"href":"https:\/\/www.pethaus.fi\/index.php?rest_route=%2Fwp%2Fv2%2Fmedia&parent=2003"}],"curies":[{"name":"wp","href":"https:\/\/api.w.org\/{rel}","templated":true}]}}