{"id":50,"date":"2024-04-23T11:28:44","date_gmt":"2024-04-23T11:28:44","guid":{"rendered":"http:\/\/www.pethaus.fi\/?page_id=50"},"modified":"2026-04-15T13:08:49","modified_gmt":"2026-04-15T13:08:49","slug":"tapahtumat","status":"publish","type":"page","link":"https:\/\/www.pethaus.fi\/","title":{"rendered":"Tapahtumat"},"content":{"rendered":"<div class=\"wp-block-image\">\n<figure class=\"aligncenter size-large is-resized\"><img fetchpriority=\"high\" decoding=\"async\" width=\"1024\" height=\"1024\" src=\"http:\/\/www.pethaus.fi\/wp-content\/uploads\/2025\/10\/pethaus-1024x1024.jpg\" alt=\"\" class=\"wp-image-1565\" style=\"width:566px;height:auto\" srcset=\"https:\/\/www.pethaus.fi\/wp-content\/uploads\/2025\/10\/pethaus-1024x1024.jpg 1024w, https:\/\/www.pethaus.fi\/wp-content\/uploads\/2025\/10\/pethaus-300x300.jpg 300w, https:\/\/www.pethaus.fi\/wp-content\/uploads\/2025\/10\/pethaus-150x150.jpg 150w, https:\/\/www.pethaus.fi\/wp-content\/uploads\/2025\/10\/pethaus-768x768.jpg 768w, https:\/\/www.pethaus.fi\/wp-content\/uploads\/2025\/10\/pethaus-1536x1536.jpg 1536w, https:\/\/www.pethaus.fi\/wp-content\/uploads\/2025\/10\/pethaus.jpg 2048w\" sizes=\"(max-width: 1024px) 100vw, 1024px\" \/><\/figure>\n<\/div>\n\n\n<p class=\"has-text-align-center\"><a href=\"https:\/\/www.pethaus.fi\/?page_id=1708\"><strong>Maksuton ja kaikille avoin Aamupuuro<\/strong><\/a><\/p>\n\n\n\n<p class=\"has-text-align-center\"><strong><a href=\"https:\/\/www.pethaus.fi\/?page_id=1962\">17.4. Frostlake, Pietu Arvola<\/a><\/strong><\/p>\n\n\n\n<p class=\"has-text-align-center\"><strong><a href=\"https:\/\/www.pethaus.fi\/?page_id=1949\">18.4. Aamiaiskahvila Kekkeri &#8211; vegaaninen pop-up (klo 9-15)<\/a><\/strong><\/p>\n\n\n\n<p class=\"has-text-align-center\"><strong><a href=\"https:\/\/www.pethaus.fi\/?page_id=1957\">18.4. Noise Trees &amp; Feedbackbackback AV live, Imbernon &amp; Ospovat duo, Kotomoko<\/a><\/strong><\/p>\n\n\n\n<p class=\"has-text-align-center\"><strong>19.4. Pethaus free jazz jamit [klo 18 &#8211; 21]<\/strong><\/p>\n\n\n\n<p class=\"has-text-align-center\"><strong>24.4. Tim Holehouse, Sean &amp; Mereau<\/strong><\/p>\n\n\n\n<p class=\"has-text-align-center\"><strong>25.4. El\u00e4v\u00e4ksi liikutettu runo, Kuollut Piim\u00e4, Sirpa Kalla<\/strong><\/p>\n\n\n\n<hr class=\"wp-block-separator has-alpha-channel-opacity is-style-wide\"\/>\n\n\n\n<p class=\"has-text-align-center\"><strong>Soitot alkaen 19.00.<\/strong> <strong>Pethausin backline l\u00f6ytyy <a href=\"https:\/\/www.pethaus.fi\/?page_id=1724\">t\u00e4\u00e4lt\u00e4<\/a>.<\/strong><\/p>\n\n\n\n<p class=\"has-text-align-center\"><strong>Haluatko tukea toimintaamme? Hankkimalla laadukkaan ja eettisen tukituotteen kuten paidan, kangasmerkin tai kangaskassin <a href=\"https:\/\/www.pethaus.fi\/?page_id=1767\">teet sen helposti<\/a>.<\/strong><\/p>\n\n\n\n<p class=\"has-text-align-center\"><strong>Kannattaa lis\u00e4ksi kurkata Pethausin sivuja <a href=\"https:\/\/www.facebook.com\/p\/Pethaus-Tampere-61579315482201\/\">Facebookissa<\/a> ja <a href=\"https:\/\/www.instagram.com\/pethaus_ry\/\">Instagramissa<\/a><\/strong>. <\/p>\n\n\n\n<p class=\"has-text-align-center\"><strong>Pethaus sijaitsee osoitteessa <a href=\"https:\/\/maps.app.goo.gl\/dDgEtruuKtsjMTbQ9\">Pispalan valtatie 47<\/a>.<\/strong><\/p>\n\n\n\n<p><\/p>\n","protected":false},"excerpt":{"rendered":"<p>Maksuton ja kaikille avoin Aamupuuro 17.4. Frostlake, Pietu Arvola 18.4. Aamiaiskahvila Kekkeri &#8211; vegaaninen pop-up (klo 9-15) 18.4. Noise Trees &amp; Feedbackbackback AV live, Imbernon &amp; Ospovat duo, Kotomoko 19.4. Pethaus free jazz jamit [klo 18 &#8211; 21] 24.4. Tim Holehouse, Sean &amp; Mereau 25.4. El\u00e4v\u00e4ksi liikutettu runo, Kuollut Piim\u00e4, Sirpa Kalla Soitot alkaen 19.00. &#8230; <a title=\"Tapahtumat\" class=\"read-more\" href=\"https:\/\/www.pethaus.fi\/\">Read more<span class=\"screen-reader-text\">Tapahtumat<\/span><\/a><\/p>\n","protected":false},"author":1,"featured_media":0,"parent":0,"menu_order":0,"comment_status":"closed","ping_status":"closed","template":"","meta":{"footnotes":""},"class_list":["post-50","page","type-page","status-publish"],"yoast_head":"<!-- This site is optimized with the Yoast SEO plugin v27.4 - https:\/\/yoast.com\/product\/yoast-seo-wordpress\/ -->\n<title>Tapahtumat - Pethaus<\/title>\n<meta name=\"description\" content=\"Matalan kynnyksen kulttuuritila Tampereen Pispalassa (2023-). Taiden\u00e4yttelyit\u00e4, keikkoja, \u00e4\u00e4nitteit\u00e4, kahvila ja paljon muuta.\" \/>\n<meta name=\"robots\" content=\"index, follow, max-snippet:-1, max-image-preview:large, max-video-preview:-1\" \/>\n<link rel=\"canonical\" href=\"https:\/\/www.pethaus.fi\/\" \/>\n<meta property=\"og:locale\" content=\"fi_FI\" \/>\n<meta property=\"og:type\" content=\"article\" \/>\n<meta property=\"og:title\" content=\"Tapahtumat - Pethaus\" \/>\n<meta property=\"og:description\" content=\"Matalan kynnyksen kulttuuritila Tampereen Pispalassa (2023-). Taiden\u00e4yttelyit\u00e4, keikkoja, \u00e4\u00e4nitteit\u00e4, kahvila ja paljon muuta.\" \/>\n<meta property=\"og:url\" content=\"https:\/\/www.pethaus.fi\/\" \/>\n<meta property=\"og:site_name\" content=\"Pethaus\" \/>\n<meta property=\"article:publisher\" content=\"https:\/\/www.facebook.com\/p\/Pethaus-Ry-100091916868701\/\" \/>\n<meta property=\"article:modified_time\" content=\"2026-04-15T13:08:49+00:00\" \/>\n<meta property=\"og:image\" content=\"https:\/\/www.pethaus.fi\/wp-content\/uploads\/2025\/10\/pethaus.jpg\" \/>\n\t<meta property=\"og:image:width\" content=\"2048\" \/>\n\t<meta property=\"og:image:height\" content=\"2048\" \/>\n\t<meta property=\"og:image:type\" content=\"image\/jpeg\" \/>\n<meta name=\"twitter:card\" content=\"summary_large_image\" \/>\n<meta name=\"twitter:label1\" content=\"Arvioitu lukuaika\" \/>\n\t<meta name=\"twitter:data1\" content=\"1 minuutti\" \/>\n<script type=\"application\/ld+json\" class=\"yoast-schema-graph\">{\"@context\":\"https:\\\/\\\/schema.org\",\"@graph\":[{\"@type\":\"WebPage\",\"@id\":\"https:\\\/\\\/www.pethaus.fi\\\/\",\"url\":\"https:\\\/\\\/www.pethaus.fi\\\/\",\"name\":\"Tapahtumat - Pethaus\",\"isPartOf\":{\"@id\":\"https:\\\/\\\/www.pethaus.fi\\\/#website\"},\"primaryImageOfPage\":{\"@id\":\"https:\\\/\\\/www.pethaus.fi\\\/#primaryimage\"},\"image\":{\"@id\":\"https:\\\/\\\/www.pethaus.fi\\\/#primaryimage\"},\"thumbnailUrl\":\"http:\\\/\\\/www.pethaus.fi\\\/wp-content\\\/uploads\\\/2025\\\/10\\\/pethaus-1024x1024.jpg\",\"datePublished\":\"2024-04-23T11:28:44+00:00\",\"dateModified\":\"2026-04-15T13:08:49+00:00\",\"description\":\"Matalan kynnyksen kulttuuritila Tampereen Pispalassa (2023-). Taiden\u00e4yttelyit\u00e4, keikkoja, \u00e4\u00e4nitteit\u00e4, kahvila ja paljon muuta.\",\"breadcrumb\":{\"@id\":\"https:\\\/\\\/www.pethaus.fi\\\/#breadcrumb\"},\"inLanguage\":\"fi\",\"potentialAction\":[{\"@type\":\"ReadAction\",\"target\":[\"https:\\\/\\\/www.pethaus.fi\\\/\"]}]},{\"@type\":\"ImageObject\",\"inLanguage\":\"fi\",\"@id\":\"https:\\\/\\\/www.pethaus.fi\\\/#primaryimage\",\"url\":\"https:\\\/\\\/www.pethaus.fi\\\/wp-content\\\/uploads\\\/2025\\\/10\\\/pethaus.jpg\",\"contentUrl\":\"https:\\\/\\\/www.pethaus.fi\\\/wp-content\\\/uploads\\\/2025\\\/10\\\/pethaus.jpg\",\"width\":2048,\"height\":2048},{\"@type\":\"BreadcrumbList\",\"@id\":\"https:\\\/\\\/www.pethaus.fi\\\/#breadcrumb\",\"itemListElement\":[{\"@type\":\"ListItem\",\"position\":1,\"name\":\"Etusivu\",\"item\":\"https:\\\/\\\/www.pethaus.fi\\\/\"},{\"@type\":\"ListItem\",\"position\":2,\"name\":\"Tapahtumat\"}]},{\"@type\":\"WebSite\",\"@id\":\"https:\\\/\\\/www.pethaus.fi\\\/#website\",\"url\":\"https:\\\/\\\/www.pethaus.fi\\\/\",\"name\":\"Pethaus\",\"description\":\"Tamperelainen matalan kynnyksen kulttuuritila.\",\"publisher\":{\"@id\":\"https:\\\/\\\/www.pethaus.fi\\\/#organization\"},\"alternateName\":\"Tamperelainen matalan kynnyksen kulttuuritila.\",\"potentialAction\":[{\"@type\":\"SearchAction\",\"target\":{\"@type\":\"EntryPoint\",\"urlTemplate\":\"https:\\\/\\\/www.pethaus.fi\\\/?s={search_term_string}\"},\"query-input\":{\"@type\":\"PropertyValueSpecification\",\"valueRequired\":true,\"valueName\":\"search_term_string\"}}],\"inLanguage\":\"fi\"},{\"@type\":\"Organization\",\"@id\":\"https:\\\/\\\/www.pethaus.fi\\\/#organization\",\"name\":\"Pethaus\",\"url\":\"https:\\\/\\\/www.pethaus.fi\\\/\",\"logo\":{\"@type\":\"ImageObject\",\"inLanguage\":\"fi\",\"@id\":\"https:\\\/\\\/www.pethaus.fi\\\/#\\\/schema\\\/logo\\\/image\\\/\",\"url\":\"https:\\\/\\\/www.pethaus.fi\\\/wp-content\\\/uploads\\\/2024\\\/04\\\/cropped-pethaus-logo.jpg\",\"contentUrl\":\"https:\\\/\\\/www.pethaus.fi\\\/wp-content\\\/uploads\\\/2024\\\/04\\\/cropped-pethaus-logo.jpg\",\"width\":512,\"height\":512,\"caption\":\"Pethaus\"},\"image\":{\"@id\":\"https:\\\/\\\/www.pethaus.fi\\\/#\\\/schema\\\/logo\\\/image\\\/\"},\"sameAs\":[\"https:\\\/\\\/www.facebook.com\\\/p\\\/Pethaus-Ry-100091916868701\\\/\",\"https:\\\/\\\/www.instagram.com\\\/pethaus_ry\\\/?hl=fi\"]}]}<\/script>\n<!-- \/ Yoast SEO plugin. -->","yoast_head_json":{"title":"Tapahtumat - Pethaus","description":"Matalan kynnyksen kulttuuritila Tampereen Pispalassa (2023-). Taiden\u00e4yttelyit\u00e4, keikkoja, \u00e4\u00e4nitteit\u00e4, kahvila ja paljon muuta.","robots":{"index":"index","follow":"follow","max-snippet":"max-snippet:-1","max-image-preview":"max-image-preview:large","max-video-preview":"max-video-preview:-1"},"canonical":"https:\/\/www.pethaus.fi\/","og_locale":"fi_FI","og_type":"article","og_title":"Tapahtumat - Pethaus","og_description":"Matalan kynnyksen kulttuuritila Tampereen Pispalassa (2023-). Taiden\u00e4yttelyit\u00e4, keikkoja, \u00e4\u00e4nitteit\u00e4, kahvila ja paljon muuta.","og_url":"https:\/\/www.pethaus.fi\/","og_site_name":"Pethaus","article_publisher":"https:\/\/www.facebook.com\/p\/Pethaus-Ry-100091916868701\/","article_modified_time":"2026-04-15T13:08:49+00:00","og_image":[{"width":2048,"height":2048,"url":"https:\/\/www.pethaus.fi\/wp-content\/uploads\/2025\/10\/pethaus.jpg","type":"image\/jpeg"}],"twitter_card":"summary_large_image","twitter_misc":{"Arvioitu lukuaika":"1 minuutti"},"schema":{"@context":"https:\/\/schema.org","@graph":[{"@type":"WebPage","@id":"https:\/\/www.pethaus.fi\/","url":"https:\/\/www.pethaus.fi\/","name":"Tapahtumat - Pethaus","isPartOf":{"@id":"https:\/\/www.pethaus.fi\/#website"},"primaryImageOfPage":{"@id":"https:\/\/www.pethaus.fi\/#primaryimage"},"image":{"@id":"https:\/\/www.pethaus.fi\/#primaryimage"},"thumbnailUrl":"http:\/\/www.pethaus.fi\/wp-content\/uploads\/2025\/10\/pethaus-1024x1024.jpg","datePublished":"2024-04-23T11:28:44+00:00","dateModified":"2026-04-15T13:08:49+00:00","description":"Matalan kynnyksen kulttuuritila Tampereen Pispalassa (2023-). Taiden\u00e4yttelyit\u00e4, keikkoja, \u00e4\u00e4nitteit\u00e4, kahvila ja paljon muuta.","breadcrumb":{"@id":"https:\/\/www.pethaus.fi\/#breadcrumb"},"inLanguage":"fi","potentialAction":[{"@type":"ReadAction","target":["https:\/\/www.pethaus.fi\/"]}]},{"@type":"ImageObject","inLanguage":"fi","@id":"https:\/\/www.pethaus.fi\/#primaryimage","url":"https:\/\/www.pethaus.fi\/wp-content\/uploads\/2025\/10\/pethaus.jpg","contentUrl":"https:\/\/www.pethaus.fi\/wp-content\/uploads\/2025\/10\/pethaus.jpg","width":2048,"height":2048},{"@type":"BreadcrumbList","@id":"https:\/\/www.pethaus.fi\/#breadcrumb","itemListElement":[{"@type":"ListItem","position":1,"name":"Etusivu","item":"https:\/\/www.pethaus.fi\/"},{"@type":"ListItem","position":2,"name":"Tapahtumat"}]},{"@type":"WebSite","@id":"https:\/\/www.pethaus.fi\/#website","url":"https:\/\/www.pethaus.fi\/","name":"Pethaus","description":"Tamperelainen matalan kynnyksen kulttuuritila.","publisher":{"@id":"https:\/\/www.pethaus.fi\/#organization"},"alternateName":"Tamperelainen matalan kynnyksen kulttuuritila.","potentialAction":[{"@type":"SearchAction","target":{"@type":"EntryPoint","urlTemplate":"https:\/\/www.pethaus.fi\/?s={search_term_string}"},"query-input":{"@type":"PropertyValueSpecification","valueRequired":true,"valueName":"search_term_string"}}],"inLanguage":"fi"},{"@type":"Organization","@id":"https:\/\/www.pethaus.fi\/#organization","name":"Pethaus","url":"https:\/\/www.pethaus.fi\/","logo":{"@type":"ImageObject","inLanguage":"fi","@id":"https:\/\/www.pethaus.fi\/#\/schema\/logo\/image\/","url":"https:\/\/www.pethaus.fi\/wp-content\/uploads\/2024\/04\/cropped-pethaus-logo.jpg","contentUrl":"https:\/\/www.pethaus.fi\/wp-content\/uploads\/2024\/04\/cropped-pethaus-logo.jpg","width":512,"height":512,"caption":"Pethaus"},"image":{"@id":"https:\/\/www.pethaus.fi\/#\/schema\/logo\/image\/"},"sameAs":["https:\/\/www.facebook.com\/p\/Pethaus-Ry-100091916868701\/","https:\/\/www.instagram.com\/pethaus_ry\/?hl=fi"]}]}},"jetpack_sharing_enabled":true,"_links":{"self":[{"href":"https:\/\/www.pethaus.fi\/index.php?rest_route=\/wp\/v2\/pages\/50","targetHints":{"allow":["GET"]}}],"collection":[{"href":"https:\/\/www.pethaus.fi\/index.php?rest_route=\/wp\/v2\/pages"}],"about":[{"href":"https:\/\/www.pethaus.fi\/index.php?rest_route=\/wp\/v2\/types\/page"}],"author":[{"embeddable":true,"href":"https:\/\/www.pethaus.fi\/index.php?rest_route=\/wp\/v2\/users\/1"}],"replies":[{"embeddable":true,"href":"https:\/\/www.pethaus.fi\/index.php?rest_route=%2Fwp%2Fv2%2Fcomments&post=50"}],"version-history":[{"count":409,"href":"https:\/\/www.pethaus.fi\/index.php?rest_route=\/wp\/v2\/pages\/50\/revisions"}],"predecessor-version":[{"id":1966,"href":"https:\/\/www.pethaus.fi\/index.php?rest_route=\/wp\/v2\/pages\/50\/revisions\/1966"}],"wp:attachment":[{"href":"https:\/\/www.pethaus.fi\/index.php?rest_route=%2Fwp%2Fv2%2Fmedia&parent=50"}],"curies":[{"name":"wp","href":"https:\/\/api.w.org\/{rel}","templated":true}]}}